{"id":20986,"date":"2026-03-27T20:02:57","date_gmt":"2026-03-27T20:02:57","guid":{"rendered":"http:\/\/haywire.pl\/?page_id=20986"},"modified":"2026-03-27T20:02:57","modified_gmt":"2026-03-27T20:02:57","slug":"zrozumienie-infekcji-drozdzakowych-przyczyny-i-objawy","status":"publish","type":"page","link":"http:\/\/haywire.pl\/?page_id=20986","title":{"rendered":"Zrozumienie infekcji dro\u017cd\u017cakowych: przyczyny i objawy"},"content":{"rendered":"<h1>Leki przeciwgrzybicze 101: dro\u017cd\u017caki, ple\u015bniawki, podstawy grzybicy \u2014 przewodnik dla kupuj\u0105cych na rok 2025<\/h1>\n<p>Poruszanie si\u0119 po \u015bwiecie terapii przeciwgrzybiczych wymaga zrozumienia r\u00f3\u017cnych infekcji, ich przyczyn, metod leczenia i najnowszych innowacji, aby m\u00f3c dokonywa\u0107 \u015bwiadomych wybor\u00f3w.<\/p>\n<h2>Zrozumienie infekcji dro\u017cd\u017cakowych: przyczyny i objawy<\/h2>\n<p>Infekcje dro\u017cd\u017cakowe, wywo\u0142ywane g\u0142\u00f3wnie przez gatunki Candida, s\u0105 powszechnymi infekcjami grzybiczymi atakuj\u0105cymi r\u00f3\u017cne cz\u0119\u015bci cia\u0142a. Najcz\u0119\u015bciej manifestuj\u0105 si\u0119 w ciep\u0142ych i wilgotnych obszarach, takich jak usta, gard\u0142o i narz\u0105dy p\u0142ciowe. Grzyby Candida naturalnie zamieszkuj\u0105 organizm, ale ich przerost mo\u017ce prowadzi\u0107 do infekcji, cz\u0119sto wywo\u0142ywanej przez takie czynniki, jak os\u0142abienie uk\u0142adu odporno\u015bciowego, zmiany hormonalne lub stosowanie antybiotyk\u00f3w.<\/p>\n<p>Objawy infekcji dro\u017cd\u017cakowych r\u00f3\u017cni\u0105 si\u0119 w zale\u017cno\u015bci od dotkni\u0119tego obszaru. Typowe objawy to sw\u0119dzenie, zaczerwienienie, obrz\u0119k i dyskomfort. Infekcje dro\u017cd\u017cakowe pochwy mog\u0105 powodowa\u0107 g\u0119st\u0105, bia\u0142\u0105 wydzielin\u0119, natomiast ple\u015bniawka jamy ustnej mo\u017ce objawia\u0107 si\u0119 bia\u0142ymi plamami na j\u0119zyku i wewn\u0119trznej stronie policzk\u00f3w. Nieleczone infekcje te mog\u0105 prowadzi\u0107 do powa\u017cniejszych problem\u00f3w zdrowotnych, dlatego wczesna identyfikacja i leczenie maj\u0105 kluczowe znaczenie.<\/p>\n<h2>Drozd: rozpoznawanie i leczenie infekcji grzybiczych jamy ustnej<\/h2>\n<p>Ple\u015bniawka jamy ustnej, dro\u017cd\u017cakowa infekcja jamy ustnej, charakteryzuje si\u0119 bia\u0142ymi zmianami na j\u0119zyku i wewn\u0119trznej stronie policzk\u00f3w. Mo\u017ce to by\u0107 szczeg\u00f3lnie niewygodne, powodowa\u0107 bolesno\u015b\u0107 i trudno\u015bci w po\u0142ykaniu. Chocia\u017c ple\u015bniawka mo\u017ce rozwin\u0105\u0107 si\u0119 u ka\u017cdego, cz\u0119\u015bciej wyst\u0119puje ona u niemowl\u0105t, os\u00f3b starszych i os\u00f3b z os\u0142abionym uk\u0142adem odporno\u015bciowym lub os\u00f3b stosuj\u0105cych okre\u015blone leki.<\/p>\n<p>Leczenie ple\u015bniawki zazwyczaj obejmuje leki przeciwgrzybicze w postaci pastylek do ssania, tabletek lub p\u0142ukanek do jamy ustnej. Utrzymywanie w\u0142a\u015bciwej higieny jamy ustnej i kontrolowanie podstawowych schorze\u0144 jest niezb\u0119dne, aby zapobiega\u0107 nawracaj\u0105cym infekcjom. W niekt\u00f3rych przypadkach dostosowanie diety i zmniejszenie spo\u017cycia cukru mo\u017ce r\u00f3wnie\u017c pom\u00f3c w z\u0142agodzeniu objaw\u00f3w.<\/p>\n<h2>Stopa sportowca: rozpoznawanie i leczenie objaw\u00f3w<\/h2>\n<p>Stopa sportowca, powszechna infekcja grzybicza st\u00f3p, znana jest ze sw\u0119dz\u0105cej, \u0142uszcz\u0105cej si\u0119 wysypki, kt\u00f3ra cz\u0119sto pojawia si\u0119 w przestrzeniach mi\u0119dzy palcami. Wywo\u0142ywane przez dermatofity grzyby te rozwijaj\u0105 si\u0119 w ciep\u0142ym i wilgotnym \u015brodowisku, takim jak wsp\u00f3lne prysznice i szatnie, co czyni je wysoce zara\u017aliwymi.<\/p>\n<p>W walce z grzybic\u0105 cz\u0119sto skuteczne s\u0105 dost\u0119pne bez recepty kremy i spraye przeciwgrzybicze. Utrzymywanie st\u00f3p w czysto\u015bci i sucho\u015bci, noszenie oddychaj\u0105cych but\u00f3w i regularna zmiana skarpet mog\u0105 pom\u00f3c w zapobieganiu infekcji. Ci\u0119\u017ckie przypadki mog\u0105 wymaga\u0107 leczenia na recept\u0119 lub konsultacji z pracownikiem s\u0142u\u017cby zdrowia.<\/p>\n<h2>Jak dzia\u0142aj\u0105 leki przeciwgrzybicze<\/h2>\n<p>Leki przeciwgrzybicze dzia\u0142aj\u0105 poprzez dzia\u0142anie na b\u0142ony kom\u00f3rkowe grzyb\u00f3w, zak\u0142\u00f3caj\u0105c ich wzrost i zdolno\u015b\u0107 do reprodukcji. Leki te mo\u017cna podzieli\u0107 na kilka klas, w tym azole, polieny i alliloaminy, z kt\u00f3rych ka\u017cda ma unikalne mechanizmy dzia\u0142ania i spektrum dzia\u0142ania przeciwko r\u00f3\u017cnym gatunkom grzyb\u00f3w.<\/p>\n<p>Azole, takie jak flukonazol i itrakonazol, hamuj\u0105 syntez\u0119 ergosterolu, kluczowego sk\u0142adnika b\u0142on kom\u00f3rkowych grzyb\u00f3w. Polieny, podobnie jak nystatyna, wi\u0105\u017c\u0105 si\u0119 z ergosterolem, tworz\u0105c pory, kt\u00f3re prowadz\u0105 do wycieku kom\u00f3rek i \u015bmierci. Alliloaminy, w tym terbinafina, dzia\u0142aj\u0105 poprzez hamowanie enzymu bior\u0105cego udzia\u0142 w syntezie steroli, ostatecznie naruszaj\u0105c integralno\u015b\u0107 b\u0142ony kom\u00f3rkowej.<\/p>\n<h2>Dost\u0119pne bez recepty leki przeciwgrzybicze: co warto wiedzie\u0107<\/h2>\n<p>Leki przeciwgrzybicze dost\u0119pne bez recepty (OTC) stanowi\u0105 wygodn\u0105 i dost\u0119pn\u0105 opcj\u0119 leczenia \u0142agodnych infekcji grzybiczych. Produkty te s\u0105 dost\u0119pne w r\u00f3\u017cnych postaciach, takich jak kremy, ma\u015bci, spraye i pudry, zaspokajaj\u0105c r\u00f3\u017cne potrzeby i preferencje. Typowe sk\u0142adniki aktywne obejmuj\u0105 klotrimazol, mikonazol i terbinafin\u0119, kt\u00f3re s\u0105 skuteczne w leczeniu szeregu infekcji grzybiczych.<\/p>\n<p>Wybieraj\u0105c leczenie przeciwgrzybicze OTC, wa\u017cne jest, <a href=\"https:\/\/aptekakomfort.com\/\">https:\/\/aptekakomfort.com\/<\/a> aby wzi\u0105\u0107 pod uwag\u0119 konkretn\u0105 infekcj\u0119 i jej lokalizacj\u0119. Na przyk\u0142ad kremy mog\u0105 by\u0107 bardziej odpowiednie w przypadku infekcji sk\u00f3ry, podczas gdy pudry mog\u0105 pom\u00f3c w utrzymaniu sucho\u015bci st\u00f3p i zapobieganiu grzybicy. Zawsze post\u0119puj zgodnie z instrukcjami na opakowaniu i skonsultuj si\u0119 z lekarzem, je\u015bli objawy nie ust\u0105pi\u0105.<\/p>\n<h2>Opcje lek\u00f3w przeciwgrzybiczych na recept\u0119: kiedy szuka\u0107 profesjonalnej pomocy<\/h2>\n<p>Chocia\u017c leczenie OTC mo\u017ce skutecznie radzi\u0107 sobie z wieloma infekcjami grzybiczymi, istniej\u0105 przypadki, w kt\u00f3rych konieczne jest przepisanie lek\u00f3w przeciwgrzybiczych na recept\u0119. Ci\u0119\u017ckie infekcje, kt\u00f3re nie reaguj\u0105 na leczenie OTC lub infekcje u os\u00f3b z obni\u017con\u0105 odporno\u015bci\u0105 mog\u0105 wymaga\u0107 silniejszych lek\u00f3w dost\u0119pnych wy\u0142\u0105cznie na recept\u0119.<\/p>\n<p>Leki przeciwgrzybicze na recept\u0119, takie jak itrakonazol lub flukonazol, zapewniaj\u0105 szersze dzia\u0142anie i wi\u0119ksz\u0105 si\u0142\u0119 dzia\u0142ania. Cz\u0119sto stosuje si\u0119 je w przypadku infekcji og\u00f3lnoustrojowych lub uporczywych przypadk\u00f3w, kt\u00f3re mog\u0105 prowadzi\u0107 do powik\u0142a\u0144. Konsultacja z lekarzem gwarantuje w\u0142a\u015bciw\u0105 diagnoz\u0119 i leczenie, zmniejszaj\u0105c ryzyko dalszych problem\u00f3w zdrowotnych.<\/p>\n<h2>Naturalne \u015brodki na infekcje grzybicze: czy dzia\u0142aj\u0105?<\/h2>\n<p>Naturalne \u015brodki na infekcje grzybicze zyska\u0142y popularno\u015b\u0107 jako metody leczenia alternatywnego lub uzupe\u0142niaj\u0105cego. Powszechnie stosowane opcje obejmuj\u0105 olejek z drzewa herbacianego, czosnek i ocet jab\u0142kowy, kt\u00f3re, jak si\u0119 uwa\u017ca, maj\u0105 w\u0142a\u015bciwo\u015bci przeciwgrzybicze. Jednak dowody naukowe potwierdzaj\u0105ce ich skuteczno\u015b\u0107 s\u0105 ograniczone, a wyniki mog\u0105 si\u0119 znacznie r\u00f3\u017cni\u0107 u poszczeg\u00f3lnych os\u00f3b.<\/p>\n<p>Chocia\u017c niekt\u00f3re badania sugeruj\u0105, \u017ce te naturalne \u015brodki mog\u0105 dawa\u0107 \u0142agodne dzia\u0142anie przeciwgrzybicze, s\u0105 one na og\u00f3\u0142 s\u0142absze ni\u017c konwencjonalne leki. Wa\u017cne jest, aby zachowa\u0107 ostro\u017cno\u015b\u0107 podczas naturalnego leczenia i skonsultowa\u0107 si\u0119 z pracownikiem s\u0142u\u017cby zdrowia, szczeg\u00f3lnie w przypadku ci\u0119\u017ckich infekcji lub gdy rozwa\u017ca si\u0119 je jako podstawow\u0105 opcj\u0119 leczenia.<\/p>\n<h2>Zapobieganie infekcjom grzybiczym: wskaz\u00f3wki i najlepsze praktyki<\/h2>\n<p>Zapobieganie jest kluczow\u0105 strategi\u0105 w zarz\u0105dzaniu rozprzestrzenianiem si\u0119 i nawrotami infekcji grzybiczych. Utrzymywanie w\u0142a\u015bciwej higieny, takiej jak regularne mycie r\u0105k i utrzymywanie suchej sk\u00f3ry, mo\u017ce znacznie zmniejszy\u0107 ryzyko. Noszenie oddychaj\u0105cej odzie\u017cy i szybka zmiana wilgotnych ubra\u0144 mo\u017ce r\u00f3wnie\u017c pom\u00f3c w zapobieganiu infekcjom, takim jak stopa sportowca i \u015bwi\u0105d jock\u00f3w.<\/p>\n<p>Ponadto zwracanie uwagi na przedmioty osobiste, takie jak r\u0119czniki, buty i przybory do piel\u0119gnacji, mo\u017ce zminimalizowa\u0107 ryzyko przeniesienia. Unikaj dzielenia si\u0119 tymi przedmiotami i upewnij si\u0119, \u017ce s\u0105 czyste i suche przed u\u017cyciem. W przypadku os\u00f3b podatnych na nawracaj\u0105ce infekcje zaleca si\u0119 regularne monitorowanie i proaktywne leczenie podstawowych schorze\u0144.<\/p>\n<h2>Wyb\u00f3r odpowiedniego produktu przeciwgrzybiczego dla Twoich potrzeb<\/h2>\n<p>Wyb\u00f3r odpowiedniego produktu przeciwgrzybiczego zale\u017cy od kilku czynnik\u00f3w, w tym od rodzaju infekcji, jej ci\u0119\u017cko\u015bci i osobistych preferencji. W przypadku infekcji powierzchownych, takich jak stopa sportowca lub \u015bwi\u0105d jock, wystarczaj\u0105ce mog\u0105 okaza\u0107 si\u0119 leczenie miejscowe, takie jak kremy lub spraye. W przypadku bardziej rozleg\u0142ych lub wewn\u0119trznych infekcji mog\u0105 by\u0107 konieczne leki doustne.<\/p>\n<p>Konsultacja z pracownikiem s\u0142u\u017cby zdrowia mo\u017ce zapewni\u0107 wskaz\u00f3wki dotycz\u0105ce wyboru najskuteczniejszego leczenia dostosowanego do konkretnych potrzeb pacjenta. Aby zapewni\u0107 bezpiecze\u0144stwo i skuteczno\u015b\u0107, nale\u017cy wzi\u0105\u0107 pod uwag\u0119 takie czynniki, jak wiek, stan zdrowia i potencjalne interakcje lek\u00f3w. Ponadto przestrzeganie wytycznych dotycz\u0105cych leczenia i uko\u0144czenie przepisanych kurs\u00f3w mo\u017ce zapobiec nawrotom i oporno\u015bci.<\/p>\n<h2>Skutki uboczne i ryzyko leczenia przeciwgrzybiczego<\/h2>\n<p>Chocia\u017c leczenie przeciwgrzybicze jest og\u00f3lnie bezpieczne, mo\u017ce powodowa\u0107 dzia\u0142ania niepo\u017c\u0105dane, od \u0142agodnych do ci\u0119\u017ckich. Cz\u0119ste dzia\u0142ania niepo\u017c\u0105dane obejmuj\u0105 podra\u017cnienie sk\u00f3ry, zaczerwienienie i sw\u0119dzenie w miejscu zastosowania leczenia miejscowego. Leki doustne mog\u0105 powodowa\u0107 problemy \u017co\u0142\u0105dkowo-jelitowe, takie jak nudno\u015bci lub biegunka.<\/p>\n<p>Powa\u017cniejsze dzia\u0142ania niepo\u017c\u0105dane, cho\u0107 rzadkie, obejmuj\u0105 uszkodzenie w\u0105troby lub reakcje alergiczne, szczeg\u00f3lnie przy d\u0142ugotrwa\u0142ym stosowaniu lub u os\u00f3b z wcze\u015bniej istniej\u0105cymi schorzeniami. Bardzo wa\u017cne jest monitorowanie pod k\u0105tem wszelkich nietypowych objaw\u00f3w i niezw\u0142oczne zasi\u0119gni\u0119cie porady lekarza. Zrozumienie potencjalnego ryzyka pomaga w podejmowaniu \u015bwiadomych decyzji dotycz\u0105cych opcji leczenia.<\/p>\n<h2>Zrozumienie oporno\u015bci przeciwgrzybiczej<\/h2>\n<p>Coraz wi\u0119kszym problemem jest oporno\u015b\u0107 na \u015brodki przeciwgrzybicze, podobna do oporno\u015bci na antybiotyki. Nadu\u017cywanie i niew\u0142a\u015bciwe stosowanie lek\u00f3w przeciwgrzybiczych mo\u017ce prowadzi\u0107 do rozwoju opornych szczep\u00f3w grzyb\u00f3w, co komplikuje leczenie i post\u0119powanie. Ta oporno\u015b\u0107 podkre\u015bla znaczenie rozwa\u017cnego stosowania lek\u00f3w przeciwgrzybiczych i potrzeb\u0119 ci\u0105g\u0142ych bada\u0144 nad nowymi mo\u017cliwo\u015bciami leczenia.<\/p>\n<p>Aby z\u0142agodzi\u0107 oporno\u015b\u0107, konieczne jest stosowanie lek\u00f3w przeciwgrzybiczych \u015bci\u015ble zgodnie z zaleceniami i uko\u0144czenie pe\u0142nego cyklu leczenia, nawet je\u015bli objawy ust\u0105pi\u0105. Pracownicy s\u0142u\u017cby zdrowia odgrywaj\u0105 kluczow\u0105 rol\u0119 w edukacji pacjent\u00f3w na temat oporno\u015bci i promowaniu prawid\u0142owego stosowania lek\u00f3w.<\/p>\n<h2>Leczenie przeciwgrzybicze dla dzieci i niemowl\u0105t<\/h2>\n<p>Infekcje grzybicze u dzieci i niemowl\u0105t wymagaj\u0105 szczeg\u00f3lnej uwagi ze wzgl\u0119du na rozwijaj\u0105cy si\u0119 uk\u0142ad odporno\u015bciowy i wra\u017cliwo\u015b\u0107 na leki. Wiele lek\u00f3w przeciwgrzybiczych mo\u017cna bezpiecznie stosowa\u0107 u m\u0142odych populacji, jednak dawkowanie i posta\u0107 leku mog\u0105 r\u00f3\u017cni\u0107 si\u0119 od tych stosowanych u doros\u0142ych.<\/p>\n<p>U dzieci cz\u0119sto preferowane jest leczenie miejscowe ze wzgl\u0119du na mniejsze ryzyko og\u00f3lnoustrojowych dzia\u0142a\u0144 niepo\u017c\u0105danych. Jednak\u017ce w przypadku ci\u0119\u017ckich lub uporczywych infekcji mo\u017cna przepisa\u0107 leki doustne. Konsultacja z pediatr\u0105 zapewnia odpowiednie leczenie i monitorowanie, minimalizuj\u0105c ryzyko i u\u0142atwiaj\u0105c skuteczny powr\u00f3t do zdrowia.<\/p>\n<h2>Rola diety i stylu \u017cycia w zapobieganiu infekcjom grzybiczym<\/h2>\n<p>Dieta i styl \u017cycia odgrywaj\u0105 znacz\u0105c\u0105 rol\u0119 w zapobieganiu infekcjom grzybiczym. Zbilansowana dieta bogata w sk\u0142adniki od\u017cywcze wspomaga funkcjonowanie uk\u0142adu odporno\u015bciowego, czyni\u0105c organizm bardziej odpornym na infekcje. Zmniejszenie spo\u017cycia cukru mo\u017ce by\u0107 r\u00f3wnie\u017c korzystne, poniewa\u017c wysoki poziom cukru mo\u017ce sprzyja\u0107 rozwojowi Candida i innych grzyb\u00f3w.<\/p>\n<p>Dodatkowo prowadzenie aktywnego trybu \u017cycia i radzenie sobie ze stresem przyczyniaj\u0105 si\u0119 do og\u00f3lnego stanu zdrowia i dobrego samopoczucia, po\u015brednio zmniejszaj\u0105c ryzyko infekcji. W\u0142\u0105czenie tych zdrowych nawyk\u00f3w do codziennych zaj\u0119\u0107 mo\u017ce s\u0142u\u017cy\u0107 jako \u015brodek zapobiegawczy przeciwko przerostowi grzyb\u00f3w.<\/p>\n<h2>Innowacje w leczeniu przeciwgrzybiczym do 2025 roku<\/h2>\n<p>Od 2025 r. post\u0119p w leczeniu przeciwgrzybiczym b\u0119dzie nadal ewoluowa\u0142, daj\u0105c now\u0105 nadziej\u0119 w walce z opornymi szczepami i trudnymi infekcjami. Innowacje obejmuj\u0105 opracowanie nowych \u015brodk\u00f3w przeciwgrzybiczych, ulepszonych system\u00f3w podawania i terapii skojarzonych, kt\u00f3re zwi\u0119kszaj\u0105 skuteczno\u015b\u0107 i zmniejszaj\u0105 skutki uboczne.<\/p>\n<p>Trwaj\u0105 r\u00f3wnie\u017c badania nad lekami biologicznymi i szczepionkami, kt\u00f3rych celem jest zapewnienie d\u0142ugoterminowej ochrony przed infekcjami grzybiczymi. Innowacje te podkre\u015blaj\u0105 ci\u0105g\u0142e zaanga\u017cowanie w rozwi\u0105zywanie problem\u00f3w zwi\u0105zanych ze z\u0142o\u017cono\u015bci\u0105 chor\u00f3b grzybiczych i popraw\u0119 wynik\u00f3w leczenia pacjent\u00f3w w skali globalnej.<\/p>\n<h2>Cz\u0119sto zadawane pytania dotycz\u0105ce stosowania lek\u00f3w przeciwgrzybiczych<\/h2>\n<p>Leczenie przeciwgrzybicze, jak ka\u017cda interwencja medyczna, wi\u0105\u017ce si\u0119 z cz\u0119stymi pytaniami i w\u0105tpliwo\u015bciami. Wiele os\u00f3b zastanawia si\u0119 nad w\u0142a\u015bciwym czasem trwania leczenia, potencjalnymi interakcjami z innymi lekami i oznakami skutecznego leczenia. Zrozumienie tych aspekt\u00f3w mo\u017ce wyja\u015bni\u0107 stosowanie lek\u00f3w przeciwgrzybiczych i u\u0142atwi\u0107 przestrzeganie przepisanych schemat\u00f3w leczenia.<\/p>\n<p>Osobom niepewnym co do najlepszego sposobu post\u0119powania, konsultacja z pracownikami s\u0142u\u017cby zdrowia mo\u017ce zapewni\u0107 jasno\u015b\u0107 i pewno\u015b\u0107 w leczeniu infekcji grzybiczych. Wczesne reagowanie na pytania i w\u0105tpliwo\u015bci mo\u017ce zapobiec powik\u0142aniom i zapewni\u0107 optymalne wyniki leczenia.<\/p>\n","protected":false},"excerpt":{"rendered":"<p>Leki przeciwgrzybicze 101: dro\u017cd\u017caki, ple\u015bniawki, podstawy grzybicy \u2014 przewodnik dla kupuj\u0105cych na rok 2025 Poruszanie si\u0119 po \u015bwiecie terapii przeciwgrzybiczych wymaga zrozumienia r\u00f3\u017cnych infekcji, ich przyczyn, metod leczenia i najnowszych innowacji, aby m\u00f3c dokonywa\u0107 \u015bwiadomych wybor\u00f3w. Zrozumienie infekcji dro\u017cd\u017cakowych: przyczyny i objawy Infekcje dro\u017cd\u017cakowe, wywo\u0142ywane g\u0142\u00f3wnie przez gatunki Candida, s\u0105 powszechnymi infekcjami grzybiczymi atakuj\u0105cymi r\u00f3\u017cne [&hellip;]<\/p>\n","protected":false},"author":1,"featured_media":0,"parent":0,"menu_order":0,"comment_status":"closed","ping_status":"closed","template":"","meta":{"footnotes":""},"class_list":["post-20986","page","type-page","status-publish","hentry"],"_links":{"self":[{"href":"http:\/\/haywire.pl\/index.php?rest_route=\/wp\/v2\/pages\/20986","targetHints":{"allow":["GET"]}}],"collection":[{"href":"http:\/\/haywire.pl\/index.php?rest_route=\/wp\/v2\/pages"}],"about":[{"href":"http:\/\/haywire.pl\/index.php?rest_route=\/wp\/v2\/types\/page"}],"author":[{"embeddable":true,"href":"http:\/\/haywire.pl\/index.php?rest_route=\/wp\/v2\/users\/1"}],"replies":[{"embeddable":true,"href":"http:\/\/haywire.pl\/index.php?rest_route=%2Fwp%2Fv2%2Fcomments&post=20986"}],"version-history":[{"count":1,"href":"http:\/\/haywire.pl\/index.php?rest_route=\/wp\/v2\/pages\/20986\/revisions"}],"predecessor-version":[{"id":20987,"href":"http:\/\/haywire.pl\/index.php?rest_route=\/wp\/v2\/pages\/20986\/revisions\/20987"}],"wp:attachment":[{"href":"http:\/\/haywire.pl\/index.php?rest_route=%2Fwp%2Fv2%2Fmedia&parent=20986"}],"curies":[{"name":"wp","href":"https:\/\/api.w.org\/{rel}","templated":true}]}}