{"id":20546,"date":"2026-03-27T11:59:35","date_gmt":"2026-03-27T11:59:35","guid":{"rendered":"http:\/\/haywire.pl\/?page_id=20546"},"modified":"2026-03-27T11:59:35","modified_gmt":"2026-03-27T11:59:35","slug":"lumiganin-esittely-003-ja-sen-kayttotarkoitukset","status":"publish","type":"page","link":"http:\/\/haywire.pl\/?page_id=20546","title":{"rendered":"Lumiganin esittely 0.03% ja sen k\u00e4ytt\u00f6tarkoitukset"},"content":{"rendered":"<h1>Potilastarinat: mit\u00e4 ihmiset kertovat Lumigan 0:sta.03 %<\/h1>\n<p>Lumigan 0.03% on laajalti k\u00e4ytetty l\u00e4\u00e4ke glaukoomaan, ja potilaiden kokemusten ymm\u00e4rt\u00e4minen voi tarjota arvokkaita n\u00e4kemyksi\u00e4 sen tehokkuudesta ja vaikutuksista jokap\u00e4iv\u00e4iseen el\u00e4m\u00e4\u00e4n.<\/p>\n<h2>Lumiganin esittely 0.03% ja sen k\u00e4ytt\u00f6tarkoitukset<\/h2>\n<p>Lumigan 0.03%, reseptil\u00e4\u00e4ke, jota k\u00e4ytet\u00e4\u00e4n ensisijaisesti silm\u00e4nsis\u00e4isen paineen alentamiseen henkil\u00f6ill\u00e4, joilla on diagnosoitu glaukooma tai silm\u00e4n verenpaine. Prostaglandiinianalogina se toimii lis\u00e4\u00e4m\u00e4ll\u00e4 nesteen ulosvirtausta silmist\u00e4, mik\u00e4 v\u00e4hent\u00e4\u00e4 painetta. T\u00e4m\u00e4 on ratkaisevan t\u00e4rke\u00e4\u00e4, koska korkea silm\u00e4npaine voi johtaa n\u00e4k\u00f6hermon vaurioitumiseen ja mahdolliseen n\u00e4\u00f6n menetykseen.<\/p>\n<p>Food and Drug Administrationin (FDA) hyv\u00e4ksym\u00e4 Lumigan 0.03% m\u00e4\u00e4r\u00e4t\u00e4\u00e4n usein, kun muut hoidot eiv\u00e4t ole osoittautuneet riitt\u00e4v\u00e4n tehokkaiksi. Monille potilaille lupaus n\u00e4\u00f6n s\u00e4ilytt\u00e4misest\u00e4 on ensiarvoisen t\u00e4rke\u00e4\u00e4, mik\u00e4 tekee Lumiganista t\u00e4rke\u00e4n osan heid\u00e4n hoito-ohjelmassaan.<\/p>\n<h2>Henkil\u00f6kohtaisia \u200b\u200bkokemuksia Lumiganista 0.03 %<\/h2>\n<p>Monet potilaat raportoivat ristiriitaisista henkil\u00f6kohtaisista kokemuksista Lumigan 0:sta.03 %. Joillekin l\u00e4\u00e4kitys on ollut pelin muuttaja, sill\u00e4 se hallitsee tehokkaasti silm\u00e4npainetta ja ehk\u00e4isee lis\u00e4vaurioita. N\u00e4m\u00e4 henkil\u00f6t ilmaisevat usein helpotusta l\u00f6yt\u00e4ess\u00e4\u00e4n toimivan hoidon sen j\u00e4lkeen, kun useita muita vaihtoehtoja on kokeiltu ilman menestyst\u00e4.<\/p>\n<p>Sit\u00e4 vastoin muut potilaat ovat jakaneet kamppailuja l\u00e4\u00e4kkeen kanssa vedoten sivuvaikutuksiin tai siihen, ett\u00e4 heid\u00e4n tilansa ei ole parantunut merkitt\u00e4v\u00e4sti. T\u00e4llaiset kokemukset korostavat yksil\u00f6llisten vasteiden vaihtelua l\u00e4\u00e4kkeeseen, mik\u00e4 korostaa henkil\u00f6kohtaisten hoitosuunnitelmien merkityst\u00e4.<\/p>\n<h2>Lumiganin tehokkuus 0.03 % Silm\u00e4npaineen v\u00e4hent\u00e4misess\u00e4<\/h2>\n<p>Kliiniset tutkimukset ja potilasraportit osoittavat johdonmukaisesti Lumigan 0:n.03 %:n teho alentaa silm\u00e4npainetta. Monet k\u00e4ytt\u00e4j\u00e4t ovat havainneet silm\u00e4npainelukemien huomattavan laskun, ja jotkut ovat raportoineet useiden elohopeamillimetrien (mmHg) pudotuksen viikkojen kuluessa hoidon aloittamisesta.<\/p>\n<p>T\u00e4m\u00e4 tehokkuus mainitaan usein ensisijaisena syyn\u00e4 valita Lumigan muiden l\u00e4\u00e4kkeiden sijaan. Potilaat ja terveydenhuollon tarjoajat arvostavat silmien terveyden konkreettisia parannuksia, jotka voivat viivytt\u00e4\u00e4 tai est\u00e4\u00e4 glaukoomaan liittyv\u00e4n n\u00e4\u00f6nmenetyksen etenemist\u00e4.<\/p>\n<h2>Potilaiden raportoimat yleiset sivuvaikutukset<\/h2>\n<p>Eduistaan \u200b\u200bhuolimatta Lumigan 0.03% ei ole ilman sivuvaikutuksia. Yleisimmin raportoituja ongelmia ovat silmien punoitus, \u00e4rsytys ja karkeuden tunne. Jotkut potilaat kokevat my\u00f6s muutoksia ripsien kasvussa ja pigmentaatiossa, jotka, vaikka ne ovat yleens\u00e4 vaarattomia, voivat olla kiusallisia.<\/p>\n<p>Kuivat silm\u00e4t ja liev\u00e4 ep\u00e4mukavuus ovat muita yleisi\u00e4 valituksia. Potilaat huomaavat usein, ett\u00e4 n\u00e4m\u00e4 sivuvaikutukset v\u00e4henev\u00e4t ajan my\u00f6t\u00e4, kun heid\u00e4n kehonsa tottuu l\u00e4\u00e4kkeeseen, mutta joillekin ne ovat jatkuva haaste.<\/p>\n<h2>Lumiganin pitk\u00e4aikainen k\u00e4ytt\u00f6 0.03 %: Potilaan n\u00e4k\u00f6kulmat<\/h2>\n<p>Lumigan 0:n pitk\u00e4aikaiset k\u00e4ytt\u00e4j\u00e4t.03 % <a href=\"https:\/\/nopeaapteekki.com\/tilaus-lumigan-ilman-reseptia\">Lumigan 0,03% 3ml Hinta<\/a> on jakanut erilaisia \u200b\u200bkokemuksia. Jotkut raportoivat, ett\u00e4 jatkuva k\u00e4ytt\u00f6 on johtanut alhaisen silm\u00e4npaineen s\u00e4ilymiseen ja vakaaseen n\u00e4kemykseen, mik\u00e4 on merkitt\u00e4v\u00e4 helpotus niille, joilla on vakava n\u00e4\u00f6n heikkeneminen.<\/p>\n<p>Pitk\u00e4aikainen k\u00e4ytt\u00f6 voi kuitenkin johtaa my\u00f6s kumulatiivisiin sivuvaikutuksiin, kuten lis\u00e4\u00e4ntyneeseen ripsien kasvuun ja peruuttamattomiin silmien v\u00e4rin muutoksiin. Potilaiden on punnittava n\u00e4it\u00e4 mahdollisia tuloksia harkitessaan pitk\u00e4aikaista hoitoa, usein neuvoteltuaan terveydenhuollon tarjoajiensa kanssa.<\/p>\n<h2>Lumiganin vertailu 0.03 % muihin glaukoomal\u00e4\u00e4kkeisiin<\/h2>\n<p>Glaukooman hoitojen alalla Lumigan 0.03 % verrataan usein muihin prostaglandiinianalogeihin ja eri l\u00e4\u00e4keryhmiin, kuten beetasalpaajiin. Monet potilaat pit\u00e4v\u00e4t Lumiganista sen kerran p\u00e4iv\u00e4ss\u00e4 annettavan annostelun ja hyvin dokumentoidun tehon vuoksi.<\/p>\n<p>Jotkut ihmiset kuitenkin pit\u00e4v\u00e4t muita l\u00e4\u00e4kkeit\u00e4 sopivampina sivuvaikutusten m\u00e4\u00e4r\u00e4n tai paremman henkil\u00f6kohtaisen tehon vuoksi. Valinta riippuu usein yksil\u00f6llisist\u00e4 terveysprofiileista, sivuvaikutusten sietokyvyst\u00e4 ja el\u00e4m\u00e4ntapan\u00e4k\u00f6kohdista.<\/p>\n<h2>Potilasvinkkej\u00e4 sivuvaikutusten hallintaan<\/h2>\n<p>Potilaat ovat kehitt\u00e4neet erilaisia \u200b\u200bstrategioita hallitakseen Lumigan 0:n sivuvaikutuksia.03 %. Monet suosittelevat keinotekoisten kyyneleiden k\u00e4ytt\u00f6\u00e4 kuivuuden ja ep\u00e4mukavuuden lievitt\u00e4miseksi, erityisesti l\u00e4\u00e4kityksen aloittamisen yhteydess\u00e4. S\u00e4\u00e4nn\u00f6lliset silm\u00e4hygieniak\u00e4yt\u00e4nn\u00f6t, kuten hell\u00e4varainen silm\u00e4luomien puhdistus, voivat my\u00f6s auttaa v\u00e4hent\u00e4m\u00e4\u00e4n \u00e4rsytyst\u00e4.<\/p>\n<p>L\u00e4heinen yhteydenpito n\u00e4\u00f6nhuollon ammattilaisen kanssa on ratkaisevan t\u00e4rke\u00e4\u00e4. Hoito-ohjelman mukauttaminen, kuten tippojen k\u00e4ytt\u00f6 y\u00f6ll\u00e4 p\u00e4iv\u00e4saikojen sivuvaikutusten minimoimiseksi, voi olla hy\u00f6dyllist\u00e4. Kokemusten jakaminen tukiryhmiss\u00e4 voi my\u00f6s tarjota k\u00e4yt\u00e4nn\u00f6n oivalluksia ja henkist\u00e4 tukea.<\/p>\n<h2>Menestystarinoita: Parannettu silmien terveytt\u00e4 Lumigan 0:lla.03 %<\/h2>\n<p>Lukuisat menestystarinat korostavat Lumigan 0:n positiivista vaikutusta.03% silmien terveydest\u00e4. Potilaat, jotka ovat kamppailleet nousevan silm\u00e4nsis\u00e4isen paineen kanssa, raportoivat tilansa merkitt\u00e4vist\u00e4 parannuksista ja vakiintumisesta. T\u00e4llaisiin tuloksiin liittyy usein varmuuden tunne ja uusi keskittyminen yleisen silmien terveyden yll\u00e4pit\u00e4miseen.<\/p>\n<p>Monille kyky jatkaa p\u00e4ivitt\u00e4ist\u00e4 toimintaa ilman uhkaavaa n\u00e4k\u00f6h\u00e4vi\u00f6n uhkaa on osoitus l\u00e4\u00e4kkeen tehokkuudesta. N\u00e4m\u00e4 menestystarinat toimivat usein inspiraationa uusille k\u00e4ytt\u00e4jille ja niille, jotka harkitsevat vaihtoa Lumiganiin.<\/p>\n<h2>Lumigania k\u00e4ytt\u00e4vien potilaiden kohtaamat haasteet 0.03 %<\/h2>\n<p>Vaikka Lumigan 0.03% on hy\u00f6dyllinen monille, se tuo haasteita. L\u00e4\u00e4kkeen hinta voi olla kohtuutonta joillekin, erityisesti niille, joilla ei ole kattavaa vakuutusta. Taloudellisen avun ohjelmissa liikkuminen tai yleisten vaihtoehtojen etsiminen voi olla tarpeen n\u00e4ille henkil\u00f6ille.<\/p>\n<p>P\u00e4ivitt\u00e4isen hoito-ohjelman noudattaminen voi my\u00f6s olla haastavaa, erityisesti niille, joilla on kiireinen el\u00e4m\u00e4ntapa tai jotka kamppailevat silm\u00e4tippojen antamisesta. N\u00e4m\u00e4 haasteet voivat vaikuttaa hoidon tehokkuuteen, jos niihin ei puututa nopeasti.<\/p>\n<h2>Potilasneuvoja uudelle Lumiganille 0.03 % k\u00e4ytt\u00e4ji\u00e4<\/h2>\n<p>Kokeneet k\u00e4ytt\u00e4j\u00e4t neuvovat usein uusia tulokkaita olemaan k\u00e4rsiv\u00e4llisi\u00e4 l\u00e4\u00e4kkeen kanssa, koska saattaa kest\u00e4\u00e4 aikaa ennen kuin keho tottuu ja havaittavissa parannuksia tapahtuu. Sivuvaikutusten ja silm\u00e4npainelukemien p\u00e4iv\u00e4kirjan pit\u00e4minen voi auttaa seuraamaan edistymist\u00e4 ja helpottaa keskusteluja terveydenhuollon tarjoajien kanssa.<\/p>\n<p>Lis\u00e4ksi uusia k\u00e4ytt\u00e4ji\u00e4 kannustetaan pysym\u00e4\u00e4n avoimina el\u00e4m\u00e4ntapansa mukauttamiselle paremmin hoitoon soveltuvaksi, olipa kyseess\u00e4 sitten muistutusten asettaminen silm\u00e4tippojen levitt\u00e4misest\u00e4 tai toimenpiteiden ottaminen k\u00e4ytt\u00f6\u00f6n sivuvaikutusten hallitsemiseksi tehokkaasti.<\/p>\n<h2>Lumiganin vaikutus 0.03% p\u00e4ivitt\u00e4isest\u00e4 el\u00e4m\u00e4st\u00e4<\/h2>\n<p>Monille potilaille Lumigan 0.03%:sta tulee olennainen osa heid\u00e4n p\u00e4ivitt\u00e4ist\u00e4 rutiinia. L\u00e4\u00e4kkeen vaikutus ulottuu muutakin kuin pelkk\u00e4 silm\u00e4npaineen alentaminen; se voi tuoda mielenrauhaa ja antaa yksil\u00f6ille mahdollisuuden osallistua t\u00e4ydellisemmin p\u00e4ivitt\u00e4isiin toimintoihinsa ilman jatkuvaa huolta n\u00e4\u00f6nmenetyksest\u00e4.<\/p>\n<p>Jotkut k\u00e4ytt\u00e4j\u00e4t kuitenkin huomaavat, ett\u00e4 sivuvaikutusten hallinta ja sitoutumisen yll\u00e4pit\u00e4minen voi olla vaivalloista. T\u00e4m\u00e4 kaksinaisuus korostaa kattavan tuen ja henkil\u00f6kohtaisten hoitosuunnitelmien merkityst\u00e4 l\u00e4\u00e4kkeen hy\u00f6tyjen optimoimiseksi.<\/p>\n<h2>Tarinoita vaihtamisesta muista hoidoista Lumiganiin 0.03 %<\/h2>\n<p>Monet potilaat kertovat tarinoista siirtymisest\u00e4 muista glaukoomahoidoista Lumigan 0:aan.03 %. Usein n\u00e4m\u00e4 kytkimet johtuvat riitt\u00e4m\u00e4tt\u00f6m\u00e4st\u00e4 paineenhallinnasta tai aikaisempien l\u00e4\u00e4kkeiden siet\u00e4m\u00e4tt\u00f6mist\u00e4 sivuvaikutuksista. Siirtyminen voi olla joillekin sujuvaa, ja silm\u00e4npaine ja sivuvaikutukset paranevat v\u00e4litt\u00f6m\u00e4sti.<\/p>\n<p>Toisilla saattaa olla sopeutumisaika, joka vaatii k\u00e4rsiv\u00e4llisyytt\u00e4 ja terveydenhuollon tarjoajan tarkkaa seurantaa. N\u00e4m\u00e4 tarinat korostavat usein sinnikkyyden t\u00e4rkeytt\u00e4 oikean hoitosovituksen l\u00f6yt\u00e4misess\u00e4 ja mahdollisia palkkioita parantuneesta silmien terveydest\u00e4.<\/p>\n<h2>L\u00e4\u00e4k\u00e4rin ja potilaan v\u00e4linen viestint\u00e4: Lumiganin optimaalisen k\u00e4yt\u00f6n varmistaminen 0.03 %<\/h2>\n<p>Tehokas viestint\u00e4 potilaiden ja terveydenhuollon tarjoajien v\u00e4lill\u00e4 on ratkaisevan t\u00e4rke\u00e4\u00e4 Lumigan 0:n optimaalisen k\u00e4yt\u00f6n varmistamiseksi.03 %. S\u00e4\u00e4nn\u00f6lliset tarkastukset mahdollistavat silm\u00e4npaineen ja sivuvaikutusten seurannan, jolloin hoitoa voidaan s\u00e4\u00e4t\u00e4\u00e4 oikea-aikaisesti tarpeen mukaan.<\/p>\n<p>Potilaita rohkaistaan \u200b\u200bilmaisemaan kaikki huolensa tai muutokset oireissaan viipym\u00e4tt\u00e4. T\u00e4m\u00e4 ennakoiva l\u00e4hestymistapa varmistaa, ett\u00e4 kaikki ongelmat k\u00e4sitell\u00e4\u00e4n nopeasti, mik\u00e4 edist\u00e4\u00e4 parempia hoitotuloksia ja potilastyytyv\u00e4isyytt\u00e4.<\/p>\n<h2>Lumiganin potilasresurssit ja tukiryhm\u00e4t 0.03 % k\u00e4ytt\u00e4ji\u00e4<\/h2>\n<p>Tukiryhm\u00e4t ja online-foorumit tarjoavat arvokkaita resursseja Lumigan 0:lle.03 % k\u00e4ytt\u00e4jist\u00e4. N\u00e4m\u00e4 alustat tarjoavat yksil\u00f6ille tilaa jakaa kokemuksia, vaihtaa vinkkej\u00e4 ja rohkaista toisiaan. T\u00e4llaiset vuorovaikutukset voivat olla erityisen hy\u00f6dyllisi\u00e4 uusille k\u00e4ytt\u00e4jille, jotka etsiv\u00e4t varmuutta ja ohjausta.<\/p>\n<p>Terveydenhuollon tarjoajat ja potilaiden edunvalvontaj\u00e4rjest\u00f6t tarjoavat usein lis\u00e4resursseja, kuten koulutusmateriaaleja ja p\u00e4\u00e4syn taloudelliseen avustusohjelmiin. N\u00e4m\u00e4 resurssit voivat auttaa potilaita navigoimaan hoidon monimutkaisissa vaiheissa ja optimoimaan hoitokokemuksensa.<\/p>\n","protected":false},"excerpt":{"rendered":"<p>Potilastarinat: mit\u00e4 ihmiset kertovat Lumigan 0:sta.03 % Lumigan 0.03% on laajalti k\u00e4ytetty l\u00e4\u00e4ke glaukoomaan, ja potilaiden kokemusten ymm\u00e4rt\u00e4minen voi tarjota arvokkaita n\u00e4kemyksi\u00e4 sen tehokkuudesta ja vaikutuksista jokap\u00e4iv\u00e4iseen el\u00e4m\u00e4\u00e4n. Lumiganin esittely 0.03% ja sen k\u00e4ytt\u00f6tarkoitukset Lumigan 0.03%, reseptil\u00e4\u00e4ke, jota k\u00e4ytet\u00e4\u00e4n ensisijaisesti silm\u00e4nsis\u00e4isen paineen alentamiseen henkil\u00f6ill\u00e4, joilla on diagnosoitu glaukooma tai silm\u00e4n verenpaine. Prostaglandiinianalogina se toimii lis\u00e4\u00e4m\u00e4ll\u00e4 [&hellip;]<\/p>\n","protected":false},"author":1,"featured_media":0,"parent":0,"menu_order":0,"comment_status":"closed","ping_status":"closed","template":"","meta":{"footnotes":""},"class_list":["post-20546","page","type-page","status-publish","hentry"],"_links":{"self":[{"href":"http:\/\/haywire.pl\/index.php?rest_route=\/wp\/v2\/pages\/20546","targetHints":{"allow":["GET"]}}],"collection":[{"href":"http:\/\/haywire.pl\/index.php?rest_route=\/wp\/v2\/pages"}],"about":[{"href":"http:\/\/haywire.pl\/index.php?rest_route=\/wp\/v2\/types\/page"}],"author":[{"embeddable":true,"href":"http:\/\/haywire.pl\/index.php?rest_route=\/wp\/v2\/users\/1"}],"replies":[{"embeddable":true,"href":"http:\/\/haywire.pl\/index.php?rest_route=%2Fwp%2Fv2%2Fcomments&post=20546"}],"version-history":[{"count":1,"href":"http:\/\/haywire.pl\/index.php?rest_route=\/wp\/v2\/pages\/20546\/revisions"}],"predecessor-version":[{"id":20547,"href":"http:\/\/haywire.pl\/index.php?rest_route=\/wp\/v2\/pages\/20546\/revisions\/20547"}],"wp:attachment":[{"href":"http:\/\/haywire.pl\/index.php?rest_route=%2Fwp%2Fv2%2Fmedia&parent=20546"}],"curies":[{"name":"wp","href":"https:\/\/api.w.org\/{rel}","templated":true}]}}