{"id":19957,"date":"2026-03-26T19:55:36","date_gmt":"2026-03-26T19:55:36","guid":{"rendered":"http:\/\/haywire.pl\/?page_id=19957"},"modified":"2026-03-26T19:55:36","modified_gmt":"2026-03-26T19:55:36","slug":"razumijevanje-generickog-lijeka-champix-i-njegove-svrhe","status":"publish","type":"page","link":"http:\/\/haywire.pl\/?page_id=19957","title":{"rendered":"Razumijevanje generi\u010dkog lijeka Champix i njegove svrhe"},"content":{"rendered":"<h1>Kako pravilno koristiti Champix Generic<\/h1>\n<p>Razumijevanje ispravne upotrebe Champix Generic mo\u017ee pove\u0107ati njegovu u\u010dinkovitost i smanjiti potencijalne rizike tijekom prestanka pu\u0161enja.<\/p>\n<h2>Razumijevanje generi\u010dkog lijeka Champix i njegove svrhe<\/h2>\n<p>Champix Generic, poznat kao Varenicline u svom generi\u010dkom obliku, lijek je koji se na\u0161iroko koristi za pomo\u0107 pojedincima pri prestanku pu\u0161enja. Djeluje tako da cilja na nikotinske receptore u mozgu, smanjuju\u0107i \u017eelju i simptome odvikavanja, \u0161to mo\u017ee biti zna\u010dajna prepreka prestanku pu\u0161enja. Djelomi\u010dno stimuliraju\u0107i te receptore, Champix Generic olak\u0161ava proces, \u010dine\u0107i ga lak\u0161im za upravljanje onima koji \u017eele prestati pu\u0161iti.<\/p>\n<p>Champix Generic nije nikotinska nadomjesna terapija, ve\u0107 djelomi\u010dni agonist koji pru\u017ea dio zadovoljstva pu\u0161enja bez \u0161tetnih u\u010dinaka. Ovo ga svojstvo \u010dini osobito u\u010dinkovitim za te\u0161ke pu\u0161a\u010de koji se bore s prestankom pu\u0161enja zbog jake \u017eudnje i simptoma odvikavanja. Razumijevanje njegove uloge klju\u010dno je za one koji se \u017eele osloboditi ovisnosti o nikotinu.<\/p>\n<h2>Smjernice za doziranje za Champix Generic<\/h2>\n<p>Standardni re\u017eim doziranja za Champix Generic obi\u010dno po\u010dinje ni\u017eom dozom koja se postupno pove\u0107ava. Ovaj postupni pristup omogu\u0107uje tijelu da se prilagodi na lijek, \u010dime se smanjuje vjerojatnost nuspojava. U po\u010detku se pacijentima \u010desto propisuje 0.5 mg jednom dnevno tijekom prva tri dana, nakon \u010dega slijedi 0.5 mg dva puta dnevno tijekom sljede\u0107a \u010detiri dana.<\/p>\n<p>Nakon prvog tjedna, doza se obi\u010dno pove\u0107ava na 1 mg dva puta dnevno. Neophodno je pridr\u017eavati se rasporeda doziranja koji je propisao zdravstveni djelatnik jer nepravilno doziranje mo\u017ee umanjiti u\u010dinkovitost lije\u010denja. Bolesnicima se savjetuje da ne prilago\u0111avaju dozu bez savjetovanja s lije\u010dnikom.<\/p>\n<h2>Odredite vrijeme svoje generi\u010dke doze Champixa<\/h2>\n<p>Kada uzimate Champix Generic, vrijeme mo\u017ee igrati zna\u010dajnu ulogu u njegovoj u\u010dinkovitosti. Op\u0107enito se preporu\u010duje uzimanje lijeka nakon jela, uz punu \u010da\u0161u vode. Ova praksa poma\u017ee smanjiti mogu\u0107nost mu\u010dnine, uobi\u010dajene nuspojave povezane s Champix Genericom.<\/p>\n<p>Dosljednost je klju\u010dna; uzimanje lijeka u isto vrijeme svaki dan poma\u017ee u odr\u017eavanju stabilne razine u krvotoku, pove\u0107avaju\u0107i njegovu u\u010dinkovitost. Bolesnici bi trebali te\u017eiti uzimanju doza u razmaku od pribli\u017eno 12 sati kako bi se osigurala ravnomjerna raspodjela tijekom dana.<\/p>\n<h2>Va\u017ene mjere opreza kada koristite Champix Generic<\/h2>\n<p>Prije nego \u0161to zapo\u010dnete s kori\u0161tenjem Champixa Generika, klju\u010dno je razgovarati o svojoj cjelokupnoj zdravstvenoj povijesti sa svojim lije\u010dnikom. Odre\u0111ena stanja, poput bolesti bubrega, mogu zahtijevati prilagodbu doziranja ili pa\u017eljivo pra\u0107enje tijekom lije\u010denja. Osim toga, pacijenti s povije\u0161\u0107u psihijatrijskih poreme\u0107aja trebaju obavijestiti svog lije\u010dnika jer Champix Generic mo\u017ee pogor\u0161ati odre\u0111ena mentalna stanja.<\/p>\n<p>Izbjegavajte prekomjernu konzumaciju alkohola dok koristite Champix Generic jer mo\u017ee pove\u0107ati rizik od nuspojava. \u0160tovi\u0161e, savjetuje se da ne upravljate te\u0161kim strojevima ili vozite dok ne saznate kako lijek djeluje na vas, jer mo\u017ee izazvati vrtoglavicu ili pospanost.<\/p>\n<h2>Mogu\u0107e nuspojave Champix Generika<\/h2>\n<p>Kao i svi drugi lijekovi, Champix Generic mo\u017ee uzrokovati nuspojave, iako se one ne javljaju kod svih. Uobi\u010dajene nuspojave uklju\u010duju mu\u010dninu, glavobolju, pote\u0161ko\u0107e sa spavanjem i neobi\u010dne snove. Ti su u\u010dinci op\u0107enito blagi i imaju tendenciju da se smanjuju kako se va\u0161e tijelo prilago\u0111ava na lijekove.<\/p>\n<p>Mogu se javiti ozbiljnije nuspojave, iako <a href=\"https:\/\/digitalnaapoteka.org\/champix-genericki-trosak-bez-recepta\">Narud\u017eba Champix Generi\u010dki 1mg<\/a> rijetke. To uklju\u010duje promjene raspolo\u017eenja, suicidalne misli i kardiovaskularne probleme. Klju\u010dno je potra\u017eiti lije\u010dni\u010dku pomo\u0107 ako tijekom uzimanja Champix Generic osjetite bilo kakve ozbiljne ili dugotrajne simptome.<\/p>\n<h2>Upravljanje nuspojavama Champix generica<\/h2>\n<p>Upravljanje nuspojavama Champix Generica uklju\u010duje kombinaciju prilagodbe na\u010dina \u017eivota i medicinskih intervencija. Za blagu mu\u010dninu, uzimanje lijeka s hranom i vodom mo\u017ee pomo\u0107i u ubla\u017eavanju nelagode. Ako do\u0111e do poreme\u0107aja spavanja, izbjegavanje kofeina i osiguravanje redovitog rasporeda spavanja mo\u017ee biti korisno.<\/p>\n<p>U slu\u010dajevima kada su nuspojave ozbiljnije ili dugotrajnije, va\u017eno je konzultirati se s lije\u010dnikom. Oni vam mogu prilagoditi dozu ili predlo\u017eiti dodatne tretmane za ubla\u017eavanje tih u\u010dinaka, osiguravaju\u0107i da mo\u017eete udobno nastaviti svoj put prestanka pu\u0161enja.<\/p>\n<h2>Champix Generic i prestanak pu\u0161enja<\/h2>\n<p>Champix Generic mo\u0107no je sredstvo u arsenalu protiv ovisnosti o pu\u0161enju. Smanjenjem \u017eudnje i simptoma odvikavanja, poma\u017ee pojedincima da se usredoto\u010de na odvikavanje od navike, a da ih ne preplave fiziolo\u0161ki izazovi. Klini\u010dka ispitivanja su pokazala da Champix Generic zna\u010dajno pove\u0107ava \u0161anse za prestanak pu\u0161enja u usporedbi s drugim metodama prestanka pu\u0161enja.<\/p>\n<p>Me\u0111utim, uspjeh u prestanku pu\u0161enja ne ovisi samo o lijekovima, ve\u0107 i o potpori u pona\u0161anju i predanosti. Mnogi pacijenti imaju koristi od kombiniranja Champix Generica sa savjetovanjem ili grupama za podr\u0161ku, koje mogu pru\u017eiti ohrabrenje i strategije za suo\u010davanje s okida\u010dima i stresorima.<\/p>\n<h2>Interakcije izme\u0111u generi\u010dkog lijeka Champix i drugih lijekova<\/h2>\n<p>Champix Generic mo\u017ee stupiti u interakciju s drugim lijekovima, potencijalno mijenjaju\u0107i njihove u\u010dinke. Va\u017eno je obavijestiti svog lije\u010dnika o svim lijekovima koje uzimate, uklju\u010duju\u0107i lijekove bez recepta i dodatke prehrani. Odre\u0111eni lijekovi mogu zahtijevati prilagodbu doze kada se uzimaju uz Champix Generic.<\/p>\n<p>Potreban je poseban oprez s lijekovima koji utje\u010du na raspolo\u017eenje ili mentalno zdravlje jer interakcije mogu pogor\u0161ati psihijatrijske simptome. Redovito pra\u0107enje od strane va\u0161eg lije\u010dnika mo\u017ee pomo\u0107i u upravljanju svim potencijalnim interakcijama i osigurati sigurnu upotrebu Champix Generica.<\/p>\n<h2>Dijetetska razmatranja dok uzimate Champix Generic<\/h2>\n<p>Iako nema posebnih prehrambenih ograni\u010denja kada se uzima Champix Generic, odr\u017eavanje uravnote\u017eene prehrane mo\u017ee podr\u017eati cjelokupno zdravlje tijekom prestanka pu\u0161enja. Pravilna prehrana mo\u017ee pomo\u0107i tijelu da se oporavi od posljedica pu\u0161enja i smanjiti \u017eelju za cigaretama.<\/p>\n<p>Odr\u017eavanje hidratacije tako\u0111er je va\u017eno, jer voda mo\u017ee pomo\u0107i u ispiranju toksina i smanjiti vjerojatnost glavobolje i umora. Uklju\u010divanje raznovrsnog vo\u0107a, povr\u0107a i cjelovitih \u017eitarica u va\u0161u prehranu mo\u017ee osigurati potrebne hranjive tvari za pomo\u0107 u oporavku i podr\u017eati u\u010dinkovitost Champix Generica.<\/p>\n<h2>\u0160to u\u010diniti ako propustite dozu Champix Generica<\/h2>\n<p>Ako propustite dozu lijeka Champix Generic, uzmite je \u010dim se sjetite. Me\u0111utim, ako je skoro vrijeme za sljede\u0107u dozu, presko\u010dite propu\u0161tenu dozu i nastavite s uobi\u010dajenim rasporedom doziranja. Nemojte udvostru\u010diti doze kako biste nadoknadili propu\u0161tenu jer to mo\u017ee pove\u0107ati rizik od nuspojava.<\/p>\n<p>Kako biste sprije\u010dili propu\u0161tene doze, razmislite o postavljanju podsjetnika ili kori\u0161tenju organizatora tableta. Dosljednost je klju\u010dna za odr\u017eavanje terapeutskih razina lijeka u va\u0161em sustavu, \u0161to je bitno za njegovu u\u010dinkovitost u prestanku pu\u0161enja.<\/p>\n<h2>Sigurno \u010duvanje Champix Generica<\/h2>\n<p>Champix Generic treba \u010duvati na hladnom i suhom mjestu daleko od izravne sun\u010deve svjetlosti i vlage. \u010cuvanje lijeka u originalnom pakiranju mo\u017ee pomo\u0107i u za\u0161titi od \u010dimbenika iz okoli\u0161a koji bi mogli smanjiti njegovu snagu.<\/p>\n<p>Osigurajte da se lijek dr\u017ei izvan dohvata djece i ku\u0107nih ljubimaca kako biste sprije\u010dili slu\u010dajno gutanje. Ako imate neiskori\u0161tenih lijekova, posavjetujte se s ljekarnikom o pravilnim metodama zbrinjavanja kako biste osigurali sigurnost za okoli\u0161 i sprije\u010dili zlouporabu.<\/p>\n<h2>Koliko dugo nastaviti koristiti Champix Generic<\/h2>\n<p>Tipi\u010dni tijek lije\u010denja Champix Generikom traje 12 tjedana. Nekim osobama mo\u017ee biti potrebno dulje razdoblje lije\u010denja kako bi u\u010dvrstili svoje napore u prestanku pu\u0161enja, osobito ako jo\u0161 uvijek osje\u0107aju \u017eudnju ili rizik od povratka. U takvim slu\u010dajevima, pru\u017eatelj zdravstvenih usluga mo\u017ee preporu\u010diti dodatni tijek lije\u010denja.<\/p>\n<p>Neophodno je pridr\u017eavati se savjeta lije\u010dnika o trajanju lije\u010denja. Prerano prestanak uzimanja lijeka mo\u017ee pove\u0107ati rizik od povratka pu\u0161enju, dok produljena primjena bez lije\u010dni\u010dkog nadzora mo\u017ee dovesti do nepotrebnog izlaganja mogu\u0107im nuspojavama.<\/p>\n<h2>Prepoznavanje simptoma predoziranja lijekom Champix Generic<\/h2>\n<p>Predoziranje lijekom Champix Generic mo\u017ee se manifestirati simptomima kao \u0161to su mu\u010dnina, povra\u0107anje, vrtoglavica i ote\u017eano disanje. Te\u0161ki slu\u010dajevi mogu dovesti do gubitka svijesti ili napadaja. Od vitalne je va\u017enosti odmah potra\u017eiti lije\u010dni\u010dku pomo\u0107 ako se sumnja na predoziranje.<\/p>\n<p>Kako biste sprije\u010dili predoziranje, uvijek se pridr\u017eavajte propisanog doziranja i pratite unos lijekova. Ako sumnjate da se netko predozirao, odmah se obratite hitnoj slu\u017ebi i dajte im sve relevantne informacije o lijeku.<\/p>\n<h2>Champix generi\u010dko i mentalno zdravlje<\/h2>\n<p>Dok je Champix Generic u\u010dinkovit za prestanak pu\u0161enja, mo\u017ee imati implikacije na mentalno zdravlje, osobito kod osoba s povije\u0161\u0107u psihijatrijskih poreme\u0107aja. Neki pacijenti mogu do\u017eivjeti promjene raspolo\u017eenja, uklju\u010duju\u0107i depresiju ili tjeskobu, dok su na lijeku.<\/p>\n<p>Klju\u010dno je pomno pratiti mentalno zdravlje tijekom lije\u010denja i odr\u017eavati otvorenu komunikaciju sa svojim lije\u010dnikom. Oni mogu pru\u017eiti smjernice o upravljanju svim psiholo\u0161kim simptomima i prilagoditi planove lije\u010denja prema potrebi kako bi se osiguralo i psihi\u010dko blagostanje i uspjeh u prestanku pu\u0161enja.<\/p>\n<h2>Posavjetujte se s lije\u010dnikom o generi\u010dkoj upotrebi Champixa<\/h2>\n<p>Prije nego po\u010dnete uzimati Champix Generic, temeljito razgovarajte sa svojim lije\u010dnikom kako biste procijenili njegovu prikladnost za vas. Va\u0161 pru\u017eatelj zdravstvenih usluga mo\u017ee vam ponuditi uvid u dobrobiti i rizike na temelju va\u0161e povijesti bolesti i trenutnog zdravstvenog stanja.<\/p>\n<p>Va\u0161 lije\u010dnik \u0107e vam tako\u0111er dati smjernice o integraciji Champix Generica u sveobuhvatan plan prestanka pu\u0161enja, koji mo\u017ee uklju\u010divati \u200b\u200bbihevioralnu terapiju i grupe podr\u0161ke. Redovita pra\u0107enja tijekom lije\u010denja mogu pomo\u0107i u rje\u0161avanju svih problema i optimizirati va\u0161e \u0161anse za uspje\u0161an prestanak pu\u0161enja.<\/p>\n","protected":false},"excerpt":{"rendered":"<p>Kako pravilno koristiti Champix Generic Razumijevanje ispravne upotrebe Champix Generic mo\u017ee pove\u0107ati njegovu u\u010dinkovitost i smanjiti potencijalne rizike tijekom prestanka pu\u0161enja. Razumijevanje generi\u010dkog lijeka Champix i njegove svrhe Champix Generic, poznat kao Varenicline u svom generi\u010dkom obliku, lijek je koji se na\u0161iroko koristi za pomo\u0107 pojedincima pri prestanku pu\u0161enja. Djeluje tako da cilja na nikotinske [&hellip;]<\/p>\n","protected":false},"author":1,"featured_media":0,"parent":0,"menu_order":0,"comment_status":"closed","ping_status":"closed","template":"","meta":{"footnotes":""},"class_list":["post-19957","page","type-page","status-publish","hentry"],"_links":{"self":[{"href":"http:\/\/haywire.pl\/index.php?rest_route=\/wp\/v2\/pages\/19957","targetHints":{"allow":["GET"]}}],"collection":[{"href":"http:\/\/haywire.pl\/index.php?rest_route=\/wp\/v2\/pages"}],"about":[{"href":"http:\/\/haywire.pl\/index.php?rest_route=\/wp\/v2\/types\/page"}],"author":[{"embeddable":true,"href":"http:\/\/haywire.pl\/index.php?rest_route=\/wp\/v2\/users\/1"}],"replies":[{"embeddable":true,"href":"http:\/\/haywire.pl\/index.php?rest_route=%2Fwp%2Fv2%2Fcomments&post=19957"}],"version-history":[{"count":1,"href":"http:\/\/haywire.pl\/index.php?rest_route=\/wp\/v2\/pages\/19957\/revisions"}],"predecessor-version":[{"id":19958,"href":"http:\/\/haywire.pl\/index.php?rest_route=\/wp\/v2\/pages\/19957\/revisions\/19958"}],"wp:attachment":[{"href":"http:\/\/haywire.pl\/index.php?rest_route=%2Fwp%2Fv2%2Fmedia&parent=19957"}],"curies":[{"name":"wp","href":"https:\/\/api.w.org\/{rel}","templated":true}]}}