{"id":19547,"date":"2026-03-26T11:55:23","date_gmt":"2026-03-26T11:55:23","guid":{"rendered":"http:\/\/haywire.pl\/?page_id=19547"},"modified":"2026-03-26T11:55:23","modified_gmt":"2026-03-26T11:55:23","slug":"ce-este-bactrim-generic-si-cum-functioneaza","status":"publish","type":"page","link":"http:\/\/haywire.pl\/?page_id=19547","title":{"rendered":"Ce este Bactrim Generic \u0219i cum func\u021bioneaz\u0103?"},"content":{"rendered":"<h1>\u00centreb\u0103ri frecvente generale Bactrim: primele 10 \u00eentreb\u0103ri la care s-a r\u0103spuns<\/h1>\n<p>Acest articol abordeaz\u0103 cele mai frecvente \u00eentreb\u0103ri despre Bactrim Generic, oferind informa\u021bii despre utilizarea, eficacitatea \u0219i considera\u021biile de siguran\u021b\u0103 ale acestuia.<\/p>\n<h2>Ce este Bactrim Generic \u0219i cum func\u021bioneaz\u0103?<\/h2>\n<p>Bactrim Generic este un antibiotic prescris \u00een mod obi\u0219nuit pentru a trata o varietate de infec\u021bii bacteriene. Este o combina\u021bie de dou\u0103 ingrediente active, sulfametoxazol \u0219i trimetoprim, care ac\u021bioneaz\u0103 sinergic pentru a inhiba cre\u0219terea \u0219i proliferarea bacteriilor. Sulfametoxazolul interfereaz\u0103 cu produc\u021bia de acid dihidrofolic, o form\u0103 de acid folic de care bacteriile au nevoie pentru supravie\u021buire, \u00een timp ce trimetoprimul blocheaz\u0103 produc\u021bia de acid tetrahidrofolic, un alt compus esen\u021bial pentru sinteza ADN-ului bacterian.<\/p>\n<p>Aceast\u0103 ac\u021biune dubl\u0103 face ca Bactrim Generic s\u0103 fie deosebit de eficient \u00eempotriva unui spectru larg de agen\u021bi patogeni bacterieni. Este adesea folosit atunci c\u00e2nd antibioticele cu un singur agent sunt insuficiente sau c\u00e2nd infec\u021bia este rezistent\u0103 la alte tratamente. Prin \u021bintirea a dou\u0103 etape diferite \u00een procesul de cre\u0219tere a bacteriilor, Bactrim Generic reduce probabilitatea ca bacteriile s\u0103 dezvolte rezisten\u021b\u0103 la tratament.<\/p>\n<h2>Ce afec\u021biuni trateaz\u0103 Bactrim Generic?<\/h2>\n<p>Bactrim Generic este versatil \u00een aplica\u021biile sale, trat\u00e2nd o serie de infec\u021bii bacteriene. Este folosit \u00een mod obi\u0219nuit pentru a trata infec\u021biile tractului urinar, care sunt deosebit de predispuse la rezisten\u021ba bacterian\u0103. \u00cen plus, este eficient \u00eempotriva anumitor tipuri de pneumonie, \u00een special la pacien\u021bii cu sistem imunitar sl\u0103bit, cum ar fi cei cu HIV\/SIDA.<\/p>\n<p>Alte afec\u021biuni tratate de Bactrim Generic includ infec\u021bii ale urechii, bron\u0219it\u0103 \u0219i anumite tipuri de infec\u021bii gastrointestinale. De asemenea, este utilizat \u00een tratamentul infec\u021biilor pielii \u0219i ale \u021besuturilor moi cauzate de bacterii specifice. De\u0219i este eficient \u00een multe scenarii, este esen\u021bial ca un furnizor de asisten\u021b\u0103 medical\u0103 s\u0103 determin\u0103 adecvarea sa pentru fiecare caz specific, deoarece utilizarea gre\u0219it\u0103 poate contribui la rezisten\u021ba la antibiotice.<\/p>\n<h2>Cum trebuie luat Bactrim Generic?<\/h2>\n<p>Bactrim Generic este de obicei administrat pe cale oral\u0103, fie sub form\u0103 de tablete, fie sub form\u0103 de suspensie lichid\u0103. Doza \u0219i durata tratamentului depind de tipul \u0219i severitatea infec\u021biei, precum \u0219i de v\u00e2rsta \u0219i func\u021bia renal\u0103 a pacientului. Este vital s\u0103 urma\u021bi instruc\u021biunile medicului pentru a asigura eficacitatea medicamentului, minimiz\u00e2nd \u00een acela\u0219i timp poten\u021bialele efecte secundare.<\/p>\n<p>Pacien\u021bii sunt de obicei sf\u0103tui\u021bi s\u0103 ia Bactrim Generic cu un pahar plin de ap\u0103 \u0219i s\u0103 men\u021bin\u0103 o hidratare adecvat\u0103 pe toat\u0103 durata tratamentului. Acest lucru ajut\u0103 la prevenirea form\u0103rii pietrelor la rinichi, un poten\u021bial efect secundar. Este important s\u0103 finaliza\u021bi \u00eentregul curs al medicamentului, chiar dac\u0103 simptomele se amelioreaz\u0103, pentru a preveni reapari\u021bia sau agravarea infec\u021biei.<\/p>\n<h2>Care sunt efectele secundare comune ale Bactrim Generic?<\/h2>\n<p>La fel ca multe antibiotice, <a href=\"https:\/\/pilule-express.net\/bactrim-generic-fara-reteta\">https:\/\/pilule-express.net\/bactrim-generic-fara-reteta<\/a> Bactrim Generic poate provoca reac\u021bii adverse, de\u0219i nu toat\u0103 lumea le va experimenta. Cele mai frecvente efecte secundare includ grea\u021b\u0103, v\u0103rs\u0103turi, pierderea poftei de m\u00e2ncare \u0219i erup\u021bii cutanate u\u0219oare. Aceste simptome sunt \u00een general u\u0219oare \u0219i se rezolv\u0103 de la sine, f\u0103r\u0103 a necesita interven\u021bie medical\u0103.<\/p>\n<p>Cu toate acestea, pot ap\u0103rea reac\u021bii adverse mai severe, inclusiv reac\u021bii cutanate semnificative, dureri persistente \u00een g\u00e2t sau semne de probleme ale rinichilor, cum ar fi urinarea dureroas\u0103 sau s\u00e2ngele \u00een urin\u0103. Dac\u0103 apare oricare dintre aceste simptome, este important s\u0103 solicita\u021bi prompt sfatul medicului. \u00cen cazuri rare, Bactrim Generic poate provoca reac\u021bii alergice grave sau leziuni hepatice, necesit\u00e2nd asisten\u021b\u0103 medical\u0103 imediat\u0103.<\/p>\n<h2>Bactrim Generic poate fi luat \u00een timpul sarcinii?<\/h2>\n<p>Utilizarea Bactrim Generic \u00een timpul sarcinii este o decizie complex\u0103 care trebuie luat\u0103 \u00een consultare cu un furnizor de asisten\u021b\u0103 medical\u0103. \u00cen general, se recomand\u0103 evitarea acestui medicament \u00een timpul primului trimestru din cauza riscurilor poten\u021biale pentru f\u0103tul \u00een curs de dezvoltare, inclusiv malforma\u021bii congenitale. Cu toate acestea, dac\u0103 beneficiile trat\u0103rii unei infec\u021bii grave dep\u0103\u0219esc riscurile, un medic o poate prescrie totu\u0219i.<\/p>\n<p>\u00cen etapele ulterioare ale sarcinii, Bactrim Generic poate prezenta \u00een continuare riscuri, cum ar fi icterul la nou-n\u0103scut. Femeile \u00eens\u0103rcinate ar trebui s\u0103 discute despre tratamente alternative cu furnizorul lor de asisten\u021b\u0103 medical\u0103 \u0219i s\u0103 c\u00e2nt\u0103reasc\u0103 beneficiile \u0219i riscurile poten\u021biale. Este esen\u021bial ca femeile \u00eens\u0103rcinate s\u0103 comunice deschis cu medicul lor despre istoricul lor medical \u0219i despre orice \u00eengrijor\u0103ri pe care le au cu privire la utilizarea medicamentelor \u00een timpul sarcinii.<\/p>\n<h2>Exist\u0103 vreo interac\u021biune cu alte medicamente?<\/h2>\n<p>Bactrim Generic poate interac\u021biona cu o varietate de medicamente, ceea ce \u00eei poate modifica eficacitatea sau cre\u0219te riscul de efecte adverse. Este important ca pacien\u021bii s\u0103 \u00ee\u0219i informeze furnizorul de asisten\u021b\u0103 medical\u0103 cu privire la toate medicamentele pe care le iau \u00een prezent, inclusiv medicamentele \u0219i suplimentele f\u0103r\u0103 prescrip\u021bie medical\u0103. \u00cen special, Bactrim Generic poate spori efectele diluan\u021bilor de s\u00e2nge precum warfarina, cresc\u00e2nd riscul de s\u00e2ngerare.<\/p>\n<p>Interac\u021biunile pot ap\u0103rea, de asemenea, cu anumite diuretice, care pot duce la cre\u0219terea nivelului de potasiu \u0219i cu medicamente pentru diabet, care pot cauza sc\u0103derea zah\u0103rului din s\u00e2nge. \u00cen plus, combinarea Bactrim Generic cu alte antibiotice sau antivirale trebuie f\u0103cut\u0103 cu pruden\u021b\u0103 \u0219i sub supraveghere medical\u0103. Pacien\u021bii nu trebuie s\u0103 ezite s\u0103-\u0219i \u00eentrebe farmacistul sau medicul despre poten\u021bialele interac\u021biuni.<\/p>\n<h2>Ce trebuie f\u0103cut \u00een cazul omiterii unei doze?<\/h2>\n<p>Dac\u0103 este omis\u0103 o doz\u0103 de Bactrim Generic, aceasta trebuie luat\u0103 imediat ce pacientul \u00ee\u0219i aminte\u0219te. Cu toate acestea, dac\u0103 este aproape timpul pentru urm\u0103toarea doz\u0103 programat\u0103, este recomandabil s\u0103 s\u0103ri\u021bi peste doza omis\u0103 \u0219i s\u0103 continua\u021bi cu programul obi\u0219nuit de dozare. Nu se recomand\u0103 dublarea dozei pentru a compensa doza omis\u0103, deoarece poate cre\u0219te riscul de reac\u021bii adverse.<\/p>\n<p>Consecven\u021ba este esen\u021bial\u0103 \u00een tratamentele cu antibiotice, a\u0219a c\u0103 stabilirea mementourilor sau folosirea unui organizator de medicamente v\u0103 poate ajuta s\u0103 v\u0103 asigura\u021bi c\u0103 dozele nu sunt ratate. Dac\u0103 dozele multiple sunt omise sau dac\u0103 exist\u0103 incertitudine cu privire la modul de a proceda, pacien\u021bii trebuie s\u0103 contacteze furnizorul de asisten\u021b\u0103 medical\u0103 pentru \u00eendrumare.<\/p>\n<h2>Cum difer\u0103 Bactrim Generic de versiunea de marc\u0103?<\/h2>\n<p>Diferen\u021ba principal\u0103 dintre Bactrim Generic \u0219i omologul s\u0103u de marc\u0103 este costul. Versiunile generice sunt de obicei mai accesibile, p\u0103str\u00e2nd \u00een acela\u0219i timp acelea\u0219i ingrediente active \u0219i eficacitate ca \u0219i versiunea de marc\u0103. FDA cere ca medicamentele generice s\u0103 demonstreze bioechivalen\u021ba cu medicamentele de marc\u0103, ceea ce \u00eenseamn\u0103 c\u0103 trebuie s\u0103 func\u021bioneze \u00een acela\u0219i mod \u0219i s\u0103 ofere acelea\u0219i beneficii clinice.<\/p>\n<p>De\u0219i ingredientele active sunt acelea\u0219i, pot exista varia\u021bii ale componentelor inactive, cum ar fi umpluturi sau conservan\u021bi, care pot afecta tolerabilitatea pentru unii pacien\u021bi, de\u0219i acest lucru este rar. Decizia de a utiliza o versiune generic\u0103 sau de marc\u0103 ar trebui s\u0103 se bazeze pe sfaturi medicale, considera\u021bii legate de costuri \u0219i preferin\u021bele pacientului.<\/p>\n<h2>Ce precau\u021bii trebuie luate \u00een timp ce utiliza\u021bi Bactrim Generic?<\/h2>\n<p>\u00cen timp ce iau Bactrim Generic, pacien\u021bii trebuie s\u0103 men\u021bin\u0103 o hidratare adecvat\u0103 pentru a preveni problemele legate de rinichi. De asemenea, este recomandabil s\u0103 evita\u021bi expunerea prelungit\u0103 la soare, deoarece medicamentul poate cre\u0219te sensibilitatea la lumina soarelui, ceea ce duce la un risc mai mare de arsuri solare. Folosirea protec\u021biei solare \u0219i purtarea \u00eembr\u0103c\u0103mintei de protec\u021bie pot atenua acest risc.<\/p>\n<p>Pacien\u021bii cu afec\u021biuni preexistente, cum ar fi boal\u0103 hepatic\u0103 sau renal\u0103, deficien\u021b\u0103 de folat sau antecedente de reac\u021bii alergice la medicamentele sulfatice, trebuie s\u0103-\u0219i informeze furnizorul de asisten\u021b\u0103 medical\u0103, deoarece aceste afec\u021biuni pot necesita monitorizare suplimentar\u0103 sau ajust\u0103ri ale regimului de medicamente. Pot fi recomandate teste de s\u00e2nge regulate pentru a monitoriza r\u0103spunsul organismului la tratament, \u00een special pentru utilizare pe termen lung.<\/p>\n<h2>Este Bactrim Generic potrivit pentru toate grupele de v\u00e2rst\u0103?<\/h2>\n<p>Bactrim Generic este, \u00een general, sigur pentru utilizare la adul\u021bi \u0219i copii peste dou\u0103 luni, dar trebuie prescris cu aten\u021bie pentru a asigura o dozare adecvat\u0103. Doza pentru copii se bazeaz\u0103 de obicei pe greutatea corporal\u0103 \u0219i este necesar\u0103 o aten\u021bie special\u0103 pentru a preveni supradozajul. Pentru pacien\u021bii v\u00e2rstnici, pot fi necesare ajust\u0103ri ale dozelor din cauza diferen\u021belor func\u021biei renale.<\/p>\n<p>Anumite popula\u021bii, cum ar fi sugarii sub dou\u0103 luni \u0219i persoanele cu afec\u021biuni specifice de s\u0103n\u0103tate, pot fi mai susceptibile la efecte secundare \u0219i ar trebui luate \u00een considerare tratamente alternative. Ca \u00eentotdeauna, furnizorii de servicii medicale ar trebui s\u0103 evalueze riscurile \u0219i beneficiile \u00eenainte de a prescrie Bactrim Generic oric\u0103rui pacient, asigur\u00e2ndu-se c\u0103 este cel mai potrivit curs de tratament.<\/p>\n<h2>Cum ar trebui s\u0103 fie p\u0103strat Bactrim Generic?<\/h2>\n<p>Bactrim Generic trebuie p\u0103strat la temperatura camerei, ferit de c\u0103ldur\u0103 \u0219i umiditate excesiv\u0103. Medicamentul trebuie p\u0103strat \u00een recipientul original, bine \u00eenchis pentru a-l proteja de lumin\u0103 \u0219i umiditate. Este important s\u0103 nu-l l\u0103sa\u021bi la \u00eendem\u00e2na copiilor \u0219i a animalelor de companie pentru a preveni ingerarea accidental\u0103.<\/p>\n<p>Orice medicament neutilizat sau expirat trebuie eliminat \u00een mod corespunz\u0103tor, respect\u00e2nd reglement\u0103rile locale sau ghidurile farmaciilor, pentru a se asigura c\u0103 nu prezint\u0103 un risc pentru al\u021bii. Pacien\u021bii trebuie s\u0103-\u0219i consulte farmacistul pentru cele mai bune metode de eliminare dac\u0103 nu sunt siguri. Depozitarea \u0219i eliminarea corespunz\u0103toare a Bactrim Generic sunt esen\u021biale pentru a men\u021bine eficacitatea \u0219i siguran\u021ba acestuia.<\/p>\n","protected":false},"excerpt":{"rendered":"<p>\u00centreb\u0103ri frecvente generale Bactrim: primele 10 \u00eentreb\u0103ri la care s-a r\u0103spuns Acest articol abordeaz\u0103 cele mai frecvente \u00eentreb\u0103ri despre Bactrim Generic, oferind informa\u021bii despre utilizarea, eficacitatea \u0219i considera\u021biile de siguran\u021b\u0103 ale acestuia. Ce este Bactrim Generic \u0219i cum func\u021bioneaz\u0103? Bactrim Generic este un antibiotic prescris \u00een mod obi\u0219nuit pentru a trata o varietate de infec\u021bii [&hellip;]<\/p>\n","protected":false},"author":1,"featured_media":0,"parent":0,"menu_order":0,"comment_status":"closed","ping_status":"closed","template":"","meta":{"footnotes":""},"class_list":["post-19547","page","type-page","status-publish","hentry"],"_links":{"self":[{"href":"http:\/\/haywire.pl\/index.php?rest_route=\/wp\/v2\/pages\/19547","targetHints":{"allow":["GET"]}}],"collection":[{"href":"http:\/\/haywire.pl\/index.php?rest_route=\/wp\/v2\/pages"}],"about":[{"href":"http:\/\/haywire.pl\/index.php?rest_route=\/wp\/v2\/types\/page"}],"author":[{"embeddable":true,"href":"http:\/\/haywire.pl\/index.php?rest_route=\/wp\/v2\/users\/1"}],"replies":[{"embeddable":true,"href":"http:\/\/haywire.pl\/index.php?rest_route=%2Fwp%2Fv2%2Fcomments&post=19547"}],"version-history":[{"count":1,"href":"http:\/\/haywire.pl\/index.php?rest_route=\/wp\/v2\/pages\/19547\/revisions"}],"predecessor-version":[{"id":19548,"href":"http:\/\/haywire.pl\/index.php?rest_route=\/wp\/v2\/pages\/19547\/revisions\/19548"}],"wp:attachment":[{"href":"http:\/\/haywire.pl\/index.php?rest_route=%2Fwp%2Fv2%2Fmedia&parent=19547"}],"curies":[{"name":"wp","href":"https:\/\/api.w.org\/{rel}","templated":true}]}}