{"id":19281,"date":"2026-03-26T03:51:59","date_gmt":"2026-03-26T03:51:59","guid":{"rendered":"http:\/\/haywire.pl\/?page_id=19281"},"modified":"2026-03-26T03:51:59","modified_gmt":"2026-03-26T03:51:59","slug":"intelegerea-viagra-super-active-compozitie-si-functie","status":"publish","type":"page","link":"http:\/\/haywire.pl\/?page_id=19281","title":{"rendered":"\u00cen\u021belegerea Viagra Super Active: compozi\u021bie \u0219i func\u021bie"},"content":{"rendered":"<h1>Viagra Super Active \u0219i testosteron sc\u0103zut: \u00eel pute\u021bi folosi?<\/h1>\n<p>Explorarea utiliz\u0103rii Viagra Super Active \u00een contextul nivelului sc\u0103zut de testosteron \u0219i a rolului s\u0103u poten\u021bial \u00een gestionarea simptomelor asociate.<\/p>\n<h2>\u00cen\u021belegerea Viagra Super Active: compozi\u021bie \u0219i func\u021bie<\/h2>\n<p>Viagra Super Active este o formulare avansat\u0103 a bine-cunoscutului medicament pentru disfunc\u021bia erectil\u0103, Viagra. Con\u021bine ingredientul activ citrat de sildenafil, care se g\u0103se\u0219te \u0219i \u00een formula original\u0103. Cu toate acestea, varianta \u201eSuper Active\u201d este conceput\u0103 pentru o absorb\u021bie mai rapid\u0103 \u0219i efecte de durat\u0103. Acest lucru se realizeaz\u0103 prin utilizarea capsulelor moi de gel care se dizolv\u0103 rapid \u00een fluxul sanguin, oferind poten\u021bial o u\u0219urare mai rapid\u0103 a disfunc\u021biei erectile.<\/p>\n<p>Func\u021bia principal\u0103 a Viagra Super Active este de a \u00eembun\u0103t\u0103\u021bi fluxul de s\u00e2nge c\u0103tre penis, facilit\u00e2nd o erec\u021bie ca r\u0103spuns la stimularea sexual\u0103. Prin inhibarea enzimei fosfodiesterazei de tip 5 (PDE5), permite relaxarea vaselor de s\u00e2nge \u0219i cre\u0219terea fluxului sanguin, ceea ce este crucial pentru ob\u021binerea \u0219i men\u021binerea unei erec\u021bii. \u00cen timp ce utilizarea sa principal\u0103 este pentru disfunc\u021bia erectil\u0103, propriet\u0103\u021bile sale au st\u00e2rnit interes pentru poten\u021bialele aplica\u021bii pentru alte afec\u021biuni, cum ar fi testosteronul sc\u0103zut.<\/p>\n<h2>Ce este testosteronul sc\u0103zut? Simptome \u0219i cauze<\/h2>\n<p>Testosteronul sc\u0103zut, denumit din punct de vedere medical hipogonadism, apare atunci c\u00e2nd organismul produce niveluri insuficiente ale hormonului testosteron. Aceast\u0103 afec\u021biune este mai frecvent\u0103 la b\u0103rba\u021bii \u00een v\u00e2rst\u0103, dar poate afecta \u0219i persoanele mai tinere. Testosteronul este vital pentru diferite func\u021bii ale corpului, inclusiv dezvoltarea caracteristicilor masculine, masa muscular\u0103, densitatea osoas\u0103 \u0219i s\u0103n\u0103tatea sexual\u0103.<\/p>\n<p>Simptomele testosteronului sc\u0103zut pot varia, dar includ adesea sc\u0103derea libidoului, oboseal\u0103, depresie, iritabilitate \u0219i sc\u0103derea masei musculare. Anumite afec\u021biuni medicale, cum ar fi obezitatea, diabetul \u0219i bolile cronice, pot duce la niveluri sc\u0103zute de testosteron. \u00cemb\u0103tr\u00e2nirea este un alt factor semnificativ, deoarece produc\u021bia de testosteron scade \u00een mod natural pe m\u0103sur\u0103 ce b\u0103rba\u021bii \u00eemb\u0103tr\u00e2nesc.<\/p>\n<h2>Cum func\u021bioneaz\u0103 Viagra Super Active \u00een organism<\/h2>\n<p>Viagra Super Active func\u021bioneaz\u0103 prin \u021bintirea enzimei PDE5, care se g\u0103se\u0219te \u00een principal \u00een vasele de s\u00e2nge ale penisului. Prin inhibarea acestei enzime, citratul de sildenafil faciliteaz\u0103 acumularea de guanozin monofosfat ciclic (cGMP), o molecul\u0103 care promoveaz\u0103 relaxarea \u021besutului muscular neted \u0219i dilatarea vaselor de s\u00e2nge. Acest proces permite cre\u0219terea fluxului sanguin, esen\u021bial pentru ob\u021binerea unei erec\u021bii.<\/p>\n<p>Formularea de gel moale a Viagra Super Active asigur\u0103 o absorb\u021bie rapid\u0103, cu efecte resim\u021bite de obicei \u00een 30 de minute de la ingestie. Efectele pot dura p\u00e2n\u0103 la cinci ore, oferind o fereastr\u0103 pentru activitatea sexual\u0103. Cu toate acestea, este important s\u0103 re\u021bine\u021bi c\u0103 excitarea sexual\u0103 este necesar\u0103 pentru ca medicamentul s\u0103 func\u021bioneze eficient.<\/p>\n<h2>Rela\u021bia dintre disfunc\u021bia erectil\u0103 \u0219i testosteronul sc\u0103zut<\/h2>\n<p>Disfunc\u021bia erectil\u0103 (DE) \u0219i nivelul sc\u0103zut de testosteron sunt str\u00e2ns legate, de\u0219i sunt afec\u021biuni distincte. ED este incapacitatea de a ob\u021bine sau de a men\u021bine o erec\u021bie potrivit\u0103 pentru actul sexual, \u00een timp ce nivelul sc\u0103zut de testosteron implic\u0103 o deficien\u021b\u0103 hormonal\u0103. Ambele condi\u021bii pot afecta negativ s\u0103n\u0103tatea sexual\u0103 \u0219i bun\u0103starea general\u0103.<\/p>\n<p>Testosteronul sc\u0103zut poate contribui la ED prin reducerea libidoului, care la r\u00e2ndul s\u0103u poate afecta performan\u021ba sexual\u0103. Cu toate acestea, ED poate ap\u0103rea \u0219i independent de nivelul de testosteron, deoarece implic\u0103 adesea factori vasculari, neurologici sau psihologici. \u00cen\u021belegerea interac\u021biunii dintre aceste afec\u021biuni poate ajuta la adaptarea strategiilor de tratament eficiente.<\/p>\n<h2>Viagra Super Active poate ajuta cu simptomele de testosteron sc\u0103zut?<\/h2>\n<p>\u00cen timp ce Viagra Super Active este conceput special pentru a aborda disfunc\u021bia erectil\u0103, nu influen\u021beaz\u0103 direct nivelul de testosteron. Cu toate acestea, prin \u00eembun\u0103t\u0103\u021birea func\u021biei erectile, poate cre\u0219te indirect satisfac\u021bia sexual\u0103 \u0219i \u00eencrederea, care sunt adesea afectate de nivelul sc\u0103zut de testosteron.<\/p>\n<p>Pacien\u021bii cu testosteron sc\u0103zut \u0219i care sufer\u0103 <a href=\"https:\/\/farmaciedirecta.com\/viagra-super-activa-pret-online-fara-reteta\">https:\/\/farmaciedirecta.com\/viagra-super-activa-pret-online-fara-reteta<\/a> de ED ar putea descoperi c\u0103 Viagra Super Active ajut\u0103 la performan\u021ba lor sexual\u0103, dar nu ar trebui s\u0103 fie considerat un substitut pentru terapia de \u00eenlocuire a testosteronului (TRT) dac\u0103 deficien\u021ba hormonal\u0103 este problema de baz\u0103. Consultarea unui furnizor de servicii medicale este esen\u021bial\u0103 pentru a determina cea mai potrivit\u0103 abordare de tratament.<\/p>\n<h2>Beneficiile poten\u021biale ale utiliz\u0103rii Viagra Super Active pentru un nivel sc\u0103zut de testosteron<\/h2>\n<p>Beneficiul principal al utiliz\u0103rii Viagra Super Active \u00een contextul unui nivel sc\u0103zut de testosteron este capacitatea sa de a \u00eembun\u0103t\u0103\u021bi func\u021bia erectil\u0103 \u0219i de a \u00eembun\u0103t\u0103\u021bi calitatea experien\u021belor sexuale. Pentru persoanele ale c\u0103ror niveluri sc\u0103zute de testosteron contribuie la ED, acest medicament poate oferi o \u00eembun\u0103t\u0103\u021bire semnificativ\u0103 a s\u0103n\u0103t\u0103\u021bii sexuale \u0219i a satisfac\u021biei rela\u021bionale.<\/p>\n<p>\u00cen plus, abord\u00e2nd ED, Viagra Super Active poate ajuta la atenuarea unor impacturi psihologice ale testosteronului sc\u0103zut, cum ar fi anxietatea \u0219i depresia legate de performan\u021ba sexual\u0103. Acest lucru poate duce la o perspectiv\u0103 mai pozitiv\u0103 \u0219i la \u00eembun\u0103t\u0103\u021birea calit\u0103\u021bii vie\u021bii, de\u0219i nu este o solu\u021bie cuprinz\u0103toare pentru nivelul sc\u0103zut de testosteron.<\/p>\n<h2>Riscuri \u0219i efecte secundare ale Viagra Super Active<\/h2>\n<p>Ca \u0219i \u00een cazul oric\u0103rui medicament, Viagra Super Active prezint\u0103 poten\u021biale riscuri \u0219i efecte secundare. Reac\u021biile adverse frecvente includ dureri de cap, \u00eenro\u0219ire, indigestie, congestie nazal\u0103 \u0219i ame\u021beli. Acestea sunt \u00een general u\u0219oare \u0219i trec\u0103toare, dar pot fi deranjante pentru unii utilizatori.<\/p>\n<p>Reac\u021bii adverse mai grave, de\u0219i rare, pot include pierderea brusc\u0103 a vederii, probleme de auz sau o erec\u021bie care dureaz\u0103 mai mult de patru ore (priapism). Este esen\u021bial s\u0103 solicita\u021bi imediat asisten\u021b\u0103 medical\u0103 dac\u0103 apar reac\u021bii adverse severe. Pacien\u021bii cu probleme de s\u0103n\u0103tate subiacente sau cei care iau anumite medicamente trebuie s\u0103 utilizeze Viagra Super Active cu pruden\u021b\u0103, sub \u00eendrumarea unui furnizor de asisten\u021b\u0103 medical\u0103.<\/p>\n<h2>Combin\u00e2nd Viagra Super Active cu terapia de \u00eenlocuire a testosteronului<\/h2>\n<p>Pentru cei diagnostica\u021bi cu testosteron sc\u0103zut, ar putea fi luat\u0103 \u00een considerare combinarea Viagra Super Active cu terapia de \u00eenlocuire a testosteronului (TRT). TRT are ca scop restabilirea nivelurilor hormonale la un interval normal, \u00eembun\u0103t\u0103\u021bind poten\u021bial libidoul, nivelul de energie \u0219i starea de spirit, \u00een timp ce Viagra Super Active se adreseaz\u0103 direct func\u021biei erectile.<\/p>\n<p>\u00cenainte de a combina aceste tratamente, este necesar\u0103 o evaluare medical\u0103 cuprinz\u0103toare pentru a asigura siguran\u021ba \u0219i eficacitatea. Furnizorii de asisten\u021b\u0103 medical\u0103 pot personaliza un plan de tratament care ia \u00een considerare beneficiile \u0219i riscurile ambelor terapii, precum \u0219i profilul general de s\u0103n\u0103tate al pacientului \u0219i nevoile specifice.<\/p>\n<h2>Sfaturi medicale \u0219i considera\u021bii \u00eenainte de utilizare<\/h2>\n<p>\u00cenainte de a \u00eencepe Viagra Super Active, este important s\u0103 solicita\u021bi sfatul medicului, \u00een special pentru persoanele cu afec\u021biuni de s\u0103n\u0103tate preexistente, cum ar fi boli de inim\u0103, hipertensiune arterial\u0103 sau diabet. Un furnizor de asisten\u021b\u0103 medical\u0103 va evalua dac\u0103 medicamentul este adecvat \u0219i va discuta poten\u021bialele interac\u021biuni cu alte medicamente.<\/p>\n<p>\u00cen plus, cei care se confrunt\u0103 cu simptome de testosteron sc\u0103zut ar trebui s\u0103 fie supu\u0219i unei evalu\u0103ri am\u0103nun\u021bite pentru a determina cauza de baz\u0103. Doar un profesionist calificat poate diagnostica nivelul sc\u0103zut de testosteron \u0219i poate recomanda op\u021biuni de tratament adecvate, care pot include modific\u0103ri ale stilului de via\u021b\u0103, TRT sau alte interven\u021bii.<\/p>\n<h2>Modific\u0103ri ale stilului de via\u021b\u0103 pentru a sus\u021bine nivelul de testosteron<\/h2>\n<p>Pe l\u00e2ng\u0103 tratamentele medicale, modific\u0103rile stilului de via\u021b\u0103 pot juca un rol crucial \u00een sus\u021binerea nivelurilor s\u0103n\u0103toase de testosteron. Activitatea fizic\u0103 regulat\u0103, \u00een special antrenamentul de for\u021b\u0103, poate ajuta la cre\u0219terea produc\u021biei de testosteron, \u00een timp ce men\u021binerea unei greut\u0103\u021bi s\u0103n\u0103toase poate reduce riscul de sc\u0103dere a testosteronului.<\/p>\n<p>O diet\u0103 echilibrat\u0103, bogat\u0103 \u00een nutrien\u021bi, inclusiv zinc \u0219i vitamina D, sus\u021bine s\u0103n\u0103tatea hormonal\u0103. Reducerea stresului prin tehnici de con\u0219tientizare sau de relaxare poate avea, de asemenea, un impact pozitiv asupra nivelului de testosteron, deoarece stresul cronic este cunoscut c\u0103 scade produc\u021bia de hormoni. Aceste modific\u0103ri ale stilului de via\u021b\u0103 pot completa tratamentele medicale \u0219i pot contribui la s\u0103n\u0103tatea \u0219i bun\u0103starea general\u0103.<\/p>\n<h2>Alternative la Viagra Super Active pentru un nivel sc\u0103zut de testosteron<\/h2>\n<p>Pe l\u00e2ng\u0103 Viagra Super Active, exist\u0103 \u0219i alte op\u021biuni de tratament pentru gestionarea simptomelor de testosteron sc\u0103zut. Terapia de \u00eenlocuire cu testosteron (TRT) r\u0103m\u00e2ne un tratament de baz\u0103, disponibil sub diferite forme, cum ar fi injec\u021bii, plasturi, geluri \u0219i pelete, fiecare cu propriile sale avantaje \u0219i poten\u021biale dezavantaje.<\/p>\n<p>Suplimentele naturale \u0219i ierburile, cum ar fi schinduful \u0219i ashwagandha, sunt, de asemenea, populare printre cei care caut\u0103 tratamente alternative. Cu toate acestea, eficacitatea lor variaz\u0103 \u0219i trebuie utilizate cu pruden\u021b\u0103 \u0219i sub supraveghere medical\u0103. \u00cen cele din urm\u0103, selectarea tratamentului potrivit implic\u0103 o abordare personalizat\u0103, lu\u00e2nd \u00een considerare nevoile \u0219i preferin\u021bele individuale de s\u0103n\u0103tate.<\/p>\n<h2>Pove\u0219ti de succes \u0219i experien\u021be ale pacien\u021bilor<\/h2>\n<p>Mul\u021bi pacien\u021bi au raportat rezultate pozitive c\u00e2nd au utilizat Viagra Super Active \u00eempreun\u0103 cu alte tratamente pentru testosteronul sc\u0103zut. \u00cembun\u0103t\u0103\u021birea func\u021biei erectile se traduce adesea prin cre\u0219terea \u00eencrederii \u0219i satisfac\u021biei rela\u021biilor, contribuind la o mai bun\u0103 calitate a vie\u021bii.<\/p>\n<p>Experien\u021bele individuale pot varia foarte mult, subliniind importan\u021ba planurilor de tratament personalizate. \u00cen timp ce unii g\u0103sesc beneficii semnificative numai cu Viagra Super Active, al\u021bii ob\u021bin rezultate optime combin\u00e2nd-o cu modific\u0103ri ale stilului de via\u021b\u0103 sau cu terapia de \u00eenlocuire cu testosteron. Ascultarea experien\u021belor pacien\u021bilor poate oferi informa\u021bii valoroase pentru cei care iau \u00een considerare tratamente similare.<\/p>\n<h2>Cercet\u0103ri \u0219i dezvolt\u0103ri viitoare \u00een tratamentul ED \u0219i cu testosteron sc\u0103zut<\/h2>\n<p>Domeniul disfunc\u021biei erectile \u0219i al tratamentului cu testosteron sc\u0103zut este \u00een continu\u0103 evolu\u021bie, cercet\u0103rile \u00een curs de explorare a unor terapii noi \u0219i \u00eembun\u0103t\u0103\u021biri ale tratamentelor existente. Progresele \u00een domeniul farmaceutic, cum ar fi dezvoltarea inhibitorilor PDE5 de durat\u0103 mai lung\u0103, urm\u0103resc s\u0103 ofere solu\u021bii mai eficiente, cu mai pu\u021bine efecte secundare.<\/p>\n<p>Cercetarea bazei genetice \u0219i moleculare a DE \u0219i a testosteronului sc\u0103zut poate duce la terapii mai direc\u021bionate, oferind poten\u021bial tratament personalizat bazat pe structura genetic\u0103 a unui individ. Pe m\u0103sur\u0103 ce \u00een\u021belegerea noastr\u0103 asupra acestor afec\u021biuni cre\u0219te, ne putem a\u0219tepta s\u0103 apar\u0103 op\u021biuni de tratament mai rafinate \u0219i mai eficiente.<\/p>\n<h2>Consultarea profesioni\u0219tilor din domeniul s\u0103n\u0103t\u0103\u021bii pentru op\u021biuni de tratament personalizate<\/h2>\n<p>Consultarea cu profesioni\u0219tii din domeniul s\u0103n\u0103t\u0103\u021bii este crucial\u0103 pentru oricine se confrunt\u0103 cu disfunc\u021bie erectil\u0103 sau nivel sc\u0103zut de testosteron. Un istoric medical detaliat \u0219i o examinare pot ajuta la identificarea celor mai eficiente op\u021biuni de tratament, adaptate nevoilor individului.<\/p>\n<p>Furnizorii de asisten\u021b\u0103 medical\u0103 pot oferi \u00eendrum\u0103ri cu privire la riscurile \u0219i beneficiile diferitelor tratamente, asigur\u00e2ndu-se c\u0103 pacien\u021bii iau decizii informate. Planurile de tratament personalizate, dezvoltate \u00een colaborare cu o echip\u0103 de asisten\u021b\u0103 medical\u0103, pot optimiza rezultatele \u0219i pot \u00eembun\u0103t\u0103\u021bi calitatea vie\u021bii, gestion\u00e2nd \u00een acela\u0219i timp simptomele \u00een mod eficient.<\/p>\n<h2>Concluzie: Viagra Super Active este potrivit pentru tine?<\/h2>\n<p>Determinarea dac\u0103 Viagra Super Active este adecvat\u0103 pentru abordarea simptomelor legate de testosteronul sc\u0103zut implic\u0103 o luare \u00een considerare atent\u0103 a factorilor individuali de s\u0103n\u0103tate \u0219i sfaturi medicale profesionale. De\u0219i poate \u00eembun\u0103t\u0103\u021bi semnificativ func\u021bia erectil\u0103, nu abordeaz\u0103 cauza principal\u0103 a nivelului sc\u0103zut de testosteron.<\/p>\n<p>Pentru cei care se confrunt\u0103 cu simptome at\u00e2t de disfunc\u021bie erectil\u0103, c\u00e2t \u0219i de testosteron sc\u0103zut, se recomand\u0103 o abordare cuprinz\u0103toare care include modific\u0103ri ale stilului de via\u021b\u0103, \u00eenlocuirea poten\u021bial\u0103 a testosteronului \u0219i consulta\u021bii cu profesioni\u0219tii din domeniul s\u0103n\u0103t\u0103\u021bii. \u00cen cele din urm\u0103, decizia de a utiliza Viagra Super Active ar trebui luat\u0103 \u00een parteneriat cu un furnizor medical de \u00eencredere, asigur\u00e2ndu-se c\u0103 tratamentul se aliniaz\u0103 cu obiectivele \u0219i nevoile de s\u0103n\u0103tate ale cuiva.<\/p>\n","protected":false},"excerpt":{"rendered":"<p>Viagra Super Active \u0219i testosteron sc\u0103zut: \u00eel pute\u021bi folosi? Explorarea utiliz\u0103rii Viagra Super Active \u00een contextul nivelului sc\u0103zut de testosteron \u0219i a rolului s\u0103u poten\u021bial \u00een gestionarea simptomelor asociate. \u00cen\u021belegerea Viagra Super Active: compozi\u021bie \u0219i func\u021bie Viagra Super Active este o formulare avansat\u0103 a bine-cunoscutului medicament pentru disfunc\u021bia erectil\u0103, Viagra. Con\u021bine ingredientul activ citrat de [&hellip;]<\/p>\n","protected":false},"author":1,"featured_media":0,"parent":0,"menu_order":0,"comment_status":"closed","ping_status":"closed","template":"","meta":{"footnotes":""},"class_list":["post-19281","page","type-page","status-publish","hentry"],"_links":{"self":[{"href":"http:\/\/haywire.pl\/index.php?rest_route=\/wp\/v2\/pages\/19281","targetHints":{"allow":["GET"]}}],"collection":[{"href":"http:\/\/haywire.pl\/index.php?rest_route=\/wp\/v2\/pages"}],"about":[{"href":"http:\/\/haywire.pl\/index.php?rest_route=\/wp\/v2\/types\/page"}],"author":[{"embeddable":true,"href":"http:\/\/haywire.pl\/index.php?rest_route=\/wp\/v2\/users\/1"}],"replies":[{"embeddable":true,"href":"http:\/\/haywire.pl\/index.php?rest_route=%2Fwp%2Fv2%2Fcomments&post=19281"}],"version-history":[{"count":1,"href":"http:\/\/haywire.pl\/index.php?rest_route=\/wp\/v2\/pages\/19281\/revisions"}],"predecessor-version":[{"id":19282,"href":"http:\/\/haywire.pl\/index.php?rest_route=\/wp\/v2\/pages\/19281\/revisions\/19282"}],"wp:attachment":[{"href":"http:\/\/haywire.pl\/index.php?rest_route=%2Fwp%2Fv2%2Fmedia&parent=19281"}],"curies":[{"name":"wp","href":"https:\/\/api.w.org\/{rel}","templated":true}]}}