{"id":18887,"date":"2026-03-25T19:48:32","date_gmt":"2026-03-25T19:48:32","guid":{"rendered":"http:\/\/haywire.pl\/?page_id=18887"},"modified":"2026-03-25T19:48:32","modified_gmt":"2026-03-25T19:48:32","slug":"varenikliinin-ymmartaminen-miten-se-toimii","status":"publish","type":"page","link":"http:\/\/haywire.pl\/?page_id=18887","title":{"rendered":"Varenikliinin ymm\u00e4rt\u00e4minen: miten se toimii"},"content":{"rendered":"<h1>Myymme tupakoinnin lopettamistuet: varenikliini ja k\u00e4ytt\u00e4ytymisapuaineet \u2013 vuoden 2025 ostajan opas<\/h1>\n<p>Tutustu uusimpiin oivalluksiin varenikliinista ja k\u00e4ytt\u00e4ytymisen apuv\u00e4lineist\u00e4, jotka ovat kaksi tehokasta v\u00e4linett\u00e4 taistelussa tupakointiriippuvuutta vastaan, ja katso, kuinka ne voidaan r\u00e4\u00e4t\u00e4l\u00f6id\u00e4 onnistuneeseen lopettamiseen vuonna 2025.<\/p>\n<h2>Varenikliinin ymm\u00e4rt\u00e4minen: miten se toimii<\/h2>\n<p>Varenikliini, jota markkinoidaan nimell\u00e4 Chantix, on reseptil\u00e4\u00e4ke, joka on suunniteltu auttamaan ihmisi\u00e4 lopettamaan tupakoinnin v\u00e4hent\u00e4m\u00e4ll\u00e4 himoa ja vieroitusoireita. Se toimii stimuloimalla osittain aivojen nikotiinireseptoreita, mik\u00e4 auttaa lievitt\u00e4m\u00e4\u00e4n nikotiinin tarvetta ja v\u00e4hent\u00e4m\u00e4\u00e4n tupakoinnin aiheuttamaa nautintoa. T\u00e4m\u00e4 kaksoisvaikutus tekee siit\u00e4 tehokkaan apuv\u00e4lineen tupakoinnin lopettamisessa.<\/p>\n<p>Varenikliinin tehokkuus johtuu sen ainutlaatuisesta vaikutusmekanismista. Toisin kuin nikotiinikorvaushoidot (NRT), jotka antavat elimist\u00f6lle pieni\u00e4 annoksia nikotiinia, varenikliini kohdistuu aivojen palkitsemisj\u00e4rjestelm\u00e4\u00e4n ja v\u00e4hent\u00e4\u00e4 sek\u00e4 fyysisi\u00e4 ett\u00e4 psyykkisi\u00e4 riippuvuuksia. T\u00e4m\u00e4 l\u00e4hestymistapa ei ainoastaan \u200b\u200bauta tupakoitsijoita lopettamaan tupakointia, vaan se auttaa my\u00f6s est\u00e4m\u00e4\u00e4n uusiutumisen, mik\u00e4 on merkitt\u00e4v\u00e4 haaste monille.<\/p>\n<h2>K\u00e4ytt\u00e4ytymisapuv\u00e4lineiden rooli tupakoinnin lopettamisessa<\/h2>\n<p>K\u00e4ytt\u00e4ytymisen apuv\u00e4lineet kattavat joukon strategioita ja hoitoja, joiden tarkoituksena on auttaa yksil\u00f6it\u00e4 kehitt\u00e4m\u00e4\u00e4n psykologisia ty\u00f6kaluja, joita tarvitaan tupakoinnin lopettamiseen. N\u00e4it\u00e4 apuv\u00e4lineit\u00e4 ovat neuvonta, kognitiivinen k\u00e4ytt\u00e4ytymisterapia (CBT), tukiryhm\u00e4t ja itseapuresurssit. Painopisteen\u00e4 on k\u00e4ytt\u00e4ytymismallien muuttaminen ja selviytymismekanismien kehitt\u00e4minen stressin ja tupakointiin liittyvien laukaisimien hallitsemiseksi.<\/p>\n<p>K\u00e4ytt\u00e4ytymisapuv\u00e4lineiden sis\u00e4llytt\u00e4minen tupakoinnin lopettamissuunnitelmaan voi merkitt\u00e4v\u00e4sti lis\u00e4t\u00e4 onnistumisen todenn\u00e4k\u00f6isyytt\u00e4. N\u00e4m\u00e4 apuv\u00e4lineet k\u00e4sittelev\u00e4t riippuvuuden psykologisia puolia ja tarjoavat tukea ja motivaatiota, jotka ovat t\u00e4rkeit\u00e4 osia tavan voittamiseksi. Monet tupakoitsijat huomaavat, ett\u00e4 k\u00e4ytt\u00e4ytymisstrategioiden yhdist\u00e4minen farmakologisiin apuv\u00e4lineisiin, kuten varenikliiniin, johtaa kattavampaan ja tehokkaampaan vieroitusohjelmaan.<\/p>\n<h2>Varenikliinin vertailu muihin farmakologisiin tukiaineisiin<\/h2>\n<p>Farmakologisten tupakoinnin lopettamisen apuv\u00e4lineiden alalla varenikliini erottuu edukseen kohdistetusta vaikutuksestaan \u200b\u200baivojen nikotiinireseptoreihin. Se ei kuitenkaan ole ainoa k\u00e4ytett\u00e4viss\u00e4 oleva vaihtoehto. Muita suosittuja farmakologisia tukia ovat nikotiinikorvaushoidot (NRT), kuten laastarit, kumit ja imeskelytabletit, sek\u00e4 l\u00e4\u00e4kkeet, kuten bupropioni.<\/p>\n<p>Vaikka NRT-l\u00e4\u00e4kkeet v\u00e4hent\u00e4v\u00e4t asteittain nikotiiniriippuvuutta, l\u00e4\u00e4kkeet, kuten bupropioni, muuttavat aivojen kemiaa v\u00e4hent\u00e4\u00e4kseen himoa ja vieroitusoireita. Vertailun vuoksi varenikliini tarjoaa suoremman l\u00e4hestymistavan sek\u00e4 stimuloimalla ett\u00e4 est\u00e4m\u00e4ll\u00e4 nikotiinireseptoreita, mik\u00e4 voi johtaa korkeampiin tehokkuuksiin. Valitessaan n\u00e4ist\u00e4 vaihtoehdoista ihmisten tulee ottaa huomioon sellaisia \u200b\u200btekij\u00f6it\u00e4 kuin sivuvaikutukset, henkil\u00f6kohtaiset mieltymykset ja sairaushistoria.<\/p>\n<h2>Varenikliinin ja k\u00e4ytt\u00e4ytymisen apuv\u00e4lineiden yhdist\u00e4misen edut<\/h2>\n<p>Varenikliinin yhdist\u00e4minen k\u00e4ytt\u00e4ytymiseen liittyviin apuv\u00e4lineisiin voi saada aikaan synergistisen vaikutuksen, mik\u00e4 parantaa mahdollisuuksia lopettaa tupakointi onnistuneesti. Vaikka varenikliini k\u00e4sittelee nikotiiniriippuvuuden fyysisi\u00e4 puolia, k\u00e4ytt\u00e4ytymisapuv\u00e4lineet k\u00e4sittelev\u00e4t psykologisia osia ja tarjoavat kokonaisvaltaisen l\u00e4hestymistavan lopettamiseen.<\/p>\n<p>Tutkimukset viittaavat siihen, ett\u00e4 n\u00e4iden kahden tukityypin yhdist\u00e4minen voi johtaa korkeampiin onnistumisprosentteihin verrattuna niiden k\u00e4ytt\u00e4miseen yksitt\u00e4in. Tupakoitsijat hy\u00f6tyv\u00e4t varenikliinin tarjoamasta farmakologisesta helpotuksesta samalla kun he kehitt\u00e4v\u00e4t selviytymisstrategioita ja saavat emotionaalista tukea k\u00e4ytt\u00e4ytymistoimenpiteill\u00e4. T\u00e4m\u00e4 kattava l\u00e4hestymistapa on erityisen tehokas pitk\u00e4aikaisen raittiuden yll\u00e4pit\u00e4misess\u00e4.<\/p>\n<h2>Oikean tupakoinnin lopettamisen tuen valitseminen<\/h2>\n<p>Sopivan tupakoinnin lopettamistuen valitseminen edellytt\u00e4\u00e4 yksil\u00f6llisten tarpeiden ja olosuhteiden huolellista harkintaa. Sellaisten tekij\u00f6iden kuin riippuvuuden vakavuus, aiemmat lopettamisyritykset ja henkil\u00f6kohtaiset mieltymykset ohjaavat p\u00e4\u00e4t\u00f6ksentekoprosessia. Terveydenhuollon ammattilaisten kuuleminen voi tarjota arvokkaita n\u00e4kemyksi\u00e4 ja auttaa r\u00e4\u00e4t\u00e4l\u00f6im\u00e4\u00e4n lopetussuunnitelman, joka maksimoi onnistumisen todenn\u00e4k\u00f6isyyden.<\/p>\n<p>On t\u00e4rke\u00e4\u00e4 arvioida kunkin vaihtoehdon edut ja <a href=\"https:\/\/hoitavaapteekki.com\/\">https:\/\/hoitavaapteekki.com\/<\/a> haitat, mukaan lukien mahdolliset sivuvaikutukset, mukavuus ja kustannukset. Joillekin farmakologinen apu, kuten varenikliini, voi olla sopiva, kun taas toiset voivat hy\u00f6ty\u00e4 enemm\u00e4n intensiivisest\u00e4 k\u00e4ytt\u00e4ytymistuesta. Viime k\u00e4dess\u00e4 yksil\u00f6llinen l\u00e4hestymistapa, jossa otetaan huomioon kaikki yksil\u00f6n tupakointitottumukset, tuottaa parhaat tulokset.<\/p>\n<h2>Varenikliinin mahdolliset sivuvaikutukset<\/h2>\n<p>Kuten kaikilla l\u00e4\u00e4kkeill\u00e4, varenikliinilla on mahdollisia sivuvaikutuksia. Yleisi\u00e4 sivuvaikutuksia ovat pahoinvointi, unettomuus ja el\u00e4v\u00e4t unet, jotka voivat olla kiusallisia joillekin k\u00e4ytt\u00e4jille. Useimmat sivuvaikutukset ovat lievi\u00e4 ja yleens\u00e4 heikkenev\u00e4t, kun keho tottuu l\u00e4\u00e4kkeeseen.<\/p>\n<p>Harvinaisissa tapauksissa varenikliiniin on liittynyt vakavampia sivuvaikutuksia, kuten mielialan muutoksia, masennusta tai syd\u00e4n- ja verisuonisairauksia. Varenikliinia k\u00e4ytt\u00e4vien henkil\u00f6iden on eritt\u00e4in t\u00e4rke\u00e4\u00e4 kommunikoida terveydenhuollon tarjoajien kanssa kaikista oireistaan \u200b\u200bja varmistaa, ett\u00e4 l\u00e4\u00e4kkeen hy\u00f6dyt ovat riskej\u00e4 suuremmat. Seurantaa ja s\u00e4\u00e4nn\u00f6llist\u00e4 seurantaa suositellaan mahdollisten haittavaikutusten tehokkaaksi hallitsemiseksi.<\/p>\n<h2>K\u00e4ytt\u00e4ytymisen tuen merkitys tupakoinnin lopettamisessa<\/h2>\n<p>K\u00e4ytt\u00e4ytymisell\u00e4 tuella on ratkaiseva rooli tupakoinnin psykologisiin tekij\u00f6ihin puuttumisessa. Tarjoamalla emotionaalista tukea ja k\u00e4yt\u00e4nn\u00f6n strategioita, k\u00e4ytt\u00e4ytymisapuv\u00e4lineet auttavat yksil\u00f6it\u00e4 selviytym\u00e4\u00e4n tupakoinnin lopettamisen haasteista. T\u00e4m\u00e4 tuki on erityisen t\u00e4rke\u00e4\u00e4 lopettamisen alkuvaiheessa, jolloin himo ja vieroitusoireet ovat voimakkaimpia.<\/p>\n<p>Terapeuttiset interventiot, kuten CBT, auttavat yksil\u00f6it\u00e4 tunnistamaan ja muuttamaan ajatusmalleja ja k\u00e4ytt\u00e4ytymist\u00e4, jotka vaikuttavat tupakointiin. Tukiryhm\u00e4t tarjoavat yhteis\u00f6llisyyden tunteen ja yhteisen kokemuksen, mik\u00e4 voi olla uskomattoman motivoivaa. Yhdess\u00e4 n\u00e4m\u00e4 ty\u00f6kalut antavat yksil\u00f6ille mahdollisuuden s\u00e4ilytt\u00e4\u00e4 p\u00e4\u00e4tt\u00e4v\u00e4isyytens\u00e4 ja saavuttaa pitk\u00e4n aikav\u00e4lin lopettamisen.<\/p>\n<h2>Varenikliini: Annostus- ja anto-ohjeet<\/h2>\n<p>Varenikliinin oikea annostus ja antaminen ovat v\u00e4ltt\u00e4m\u00e4tt\u00f6mi\u00e4 sen tehokkuuden kannalta. Tyypillisesti hoito alkaa viikkoa ennen lopetusp\u00e4iv\u00e4\u00e4, jolloin l\u00e4\u00e4kitys ker\u00e4\u00e4ntyy elimist\u00f6\u00f6n. Vakiohoito sis\u00e4lt\u00e4\u00e4 varenikliinitablettien ottamisen kahdesti p\u00e4iv\u00e4ss\u00e4, ja annosta nostetaan asteittain ensimm\u00e4isen viikon aikana.<\/p>\n<p>On eritt\u00e4in t\u00e4rke\u00e4\u00e4 noudattaa m\u00e4\u00e4r\u00e4tty\u00e4 annostusta ja aikataulua sivuvaikutusten minimoimiseksi ja onnistumisen todenn\u00e4k\u00f6isyyden maksimoimiseksi. Terveydenhuollon tarjoajat voivat s\u00e4\u00e4t\u00e4\u00e4 annosta yksil\u00f6llisten vasteiden ja toleranssitasojen perusteella. Hoitosuunnitelman noudattaminen ja s\u00e4\u00e4nn\u00f6lliset konsultaatiot takaavat optimaalisen lopputuloksen.<\/p>\n<h2>Onnistumisprosentit: Varenikliini vs. K\u00e4ytt\u00e4ytymisen apuv\u00e4lineet<\/h2>\n<p>Tutkimukset ovat osoittaneet, ett\u00e4 varenikliini auttaa eritt\u00e4in tehokkaasti tupakoinnin lopettamisessa, ja onnistumisprosentit ylitt\u00e4v\u00e4t usein muiden farmakologisten apuaineiden. Sen kohdennettu vaikutusmekanismi edist\u00e4\u00e4 sen tehokkuutta, mik\u00e4 tekee siit\u00e4 suositun valinnan monille tupakoitsijoille.<\/p>\n<p>K\u00e4ytt\u00e4ytymisen apuv\u00e4lineill\u00e4, vaikka ne ovatkin ratkaisevan t\u00e4rkeit\u00e4 psykologisten n\u00e4k\u00f6kohtien k\u00e4sittelyss\u00e4, ne eiv\u00e4t v\u00e4ltt\u00e4m\u00e4tt\u00e4 saavuta samaa menestysprosenttia, kun niit\u00e4 k\u00e4ytet\u00e4\u00e4n yksin\u00e4\u00e4n. Yhdistettyn\u00e4 varenikliiniin kokonais onnistumisprosentti kuitenkin paranee merkitt\u00e4v\u00e4sti. T\u00e4m\u00e4 yhdistelm\u00e4l\u00e4hestymistapa hy\u00f6dynt\u00e4\u00e4 sek\u00e4 farmakologisten ett\u00e4 k\u00e4ytt\u00e4ytymiseen liittyvien toimenpiteiden vahvuuksia ja tarjoaa kattavan tuen tupakoinnin lopettamiseen pyrkiville henkil\u00f6ille.<\/p>\n<h2>Mukauta tupakoinnin lopettamissuunnitelmasi vuonna 2025<\/h2>\n<p>Vuonna 2025 personointi on avainasemassa tehokkaan tupakoinnin lopettamissuunnitelman kehitt\u00e4misess\u00e4. Tekniikan ja terveydenhuollon kehitys on mahdollistanut lopettamisstrategioiden r\u00e4\u00e4t\u00e4l\u00f6imisen yksil\u00f6llisiin tarpeisiin, mik\u00e4 lis\u00e4\u00e4 onnistumisen todenn\u00e4k\u00f6isyytt\u00e4. Henkil\u00f6kohtaisissa suunnitelmissa otetaan huomioon geneettiset taipumukset, tupakointihistoria ja el\u00e4m\u00e4ntapatekij\u00e4t, mik\u00e4 mahdollistaa kohdennetumman l\u00e4hestymistavan.<\/p>\n<p>K\u00e4ytt\u00e4m\u00e4ll\u00e4 ty\u00f6kaluja, kuten mobiilisovelluksia ja puettavia laitteita, ihmiset voivat seurata edistymist\u00e4\u00e4n, saada reaaliaikaista palautetta ja k\u00e4ytt\u00e4\u00e4 tukiverkkoja. N\u00e4m\u00e4 innovaatiot yhdistettyn\u00e4 perinteisiin menetelmiin tarjoavat kattavat puitteet tupakoinnin lopettamisen saavuttamiseksi ja yll\u00e4pit\u00e4miseksi.<\/p>\n<h2>Varenikliinin ja k\u00e4ytt\u00e4ytymisen apuv\u00e4lineiden k\u00e4ytt\u00f6<\/h2>\n<p>Varenikliinin ja k\u00e4ytt\u00e4ytymisapuv\u00e4lineiden k\u00e4ytt\u00f6 vaatii yleens\u00e4 neuvontaa terveydenhuollon tarjoajan kanssa. Varenikliinireseptej\u00e4 voi saada yleisl\u00e4\u00e4k\u00e4reilt\u00e4 tai tupakoinnin lopettamiseen erikoistuneilta asiantuntijoilta. Monet terveydenhuoltoj\u00e4rjestelm\u00e4t tarjoavat tupakoinnin lopettamisohjelmia, jotka sis\u00e4lt\u00e4v\u00e4t k\u00e4ytt\u00e4ytymiseen liittyv\u00e4\u00e4 tukea joko henkil\u00f6kohtaisesti tai verkossa.<\/p>\n<p>K\u00e4ytt\u00e4ytymisapua, kuten neuvontaa ja tukiryhmi\u00e4, on usein saatavilla yhteis\u00f6n terveyspalveluiden, hyv\u00e4ntekev\u00e4isyysj\u00e4rjest\u00f6jen ja verkkoalustojen kautta. N\u00e4m\u00e4 resurssit tarjoavat arvokasta tukea, ja niit\u00e4 voidaan k\u00e4ytt\u00e4\u00e4 v\u00e4h\u00e4n tai ilman kustannuksia, joten ne ovat saatavilla useille henkil\u00f6ille, jotka haluavat lopettaa tupakoinnin.<\/p>\n<h2>Asiantuntijavinkkej\u00e4 tupakoinnin lopettamisen onnistumiseen<\/h2>\n<p>Asiantuntijat suosittelevat selke\u00e4n lopetusp\u00e4iv\u00e4m\u00e4\u00e4r\u00e4n asettamista ja etuk\u00e4teen valmistautumista poistamalla tupakoinnin laukaisevia tekij\u00f6it\u00e4 ja perustamalla tukiverkosto. Kattavan suunnitelman kehitt\u00e4minen, joka sis\u00e4lt\u00e4\u00e4 sek\u00e4 farmakologisia apuv\u00e4lineit\u00e4 ett\u00e4 k\u00e4ytt\u00e4ytymisstrategioita, voi merkitt\u00e4v\u00e4sti parantaa onnistumismahdollisuuksia.<\/p>\n<p>Johdonmukainen seuranta terveydenhuollon tarjoajien kanssa varmistaa, ett\u00e4 kaikkiin haasteisiin puututaan ripe\u00e4sti ja suunnitelmaan voidaan tehd\u00e4 muutoksia tarpeen mukaan. Motivoinnin yll\u00e4pit\u00e4minen palkintojen avulla ja virstanpylv\u00e4iden juhliminen voi my\u00f6s rohkaista ja vahvistaa sitoutumista savuttomaan el\u00e4m\u00e4\u00e4n.<\/p>\n<h2>Tupakoinnin lopettamisen tulevaisuus tukee vuoden 2025 j\u00e4lkeen<\/h2>\n<p>Vuodelle 2025 katsottuna tupakoinnin lopettamistukien tulevaisuus muodostuu todenn\u00e4k\u00f6isesti jatkuvasta tutkimuksesta ja teknologisista innovaatioista. Yksil\u00f6llisen l\u00e4\u00e4ketieteen, kuten geenitestauksen, edistyminen voi johtaa yksil\u00f6llisiin tarpeisiin r\u00e4\u00e4t\u00e4l\u00f6ityihin tarkempiin hoitoihin, mik\u00e4 parantaa onnistumisastetta entisest\u00e4\u00e4n.<\/p>\n<p>Uusilla teknologioilla, kuten virtuaalitodellisuudella ja teko\u00e4lyll\u00e4, on potentiaalia mullistaa k\u00e4ytt\u00e4ytymisen tuki tarjoamalla mukaansatempaavia kokemuksia ja r\u00e4\u00e4t\u00e4l\u00f6ityj\u00e4 interventioita. Kun t\u00e4m\u00e4 kehitys etenee, ne tarjoavat uusia mahdollisuuksia edist\u00e4\u00e4 tupakoinnin lopettamista maailmanlaajuisesti.<\/p>\n<h2>Yleisi\u00e4 myyttej\u00e4 tupakoinnin lopettamista koskevista l\u00e4\u00e4kkeist\u00e4 kumottu<\/h2>\n<p>Yksi yleinen myytti on, ett\u00e4 tupakoinnin lopettamisen apuv\u00e4lineet ovat tehottomia tai vain kainalosauvoja. Todellisuudessa n\u00e4m\u00e4 apuv\u00e4lineet ovat n\u00e4ytt\u00f6\u00f6n perustuvia ty\u00f6kaluja, jotka lis\u00e4\u00e4v\u00e4t merkitt\u00e4v\u00e4sti tupakoinnin lopettamisen onnistumisen todenn\u00e4k\u00f6isyytt\u00e4. Ne k\u00e4sittelev\u00e4t sek\u00e4 fyysisi\u00e4 ett\u00e4 psyykkisi\u00e4 riippuvuuksia, mik\u00e4 tekee niist\u00e4 t\u00e4rke\u00e4n osan kattavassa lopettamisstrategiassa.<\/p>\n<p>Toinen v\u00e4\u00e4rink\u00e4sitys on, ett\u00e4 yksil\u00f6iden pit\u00e4isi pysty\u00e4 lopettamaan &quot;kylm\u00e4 kalkkuna&quot; ilman apua. Vaikka jotkut onnistuvatkin t\u00e4ll\u00e4 l\u00e4hestymistavalla, useimmat hy\u00f6tyv\u00e4t farmakologisten apuv\u00e4lineiden ja k\u00e4ytt\u00e4ytymistoimenpiteiden tuesta. N\u00e4iden tukien roolin ymm\u00e4rt\u00e4minen voi auttaa h\u00e4lvent\u00e4m\u00e4\u00e4n myyttej\u00e4 ja rohkaisemaan useampia tupakoitsijoita hakemaan apua lopettamismatkallaan.<\/p>\n<h2>Tosiel\u00e4m\u00e4n menestystarinoita: Tupakoinnin lopettaminen tuella<\/h2>\n<p>Tosiel\u00e4m\u00e4n menestystarinat havainnollistavat tupakoinnin lopettamistukien muutosvoimaa. Esimerkiksi Maria, 40-vuotias pitk\u00e4aikainen tupakoitsija, lopetti onnistuneesti tupakoinnin sis\u00e4llytetty\u00e4\u00e4n varenikliini- ja k\u00e4ytt\u00e4ytymisneuvontaan vieroitussuunnitelmaansa. H\u00e4n arvostaa l\u00e4\u00e4kityksen ja terapian yhdistelm\u00e4\u00e4, joka auttoi h\u00e4nt\u00e4 voittamaan himonsa ja kehitt\u00e4m\u00e4\u00e4n terveellisempi\u00e4 selviytymismekanismeja.<\/p>\n<p>Samoin John, nuori ammattilainen, onnistui r\u00e4\u00e4t\u00e4l\u00f6idyn lopetusohjelman kautta, joka sis\u00e4lsi ryhm\u00e4tuen ja varenikliinin. H\u00e4nen matkansa korostaa yhteis\u00f6llisyyden ja vastuullisuuden merkityst\u00e4 savuttoman el\u00e4m\u00e4ntavan saavuttamisessa ja yll\u00e4pit\u00e4misess\u00e4. N\u00e4m\u00e4 tarinat ovat voimakkaita muistutuksia muutoksen mahdollisuudesta oikean tuen avulla.<\/p>\n","protected":false},"excerpt":{"rendered":"<p>Myymme tupakoinnin lopettamistuet: varenikliini ja k\u00e4ytt\u00e4ytymisapuaineet \u2013 vuoden 2025 ostajan opas Tutustu uusimpiin oivalluksiin varenikliinista ja k\u00e4ytt\u00e4ytymisen apuv\u00e4lineist\u00e4, jotka ovat kaksi tehokasta v\u00e4linett\u00e4 taistelussa tupakointiriippuvuutta vastaan, ja katso, kuinka ne voidaan r\u00e4\u00e4t\u00e4l\u00f6id\u00e4 onnistuneeseen lopettamiseen vuonna 2025. Varenikliinin ymm\u00e4rt\u00e4minen: miten se toimii Varenikliini, jota markkinoidaan nimell\u00e4 Chantix, on reseptil\u00e4\u00e4ke, joka on suunniteltu auttamaan ihmisi\u00e4 lopettamaan tupakoinnin [&hellip;]<\/p>\n","protected":false},"author":1,"featured_media":0,"parent":0,"menu_order":0,"comment_status":"closed","ping_status":"closed","template":"","meta":{"footnotes":""},"class_list":["post-18887","page","type-page","status-publish","hentry"],"_links":{"self":[{"href":"http:\/\/haywire.pl\/index.php?rest_route=\/wp\/v2\/pages\/18887","targetHints":{"allow":["GET"]}}],"collection":[{"href":"http:\/\/haywire.pl\/index.php?rest_route=\/wp\/v2\/pages"}],"about":[{"href":"http:\/\/haywire.pl\/index.php?rest_route=\/wp\/v2\/types\/page"}],"author":[{"embeddable":true,"href":"http:\/\/haywire.pl\/index.php?rest_route=\/wp\/v2\/users\/1"}],"replies":[{"embeddable":true,"href":"http:\/\/haywire.pl\/index.php?rest_route=%2Fwp%2Fv2%2Fcomments&post=18887"}],"version-history":[{"count":1,"href":"http:\/\/haywire.pl\/index.php?rest_route=\/wp\/v2\/pages\/18887\/revisions"}],"predecessor-version":[{"id":18888,"href":"http:\/\/haywire.pl\/index.php?rest_route=\/wp\/v2\/pages\/18887\/revisions\/18888"}],"wp:attachment":[{"href":"http:\/\/haywire.pl\/index.php?rest_route=%2Fwp%2Fv2%2Fmedia&parent=18887"}],"curies":[{"name":"wp","href":"https:\/\/api.w.org\/{rel}","templated":true}]}}