{"id":18324,"date":"2026-03-25T11:48:03","date_gmt":"2026-03-25T11:48:03","guid":{"rendered":"http:\/\/haywire.pl\/?page_id=18324"},"modified":"2026-03-25T11:48:03","modified_gmt":"2026-03-25T11:48:03","slug":"kaj-je-zdravilo-cipro-generic-in-za-kaj-se-uporablja","status":"publish","type":"page","link":"http:\/\/haywire.pl\/?page_id=18324","title":{"rendered":"Kaj je zdravilo Cipro Generic in za kaj se uporablja?"},"content":{"rendered":"<h1>Pogosta vpra\u0161anja o Cipro Generic<\/h1>\n<p>Cipro Generic, zelo raz\u0161irjen antibiotik, spro\u017ea \u0161tevilna vpra\u0161anja o njegovi uporabi, u\u010dinkih in varnosti.<\/p>\n<h2>Kaj je zdravilo Cipro Generic in za kaj se uporablja?<\/h2>\n<p>Cipro Generic, znan tudi kot ciprofloksacin, je antibiotik, ki spada v razred fluorokinolonov. Uporablja se predvsem za zdravljenje razli\u010dnih bakterijskih oku\u017eb. Te oku\u017ebe lahko med drugim vklju\u010dujejo oku\u017ebe se\u010dil, oku\u017ebe dihalnih poti, ko\u017ene oku\u017ebe in oku\u017ebe prebavil. Generi\u010dna razli\u010dica je kemi\u010dno enaka zdravilu z blagovno znamko Cipro, vendar je pogosto cenovno ugodnej\u0161a, zaradi \u010desar je dostopna \u0161ir\u0161emu krogu bolnikov.<\/p>\n<p>Zaradi u\u010dinkovitosti zdravila Cipro Generic pri zdravljenju hudih bakterijskih oku\u017eb je klju\u010dno orodje za zdravstvene delavce. Njegov \u0161irok spekter delovanja pomeni, da se lahko bori proti najrazli\u010dnej\u0161im bakterijskim sevom, kar je \u0161e posebej uporabno v primerih, ko specifi\u010dne bakterije, ki povzro\u010dajo oku\u017ebo, \u0161e niso identificirane. Vendar pa je nujno, da to zdravilo uporabljate samo na zdravni\u0161ki recept, da prepre\u010dite odpornost na antibiotike.<\/p>\n<h2>Kako Cipro Generic deluje na telo?<\/h2>\n<p>Cipro Generic deluje tako, da zavira bakterijski encim DNA girazo, ki je klju\u010den za replikacijo DNA. Z motenjem tega procesa ciprofloksacin u\u010dinkovito ustavi razmno\u017eevanje bakterij in omogo\u010di imunskemu sistemu telesa, da odstrani obstoje\u010de bakterije. Zaradi tega mehanizma je u\u010dinkovito zdravljenje za zaustavitev \u0161irjenja oku\u017ebe v telesu.<\/p>\n<p>Zaradi svoje sposobnosti, da hitro prodre v tkiva in dose\u017ee visoke koncentracije v razli\u010dnih delih telesa, je Cipro Generic zanesljiva izbira proti kompleksnim oku\u017ebam. Farmakokinetika zdravila omogo\u010da, da se dobro absorbira peroralno, kar poenostavi njegovo dajanje in izbolj\u0161a sodelovanje bolnikov, zlasti v ambulantnih okoljih.<\/p>\n<h2>Kak\u0161ni so mo\u017eni ne\u017eeleni u\u010dinki zdravila Cipro Generic??<\/h2>\n<p>Kot vsa zdravila ima lahko tudi zdravilo Cipro Generic ne\u017eelene u\u010dinke, ki pa se ne pojavijo pri vseh bolnikih. Pogosti ne\u017eeleni u\u010dinki vklju\u010dujejo slabost, drisko, omotico in glavobol. Obi\u010dajno so blagi in izzvenijo po prekinitvi jemanja zdravila. \u010ce pa ti simptomi vztrajajo ali postanejo mote\u010di, je priporo\u010dljivo, da se posvetujete z zdravstvenim delavcem.<\/p>\n<p>Pojavijo se lahko resnej\u0161i ne\u017eeleni u\u010dinki, \u010deprav redkej\u0161i. Ti vklju\u010dujejo rupturo tetive, periferno nevropatijo in resne spremembe razpolo\u017eenja. Alergijske reakcije, \u010deprav redke, se lahko tudi pojavijo in se lahko ka\u017eejo kot izpu\u0161\u010daj, srbenje ali otekanje. \u010ce se pojavijo resni ne\u017eeleni u\u010dinki ali znaki alergijske reakcije, je potrebna takoj\u0161nja zdravni\u0161ka pomo\u010d.<\/p>\n<h2>Kako jemati Cipro Generic za optimalno u\u010dinkovitost?<\/h2>\n<p>Da bi zagotovili optimalno u\u010dinkovitost, je pomembno natan\u010dno upo\u0161tevati navodila zdravnika. Zdravilo Cipro Generic se obi\u010dajno jemlje peroralno, s hrano ali brez nje, obi\u010dajno dvakrat na dan. Klju\u010dnega pomena je, da vzdr\u017eujete stalno raven zdravila v telesu, zato je priporo\u010dljivo, da ga jemljete v enakomerno razporejenih intervalih.<\/p>\n<p>Bolniki morajo dokon\u010dati celotno zdravljenje, tudi \u010de se za\u010dnejo po\u010dutiti bolje, preden je kon\u010dano. Zgodnja prekinitev zdravljenja lahko povzro\u010di ponoven izbruh oku\u017ebe in prispeva k odpornosti na antibiotike. Poleg tega je priporo\u010dljivo, da se izogibate jemanju z mle\u010dnimi izdelki ali sokovi, obogatenimi s kalcijem, saj lahko motijo \u200b\u200b\u200b\u200babsorpcijo.<\/p>\n<h2>Ali obstajajo posebna opozorila ali previdnostni ukrepi za zdravilo Cipro Generic?<\/h2>\n<p>Cipro Generic vsebuje dolo\u010dena opozorila in previdnostne ukrepe, ki bi jih morali uporabniki upo\u0161tevati. Predvsem je bil povezan s pove\u010danim tveganjem za tendonitis in rupturo tetive, zlasti pri starej\u0161ih odraslih, tistih, ki jemljejo kortikosteroide, in prejemnikih presajenih organov. Bolnikom svetujemo, da nemudoma poro\u010dajo o kakr\u0161nih koli simptomih bole\u010dine v kiti, otekanju ali vnetju.<\/p>\n<p>Drug pomemben previdnostni ukrep vklju\u010duje u\u010dinke na <a href=\"https:\/\/spletnafarmacija.si\/cipro-genericni-cena-na-spletu-brez-recepta\">https:\/\/spletnafarmacija.si\/cipro-genericni-cena-na-spletu-brez-recepta<\/a> centralni \u017eiv\u010dni sistem, vklju\u010dno z epilepti\u010dnimi napadi, pove\u010danim intrakranialnim pritiskom in toksi\u010dno psihozo, o katerih so poro\u010dali pri nekaterih bolnikih. Tisti, ki imajo v anamnezi epilepsijo ali druge motnje centralnega \u017eiv\u010devja, morajo zdravilo uporabljati previdno. Zato je klju\u010dnega pomena, da se pred za\u010detkom zdravljenja pogovorite z zdravnikom o vseh obstoje\u010dih zdravstvenih te\u017eavah.<\/p>\n<h2>Ali se zdravilo Cipro Generic lahko uporablja med nose\u010dnostjo ali dojenjem??<\/h2>\n<p>Uporaba zdravila Cipro Generic med nose\u010dnostjo na splo\u0161no ni priporo\u010dljiva, razen \u010de mo\u017ene koristi upravi\u010dujejo mo\u017ena tveganja za plod. Ta previdnost je posledica skrbi glede morebitne \u0161kode za razvoj hrustanca ploda. Nose\u010de osebe se morajo posvetovati s svojim zdravstvenim delavcem, da razi\u0161\u010dejo varnej\u0161e alternative.<\/p>\n<p>Kar zadeva dojenje, se ciprofloksacin izlo\u010da v materino mleko in obstaja mo\u017eno tveganje ne\u017eelenih u\u010dinkov pri dojenem otroku. Posvetovati se je treba z zdravstvenim delavcem, da pretehtajo koristi in tveganja ter pretehtajo, ali naj prenehajo z dojenjem ali zdravljenjem.<\/p>\n<h2>Kak\u0161ne so razlike med Cipro Generic in blagovno znamko Cipro?<\/h2>\n<p>Glavna razlika med Cipro Generic in blagovno znamko Cipro je njihova cena. Generi\u010dna razli\u010dica je obi\u010dajno cenej\u0161a zaradi pomanjkanja stro\u0161kov tr\u017eenja blagovne znamke in razvoja. Kljub temu vsebujeta enako u\u010dinkovino in sta enakovredna glede varnosti, u\u010dinkovitosti in kakovosti.<\/p>\n<p>Regulatorni organi, kot je FDA, zagotavljajo, da generi\u010dna zdravila ustrezajo enakim standardom kot njihova blagovna znamka. Bolniki so lahko prepri\u010dani, da prehod na generi\u010dno razli\u010dico ne bo ogrozil u\u010dinkovitosti ali varnosti njihovega zdravljenja.<\/p>\n<h2>Kako shranjujemo zdravilo Cipro Generic??<\/h2>\n<p>Pravilno shranjevanje zdravila Cipro Generic je pomembno za ohranitev njegove u\u010dinkovitosti. Hraniti ga je treba pri sobni temperaturi, stran od svetlobe in vlage. Hranjenje v kopalnici ni priporo\u010dljivo zaradi vlage, ki lahko razgradi zdravilo.<\/p>\n<p>Poskrbite, da bo zdravilo shranjeno izven dosega otrok in hi\u0161nih ljubljen\u010dkov. \u010ce je zdravilu potekel rok uporabe ali ga ne potrebujete ve\u010d, ga je treba ustrezno zavre\u010di. Posvetujte se s farmacevtom ali lokalnim podjetjem za odstranjevanje odpadkov za navodila glede varnih postopkov odstranjevanja.<\/p>\n<h2>Kaj naj storim, \u010de izpustim odmerek zdravila Cipro Generic?<\/h2>\n<p>\u010ce ste pozabili vzeti odmerek zdravila Cipro Generic, ga morate vzeti takoj, ko se spomnite, razen \u010de je \u017ee skoraj \u010das za naslednji odmerek. V tak\u0161nih primerih presko\u010dite izpu\u0161\u010deni odmerek in nadaljujte z rednim odmerjanjem. Podvojitev odmerkov, da bi nadomestili izpu\u0161\u010denega odmerka, ni priporo\u010dljiva, saj lahko pove\u010da tveganje za ne\u017eelene u\u010dinke.<\/p>\n<p>Doslednost odmerjanja pomaga ohranjati u\u010dinkovite ravni zdravila v telesu, kar je klju\u010dnega pomena za uspe\u0161no zdravljenje oku\u017eb. Nastavitev opomnikov ali uporaba organizatorja tablet lahko pomaga zagotoviti, da odmerki niso izpu\u0161\u010deni.<\/p>\n<h2>Ali lahko Cipro Generic medsebojno deluje z drugimi zdravili??<\/h2>\n<p>Cipro Generic lahko deluje z ve\u010d drugimi zdravili, kar lahko spremeni njegovo u\u010dinkovitost ali pove\u010da tveganje za ne\u017eelene u\u010dinke. Antacidi, ki vsebujejo magnezij ali aluminij, dodatki \u017eeleza in multivitamini s cinkom lahko motijo \u200b\u200babsorpcijo ciprofloksacina. Te je treba vzeti vsaj dve uri pred ali \u0161est ur po generi\u010dnem zdravilu Cipro.<\/p>\n<p>Tudi druga zdravila, kot so nekatera protivnetna zdravila, zdravila za red\u010denje krvi in \u200b\u200bzdravila za sladkorno bolezen, lahko vplivajo na zdravilo Cipro Generic. Bolniki morajo svojemu zdravstvenemu delavcu zagotoviti celoten seznam trenutnih zdravil, da se izognejo \u0161kodljivim interakcijam in zagotovijo varno uporabo.<\/p>\n<h2>Koliko \u010dasa traja, da Cipro Generic za\u010dne delovati?<\/h2>\n<p>Za\u010detek delovanja zdravila Cipro Generic se lahko razlikuje glede na vrsto in resnost oku\u017ebe, ki se zdravi. Na splo\u0161no lahko bolniki opazijo izbolj\u0161anje simptomov v nekaj dneh po za\u010detku zdravljenja. Vendar pa je klju\u010dnega pomena dokon\u010dati celoten predpisani te\u010daj, tudi \u010de simptomi izzvenijo, da zagotovite popolno ozdravitev oku\u017ebe in prepre\u010dite ponovitev.<\/p>\n<p>Bolniki naj se posvetujejo s svojim zdravstvenim delavcem, \u010de po nekaj dneh zdravljenja ne opazijo izbolj\u0161anja, saj to lahko nakazuje potrebo po druga\u010dnem terapevtskem pristopu.<\/p>\n<h2>Ali je med jemanjem zdravila Cipro Generic varno u\u017eivati \u200b\u200balkohol??<\/h2>\n<p>\u010ceprav je malo verjetno, da bi zmerno u\u017eivanje alkohola neposredno vplivalo na Cipro Generic, je na splo\u0161no priporo\u010dljivo, da se alkoholu med jemanjem antibiotikov izogibate. Alkohol lahko poslab\u0161a ne\u017eelene u\u010dinke, kot sta omotica in razdra\u017een \u017eelodec, kar lahko ote\u017ei okrevanje po oku\u017ebi.<\/p>\n<p>Poleg tega lahko alkohol oslabi delovanje imunskega sistema, zaradi \u010desar se telo te\u017eje bori proti oku\u017ebi. Bolniki se morajo o u\u017eivanju alkohola pogovoriti s svojim zdravstvenim delavcem, da dolo\u010dijo najbolj\u0161i na\u010din ukrepanja.<\/p>\n<h2>Kaj naj storim v primeru prevelikega odmerjanja zdravila Cipro Generic?<\/h2>\n<p>V primeru suma na preveliko odmerjanje zdravila Cipro Generic je potrebna takoj\u0161nja zdravni\u0161ka pomo\u010d. Simptomi prevelikega odmerjanja lahko vklju\u010dujejo omotico, zmedenost, tresenje ali napade. Hitro zdravljenje je klju\u010dnega pomena za obvladovanje morebitnih resnih u\u010dinkov prevelikega odmerjanja.<\/p>\n<p>Bolniki ali negovalci naj se obrnejo na nujno slu\u017ebo ali se odpravijo v najbli\u017ejo bolni\u0161nico. Zagotavljanje zdravstvenih delavcev informacij o koli\u010dini in \u010dasu prevelikega odmerka lahko pomaga pri zagotavljanju ustrezne oskrbe.<\/p>\n<h2>Ali obstajajo prehranske omejitve med uporabo zdravila Cipro Generic?<\/h2>\n<p>Pri jemanju zdravila Cipro Generic je treba upo\u0161tevati nekatere prehranske pomisleke. Priporo\u010dljivo je, da se izogibate jemanju zdravila skupaj z mle\u010dnimi izdelki ali pija\u010dami, obogatenimi s kalcijem, saj lahko ovirajo absorpcijo in zmanj\u0161ajo u\u010dinkovitost zdravila.<\/p>\n<p>Ohranjanje uravnote\u017eene prehrane z ustrezno hidracijo je koristno pri podpiranju okrevanja telesa po oku\u017ebi. Bolniki se morajo prav tako izogibati prekomernemu vnosu kofeina, saj lahko ciprofloksacin pove\u010da u\u010dinke kofeina, kar povzro\u010di pove\u010dano \u017eiv\u010dnost ali nemir.<\/p>\n<h2>Kako pridobiti Cipro Generic: zahteve za recept in razpolo\u017eljivost.<\/h2>\n<p>Cipro Generic je na voljo le na recept, kar poudarja pomen strokovnega zdravni\u0161kega nadzora pri njegovi uporabi. Zdravstveni delavec bo ocenil, ali je ta antibiotik primeren glede na specifi\u010dno oku\u017ebo in anamnezo bolnika.<\/p>\n<p>Ko je zdravilo Cipro Generic predpisano, je mogo\u010de dobiti v ve\u010dini lekarn. Ker je na voljo kot generi\u010dno zdravilo, je stro\u0161kovno u\u010dinkovita mo\u017enost v primerjavi z razli\u010dico blagovne znamke. Bolniki morajo zagotoviti, da razumejo navodila na recept, in se posvetovati s svojim zdravstvenim delavcem ali farmacevtom glede kakr\u0161nih koli vpra\u0161anj v zvezi z uporabo.<\/p>\n","protected":false},"excerpt":{"rendered":"<p>Pogosta vpra\u0161anja o Cipro Generic Cipro Generic, zelo raz\u0161irjen antibiotik, spro\u017ea \u0161tevilna vpra\u0161anja o njegovi uporabi, u\u010dinkih in varnosti. Kaj je zdravilo Cipro Generic in za kaj se uporablja? Cipro Generic, znan tudi kot ciprofloksacin, je antibiotik, ki spada v razred fluorokinolonov. Uporablja se predvsem za zdravljenje razli\u010dnih bakterijskih oku\u017eb. Te oku\u017ebe lahko med drugim [&hellip;]<\/p>\n","protected":false},"author":1,"featured_media":0,"parent":0,"menu_order":0,"comment_status":"closed","ping_status":"closed","template":"","meta":{"footnotes":""},"class_list":["post-18324","page","type-page","status-publish","hentry"],"_links":{"self":[{"href":"http:\/\/haywire.pl\/index.php?rest_route=\/wp\/v2\/pages\/18324","targetHints":{"allow":["GET"]}}],"collection":[{"href":"http:\/\/haywire.pl\/index.php?rest_route=\/wp\/v2\/pages"}],"about":[{"href":"http:\/\/haywire.pl\/index.php?rest_route=\/wp\/v2\/types\/page"}],"author":[{"embeddable":true,"href":"http:\/\/haywire.pl\/index.php?rest_route=\/wp\/v2\/users\/1"}],"replies":[{"embeddable":true,"href":"http:\/\/haywire.pl\/index.php?rest_route=%2Fwp%2Fv2%2Fcomments&post=18324"}],"version-history":[{"count":1,"href":"http:\/\/haywire.pl\/index.php?rest_route=\/wp\/v2\/pages\/18324\/revisions"}],"predecessor-version":[{"id":18325,"href":"http:\/\/haywire.pl\/index.php?rest_route=\/wp\/v2\/pages\/18324\/revisions\/18325"}],"wp:attachment":[{"href":"http:\/\/haywire.pl\/index.php?rest_route=%2Fwp%2Fv2%2Fmedia&parent=18324"}],"curies":[{"name":"wp","href":"https:\/\/api.w.org\/{rel}","templated":true}]}}