{"id":18081,"date":"2026-03-25T03:47:49","date_gmt":"2026-03-25T03:47:49","guid":{"rendered":"http:\/\/haywire.pl\/?page_id=18081"},"modified":"2026-03-25T03:47:49","modified_gmt":"2026-03-25T03:47:49","slug":"ventolin-generici-ja-selle-kasutuste-moistmine","status":"publish","type":"page","link":"http:\/\/haywire.pl\/?page_id=18081","title":{"rendered":"Ventolin Generici ja selle kasutuste m\u00f5istmine"},"content":{"rendered":"<h1>Ventolin Generic ja alkohol\/toit: mis on ohutu, mis mitte<\/h1>\n<p>Ventolin Genericu, alkoholi ja toidu koostoimete m\u00f5istmine on selle ravimi ohutuks ja t\u00f5husaks kasutamiseks \u00fclioluline.<\/p>\n<h2>Ventolin Generici ja selle kasutuste m\u00f5istmine<\/h2>\n<p>Ventolin Generic, millele sageli viidatakse selle keemilise nimetusega salbutamool, on bronhodilataator, mida tavaliselt kasutatakse astma ja muude hingamisteede haiguste s\u00fcmptomite leevendamiseks. See toimib, l\u00f5dvestades hingamisteede lihaseid, parandades \u00f5huvoolu ja h\u00f5lbustades hingamist. Seda ravimit manustatakse tavaliselt inhalaatori kaudu, muutes selle kiireks ja t\u00f5husaks \u00e4gedate astmahoogude v\u00f5i kroonilise obstruktiivse kopsuhaiguse (KOK) raviks.<\/p>\n<p>Ventolin Generic on hingamispuudulikkuse esmane ravivahend paljude krooniliste hingamisteede probleemidega inimeste jaoks. Kasutajate jaoks on oluline m\u00f5ista selle toimimist ja tegureid, mis v\u00f5ivad selle t\u00f5husust m\u00f5jutada. Kuigi \u00fcldiselt ohutu, kui seda kasutatakse etten\u00e4htud viisil, v\u00f5ib Ventolin Genericu koostoime erinevate ainetega, sealhulgas alkoholi ja toiduga, m\u00f5jutada selle t\u00f5husust ja ohutust.<\/p>\n<h2>Kuidas Ventolin Generic suhtleb alkoholiga<\/h2>\n<p>Alkoholi tarbimine v\u00f5ib avaldada m\u00e4rkimisv\u00e4\u00e4rset koostoimet paljude ravimitega, sealhulgas Ventolin Genericiga. Kuigi aeg-ajalt kerge joomine ei pruugi p\u00f5hjustada t\u00f5siseid riske, v\u00f5ib alkohol selle ravimi efektiivsust h\u00e4irida. Alkohol toimib depressandina, mis v\u00f5ib neutraliseerida Ventolini stimuleerivat toimet, v\u00e4hendades potentsiaalselt selle v\u00f5imet leevendada hingamisteede s\u00fcmptomeid.<\/p>\n<p>Lisaks v\u00f5ib alkohol s\u00fcvendada Ventoliniga seotud k\u00f5rvaltoimeid, nagu pearinglus ja s\u00fcdame l\u00f6\u00f6gisageduse t\u00f5us. See koostoime v\u00f5ib olla eriti murettekitav inimestele, kes kasutavad Ventolinit \u00e4gedate astma s\u00fcmptomite kontrolli all hoidmiseks. Nende koostoimete potentsiaali m\u00f5istmine v\u00f5ib aidata kasutajatel teha Ventolin Genericu kasutamise ajal teadlikke otsuseid alkoholitarbimise kohta.<\/p>\n<h2>Ventolin Generici alkoholiga segamise riskid<\/h2>\n<p>Ventolin Genericu alkoholiga segamisega seotud riskid on mitmetahulised. \u00dcks peamisi probleeme on k\u00f5rvaltoimete \u00e4genemine. M\u00f5lemad ained v\u00f5ivad p\u00f5hjustada s\u00fcdame l\u00f6\u00f6gisageduse t\u00f5usu ja peap\u00f6\u00f6ritust, mis p\u00f5hjustab kooskasutamisel kompleksse toime. See v\u00f5ib olla eriti ohtlik inimestele, kellel on s\u00fcdamehaigused v\u00f5i kes on altid \u00e4revus- v\u00f5i paanikahoogudele.<\/p>\n<p>Lisaks v\u00f5ib alkohol kahjustada otsustusv\u00f5imet ja motoorseid oskusi, mis v\u00f5ib osutuda problemaatiliseks inimestele, kes peavad astma s\u00fcmptomeid t\u00f5husalt toime tulema. Olukordades, kus on vajalik kohene reageerimine hingamisraskustele, v\u00f5ivad kognitiivsete ja motoorsete funktsioonide kahjustused ravi edasi l\u00fckata ja tulemusi halvendada. Rasketel juhtudel v\u00f5ivad need koostoimed p\u00f5hjustada eluohtlikke olukordi, r\u00f5hutades ettevaatliku alkoholitarbimise t\u00e4htsust.<\/p>\n<h2>Ohutu alkoholi tarbimine Ventolin Generic&#8217;i kasutamise ajal<\/h2>\n<p>Isikute jaoks, kellele on v\u00e4lja kirjutatud Ventolin Generic, on alkoholitarbimise m\u00f5\u00f5dukus v\u00f5tmet\u00e4htsusega. Soovitatav on piirata tarbimist minimaalse tasemeni ja j\u00e4lgida alkoholi tarbimisel v\u00f5imalikke k\u00f5rvaltoimeid. Kasutajad peaksid alati konsulteerima tervishoiuteenuse osutajatega, et m\u00f5ista isiklikke riskitegureid ja saada kohandatud n\u00f5uandeid ohutu alkoholitarbimise kohta.<\/p>\n<p>Olukordades, kus alkoholi tarbimine on v\u00e4ltimatu, n\u00e4iteks seltskondlikel koosviibimistel v\u00f5i pidustustel, peaksid inimesed tagama, et neil on oma inhalaatorile h\u00f5lbus juurdep\u00e4\u00e4s ja nad on kohas, kus abi on vajadusel h\u00f5lpsasti k\u00e4ttesaadav. H\u00fcdratsiooni hoidmine ja alkoholi tarbimine koos toiduga v\u00f5ib samuti leevendada m\u00f5ningaid v\u00f5imalikke negatiivseid m\u00f5jusid.<\/p>\n<h2>Toitumisalased kaalutlused Ventolin Generic&#8217;i v\u00f5tmisel<\/h2>\n<p>Dieet m\u00e4ngib \u00fcliolulist rolli astma \u00fcldises ravis ja selliste ravimite nagu Ventolin Generic efektiivsuses. Tasakaalustatud puu-, k\u00f6\u00f6givilja- ja t\u00e4isteratooteid sisaldav toitumine v\u00f5ib toetada hingamisteede tervist ja v\u00e4hendada p\u00f5letikku, mis on kasulik astmahaigetele.<\/p>\n<p>Veelgi enam, tervisliku kehakaalu s\u00e4ilitamine <a href=\"https:\/\/digitaalneapteek.org\/tellimus-ventolin-generic-ilma-retseptita\">https:\/\/digitaalneapteek.org\/tellimus-ventolin-generic-ilma-retseptita<\/a> sobiva dieedi abil v\u00f5ib v\u00e4hendada hingamiss\u00fcsteemi koormust, muutes selliste ravimite nagu Ventolin t\u00f5husa toimimise lihtsamaks. Kuigi Ventolini kasutamisel puuduvad ranged toitumispiirangud, v\u00f5ib toiduvalikute t\u00e4helepanelikkus suurendada selle eeliseid.<\/p>\n<h2>Toidud, mida Ventolin Generici kasutamisel v\u00e4ltida<\/h2>\n<p>Teatud toidud v\u00f5ivad p\u00f5hjustada astma s\u00fcmptomeid v\u00f5i h\u00e4irida Ventolin Genericu efektiivsust. Levinud s\u00fc\u00fcdlaste hulka kuuluvad t\u00f6\u00f6deldud toidud, mis sisaldavad palju s\u00e4ilitusaineid, sulfiteid ja toiduv\u00e4rve, mis v\u00f5ivad m\u00f5nel inimesel hingamisprobleeme s\u00fcvendada. Lisaks v\u00f5ivad happe refluksi p\u00f5hjustavad toidud, nagu v\u00fcrtsikas v\u00f5i rasvane toit, astma s\u00fcmptomeid halvendada.<\/p>\n<p>Ventolinit kasutavad inimesed peaksid olema ettevaatlikud ka toiduainete suhtes, mis v\u00f5ivad esile kutsuda allergilise reaktsiooni, kuna allergiad v\u00f5ivad p\u00f5hjustada astmahooge. Selliste toitude tuvastamine ja v\u00e4ltimine eliminatsioonidieedi v\u00f5i allergiatestide abil v\u00f5ib olla kasulik s\u00fcmptomite t\u00f5husamaks juhtimiseks.<\/p>\n<h2>Kofeiini m\u00f5ju Ventolini \u00fcldisele efektiivsusele<\/h2>\n<p>Kofeiinil, kohvis, tees ja erinevates energiajookides leiduval tavalisel stimulaatoril, v\u00f5ib Ventolin Genericiga olla nii positiivne kui ka negatiivne koostoime. \u00dchest k\u00fcljest v\u00f5ib kofeiin oma stimuleerivate omaduste t\u00f5ttu tugevdada Ventolini bronhodilateerivat toimet, pakkudes potentsiaalselt t\u00e4iendavat leevendust hingamisraskustele.<\/p>\n<p>Liigne kofeiini tarbimine v\u00f5ib aga p\u00f5hjustada s\u00fcdame l\u00f6\u00f6gisageduse t\u00f5usu ja n\u00e4rvilisust \u2013 k\u00f5rvaltoimeid, mida seostatakse ka Ventoliniga. See v\u00f5ib p\u00f5hjustada kasutajatele suuremat ebamugavust, muutes m\u00f5\u00f5dukuse oluliseks. Kofeiini tarbimise j\u00e4lgimine ja selle m\u00f5jude arutamine tervishoiuteenuse osutajaga v\u00f5ib aidata neid koostoimeid t\u00f5husalt juhtida.<\/p>\n<h2>Ventolini \u00fcldravi ja s\u00f6\u00f6giaeg: mida peate teadma<\/h2>\n<p>S\u00f6\u00f6gikordade ajastus seoses Ventolin Genericu v\u00f5tmisega v\u00f5ib m\u00f5jutada selle imendumist ja efektiivsust. Kuigi Ventolin inhalaatorid on tavaliselt kiire toimega, v\u00f5ib nende t\u00fchja k\u00f5huga v\u00f5tmine kaasa tuua kiirema imendumise ja tugevama toime. See v\u00f5ib aga suurendada ka k\u00f5rvaltoimete, nagu pearinglus v\u00f5i iiveldus, riski.<\/p>\n<p>Neile, kes leiavad, et Ventolin p\u00f5hjustab mao\u00e4rritust, v\u00f5ib selle v\u00f5tmine s\u00f6\u00f6gi ajal v\u00f5i p\u00e4rast seda aidata neid m\u00f5jusid leevendada. Nagu alati, v\u00f5ivad isiklikud kogemused varieeruda, nii et kasutajad peaksid p\u00f6\u00f6rama t\u00e4helepanu oma keha reaktsioonidele ja kohandama vastavalt toidukorda, et optimeerida ravimi eeliseid.<\/p>\n<h2>Ventolin Generic&#8217;i k\u00f5rvaltoimete juhtimine dieediga<\/h2>\n<p>M\u00f5ned Ventolin Genericu k\u00f5rvaltoimed, nagu v\u00e4rinad ja s\u00fcdamepekslemine, v\u00f5ivad olla t\u00fc\u00fctud ja h\u00e4irivad. Dieet v\u00f5ib m\u00e4ngida rolli nende m\u00f5jude minimeerimisel. N\u00e4iteks stimulantide, nagu kofeiin ja suhkur, tarbimise v\u00e4hendamine v\u00f5ib aidata ohjata n\u00e4rvilisust ja kiiret s\u00fcdamel\u00f6\u00f6ki, mis m\u00f5nikord Ventolini kasutamisega kaasneb.<\/p>\n<p>Magneesiumi- ja kaaliumirikaste toitude (nt lehtk\u00f6\u00f6giviljad, banaanid ja p\u00e4hklid) lisamine v\u00f5ib samuti toetada lihaste funktsiooni ja v\u00e4hendada v\u00e4rinaid. \u00dcldist rahunemist ja l\u00f5\u00f5gastust soodustav dieet, sealhulgas taimeteed ja oomega-3 rasvhapete rikkad toidud, v\u00f5ib samuti t\u00e4iendada Ventolini kasutamist ja parandada selle talutavust.<\/p>\n<h2>Niisutusn\u00f5uanded Ventolin Generici kasutamisel<\/h2>\n<p>Ventolin Genericu kasutamisel on oluline s\u00e4ilitada hea vedelikusisaldus, kuna deh\u00fcdratsioon v\u00f5ib astma s\u00fcmptomeid s\u00fcvendada ja v\u00e4hendada ravimi efektiivsust. Piisav vedeliku tarbimine aitab s\u00e4ilitada limaskestade h\u00fcdratsiooni hingamisteedes, h\u00f5lbustades hingamist ja v\u00e4hendades astmahoo t\u00f5en\u00e4osust.<\/p>\n<p>Kuigi vesi on parim valik niisutamiseks, v\u00f5ivad taimeteed ja elektrol\u00fc\u00fctiderikkad joogid samuti kasulikud olla, eriti kuumas kliimas v\u00f5i treeningu ajal. Uriini v\u00e4rvi j\u00e4lgimine \u2013 eesm\u00e4rgiga saada helekollast \u2013 v\u00f5ib olla lihtne viis piisava h\u00fcdratatsioonitaseme tagamiseks.<\/p>\n<h2>Ventolin geneerilised ja toidulisandid<\/h2>\n<p>Toidulisandid v\u00f5ivad toetada Ventolin Genericut kasutavaid inimesi, eriti neid, kellel v\u00f5ivad esineda toidupuudused. Toidulisanditest, nagu oomega-3 rasvhapped, D-vitamiin ja antioks\u00fcdandid, on t\u00e4heldatud potentsiaalset kasu p\u00f5letike v\u00e4hendamisel ja hingamisteede tervise toetamisel.<\/p>\n<p>Siiski on oluline l\u00e4heneda toidulisanditele ettevaatlikult ja tervishoiuteenuse osutaja juhendamisel. M\u00f5ned toidulisandid v\u00f5ivad ravimitega suhelda v\u00f5i s\u00fcvendada k\u00f5rvaltoimeid, seega on ohutu ja t\u00f5husa kasutamise tagamiseks \u00fclioluline personaalne n\u00f5uanne.<\/p>\n<h2>Ekspertsoovitused Ventolini \u00fcldiste ja elustiilivalikute kohta<\/h2>\n<p>Eksperdid soovitavad astma ravimisel ja Ventolin Genericu kasutamisel sageli terviklikku l\u00e4henemist, r\u00f5hutades elustiili valikute t\u00e4htsust. Regulaarne treening, stressi juhtimine ja tervislik toitumine on selle l\u00e4henemisviisi p\u00f5hikomponendid. Need tegurid mitte ainult ei paranda \u00fcldist tervist, vaid parandavad ka astmaravi t\u00f5husust.<\/p>\n<p>Patsiente julgustatakse hoidma avatud suhtlemist oma tervishoiuteenuse osutajatega, arutades elustiili muutusi ja nende v\u00f5imalikku m\u00f5ju astma ravile. Selline koost\u00f6\u00f6l p\u00f5hinev l\u00e4henemine tagab, et ravi j\u00e4\u00e4b t\u00f5husaks ja patsiente toetatakse s\u00e4\u00e4stvate elustiilivalikute tegemisel.<\/p>\n<h2>Elukogemused: Ventolini \u00fcldised ja toitumisharjumused<\/h2>\n<p>Paljud Ventolin Genericut kasutavad inimesed on teatanud, et toitumisharjumused v\u00f5ivad oluliselt m\u00f5jutada nende kogemust ravimiga. M\u00f5ned on avastanud, et teatud vallandajate (nt piimatooted v\u00f5i gluteen) eemaldamine dieedist on v\u00e4hendanud nende s\u00f5ltuvust Ventolinist, v\u00e4hendades astma s\u00fcmptomeid.<\/p>\n<p>Teised on \u00f6elnud, et p\u00f5letikuvastaste toitude, nagu kurkum ja ingver, lisamine igap\u00e4evastesse toidukordadesse on aidanud s\u00fcmptomeid t\u00f5husamalt hallata. Need tegelikud kogemused r\u00f5hutavad toitumise kohandamise potentsiaali, mis m\u00e4ngib olulist rolli hingamisteede tervises ja astma s\u00fcmptomite ravis.<\/p>\n<h2>Konsulteerige oma arstiga Ventolini geneeriliste ravimite ja alkoholi\/toidu kohta<\/h2>\n<p>Enne oluliste muudatuste tegemist dieedis v\u00f5i alkoholitarbimises Ventolin Genericu kasutamise ajal on \u00fclioluline konsulteerida tervishoiuteenuse osutajaga. Arstid saavad pakkuda isikup\u00e4rast n\u00f5u, mis p\u00f5hinevad inimese haiguslool, praegustel ravimitel ja \u00fcldisel tervislikul seisundil, tagades, et k\u00f5ik muudatused on ohutud ja kasulikud.<\/p>\n<p>Regulaarne registreerimine ja avatud arutelud Ventolini kasutamise ja elustiili valikute \u00fcle v\u00f5ivad aidata optimeerida ravitulemusi, v\u00e4hendada k\u00f5rvaltoimeid ja parandada elukvaliteeti. Proaktiivne l\u00e4henemine astma ja selle ravile on pikaajalise tervise ja heaolu jaoks h\u00e4davajalik.<\/p>\n<h2>Ventolini pikaajaline kasutamine: dieedi korrigeerimine<\/h2>\n<p>Neile, kes peavad Ventolin Genericut pikaajaliselt kasutama, v\u00f5ib s\u00e4\u00e4stva toitumise korrigeerimine olla m\u00e4rkimisv\u00e4\u00e4rsel kasu. P\u00f5letikuvastastele toitudele keskendumine, piisav h\u00fcdratsioon ja teadaolevate vallandajate v\u00e4ltimine v\u00f5ivad toetada hingamisteede tervist ja v\u00e4hendada astmahoogude sagedust.<\/p>\n<p>Pikaajalised kasutajad peaksid kaaluma ka perioodilisi toitumise hindamisi, et tuvastada ja k\u00f5rvaldada k\u00f5ik puudused, mis v\u00f5ivad m\u00f5jutada hingamisfunktsiooni. Integreerides need kaalutlused oma igap\u00e4evaellu, saavad inimesed suurendada Ventolini efektiivsust ja s\u00e4ilitada optimaalset hingamisteede tervist pikemas perspektiivis.<\/p>\n","protected":false},"excerpt":{"rendered":"<p>Ventolin Generic ja alkohol\/toit: mis on ohutu, mis mitte Ventolin Genericu, alkoholi ja toidu koostoimete m\u00f5istmine on selle ravimi ohutuks ja t\u00f5husaks kasutamiseks \u00fclioluline. Ventolin Generici ja selle kasutuste m\u00f5istmine Ventolin Generic, millele sageli viidatakse selle keemilise nimetusega salbutamool, on bronhodilataator, mida tavaliselt kasutatakse astma ja muude hingamisteede haiguste s\u00fcmptomite leevendamiseks. See toimib, l\u00f5dvestades hingamisteede [&hellip;]<\/p>\n","protected":false},"author":1,"featured_media":0,"parent":0,"menu_order":0,"comment_status":"closed","ping_status":"closed","template":"","meta":{"footnotes":""},"class_list":["post-18081","page","type-page","status-publish","hentry"],"_links":{"self":[{"href":"http:\/\/haywire.pl\/index.php?rest_route=\/wp\/v2\/pages\/18081","targetHints":{"allow":["GET"]}}],"collection":[{"href":"http:\/\/haywire.pl\/index.php?rest_route=\/wp\/v2\/pages"}],"about":[{"href":"http:\/\/haywire.pl\/index.php?rest_route=\/wp\/v2\/types\/page"}],"author":[{"embeddable":true,"href":"http:\/\/haywire.pl\/index.php?rest_route=\/wp\/v2\/users\/1"}],"replies":[{"embeddable":true,"href":"http:\/\/haywire.pl\/index.php?rest_route=%2Fwp%2Fv2%2Fcomments&post=18081"}],"version-history":[{"count":1,"href":"http:\/\/haywire.pl\/index.php?rest_route=\/wp\/v2\/pages\/18081\/revisions"}],"predecessor-version":[{"id":18082,"href":"http:\/\/haywire.pl\/index.php?rest_route=\/wp\/v2\/pages\/18081\/revisions\/18082"}],"wp:attachment":[{"href":"http:\/\/haywire.pl\/index.php?rest_route=%2Fwp%2Fv2%2Fmedia&parent=18081"}],"curies":[{"name":"wp","href":"https:\/\/api.w.org\/{rel}","templated":true}]}}