{"id":17741,"date":"2026-03-24T23:18:04","date_gmt":"2026-03-24T23:18:04","guid":{"rendered":"http:\/\/haywire.pl\/?page_id=17741"},"modified":"2026-03-24T23:18:04","modified_gmt":"2026-03-24T23:18:04","slug":"zrozumienie-kamagry-musujacej-przeglad","status":"publish","type":"page","link":"http:\/\/haywire.pl\/?page_id=17741","title":{"rendered":"Zrozumienie Kamagry musuj\u0105cej: przegl\u0105d"},"content":{"rendered":"<h1>Kamagra musuj\u0105ca a cukrzyca: czy mo\u017cna j\u0105 stosowa\u0107?<\/h1>\n<p>Badanie zastosowania Kamagry musuj\u0105cej u pacjent\u00f3w z cukrzyc\u0105, badanie korzy\u015bci, zagro\u017ce\u0144 i wskaz\u00f3wek dotycz\u0105cych bezpiecznego spo\u017cycia.<\/p>\n<h2>Zrozumienie Kamagry musuj\u0105cej: przegl\u0105d<\/h2>\n<p>Kamagra musuj\u0105ca to produkt farmaceutyczny stosowany g\u0142\u00f3wnie w leczeniu zaburze\u0144 erekcji (ED). Wyst\u0119puje w postaci tabletek musuj\u0105cych, kt\u00f3re rozpuszczaj\u0105 si\u0119 w wodzie, co czyni go \u0142atw\u0105 do spo\u017cycia alternatyw\u0105 dla tradycyjnych postaci tabletek. Aktywnym sk\u0142adnikiem Kamagry musuj\u0105cej jest cytrynian sildenafilu, kt\u00f3ry jest jednocze\u015bnie g\u0142\u00f3wnym sk\u0142adnikiem Viagry. Lek ten, produkowany przez Ajanta Pharma, zyska\u0142 popularno\u015b\u0107 ze wzgl\u0119du na szybki pocz\u0105tek dzia\u0142ania i \u0142atwo\u015b\u0107 podawania.<\/p>\n<p>Forma musuj\u0105ca pozwala na szybsze wch\u0142anianie do krwioobiegu, co mo\u017ce skutkowa\u0107 szybszymi wynikami w por\u00f3wnaniu do konwencjonalnych tabletek. Ta funkcja sprawia, \u017ce \u200b\u200bjest ona szczeg\u00f3lnie atrakcyjna dla os\u00f3b poszukuj\u0105cych szybkiego rozwi\u0105zania problem\u00f3w z zaburzeniami erekcji. Jednak\u017ce, jak w przypadku ka\u017cdego leku, zrozumienie jego mechanizmu i potencjalnych interakcji ma kluczowe znaczenie, szczeg\u00f3lnie w przypadku os\u00f3b cierpi\u0105cych na choroby podstawowe, takie jak cukrzyca.<\/p>\n<h2>Jak Kamagra Musuj\u0105ca Dzia\u0142a na Organizm<\/h2>\n<p>Kamagra musuj\u0105ca dzia\u0142a poprzez zwi\u0119kszenie przep\u0142ywu krwi do penisa, u\u0142atwiaj\u0105c w ten spos\u00f3b erekcj\u0119 w odpowiedzi na stymulacj\u0119 seksualn\u0105. Cytrynian sildenafilu zawarty w leku dzia\u0142a jako inhibitor fosfodiesterazy typu 5 (PDE5). Blokuj\u0105c PDE5, wzmacnia dzia\u0142anie tlenku azotu, naturalnej substancji chemicznej wyst\u0119puj\u0105cej w organizmie, kt\u00f3ra rozlu\u017ania mi\u0119\u015bnie pr\u0105cia.<\/p>\n<p>To rozlu\u017anienie pozwala na rozszerzenie naczy\u0144 krwiono\u015bnych, poprawiaj\u0105c przep\u0142yw krwi i powoduj\u0105c erekcj\u0119. Forma musuj\u0105ca zapewnia szybsze wch\u0142anianie leku, a dzia\u0142anie jest zwykle odczuwalne w ci\u0105gu 15\u201320 minut. Czas dzia\u0142ania mo\u017ce trwa\u0107 do czterech godzin, zapewniaj\u0105c odpowiednie okno na aktywno\u015b\u0107 seksualn\u0105. Niemniej jednak nale\u017cy pami\u0119ta\u0107, \u017ce aby Kamagra Effervescent by\u0142a skuteczna, konieczne jest podniecenie seksualne.<\/p>\n<h2>Zwi\u0105zek mi\u0119dzy musuj\u0105c\u0105 Kamagr\u0105 a cukrzyc\u0105<\/h2>\n<p>Cukrzyca jest chorob\u0105 przewlek\u0142\u0105, kt\u00f3ra mo\u017ce prowadzi\u0107 do r\u00f3\u017cnych powik\u0142a\u0144, w tym zaburze\u0144 erekcji. Zwi\u0105zek mi\u0119dzy cukrzyc\u0105 a zaburzeniami erekcji jest dobrze udokumentowany, przy czym osoby z cukrzyc\u0105 s\u0105 bardziej podatne na zaburzenia erekcji z powodu powik\u0142a\u0144, takich jak uszkodzenie naczy\u0144 i neuropatia. Kamagra musuj\u0105ca oferuje potencjalne rozwi\u0105zanie dla pacjent\u00f3w z cukrzyc\u0105 zmagaj\u0105cych si\u0119 z zaburzeniami erekcji, poniewa\u017c rozwi\u0105zuje problemy z przep\u0142ywem krwi, kt\u00f3re cz\u0119sto stanowi\u0105 sedno problemu.<\/p>\n<p>Jednak obecno\u015b\u0107 cukrzycy mo\u017ce wp\u0142ywa\u0107 na spos\u00f3b, w jaki organizm przetwarza leki, w tym Kamagr\u0119 musuj\u0105c\u0105. U pacjent\u00f3w z cukrzyc\u0105 mo\u017ce wyst\u0105pi\u0107 zmieniony metabolizm leku, co mo\u017ce mie\u0107 wp\u0142yw na skuteczno\u015b\u0107 i bezpiecze\u0144stwo leku. Dlatego zrozumienie zale\u017cno\u015bci mi\u0119dzy cukrzyc\u0105 a farmakokinetyk\u0105 Kamagry musuj\u0105cej jest niezb\u0119dne dla bezpiecznego stosowania.<\/p>\n<h2>Potencjalne korzy\u015bci musuj\u0105cej Kamagry dla os\u00f3b chorych na cukrzyc\u0119<\/h2>\n<p>Pacjentom z cukrzyc\u0105 Kamagra musuj\u0105ca mo\u017ce zaoferowa\u0107 kilka korzy\u015bci. Jego szybki pocz\u0105tek dzia\u0142ania jest korzystny dla os\u00f3b, kt\u00f3re mog\u0105 mie\u0107 trudno\u015bci z planowaniem aktywno\u015bci seksualnej ze wzgl\u0119du na wahania poziomu cukru we krwi. Wygoda podawania i potencja\u0142 poprawy sprawno\u015bci seksualnej mog\u0105 poprawi\u0107 jako\u015b\u0107 \u017cycia i samopoczucie psychiczne os\u00f3b chorych na cukrzyc\u0119.<\/p>\n<p>Co wi\u0119cej, rozwi\u0105zuj\u0105c problemy z erekcj\u0105, Kamagra musuj\u0105ca mo\u017ce pom\u00f3c z\u0142agodzi\u0107 niekt\u00f3re napi\u0119cia emocjonalne i relacyjne towarzysz\u0105ce zaburzeniom erekcji u pacjent\u00f3w z cukrzyc\u0105. Przywr\u00f3cenie funkcji seksualnych mo\u017ce prowadzi\u0107 do poprawy intymno\u015bci i satysfakcji w relacjach osobistych, pozytywnie przyczyniaj\u0105c si\u0119 do og\u00f3lnego zdrowia psychicznego.<\/p>\n<h2>Zagro\u017cenia i skutki uboczne musuj\u0105cej Kamagry dla diabetyk\u00f3w<\/h2>\n<p>Chocia\u017c Kamagra musuj\u0105ca mo\u017ce oferowa\u0107 korzy\u015bci, nie jest pozbawiona ryzyka, szczeg\u00f3lnie dla diabetyk\u00f3w. Cz\u0119ste dzia\u0142ania niepo\u017c\u0105dane obejmuj\u0105 b\u00f3le g\u0142owy, uderzenia gor\u0105ca, niestrawno\u015b\u0107 i przekrwienie nosa. Powa\u017cniejsze dzia\u0142ania niepo\u017c\u0105dane, cho\u0107 rzadkie, mog\u0105 obejmowa\u0107 nag\u0142\u0105 utrat\u0119 wzroku lub uszkodzenie s\u0142uchu, kt\u00f3re wymagaj\u0105 natychmiastowej pomocy lekarskiej.<\/p>\n<p>W przypadku pacjent\u00f3w z cukrzyc\u0105 dodatkow\u0105 <a href=\"https:\/\/pigulkaekspres.pl\/kamagra-musujaca-online-bez-recepty\">https:\/\/pigulkaekspres.pl\/kamagra-musujaca-online-bez-recepty<\/a> obaw\u0119 stanowi\u0105 potencjalne interakcje z lekami stosowanymi do kontrolowania poziomu cukru we krwi. W przypadku interakcji Kamagry musuj\u0105cej z lekami przeciwcukrzycowymi mo\u017ce wyst\u0105pi\u0107 hipoglikemia lub inne dzia\u0142ania niepo\u017c\u0105dane. Dlatego w celu zminimalizowania ryzyka niezb\u0119dne jest uwa\u017cne monitorowanie i konsultacje z lekarzem.<\/p>\n<h2>Por\u00f3wnanie Kamagry musuj\u0105cej z innymi lekami na zaburzenia erekcji dla diabetyk\u00f3w<\/h2>\n<p>Dost\u0119pnych jest kilka metod leczenia zaburze\u0144 erekcji, z kt\u00f3rych ka\u017cda ma swoje zalety i wady dla os\u00f3b chorych na cukrzyc\u0119. Powszechnie przepisywane s\u0105 tradycyjne leki, takie jak Viagra i Cialis, a tak\u017ce nowsze opcje, takie jak Levitra. Kamagra musuj\u0105ca wyr\u00f3\u017cnia si\u0119 \u0142atwo\u015bci\u0105 u\u017cycia i szybkim dzia\u0142aniem, co mo\u017ce by\u0107 preferowane w przypadku os\u00f3b, u kt\u00f3rych wyst\u0119puj\u0105 nieprzewidywalne objawy zwi\u0105zane z cukrzyc\u0105.<\/p>\n<p>Jednak inne metody leczenia, takie jak zastrzyki pr\u0105cia lub urz\u0105dzenia do erekcji pr\u00f3\u017cniowej, mog\u0105 by\u0107 bardziej odpowiednie dla pacjent\u00f3w, kt\u00f3rzy nie toleruj\u0105 lek\u00f3w doustnych. Ka\u017cda opcja leczenia wymaga dok\u0142adnego rozwa\u017cenia stanu zdrowia danej osoby, preferencji i potencjalnych skutk\u00f3w ubocznych w celu znalezienia najw\u0142a\u015bciwszego rozwi\u0105zania.<\/p>\n<h2>Badania kliniczne dotycz\u0105ce stosowania musuj\u0105cej Kamagry u pacjent\u00f3w z cukrzyc\u0105<\/h2>\n<p>Badania nad Kamagr\u0105 musuj\u0105c\u0105 specjalnie dla pacjent\u00f3w z cukrzyc\u0105 s\u0105 ograniczone, ale istniej\u0105ce badania nad cytrynianem sildenafilu dostarczaj\u0105 pewnych spostrze\u017ce\u0144. Badania te sugeruj\u0105, \u017ce sildenafil mo\u017ce skutecznie poprawia\u0107 erekcj\u0119 u m\u0119\u017cczyzn chorych na cukrzyc\u0119. Jednak\u017ce, jak w przypadku ka\u017cdego leku, reakcje mog\u0105 si\u0119 r\u00f3\u017cni\u0107 w zale\u017cno\u015bci od indywidualnego stanu zdrowia i jednocze\u015bnie stosowanych lek\u00f3w.<\/p>\n<p>Konieczne s\u0105 dalsze badania w celu zbadania konkretnego wp\u0142ywu Kamagry musuj\u0105cej na populacje chorych na cukrzyc\u0119, szczeg\u00f3lnie w odniesieniu do jej d\u0142ugoterminowego bezpiecze\u0144stwa i skuteczno\u015bci. Badania kliniczne skupiaj\u0105ce si\u0119 na pacjentach z cukrzyc\u0105 mog\u0142yby pom\u00f3c w ustaleniu bardziej ostatecznych wytycznych dotycz\u0105cych stosowania leku w tej grupie.<\/p>\n<h2>Zalecenia dotycz\u0105ce dawkowania dla diabetyk\u00f3w stosuj\u0105cych Kamagr\u0119 musuj\u0105c\u0105<\/h2>\n<p>Standardowa dawka Kamagry musuj\u0105cej wynosi zazwyczaj 50 mg, przyjmowana oko\u0142o 30 minut przed aktywno\u015bci\u0105 seksualn\u0105. Jednak\u017ce pacjenci z cukrzyc\u0105 mog\u0105 wymaga\u0107 dostosowania dawkowania w zale\u017cno\u015bci od ich og\u00f3lnego stanu zdrowia, nasilenia zaburze\u0144 erekcji i reakcji na lek. W celu ustalenia w\u0142a\u015bciwej dawki kluczowa jest konsultacja z lekarzem.<\/p>\n<p>Dostosowanie mo\u017ce obejmowa\u0107 rozpocz\u0119cie od ni\u017cszej dawki w celu oceny tolerancji lub zwi\u0119kszenie dawki, je\u015bli pocz\u0105tkowa odpowied\u017a jest niewystarczaj\u0105ca. Wa\u017cne jest r\u00f3wnie\u017c monitorowanie poziomu cukru we krwi, poniewa\u017c zmiany w lekach mog\u0105 mie\u0107 wp\u0142yw na leczenie cukrzycy.<\/p>\n<h2>Konsultacje z podmiotami \u015bwiadcz\u0105cymi opiek\u0119 zdrowotn\u0105: znaczenie dla os\u00f3b chorych na cukrzyc\u0119<\/h2>\n<p>Przed rozpocz\u0119ciem stosowania Kamagry musuj\u0105cej pacjenci z cukrzyc\u0105 powinni skonsultowa\u0107 si\u0119 z lekarzem w celu om\u00f3wienia og\u00f3lnego stanu zdrowia i wszelkich potencjalnych interakcji z aktualnie stosowanymi lekami. Dok\u0142adna ocena lekarska mo\u017ce pom\u00f3c w zidentyfikowaniu przeciwwskaza\u0144 i zapewni\u0107 bezpiecze\u0144stwo i skuteczno\u015b\u0107 planu leczenia.<\/p>\n<p>Zaleca si\u0119 r\u00f3wnie\u017c regularne kontrole w celu monitorowania reakcji pacjenta na lek i wprowadzenia niezb\u0119dnych zmian. Otwarta komunikacja z podmiotami \u015bwiadcz\u0105cymi opiek\u0119 zdrowotn\u0105 mo\u017ce pom\u00f3c rozwia\u0107 wszelkie w\u0105tpliwo\u015bci i zoptymalizowa\u0107 leczenie zar\u00f3wno cukrzycy, jak i zaburze\u0144 erekcji.<\/p>\n<h2>Uwagi dotycz\u0105ce stylu \u017cycia dla diabetyk\u00f3w stosuj\u0105cych Kamagr\u0119 musuj\u0105c\u0105<\/h2>\n<p>Pacjenci z cukrzyc\u0105 rozwa\u017caj\u0105cy Kamagr\u0119 musuj\u0105c\u0105 powinni r\u00f3wnie\u017c zwr\u00f3ci\u0107 uwag\u0119 na czynniki zwi\u0105zane ze stylem \u017cycia, kt\u00f3re mog\u0105 mie\u0107 wp\u0142yw zar\u00f3wno na cukrzyc\u0119, jak i zaburzenia erekcji. Utrzymywanie zdrowej diety, regularne \u0107wiczenia i radzenie sobie ze stresem to kluczowe elementy kompleksowego podej\u015bcia do zdrowia.<\/p>\n<p>Ograniczenie spo\u017cycia alkoholu i unikanie palenia mo\u017ce r\u00f3wnie\u017c poprawi\u0107 og\u00f3lny stan zdrowia uk\u0142adu kr\u0105\u017cenia i zmniejszy\u0107 ryzyko zaburze\u0144 erekcji. Przyjmuj\u0105c holistyczne podej\u015bcie, osoby z cukrzyc\u0105 mog\u0105 zwi\u0119kszy\u0107 skuteczno\u015b\u0107 Kamagry musuj\u0105cej i poprawi\u0107 jako\u015b\u0107 swojego \u017cycia.<\/p>\n<h2>Interakcje lek\u00f3w: co powinni wiedzie\u0107 pacjenci z cukrzyc\u0105<\/h2>\n<p>Kamagra musuj\u0105ca mo\u017ce wchodzi\u0107 w interakcje z r\u00f3\u017cnymi lekami, w tym z azotanami powszechnie przepisywanymi na choroby serca, co mo\u017ce prowadzi\u0107 do niebezpiecznych spadk\u00f3w ci\u015bnienia krwi. Pacjenci z cukrzyc\u0105 powinni zachowa\u0107 szczeg\u00f3ln\u0105 ostro\u017cno\u015b\u0107 w zwi\u0105zku z potencjalnymi interakcjami z lekami reguluj\u0105cymi poziom cukru we krwi.<\/p>\n<p>Informowanie pracownik\u00f3w s\u0142u\u017cby zdrowia o wszystkich przyjmowanych lekach i suplementach mo\u017ce pom\u00f3c w zapobieganiu niepo\u017c\u0105danym interakcjom. To proaktywne podej\u015bcie gwarantuje, \u017ce wybrany plan leczenia b\u0119dzie bezpieczny i skuteczny w leczeniu zar\u00f3wno cukrzycy, jak i zaburze\u0144 erekcji.<\/p>\n<h2>Jednoczesne leczenie cukrzycy i zaburze\u0144 erekcji<\/h2>\n<p>Jednoczesne leczenie cukrzycy i zaburze\u0144 erekcji wymaga wieloaspektowego podej\u015bcia. Przestrzeganie plan\u00f3w leczenia cukrzycy, w tym regularne monitorowanie poziomu glukozy we krwi, jest niezb\u0119dne w celu ograniczenia powik\u0142a\u0144, kt\u00f3re mog\u0105 zaostrzy\u0107 zaburzenia erekcji.<\/p>\n<p>W\u0142\u0105czenie Kamagry musuj\u0105cej do planu leczenia zaburze\u0144 erekcji powinno odbywa\u0107 si\u0119 z uwzgl\u0119dnieniem og\u00f3lnego leczenia cukrzycy. Wsp\u00f3\u0142praca ze \u015bwiadczeniodawcami mo\u017ce pom\u00f3c w pokonaniu z\u0142o\u017cono\u015bci skutecznego leczenia obu schorze\u0144.<\/p>\n<h2>Do\u015bwiadczenia z \u017cycia codziennego: diabetycy stosuj\u0105cy musuj\u0105c\u0105 Kamagr\u0119<\/h2>\n<p>Wiele os\u00f3b chorych na cukrzyc\u0119 zg\u0142asza pozytywne do\u015bwiadczenia ze stosowaniem Kamagry Effervescent, zauwa\u017caj\u0105c popraw\u0119 funkcji seksualnych i satysfakcji. Relacje te podkre\u015blaj\u0105 potencja\u0142 leku w zakresie poprawy jako\u015bci \u017cycia i intymno\u015bci w relacjach, je\u015bli jest odpowiednio stosowany.<\/p>\n<p>Jednak indywidualne do\u015bwiadczenia mog\u0105 si\u0119 r\u00f3\u017cni\u0107, a niekt\u00f3rzy mog\u0105 napotka\u0107 wyzwania zwi\u0105zane ze skutkami ubocznymi lub interakcjami z lekami przeciwcukrzycowymi. Dzielenie si\u0119 do\u015bwiadczeniami ze \u015bwiadczeniodawcami mo\u017ce pom\u00f3c w dostosowaniu plan\u00f3w leczenia w celu uzyskania optymalnych wynik\u00f3w.<\/p>\n<h2>Przysz\u0142e kierunki bada\u0144 nad Kamagr\u0105 musuj\u0105c\u0105 i cukrzyc\u0105<\/h2>\n<p>Po\u0142\u0105czenie stosowania Kamagry musuj\u0105cej i cukrzycy stwarza kilka mo\u017cliwo\u015bci przysz\u0142ych bada\u0144. Badania oceniaj\u0105ce d\u0142ugoterminowe skutki leku u pacjent\u00f3w z cukrzyc\u0105 mog\u0105 dostarczy\u0107 cennych informacji na temat jego bezpiecze\u0144stwa i skuteczno\u015bci.<\/p>\n<p>Badania nad spersonalizowanymi planami leczenia, kt\u00f3re uwzgl\u0119dniaj\u0105 indywidualne profile zdrowotne i potrzeby w zakresie leczenia cukrzycy, mog\u0105 doprowadzi\u0107 do opracowania bardziej dostosowanych i skutecznych podej\u015b\u0107. Poszerzenie materia\u0142u dowodowego pomo\u017ce udoskonali\u0107 wytyczne i poprawi\u0107 wyniki leczenia pacjent\u00f3w z cukrzyc\u0105 stosuj\u0105cych Kamagr\u0119 musuj\u0105c\u0105.<\/p>\n<h2>Wniosek: czy Kamagra musuj\u0105ca jest bezpieczna dla diabetyk\u00f3w?<\/h2>\n<p>Kamagra musuj\u0105ca mo\u017ce by\u0107 realn\u0105 opcj\u0105 dla os\u00f3b chorych na cukrzyc\u0119 do\u015bwiadczaj\u0105cych zaburze\u0144 erekcji, zapewniaj\u0105c szybk\u0105 ulg\u0119 i \u0142atwo\u015b\u0107 u\u017cycia. Jednak jego bezpiecze\u0144stwo i skuteczno\u015b\u0107 zale\u017c\u0105 od dok\u0142adnego rozwa\u017cenia stanu zdrowia danej osoby i potencjalnych interakcji lekowych.<\/p>\n<p>Konsultacje z pracownikami s\u0142u\u017cby zdrowia s\u0105 niezb\u0119dne do opracowania bezpiecznego planu leczenia uwzgl\u0119dniaj\u0105cego zar\u00f3wno cukrzyc\u0119, jak i zaburzenia erekcji. Chocia\u017c Kamagra musuj\u0105ca mo\u017ce nie by\u0107 odpowiednia dla wszystkich, mo\u017ce znacznie poprawi\u0107 jako\u015b\u0107 \u017cycia tych, kt\u00f3rzy u\u017cywaj\u0105 jej odpowiedzialnie i pod nadzorem lekarza.<\/p>\n","protected":false},"excerpt":{"rendered":"<p>Kamagra musuj\u0105ca a cukrzyca: czy mo\u017cna j\u0105 stosowa\u0107? Badanie zastosowania Kamagry musuj\u0105cej u pacjent\u00f3w z cukrzyc\u0105, badanie korzy\u015bci, zagro\u017ce\u0144 i wskaz\u00f3wek dotycz\u0105cych bezpiecznego spo\u017cycia. Zrozumienie Kamagry musuj\u0105cej: przegl\u0105d Kamagra musuj\u0105ca to produkt farmaceutyczny stosowany g\u0142\u00f3wnie w leczeniu zaburze\u0144 erekcji (ED). Wyst\u0119puje w postaci tabletek musuj\u0105cych, kt\u00f3re rozpuszczaj\u0105 si\u0119 w wodzie, co czyni go \u0142atw\u0105 do [&hellip;]<\/p>\n","protected":false},"author":1,"featured_media":0,"parent":0,"menu_order":0,"comment_status":"closed","ping_status":"closed","template":"","meta":{"footnotes":""},"class_list":["post-17741","page","type-page","status-publish","hentry"],"_links":{"self":[{"href":"http:\/\/haywire.pl\/index.php?rest_route=\/wp\/v2\/pages\/17741","targetHints":{"allow":["GET"]}}],"collection":[{"href":"http:\/\/haywire.pl\/index.php?rest_route=\/wp\/v2\/pages"}],"about":[{"href":"http:\/\/haywire.pl\/index.php?rest_route=\/wp\/v2\/types\/page"}],"author":[{"embeddable":true,"href":"http:\/\/haywire.pl\/index.php?rest_route=\/wp\/v2\/users\/1"}],"replies":[{"embeddable":true,"href":"http:\/\/haywire.pl\/index.php?rest_route=%2Fwp%2Fv2%2Fcomments&post=17741"}],"version-history":[{"count":1,"href":"http:\/\/haywire.pl\/index.php?rest_route=\/wp\/v2\/pages\/17741\/revisions"}],"predecessor-version":[{"id":17742,"href":"http:\/\/haywire.pl\/index.php?rest_route=\/wp\/v2\/pages\/17741\/revisions\/17742"}],"wp:attachment":[{"href":"http:\/\/haywire.pl\/index.php?rest_route=%2Fwp%2Fv2%2Fmedia&parent=17741"}],"curies":[{"name":"wp","href":"https:\/\/api.w.org\/{rel}","templated":true}]}}