{"id":17735,"date":"2026-03-24T23:14:32","date_gmt":"2026-03-24T23:14:32","guid":{"rendered":"http:\/\/haywire.pl\/?page_id=17735"},"modified":"2026-03-24T23:14:32","modified_gmt":"2026-03-24T23:14:32","slug":"a-viagra-generic-bemutatasa","status":"publish","type":"page","link":"http:\/\/haywire.pl\/?page_id=17735","title":{"rendered":"A Viagra Generic bemutat\u00e1sa"},"content":{"rendered":"<h1>A Viagra Generic el\u0151nyei \u00e9s hat\u00e9konys\u00e1ga<\/h1>\n<p>A Viagra Generic k\u00f6lts\u00e9ghat\u00e9kony \u00e9s sz\u00e9les k\u00f6rben hozz\u00e1f\u00e9rhet\u0151 lehet\u0151s\u00e9get k\u00edn\u00e1l a mereved\u00e9si zavarok kezel\u00e9s\u00e9re, a m\u00e1rkan\u00e9vhez hasonl\u00f3 hat\u00e9konys\u00e1ggal.<\/p>\n<h2>A Viagra Generic bemutat\u00e1sa<\/h2>\n<p>A Viagra Generic n\u00e9pszer\u0171 alternat\u00edv\u00e1ja a Viagra m\u00e1rkan\u00e9vnek, amely ugyanazt a hat\u00f3anyagot, a szildenafil-citr\u00e1tot k\u00edn\u00e1lja kedvez\u0151bb \u00e1ron. Bevezet\u00e9se \u00f3ta sz\u00e9les k\u00f6rben elismert az erekci\u00f3s diszfunkci\u00f3 (ED) kezel\u00e9s\u00e9ben ny\u00fajtott hat\u00e9konys\u00e1ga miatt, amely \u00e1llapot f\u00e9rfiak milli\u00f3it \u00e9rinti vil\u00e1gszerte. Az \u00e1ltal\u00e1nos v\u00e1ltozatok el\u00e9rhet\u0151s\u00e9ge jelent\u0151sen megn\u00f6velte a kezel\u00e9shez val\u00f3 hozz\u00e1f\u00e9r\u00e9st sok olyan szem\u00e9ly sz\u00e1m\u00e1ra, akik kor\u00e1bban t\u00fal magasnak tal\u00e1lt\u00e1k a Viagra m\u00e1rkan\u00e9v k\u00f6lts\u00e9geit.<\/p>\n<p>A generikus gy\u00f3gyszerek j\u00f3v\u00e1hagy\u00e1sa l\u00e9tfontoss\u00e1g\u00fa l\u00e9p\u00e9s a gy\u00f3gyszeriparban, amely lehet\u0151v\u00e9 teszi a verseny fokoz\u00f3d\u00e1s\u00e1t \u00e9s a gy\u00f3gyszer\u00e1rak cs\u00f6kken\u00e9s\u00e9t. A Viagra Genericnek a t\u00f6bbi generikushoz hasonl\u00f3an szigor\u00fa szab\u00e1lyoz\u00e1si szabv\u00e1nyoknak kell megfelelnie, hogy biztos\u00edtsa biztons\u00e1goss\u00e1g\u00e1t \u00e9s hat\u00e9konys\u00e1g\u00e1t, \u00edgy megb\u00edzhat\u00f3 v\u00e1laszt\u00e1si lehet\u0151s\u00e9g az ED miatti kezel\u00e9st k\u00e9r\u0151k sz\u00e1m\u00e1ra.<\/p>\n<h2>Hogyan m\u0171k\u00f6dik a Viagra Generic a szervezetben<\/h2>\n<p>A Viagra Generic \u00fagy m\u0171k\u00f6dik, hogy fokozza a v\u00e9r\u00e1raml\u00e1st a p\u00e9niszbe, ami kritikus folyamat az erekci\u00f3 el\u00e9r\u00e9s\u00e9hez \u00e9s fenntart\u00e1s\u00e1hoz. A hat\u00f3anyag, a szildenafil-citr\u00e1t, egy 5-\u00f6s t\u00edpus\u00fa foszfodi\u00e9szter\u00e1z (PDE5) inhibitor. A PDE5 enzim g\u00e1tl\u00e1s\u00e1val a szildenafil n\u00f6veli a ciklikus guanozin-monofoszf\u00e1t (cGMP) szintj\u00e9t, ami el\u0151seg\u00edti a simaizomsejtek ellazul\u00e1s\u00e1t \u00e9s a p\u00e9nisz v\u00e9rereinek t\u00e1gul\u00e1s\u00e1t.<\/p>\n<p>Ez a hat\u00e1smechanizmus megk\u00f6veteli, hogy a szexu\u00e1lis stimul\u00e1ci\u00f3 hat\u00e9kony legyen, mivel nem k\u00f6zvetlen\u00fcl okoz erekci\u00f3t, hanem fokozza a szexu\u00e1lis izgalomra adott term\u00e9szetes erekci\u00f3s v\u00e1laszt. A hat\u00e1sok \u00e1ltal\u00e1ban a lenyel\u00e9s ut\u00e1n 30-60 percen bel\u00fcl jelentkeznek, \u00e9s ak\u00e1r n\u00e9gy \u00f3r\u00e1ig is eltarthatnak, elegend\u0151 id\u0151t biztos\u00edtva a szexu\u00e1lis tev\u00e9kenys\u00e9ghez.<\/p>\n<h2>A Viagra Generic \u00e9s a Viagra m\u00e1rka \u00f6sszehasonl\u00edt\u00e1sa<\/h2>\n<p>A Viagra Generikus \u00e9s m\u00e1rkanev\u0171 Viagra farmakol\u00f3giailag azonos, ugyanazt a hat\u00f3anyagot azonos koncentr\u00e1ci\u00f3ban tartalmazza. Az els\u0151dleges k\u00fcl\u00f6nbs\u00e9g a k\u00f6lts\u00e9gekben \u00e9s a m\u00e1rkan\u00e9vben rejlik. A generikus v\u00e1ltozatok jellemz\u0151en j\u00f3val olcs\u00f3bbak, mivel nem j\u00e1rnak ugyanazokkal a fejleszt\u00e9si \u00e9s marketing k\u00f6lts\u00e9gekkel, mint az eredeti szabadalmaztatott term\u00e9k.<\/p>\n<p>A k\u00f6lts\u00e9gk\u00fcl\u00f6nbs\u00e9g ellen\u00e9re az \u00e1ltal\u00e1nos verzi\u00f3knak szigor\u00fa szab\u00e1lyoz\u00e1si ir\u00e1nyelveket kell betartani annak biztos\u00edt\u00e1sa \u00e9rdek\u00e9ben, hogy biol\u00f3giailag egyen\u00e9rt\u00e9k\u0171ek legyenek a m\u00e1rkan\u00e9v v\u00e1ltozattal. Ez azt jelenti, hogy ugyanolyan ter\u00e1pi\u00e1s eredm\u00e9nyeket kell el\u00e9rni\u00fck a hat\u00e9konys\u00e1g \u00e9s a biztons\u00e1g tekintet\u00e9ben. A fogyaszt\u00f3k \u00edgy ugyanazt a teljes\u00edtm\u00e9nyt v\u00e1rhatj\u00e1k a Viagra Generict\u0151l, mint a m\u00e1rk\u00e1s term\u00e9kt\u0151l.<\/p>\n<h2>A Viagra Generic haszn\u00e1lat\u00e1nak el\u0151nyei az erekci\u00f3s zavarok kezel\u00e9s\u00e9re<\/h2>\n<p>A Viagra Generic sz\u00e1mos el\u0151nnyel j\u00e1r, k\u00fcl\u00f6n\u00f6sen a megfizethet\u0151s\u00e9g \u00e9s a hozz\u00e1f\u00e9rhet\u0151s\u00e9g ter\u00e9n. Sok f\u00e9rfi sz\u00e1m\u00e1ra a cs\u00f6kkentett k\u00f6lts\u00e9g konzisztens kezel\u00e9si lehet\u0151s\u00e9geket nyit meg, amelyek p\u00e9nz\u00fcgyileg el\u00e9rhetetlenek voltak a m\u00e1rkanev\u0171 gy\u00f3gyszerrel. Ez k\u00fcl\u00f6n\u00f6sen el\u0151ny\u00f6s azokban a r\u00e9gi\u00f3kban, ahol korl\u00e1tozott az eg\u00e9szs\u00e9g\u00fcgyi ell\u00e1t\u00e1s a v\u00e9nyk\u00f6teles gy\u00f3gyszerekre.<\/p>\n<p>Ezenk\u00edv\u00fcl a Viagra Generic meg\u0151rzi ugyanazt a hat\u00e9konys\u00e1got, mint a m\u00e1rkanev\u0171 v\u00e1ltozat, hat\u00e9kony enyh\u00fcl\u00e9st biztos\u00edtva az ED t\u00fcneteire. A helyre\u00e1ll\u00edtott szexu\u00e1lis funkci\u00f3 pszichol\u00f3giai el\u0151nyei jelent\u0151sen jav\u00edthatj\u00e1k az \u00e9letmin\u0151s\u00e9get, jav\u00edthatj\u00e1k a ment\u00e1lis eg\u00e9szs\u00e9get \u00e9s az interperszon\u00e1lis kapcsolatokat.<\/p>\n<h2>A Viagra Generic k\u00f6lts\u00e9ghat\u00e9konys\u00e1ga<\/h2>\n<p>A Viagra Generic k\u00f6lts\u00e9ghat\u00e9konys\u00e1ga az egyik legvonz\u00f3bb tulajdons\u00e1ga. Az alacsonyabb \u00e1rfekv\u00e9s fenntarthat\u00f3 lehet\u0151s\u00e9get k\u00edn\u00e1l a hossz\u00fa t\u00e1v\u00fa kezel\u00e9sre, ami kulcsfontoss\u00e1g\u00fa az olyan kr\u00f3nikus \u00e1llapotok kezel\u00e9s\u00e9ben, mint az erekci\u00f3s diszfunkci\u00f3. Ez a megfizethet\u0151s\u00e9g nem megy a min\u0151s\u00e9g rov\u00e1s\u00e1ra, mivel a generikus v\u00e1ltozatoknak ugyanolyan szigor\u00fa el\u0151\u00edr\u00e1soknak kell megfelelni\u00fck, mint az eredeti gy\u00f3gyszernek.<\/p>\n<p>Az egy\u00e9ni megtakar\u00edt\u00e1sok mellett az <a href=\"https:\/\/expresspatika.com\/viagra-generikus-koltseg-online-veny-nelkul\">https:\/\/expresspatika.com\/viagra-generikus-koltseg-online-veny-nelkul<\/a> \u00e1ltal\u00e1nos lehet\u0151s\u00e9gek el\u00e9rhet\u0151s\u00e9ge \u00e1ltal\u00e1nos eg\u00e9szs\u00e9g\u00fcgyi k\u00f6lts\u00e9gek cs\u00f6kken\u00e9s\u00e9hez vezethet. Ahogy egyre t\u00f6bb beteg v\u00e1lt \u00e1t generikus gy\u00f3gyszerekre, a biztos\u00edt\u00f3k is profit\u00e1lhatnak az alacsonyabb visszat\u00e9r\u00edt\u00e9si r\u00e1t\u00e1kb\u00f3l, ami a megtakar\u00edt\u00e1sokat a fogyaszt\u00f3kra h\u00e1r\u00edthatja \u00e1t cs\u00f6kkentett d\u00edjakon vagy \u00f6nr\u00e9szen kereszt\u00fcl.<\/p>\n<h2>A Viagra Generic lehets\u00e9ges mell\u00e9khat\u00e1sai<\/h2>\n<p>M\u00edg a Viagra Generic \u00e1ltal\u00e1ban j\u00f3l toler\u00e1lhat\u00f3, a felhaszn\u00e1l\u00f3k a m\u00e1rkanev\u0171 gy\u00f3gyszer\u00e9hez hasonl\u00f3 mell\u00e9khat\u00e1sokat tapasztalhatnak. A gyakori mell\u00e9khat\u00e1sok k\u00f6z\u00e9 tartozik a fejf\u00e1j\u00e1s, az arc kipirul\u00e1sa \u00e9s az em\u00e9szt\u00e9si zavar. Egyes felhaszn\u00e1l\u00f3k sz\u00e9d\u00fcl\u00e9st, orrdugul\u00e1st vagy l\u00e1t\u00e1szavarokat is tapasztalhatnak, p\u00e9ld\u00e1ul a l\u00e1t\u00e1s k\u00e9kes \u00e1rnyalat\u00e1t.<\/p>\n<p>Ritka esetekben s\u00falyosabb mell\u00e9khat\u00e1sok l\u00e9phetnek fel, mint p\u00e9ld\u00e1ul priapizmus (n\u00e9gy \u00f3r\u00e1n\u00e1l tov\u00e1bb tart\u00f3 elh\u00faz\u00f3d\u00f3 erekci\u00f3), hirtelen hall\u00e1sveszt\u00e9s vagy sz\u00edvroham t\u00fcnetei. Kulcsfontoss\u00e1g\u00fa, hogy a felhaszn\u00e1l\u00f3k tiszt\u00e1ban legyenek ezekkel a lehets\u00e9ges kock\u00e1zatokkal, \u00e9s forduljanak orvoshoz, ha b\u00e1rmilyen szokatlan vagy s\u00falyos t\u00fcnetet tapasztalnak.<\/p>\n<h2>Hogyan lehet biztons\u00e1gosan beszerezni a Viagra Genericet<\/h2>\n<p>A Viagra Generic biztons\u00e1gos beszerz\u00e9s\u00e9hez elengedhetetlen, hogy t\u00f6rv\u00e9nyes \u00e9s enged\u00e9llyel rendelkez\u0151 gy\u00f3gyszert\u00e1rakban szerezze be. Az online gy\u00f3gyszert\u00e1rak k\u00e9nyelmet ny\u00fajtanak, de a fogyaszt\u00f3knak ellen\u0151rizni\u00fck kell, hogy j\u00f3 h\u00edr\u0171 forr\u00e1sb\u00f3l v\u00e1s\u00e1rolnak. Az Egyes\u00fclt Kir\u00e1lys\u00e1gban a Medicines and Healthcare Products Regulatory Agency (MHRA) \u00e9s az Egyes\u00fclt \u00c1llamokban a Food and Drug Administration (FDA) biztos\u00edt forr\u00e1sokat az online gy\u00f3gyszert\u00e1rak legitimit\u00e1s\u00e1nak ellen\u0151rz\u00e9s\u00e9hez.<\/p>\n<p>Szint\u00e9n fontos, hogy a Viagra Generic elkezd\u00e9se el\u0151tt konzult\u00e1ljon egy eg\u00e9szs\u00e9g\u00fcgyi szakemberrel. Az orvos a beteg k\u00f3rt\u00f6rt\u00e9nete \u00e9s a jelenlegi gy\u00f3gyszeres kezel\u00e9s alapj\u00e1n eld\u00f6ntheti, hogy a gy\u00f3gyszer megfelel\u0151-e, biztos\u00edtva a biztons\u00e1gos \u00e9s hat\u00e9kony alkalmaz\u00e1st.<\/p>\n<h2>Felhaszn\u00e1l\u00f3i tapasztalatok a Viagra Generic haszn\u00e1lat\u00e1val<\/h2>\n<p>A Viagra Generic sok felhaszn\u00e1l\u00f3ja pozit\u00edv tapasztalatokr\u00f3l sz\u00e1mol be, megjegyezve, hogy a Viagra Generic jav\u00edtja az erekci\u00f3s funkci\u00f3t \u00e9s fokozza a szexu\u00e1lis el\u00e9gedetts\u00e9get. A gy\u00f3gyszer hozz\u00e1f\u00e9rhet\u0151s\u00e9ge \u00e9s megfizethet\u0151s\u00e9ge n\u00e9pszer\u0171v\u00e9 tette az ED miatt kezel\u00e9st k\u00e9r\u0151k k\u00f6r\u00e9ben.<\/p>\n<p>Az egy\u00e9ni tapasztalatok azonban elt\u00e9r\u0151ek lehetnek. Egyes felhaszn\u00e1l\u00f3k \u00fagy tal\u00e1lhatj\u00e1k, hogy a hat\u00e1sok megjelen\u00e9si ideje vagy id\u0151tartama kiss\u00e9 elt\u00e9r a v\u00e1rtt\u00f3l. A visszajelz\u00e9sek gyakran r\u00e1vil\u00e1g\u00edtanak annak fontoss\u00e1g\u00e1ra, hogy a gy\u00f3gyszert az utas\u00edt\u00e1soknak megfelel\u0151en szedj\u00e9k, \u00e9s hagyjanak id\u0151t a hat\u00e1sra az optim\u00e1lis eredm\u00e9ny el\u00e9r\u00e9se \u00e9rdek\u00e9ben.<\/p>\n<h2>A Viagra \u00e1ltal\u00e1nos adagol\u00e1sa \u00e9s bead\u00e1sa<\/h2>\n<p>A Viagra Generic szok\u00e1sos kezd\u0151 adagja 50 mg, k\u00f6r\u00fclbel\u00fcl egy \u00f3r\u00e1val a szexu\u00e1lis tev\u00e9kenys\u00e9g el\u0151tt. A hat\u00e1soss\u00e1gt\u00f3l \u00e9s a toler\u00e1lhat\u00f3s\u00e1gt\u00f3l f\u00fcgg\u0151en az adag m\u00f3dos\u00edthat\u00f3, az aj\u00e1nlott 25 mg \u00e9s 100 mg k\u00f6z\u00f6tti tartom\u00e1nyban. Kulcsfontoss\u00e1g\u00fa, hogy ne l\u00e9pj\u00fck t\u00fal a 100 mg-os maxim\u00e1lis aj\u00e1nlott adagot egy 24 \u00f3r\u00e1s id\u0151szak alatt.<\/p>\n<p>A Viagra Generic \u00e9tkez\u00e9s k\u00f6zben vagy an\u00e9lk\u00fcl is bevehet\u0151, de a magas zs\u00edrtartalm\u00fa \u00e9telek k\u00e9sleltethetik a megjelen\u00e9s\u00e9t. A legjobb ter\u00e1pi\u00e1s eredm\u00e9ny biztos\u00edt\u00e1sa \u00e9s a mell\u00e9khat\u00e1sok kock\u00e1zat\u00e1nak minimaliz\u00e1l\u00e1sa \u00e9rdek\u00e9ben fontos, hogy a felhaszn\u00e1l\u00f3k k\u00f6vess\u00e9k eg\u00e9szs\u00e9g\u00fcgyi szolg\u00e1ltat\u00f3juk adagol\u00e1sra vonatkoz\u00f3 utas\u00edt\u00e1sait.<\/p>\n<h2>A Viagra Generic \u00e9s a szexu\u00e1lis eg\u00e9szs\u00e9gre gyakorolt \u200b\u200bhat\u00e1sa<\/h2>\n<p>A Viagra Generic szexu\u00e1lis eg\u00e9szs\u00e9gre gyakorolt \u200b\u200bhat\u00e1sa t\u00falmutat az erekci\u00f3s funkci\u00f3 fizikai vonatkoz\u00e1sain. Az\u00e1ltal, hogy lehet\u0151v\u00e9 teszi a f\u00e9rfiak sz\u00e1m\u00e1ra az erekci\u00f3 el\u00e9r\u00e9s\u00e9t \u00e9s fenntart\u00e1s\u00e1t, jelent\u0151sen jav\u00edthatja az \u00f6nbecs\u00fcl\u00e9st \u00e9s az \u00f6nbizalmat, hozz\u00e1j\u00e1rulva a partnerekkel val\u00f3 eg\u00e9szs\u00e9gesebb szexu\u00e1lis kapcsolathoz.<\/p>\n<p>Ezenk\u00edv\u00fcl a hat\u00e9kony kezel\u00e9si lehet\u0151s\u00e9g el\u00e9rhet\u0151s\u00e9ge enyh\u00edtheti az ED-vel kapcsolatos pszichol\u00f3giai terheket. A szexu\u00e1lis teljes\u00edtm\u00e9nnyel kapcsolatos cs\u00f6kkent szorong\u00e1s \u00e9s stressz kiel\u00e9g\u00edt\u0151bb \u00e9s spont\u00e1nabb szexu\u00e1lis \u00e9lm\u00e9nyekhez vezethet, tov\u00e1bb er\u0151s\u00edtve a szexu\u00e1lis eg\u00e9szs\u00e9get.<\/p>\n<h2>A Viagra Generic k\u00f6lcs\u00f6nhat\u00e1sa m\u00e1s gy\u00f3gyszerekkel<\/h2>\n<p>A Viagra Generic sz\u00e1mos m\u00e1s gy\u00f3gyszerrel k\u00f6lcs\u00f6nhat\u00e1sba l\u00e9phet, ami befoly\u00e1solhatja annak hat\u00e9konys\u00e1g\u00e1t vagy n\u00f6velheti a mell\u00e9khat\u00e1sok kock\u00e1zat\u00e1t. Nevezetesen, nem szabad egy\u00fctt haszn\u00e1lni nitr\u00e1tokkal, amelyeket \u00e1ltal\u00e1ban mellkasi f\u00e1jdalomra \u00edrnak fel, mivel ez a kombin\u00e1ci\u00f3 vesz\u00e9lyes v\u00e9rnyom\u00e1ses\u00e9shez vezethet.<\/p>\n<p>Egy\u00e9b gy\u00f3gyszerek, amelyek k\u00f6lcs\u00f6nhat\u00e1sba l\u00e9phetnek a Viagra Generic-vel, t\u00f6bbek k\u00f6z\u00f6tt bizonyos v\u00e9rnyom\u00e1scs\u00f6kkent\u0151 gy\u00f3gyszerek, gombaellenes szerek \u00e9s bizonyos antibiotikumok. A felhaszn\u00e1l\u00f3knak meg kell adniuk az aktu\u00e1lis gy\u00f3gyszerek teljes list\u00e1j\u00e1t eg\u00e9szs\u00e9g\u00fcgyi szolg\u00e1ltat\u00f3juknak a lehets\u00e9ges k\u00f6lcs\u00f6nhat\u00e1sok elker\u00fcl\u00e9se \u00e9s a gy\u00f3gyszer biztons\u00e1gos haszn\u00e1lat\u00e1nak biztos\u00edt\u00e1sa \u00e9rdek\u00e9ben.<\/p>\n<h2>Viagra Generic: M\u00edtoszok \u00e9s t\u00e9nyek<\/h2>\n<p>Sz\u00e1mos m\u00edtosz \u00f6vezi a Viagra Generic-et, amelyek gyakran t\u00e9vhitekhez vezetnek a haszn\u00e1lat\u00e1val \u00e9s hat\u00e9konys\u00e1g\u00e1val kapcsolatban. Az egyik \u00e1ltal\u00e1nos m\u00edtosz az, hogy a generikus v\u00e1ltozatok kev\u00e9sb\u00e9 hat\u00e9konyak, mint a m\u00e1rkanev\u0171 gy\u00f3gyszerek, ami nem igaz, mivel a generikus gy\u00f3gyszereknek ugyanazoknak a min\u0151s\u00e9gi \u00e9s hat\u00e9konys\u00e1gi szabv\u00e1nyoknak kell megfelelni\u00fck.<\/p>\n<p>Egy m\u00e1sik m\u00edtosz az, hogy a Viagra Generic n\u00f6velheti a szexu\u00e1lis v\u00e1gyat, m\u00edg a val\u00f3s\u00e1gban csak az erekci\u00f3s funkci\u00f3t jav\u00edtja a szexu\u00e1lis stimul\u00e1ci\u00f3 hat\u00e1s\u00e1ra. A Viagra Generic-r\u0151l sz\u00f3l\u00f3 t\u00e9nyek meg\u00e9rt\u00e9se seg\u00edthet a felhaszn\u00e1l\u00f3knak t\u00e1j\u00e9kozott d\u00f6nt\u00e9sek meghozatal\u00e1ban \u00e9s a gy\u00f3gyszer hat\u00e9kony haszn\u00e1lat\u00e1ban.<\/p>\n<h2>A Viagra Generic szab\u00e1lyoz\u00e1si st\u00e1tusza<\/h2>\n<p>A Viagra Generic szab\u00e1lyoz\u00e1si st\u00e1tusza bizony\u00edtja biztons\u00e1goss\u00e1g\u00e1t \u00e9s hat\u00e9konys\u00e1g\u00e1t. Az Egyes\u00fclt Kir\u00e1lys\u00e1gban \u00e9s az EU-ban az Eur\u00f3pai Gy\u00f3gyszer\u00fcgyn\u00f6ks\u00e9g (EMA) \u00e9s a nemzeti \u00fcgyn\u00f6ks\u00e9gek fel\u00fcgyelik a generikus gy\u00f3gyszerek j\u00f3v\u00e1hagy\u00e1s\u00e1t \u00e9s ellen\u0151rz\u00e9s\u00e9t. Az Egyes\u00fclt \u00c1llamokban az FDA biztos\u00edtja, hogy a generikumok megfeleljenek a szigor\u00fa ir\u00e1nyelveknek, miel\u0151tt forgalomba ker\u00fcln\u00e9nek.<\/p>\n<p>Ezek a szab\u00e1lyoz\u00f3 test\u00fcletek megk\u00f6vetelik, hogy a generikus gy\u00f3gyszerek biol\u00f3giailag egyen\u00e9rt\u00e9k\u0171ek legyenek az eredeti m\u00e1rkanev\u0171 term\u00e9kkel, biztos\u00edtva, hogy ugyanazokat a ter\u00e1pi\u00e1s el\u0151ny\u00f6ket biztos\u00edts\u00e1k. Ez a szigor\u00fa folyamat seg\u00edt fenntartani a k\u00f6zv\u00e9lem\u00e9ny bizalm\u00e1t a generikus gy\u00f3gyszerek biztons\u00e1goss\u00e1g\u00e1ban \u00e9s hat\u00e9konys\u00e1g\u00e1ban.<\/p>\n<h2>A mereved\u00e9si zavarok \u00e1ltal\u00e1nos kezel\u00e9s\u00e9nek j\u00f6v\u0151beli fejleszt\u00e9sei<\/h2>\n<p>\u00cdg\u00e9retesnek t\u0171nik az \u00e1ltal\u00e1nos erectilis diszfunkci\u00f3 kezel\u00e9sek j\u00f6v\u0151je, a folyamatos kutat\u00e1s \u00e9s fejleszt\u00e9s a k\u00e9sz\u00edtm\u00e9nyek \u00e9s a bead\u00e1si m\u00f3dszerek jav\u00edt\u00e1s\u00e1ra \u00f6sszpontos\u00edt. A felhaszn\u00e1l\u00f3i \u00e9lm\u00e9ny \u00e9s k\u00e9nyelem fokoz\u00e1sa \u00e9rdek\u00e9ben olyan \u00faj\u00edt\u00e1sokat kutatnak, mint a gyorsabban hat\u00f3 tablett\u00e1k, oldhat\u00f3 cs\u00edkok \u00e9s helyi alkalmaz\u00e1sok.<\/p>\n<p>Ezenk\u00edv\u00fcl az ED m\u00f6g\u00f6ttes okok meg\u00e9rt\u00e9s\u00e9ben el\u00e9rt el\u0151rel\u00e9p\u00e9sek \u00faj ter\u00e1pi\u00e1s c\u00e9lokhoz vezethetnek, kisz\u00e9les\u00edtve a rendelkez\u00e9sre \u00e1ll\u00f3 kezel\u00e9si lehet\u0151s\u00e9gek k\u00f6r\u00e9t. A generikumok n\u00f6vekv\u0151 el\u00e9rhet\u0151s\u00e9ge val\u00f3sz\u00edn\u0171leg tov\u00e1bbra is cs\u00f6kkenti a k\u00f6lts\u00e9geket, \u00e9s sz\u00e9lesebb lakoss\u00e1g sz\u00e1m\u00e1ra teszi el\u00e9rhet\u0151v\u00e9 ezeket a kezel\u00e9seket.<\/p>\n<h2>K\u00f6vetkeztet\u00e9s: M\u00e9rj\u00fck fel a Viagra Generic el\u0151nyeit \u00e9s hat\u00e9konys\u00e1g\u00e1t<\/h2>\n<p>A Viagra Generic leny\u0171g\u00f6z\u0151 lehet\u0151s\u00e9get k\u00edn\u00e1l azok sz\u00e1m\u00e1ra, akik hat\u00e9kony kezel\u00e9st keresnek az erekci\u00f3s zavarok kezel\u00e9s\u00e9re. Megfizethet\u0151s\u00e9g\u00e9nek \u00e9s bizony\u00edtott hat\u00e9konys\u00e1g\u00e1nak k\u00f6sz\u00f6nhet\u0151en vonz\u00f3 alternat\u00edv\u00e1ja a m\u00e1rkanev\u0171 Viagra, amely hasonl\u00f3 ter\u00e1pi\u00e1s el\u0151ny\u00f6ket biztos\u00edt p\u00e9nz\u00fcgyi megterhel\u00e9s n\u00e9lk\u00fcl.<\/p>\n<p>M\u00edg a lehets\u00e9ges mell\u00e9khat\u00e1sokat \u00e9s a gy\u00f3gyszerk\u00f6lcs\u00f6nhat\u00e1sokat gondosan m\u00e9rlegelni kell, a Viagra Generic sz\u00e9les k\u00f6r\u0171 el\u00e9rhet\u0151s\u00e9ge \u00e9s szab\u00e1lyoz\u00e1si fel\u00fcgyelete biztos\u00edtja, hogy tov\u00e1bbra is biztons\u00e1gos \u00e9s \u00e9letk\u00e9pes v\u00e1laszt\u00e1s maradjon sok egy\u00e9n sz\u00e1m\u00e1ra. Ahogy a kutat\u00e1s \u00e9s fejleszt\u00e9s folyamatosan fejl\u0151dik, az erekci\u00f3s zavarok kezel\u00e9s\u00e9nek ter\u00fclete b\u0151v\u00fclni k\u00e9sz\u00fcl, \u00e9s rem\u00e9nyt ad azoknak, akiket ez a gyakori \u00e1llapot \u00e9rint.<\/p>\n","protected":false},"excerpt":{"rendered":"<p>A Viagra Generic el\u0151nyei \u00e9s hat\u00e9konys\u00e1ga A Viagra Generic k\u00f6lts\u00e9ghat\u00e9kony \u00e9s sz\u00e9les k\u00f6rben hozz\u00e1f\u00e9rhet\u0151 lehet\u0151s\u00e9get k\u00edn\u00e1l a mereved\u00e9si zavarok kezel\u00e9s\u00e9re, a m\u00e1rkan\u00e9vhez hasonl\u00f3 hat\u00e9konys\u00e1ggal. A Viagra Generic bemutat\u00e1sa A Viagra Generic n\u00e9pszer\u0171 alternat\u00edv\u00e1ja a Viagra m\u00e1rkan\u00e9vnek, amely ugyanazt a hat\u00f3anyagot, a szildenafil-citr\u00e1tot k\u00edn\u00e1lja kedvez\u0151bb \u00e1ron. Bevezet\u00e9se \u00f3ta sz\u00e9les k\u00f6rben elismert az erekci\u00f3s diszfunkci\u00f3 (ED) kezel\u00e9s\u00e9ben [&hellip;]<\/p>\n","protected":false},"author":1,"featured_media":0,"parent":0,"menu_order":0,"comment_status":"closed","ping_status":"closed","template":"","meta":{"footnotes":""},"class_list":["post-17735","page","type-page","status-publish","hentry"],"_links":{"self":[{"href":"http:\/\/haywire.pl\/index.php?rest_route=\/wp\/v2\/pages\/17735","targetHints":{"allow":["GET"]}}],"collection":[{"href":"http:\/\/haywire.pl\/index.php?rest_route=\/wp\/v2\/pages"}],"about":[{"href":"http:\/\/haywire.pl\/index.php?rest_route=\/wp\/v2\/types\/page"}],"author":[{"embeddable":true,"href":"http:\/\/haywire.pl\/index.php?rest_route=\/wp\/v2\/users\/1"}],"replies":[{"embeddable":true,"href":"http:\/\/haywire.pl\/index.php?rest_route=%2Fwp%2Fv2%2Fcomments&post=17735"}],"version-history":[{"count":1,"href":"http:\/\/haywire.pl\/index.php?rest_route=\/wp\/v2\/pages\/17735\/revisions"}],"predecessor-version":[{"id":17736,"href":"http:\/\/haywire.pl\/index.php?rest_route=\/wp\/v2\/pages\/17735\/revisions\/17736"}],"wp:attachment":[{"href":"http:\/\/haywire.pl\/index.php?rest_route=%2Fwp%2Fv2%2Fmedia&parent=17735"}],"curies":[{"name":"wp","href":"https:\/\/api.w.org\/{rel}","templated":true}]}}