{"id":17000,"date":"2026-03-24T11:37:21","date_gmt":"2026-03-24T11:37:21","guid":{"rendered":"http:\/\/haywire.pl\/?page_id=17000"},"modified":"2026-03-24T11:37:21","modified_gmt":"2026-03-24T11:37:21","slug":"intelegerea-kamagra-polo-si-utilizarile-sale","status":"publish","type":"page","link":"http:\/\/haywire.pl\/?page_id=17000","title":{"rendered":"\u00cen\u021belegerea Kamagra Polo \u0219i utiliz\u0103rile sale"},"content":{"rendered":"<h1>Kamagra Polo vs Levitra (vardenafil): care este mai bine pentru nevoile dvs?<\/h1>\n<p>Alegerea dintre Kamagra Polo \u0219i Levitra necesit\u0103 \u00een\u021belegerea utiliz\u0103rilor, mecanismelor, efectelor secundare \u0219i a altor factori critici.<\/p>\n<h2>\u00cen\u021belegerea Kamagra Polo \u0219i utiliz\u0103rile sale<\/h2>\n<p>Kamagra Polo este un medicament oral utilizat pentru a trata disfunc\u021bia erectil\u0103 (DE) la b\u0103rba\u021bi. Este o variant\u0103 a cunoscutului brand Kamagra, oferind o form\u0103 masticabil\u0103 pentru un aport mai convenabil. Ingredientul activ din Kamagra Polo este citratul de sildenafil, care este acela\u0219i compus g\u0103sit \u00een Viagra. Acest medicament ac\u021bioneaz\u0103 prin cre\u0219terea fluxului de s\u00e2nge c\u0103tre penis, ajut\u00e2nd la ob\u021binerea \u0219i men\u021binerea erec\u021biei atunci c\u00e2nd este excitat sexual.<\/p>\n<p>Adesea preferat pentru u\u0219urin\u021ba sa de utilizare, Kamagra Polo este deosebit de popular printre cei care au dificult\u0103\u021bi \u00een \u00eenghi\u021birea tabletelor. \u00cen plus, dizolvarea sa rapid\u0103 \u00een gur\u0103 \u00eenseamn\u0103 c\u0103 poate \u00eencepe s\u0103 func\u021bioneze mai repede dec\u00e2t tabletele tradi\u021bionale. Cu toate acestea, este esen\u021bial s\u0103 re\u021bine\u021bi c\u0103 Kamagra Polo nu este un remediu pentru ED, ci o solu\u021bie temporar\u0103 pentru a facilita activitatea sexual\u0103.<\/p>\n<h2>Prezentare general\u0103 a Levitra (Vardenafil) \u0219i a beneficiilor acestuia<\/h2>\n<p>Levitra, cu ingredientul s\u0103u activ vardenafil, este un alt medicament proeminent pentru tratarea disfunc\u021biei erectile. La fel ca sildenafilul, vardenafilul este un inhibitor PDE5, care ajut\u0103 la cre\u0219terea fluxului sanguin c\u0103tre penis \u00een timpul stimul\u0103rii sexuale. Introdus ca un concurent direct al Viagra, Levitra ofer\u0103 o structur\u0103 chimic\u0103 u\u0219or diferit\u0103, oferind o alternativ\u0103 pentru cei care ar putea s\u0103 nu r\u0103spund\u0103 bine la sildenafil.<\/p>\n<p>Unul dintre principalele avantaje ale Levitra este capacitatea sa de a lucra eficient la b\u0103rba\u021bii cu probleme de s\u0103n\u0103tate subiacente, cum ar fi diabetul sau colesterolul ridicat. Acest lucru \u00eel face o op\u021biune valoroas\u0103 pentru un spectru mai larg de pacien\u021bi. \u00cen plus, Levitra este cunoscut pentru probabilitatea sa mai mic\u0103 de a provoca tulbur\u0103ri vizuale, un efect secundar comun asociat cu al\u021bi inhibitori PDE5.<\/p>\n<h2>Mecanism de ac\u021biune: Cum func\u021bioneaz\u0103 Kamagra Polo<\/h2>\n<p>Kamagra Polo func\u021bioneaz\u0103 prin inhibarea enzimei fosfodiesterazei de tip 5 (PDE5). Aceast\u0103 enzim\u0103 este responsabil\u0103 pentru descompunerea guanozin monofosfatului ciclic (cGMP), un compus care regleaz\u0103 fluxul de s\u00e2nge \u00een penis. C\u00e2nd are loc stimularea sexual\u0103, nivelul cGMP cre\u0219te, ceea ce duce la relaxarea celulelor musculare netede \u0219i la dilatarea vaselor de s\u00e2nge din penis, duc\u00e2nd la o erec\u021bie.<\/p>\n<p>Prin blocarea PDE5, Kamagra Polo previne descompunerea cGMP, prelungindu-i astfel efectele. Acest mecanism asigur\u0103 c\u0103 mai mult s\u00e2nge r\u0103m\u00e2ne \u00een penis, sus\u021bin\u00e2nd o erec\u021bie pe o durat\u0103 satisf\u0103c\u0103toare. Este important s\u0103 ne amintim c\u0103 excitarea sexual\u0103 este necesar\u0103 pentru ca Kamagra Polo s\u0103 fie eficient\u0103, deoarece medicamentul nu induce o erec\u021bie f\u0103r\u0103 ea.<\/p>\n<h2>Mecanism de ac\u021biune: Cum func\u021bioneaz\u0103 Levitra (Vardenafil)<\/h2>\n<p>Levitra func\u021bioneaz\u0103 similar cu Kamagra Polo prin \u021bintirea enzimei PDE5. Vardenafilul, ingredientul activ din Levitra, inhib\u0103 PDE5, cresc\u00e2nd astfel nivelurile de cGMP \u00een \u021besutul penian. Acest lucru are ca rezultat cre\u0219terea fluxului sanguin \u0219i capacitatea de a ob\u021bine \u0219i men\u021bine o erec\u021bie \u00een timpul activit\u0103\u021bii sexuale.<\/p>\n<p>\u00cen timp ce ac\u021biunea fundamental\u0103 este asem\u0103n\u0103toare cu cea a sildenafilului, vardenafilul este cunoscut pentru c\u0103 este mai selectiv \u00een inhibarea PDE5. Aceast\u0103 selectivitate poate contribui la mai pu\u021bine efecte secundare legate de inhibitorii PDE5, permi\u021b\u00e2nd un r\u0103spuns mai adaptat la pacien\u021bii cu afec\u021biuni specifice de s\u0103n\u0103tate. Ca \u0219i Kamagra Polo, Levitra necesit\u0103 stimulare sexual\u0103 pentru a fi eficient.<\/p>\n<h2>Diferen\u021bele cheie \u00eentre Kamagra Polo \u0219i Levitra<\/h2>\n<p>\u00cen timp ce at\u00e2t Kamagra Polo c\u00e2t \u0219i Levitra urm\u0103resc s\u0103 trateze disfunc\u021bia erectil\u0103, ele difer\u0103 ca compozi\u021bie \u0219i form\u0103. Kamagra Polo con\u021bine sildenafil, \u00een timp ce Levitra con\u021bine vardenafil, fiecare oferind beneficii \u0219i considera\u021bii unice. Kamagra Polo este cunoscut pentru formatul s\u0103u masticabil, care poate fi mai atr\u0103g\u0103tor pentru unii utilizatori, \u00een timp ce Levitra este de obicei luat sub form\u0103 de tablete.<\/p>\n<p>\u00cen plus, selectivitatea vardenafilului \u00een <a href=\"https:\/\/livrare-rapida.com\/kamagra-polo-cost-online-fara-reteta\">https:\/\/livrare-rapida.com\/kamagra-polo-cost-online-fara-reteta<\/a> Levitra poate duce la mai pu\u021bine efecte secundare sistemice pentru unii utilizatori, comparativ cu sildenafil. Cu toate acestea, r\u0103spunsul personal poate varia semnificativ, ceea ce face crucial s\u0103 se ia \u00een considerare condi\u021biile individuale de s\u0103n\u0103tate \u0219i poten\u021bialele interac\u021biuni cu alte medicamente atunci c\u00e2nd alege\u021bi dintre aceste dou\u0103 op\u021biuni.<\/p>\n<h2>Efectele secundare ale Kamagra Polo<\/h2>\n<p>Efectele secundare frecvente ale Kamagra Polo includ dureri de cap, \u00eenro\u0219ire, indigestie \u0219i congestie nazal\u0103. Aceste efecte sunt \u00een general u\u0219oare \u0219i tind s\u0103 se rezolve de la sine. Unii utilizatori pot prezenta, de asemenea, ame\u021beli sau tulbur\u0103ri de vedere, de\u0219i acestea sunt mai pu\u021bin frecvente.<\/p>\n<p>\u00cen cazuri rare, pot ap\u0103rea reac\u021bii adverse mai severe, cum ar fi priapism (erec\u021bie prelungit\u0103), pierderea brusc\u0103 a auzului sau simptome de atac de cord. Este imperativ s\u0103 solicita\u021bi asisten\u021b\u0103 medical\u0103 dac\u0103 apare oricare dintre aceste reac\u021bii severe. Ca \u0219i \u00een cazul oric\u0103rui medicament, este important s\u0103 discuta\u021bi riscurile poten\u021biale cu un furnizor de asisten\u021b\u0103 medical\u0103 \u00eenainte de a \u00eencepe Kamagra Polo.<\/p>\n<h2>Efecte secundare ale Levitra (Vardenafil)<\/h2>\n<p>Levitra \u00eemp\u0103rt\u0103\u0219e\u0219te unele efecte secundare comune cu Kamagra Polo, inclusiv dureri de cap, \u00eenro\u0219irea fe\u021bei \u0219i congestia nazal\u0103. Utilizatorii pot prezenta, de asemenea, ame\u021beli sau stomac deranjat. Cu toate acestea, datorit\u0103 structurii sale chimice, Levitra este adesea asociat cu mai pu\u021bine tulbur\u0103ri vizuale.<\/p>\n<p>Reac\u021biile adverse grave sunt rare, dar pot include priapism, pierderea brusc\u0103 a vederii sau o sc\u0103dere sever\u0103 a tensiunii arteriale. Pacien\u021bii cu afec\u021biuni cardiovasculare preexistente trebuie s\u0103 fie precau\u021bi \u0219i s\u0103 se consulte cu un profesionist din domeniul s\u0103n\u0103t\u0103\u021bii pentru a se asigura c\u0103 Levitra este o op\u021biune sigur\u0103 pentru ei.<\/p>\n<h2>Recomand\u0103ri de dozare pentru Kamagra Polo<\/h2>\n<p>Kamagra Polo este de obicei disponibil \u00een doze de 100 mg, cu recomandarea de a-l lua cu aproximativ 30 de minute p\u00e2n\u0103 la o or\u0103 \u00eenainte de activitatea sexual\u0103. Efectul medicamentului poate dura p\u00e2n\u0103 la patru ore, oferind o fereastr\u0103 potrivit\u0103 pentru actul sexual. Este esen\u021bial s\u0103 nu dep\u0103\u0219i\u021bi doza prescris\u0103 pentru a evita riscul crescut de reac\u021bii adverse.<\/p>\n<p>Pacien\u021bii sunt sf\u0103tui\u021bi s\u0103 \u00eenceap\u0103 cu o doz\u0103 mai mic\u0103 dac\u0103 prezint\u0103 reac\u021bii adverse sau dac\u0103 au anumite afec\u021biuni medicale care ar putea exacerba efectele secundare. Consultarea cu un furnizor de asisten\u021b\u0103 medical\u0103 poate ajuta la determinarea dozei optime \u00een func\u021bie de nevoile \u0219i r\u0103spunsurile individuale de s\u0103n\u0103tate.<\/p>\n<h2>Ghid de dozare pentru Levitra (Vardenafil)<\/h2>\n<p>Levitra este de obicei prescris \u00een doze de 10 mg, luate cu aproximativ 25 p\u00e2n\u0103 la 60 de minute \u00eenainte de activitatea sexual\u0103. \u00cen func\u021bie de eficacitatea \u0219i tolerabilitatea sa, doza poate fi ajustat\u0103, cu o doz\u0103 maxim\u0103 recomandat\u0103 de 20 mg. Ca \u0219i Kamagra Polo, Levitra nu trebuie luat mai mult de o dat\u0103 pe zi.<\/p>\n<p>Pentru adul\u021bii \u00een v\u00e2rst\u0103 sau cei cu afec\u021biuni hepatice, poate fi recomandat\u0103 o doz\u0103 ini\u021bial\u0103 mai mic\u0103. Ca \u0219i \u00een cazul oric\u0103rui medicament, respectarea instruc\u021biunilor de dozare prescrise este esen\u021bial\u0103 pentru a minimiza riscul de efecte secundare \u0219i pentru a ob\u021bine cel mai bun rezultat terapeutic.<\/p>\n<h2>Compara\u021bie de eficacitate: Kamagra Polo vs Levitra<\/h2>\n<p>\u00cen ceea ce prive\u0219te eficacitatea, at\u00e2t Kamagra Polo, c\u00e2t \u0219i Levitra au ar\u0103tat rezultate pozitive \u00een tratamentul disfunc\u021biei erectile. De\u0219i r\u0103spunsurile individuale pot varia, studiile sugereaz\u0103 c\u0103 ambele medicamente au rate de eficacitate similare, majoritatea utilizatorilor raport\u00e2nd erec\u021bii satisf\u0103c\u0103toare \u0219i performan\u021be sexuale \u00eembun\u0103t\u0103\u021bite.<\/p>\n<p>Cu toate acestea, unii utilizatori pot descoperi c\u0103 un medicament func\u021bioneaz\u0103 mai bine dec\u00e2t cel\u0103lalt din cauza condi\u021biilor personale de s\u0103n\u0103tate sau a preferin\u021belor. De exemplu, cei care prefer\u0103 un debut rapid s-ar putea \u00eenclina c\u0103tre Kamagra Polo datorit\u0103 formei sale masticabile, \u00een timp ce al\u021bii ar putea opta pentru Levitra pentru inciden\u021ba redus\u0103 a efectelor secundare specifice.<\/p>\n<h2>Ora de debut: Kamagra Polo vs Levitra<\/h2>\n<p>Timpul de debut pentru Kamagra Polo este de obicei mai rapid din cauza naturii sale masticabile, put\u00e2nd avea efect \u00een 30 de minute. Aceast\u0103 absorb\u021bie rapid\u0103 poate fi benefic\u0103 pentru situa\u021bii spontane. Cu toate acestea, se recomand\u0103 s\u0103 l\u0103sa\u021bi p\u00e2n\u0103 la o or\u0103 pentru o eficacitate optim\u0103.<\/p>\n<p>Levitra, pe de alt\u0103 parte, \u00ee\u0219i face efectul \u00een general \u00een 30 p\u00e2n\u0103 la 60 de minute dup\u0103 ingerare. De\u0219i este pu\u021bin mai lung dec\u00e2t Kamagra Polo, acest interval de timp este \u00eenc\u0103 considerat prompt, oferind o preg\u0103tire adecvat\u0103 pentru activitatea sexual\u0103 planificat\u0103.<\/p>\n<h2>Durata efectelor: Kamagra Polo vs Levitra<\/h2>\n<p>Durata efectelor pentru Kamagra Polo este de aproximativ patru p\u00e2n\u0103 la \u0219ase ore, permi\u021b\u00e2nd mai multe oportunit\u0103\u021bi de act sexual \u00een aceast\u0103 perioad\u0103. Aceast\u0103 durat\u0103 este \u00een general suficient\u0103 pentru majoritatea utilizatorilor, oferind flexibilitate \u00een sincronizare.<\/p>\n<p>\u00cen mod similar, Levitra ofer\u0103 o durat\u0103 de ac\u021biune care dureaz\u0103 aproximativ patru p\u00e2n\u0103 la cinci ore. Durata comparabil\u0103 dintre cele dou\u0103 medicamente \u00eenseamn\u0103 c\u0103 alegerea se reduce adesea la al\u021bi factori, cum ar fi efectele secundare, timpul de debut \u0219i preferin\u021bele personale, mai degrab\u0103 dec\u00e2t durata eficacit\u0103\u021bii.<\/p>\n<h2>Compara\u021bie de pre\u021b: accesibilitatea Kamagra Polo \u0219i Levitra<\/h2>\n<p>\u00cen ceea ce prive\u0219te costul, Kamagra Polo este adesea considerat mai accesibil \u00een compara\u021bie cu medicamentele de marc\u0103 precum Levitra. Aceast\u0103 rentabilitate o poate face o alegere atractiv\u0103 pentru cei care sunt sensibili la pre\u021b sau necesit\u0103 tratament pe termen lung.<\/p>\n<p>Cu toate acestea, pre\u021burile pot varia semnificativ \u00een func\u021bie de loca\u021bie, farmacie \u0219i dac\u0103 medicamentul este achizi\u021bionat ca produs generic sau de marc\u0103. Pacien\u021bii ar trebui s\u0103 ia \u00een considerare at\u00e2t costul, c\u00e2t \u0219i acoperirea de asigurare atunci c\u00e2nd aleg \u00eentre Kamagra Polo \u0219i Levitra.<\/p>\n<h2>Recenzii \u0219i experien\u021be ale utilizatorilor: Kamagra Polo vs Levitra<\/h2>\n<p>Recenziile utilizatorilor pentru Kamagra Polo eviden\u021biaz\u0103 adesea natura sa rapid\u0103 \u0219i u\u0219urin\u021ba \u00een utilizare. Mul\u021bi utilizatori apreciaz\u0103 formatul masticabil, care elimin\u0103 nevoia de ap\u0103 \u0219i simplific\u0103 consumul. Cu toate acestea, unii utilizatori raporteaz\u0103 variabilitate \u00een eficacitate \u00een func\u021bie de sursa achizi\u021biei, subliniind importan\u021ba ob\u021binerii de medicamente de la furnizori de renume.<\/p>\n<p>Levitra prime\u0219te laud\u0103 pentru fiabilitatea sa \u0219i efectele secundare reduse, \u00een special \u00een r\u00e2ndul celor cu probleme specifice de s\u0103n\u0103tate. Utilizatorii men\u021bioneaz\u0103 adesea performan\u021ba constant\u0103 \u0219i adecvarea acesteia pentru persoanele cu afec\u021biuni comorbide, cum ar fi diabetul sau hipertensiunea arterial\u0103, drept beneficii notabile.<\/p>\n<h2>A face alegerea corect\u0103: factori de luat \u00een considerare<\/h2>\n<p>Atunci c\u00e2nd decide\u021bi \u00eentre Kamagra Polo \u0219i Levitra, trebuie lua\u021bi \u00een considerare mai mul\u021bi factori. Acestea includ afec\u021biuni individuale de s\u0103n\u0103tate, poten\u021biale interac\u021biuni medicamentoase, preferin\u021be personale \u00een ceea ce prive\u0219te forma de dozare \u0219i accesibilitatea. Consultarea cu un furnizor de asisten\u021b\u0103 medical\u0103 poate ajuta la clarificarea medicamentelor care se potrivesc cel mai bine cu nevoile specifice \u0219i stilul de via\u021b\u0103.<\/p>\n<p>\u00cen cele din urm\u0103, at\u00e2t Kamagra Polo, c\u00e2t \u0219i Levitra au avantajele lor unice \u0219i poten\u021bialele dezavantaje. Lu\u00e2nd \u00een considerare diferen\u021bele cheie \u0219i evalu\u00e2nd priorit\u0103\u021bile personale, persoanele pot lua o decizie informat\u0103 care s\u0103 le optimizeze tratamentul pentru disfunc\u021bia erectil\u0103.<\/p>\n","protected":false},"excerpt":{"rendered":"<p>Kamagra Polo vs Levitra (vardenafil): care este mai bine pentru nevoile dvs? Alegerea dintre Kamagra Polo \u0219i Levitra necesit\u0103 \u00een\u021belegerea utiliz\u0103rilor, mecanismelor, efectelor secundare \u0219i a altor factori critici. \u00cen\u021belegerea Kamagra Polo \u0219i utiliz\u0103rile sale Kamagra Polo este un medicament oral utilizat pentru a trata disfunc\u021bia erectil\u0103 (DE) la b\u0103rba\u021bi. Este o variant\u0103 a cunoscutului [&hellip;]<\/p>\n","protected":false},"author":1,"featured_media":0,"parent":0,"menu_order":0,"comment_status":"closed","ping_status":"closed","template":"","meta":{"footnotes":""},"class_list":["post-17000","page","type-page","status-publish","hentry"],"_links":{"self":[{"href":"http:\/\/haywire.pl\/index.php?rest_route=\/wp\/v2\/pages\/17000","targetHints":{"allow":["GET"]}}],"collection":[{"href":"http:\/\/haywire.pl\/index.php?rest_route=\/wp\/v2\/pages"}],"about":[{"href":"http:\/\/haywire.pl\/index.php?rest_route=\/wp\/v2\/types\/page"}],"author":[{"embeddable":true,"href":"http:\/\/haywire.pl\/index.php?rest_route=\/wp\/v2\/users\/1"}],"replies":[{"embeddable":true,"href":"http:\/\/haywire.pl\/index.php?rest_route=%2Fwp%2Fv2%2Fcomments&post=17000"}],"version-history":[{"count":1,"href":"http:\/\/haywire.pl\/index.php?rest_route=\/wp\/v2\/pages\/17000\/revisions"}],"predecessor-version":[{"id":17001,"href":"http:\/\/haywire.pl\/index.php?rest_route=\/wp\/v2\/pages\/17000\/revisions\/17001"}],"wp:attachment":[{"href":"http:\/\/haywire.pl\/index.php?rest_route=%2Fwp%2Fv2%2Fmedia&parent=17000"}],"curies":[{"name":"wp","href":"https:\/\/api.w.org\/{rel}","templated":true}]}}