{"id":16874,"date":"2026-03-24T10:38:51","date_gmt":"2026-03-24T10:38:51","guid":{"rendered":"http:\/\/haywire.pl\/?page_id=16874"},"modified":"2026-03-24T10:38:51","modified_gmt":"2026-03-24T10:38:51","slug":"razumevanje-antabuse-kaj-je-in-kako-deluje","status":"publish","type":"page","link":"http:\/\/haywire.pl\/?page_id=16874","title":{"rendered":"Razumevanje Antabuse: kaj je in kako deluje"},"content":{"rendered":"<h1>Antabuse Generic pri starej\u0161ih odraslih: navodila<\/h1>\n<p>Ta \u010dlanek vsebuje iz\u010drpne smernice o uporabi generi\u010dnega zdravila Antabuse pri starej\u0161ih odraslih ob upo\u0161tevanju njegovih u\u010dinkov, upravljanja in potrebnih podpornih sistemov.<\/p>\n<h2>Razumevanje Antabuse: kaj je in kako deluje<\/h2>\n<p>Antabuse, generi\u010dno znan kot disulfiram, je zdravilo, ki se uporablja za podporo pri zdravljenju kroni\u010dnega alkoholizma s povzro\u010danjem akutne ob\u010dutljivosti na etanol. Deluje tako, da zavira encim acetaldehid dehidrogenazo, kar vodi do neprijetne reakcije ob zau\u017eitju alkohola. Ta reakcija vklju\u010duje simptome, kot so zardevanje, slabost in palpitacije, ki posameznike u\u010dinkovito odvrnejo od pitja alkohola.<\/p>\n<p>Mehanizem Antabuse ni le kaznovalni; je psiholo\u0161ko odvra\u010dilno sredstvo, ki pomaga okrepiti odlo\u010ditev o vzdr\u017enosti od alkohola. S povezovanjem u\u017eivanja alkohola z negativnimi telesnimi odzivi Antabuse slu\u017ei kot vedenjsko odvra\u010dalo za posameznike, ki so zavezani treznosti.<\/p>\n<h2>Pomen zdravila Antabuse pri zdravljenju odvisnosti od alkohola<\/h2>\n<p>Antabuse igra klju\u010dno vlogo pri zdravljenju odvisnosti od alkohola, zlasti pri posameznikih, ki imajo te\u017eave z ohranjanjem treznosti na druge na\u010dine. Pogosto se uporablja v povezavi s svetovanjem in podpornimi skupinami, da se pove\u010da njegova u\u010dinkovitost. Zdravilo slu\u017ei kot stalen opomin na zavezo vzdr\u017enosti in pomaga prekiniti krog zasvojenosti.<\/p>\n<p>Poleg tega je lahko Antabuse \u0161e posebej koristen pri ustvarjanju strukturiranega na\u010drta zdravljenja. Z zagotavljanjem otipljivega orodja v boju proti odvisnosti od alkohola lahko pomaga zgraditi temelje za okrevanje in dolgoro\u010dno treznost, zaradi \u010desar je pogosto klju\u010dna sestavina celovitih programov zdravljenja.<\/p>\n<h2>Posebni premisleki za starej\u0161e odrasle, ki jemljejo zdravilo Antabuse<\/h2>\n<p>Pri predpisovanju zdravila Antabuse starej\u0161im odraslim je treba upo\u0161tevati ve\u010d dejavnikov, povezanih s starostjo. Staranje lahko vpliva na to, kako se zdravila presnavljajo, kar vodi do razlik v u\u010dinkovitosti in varnosti zdravil. Starej\u0161i odrasli imajo lahko tudi so\u010dasna zdravstvena stanja, ki zahtevajo skrbno obravnavo poleg zdravljenja z zdravilom Antabuse.<\/p>\n<p>Poleg tega se lahko kognitivne funkcije in zmo\u017enost upo\u0161tevanja re\u017eima zdravljenja med starej\u0161imi odraslimi znatno razlikujejo. To od izvajalcev zdravstvenih storitev zahteva, da ocenijo kognitivne in fizi\u010dne sposobnosti bolnikov, da zagotovijo, da lahko varno in u\u010dinkovito vklju\u010dijo zdravilo Antabuse v svoj na\u010drt zdravljenja.<\/p>\n<h2>Potencialni stranski u\u010dinki zdravila Antabuse pri starej\u0161ih<\/h2>\n<p>\u010ceprav se zdravilo Antabuse na splo\u0161no dobro prena\u0161a, se lahko pri starej\u0161ih odraslih pojavijo stranski u\u010dinki, ki so lahko bolj izraziti zaradi njihove starosti. Pogosti ne\u017eeleni u\u010dinki vklju\u010dujejo zaspanost, glavobol in ko\u017eni izpu\u0161\u010daj. Resnej\u0161e u\u010dinke, kot so toksi\u010dnost za jetra, nevropatija in psihiatri\u010dni simptomi, je treba skrbno spremljati, \u010deprav so redki.<\/p>\n<p>S starostjo povezane spremembe delovanja jeter lahko pove\u010dajo tveganje za hepatotoksi\u010dnost pri starej\u0161ih bolnikih. Zato se priporo\u010dajo redni testi delovanja jeter, da se morebitne te\u017eave zgodaj odkrijejo. Bolnike je treba spodbujati, da nemudoma poro\u010dajo o kakr\u0161nih koli nenavadnih simptomih, kar omogo\u010di pravo\u010dasno posredovanje.<\/p>\n<h2>Spremljanje in prilagajanje odmerka zdravila Antabuse za starej\u0161e odrasle<\/h2>\n<p>Dolo\u010danje ustreznega odmerka zdravila Antabuse za starej\u0161e odrasle zahteva skrbno preu\u010ditev. Pogosto se priporo\u010da za\u010detek z najmanj\u0161im u\u010dinkovitim odmerkom s postopnimi prilagoditvami glede na bolnikov odziv in toleranco. Nenehno spremljanje je bistvenega pomena za zagotovitev, da ostaja odmerek varen in u\u010dinkovit.<\/p>\n<p>Pogosti nadaljnji pregledi lahko izvajalcem zdravstvenega <a href=\"https:\/\/lekarnaslovenije.com\/kupi-antabuse-genericna-online-brez-recepta\">https:\/\/lekarnaslovenije.com\/kupi-antabuse-genericna-online-brez-recepta<\/a> varstva pomagajo oceniti u\u010dinek zdravila in narediti potrebne prilagoditve. Te ocene bi morale vklju\u010devati oceno fizi\u010dnega in psiholo\u0161kega odziva na zdravilo Antabuse, kar bi zagotovilo celovit pristop k zdravljenju.<\/p>\n<h2>Interakcije z zdravili: kaj bi morali vedeti starej\u0161i odrasli<\/h2>\n<p>Starej\u0161im odraslim pogosto predpisujejo ve\u010d zdravil, zaradi \u010desar je mo\u017enost medsebojnega delovanja med jemanjem zdravila Antabuse precej\u0161nja skrb. Disulfiram lahko medsebojno deluje z nekaterimi zdravili, kot so antikoagulanti, antikonvulzivi in \u200b\u200bantidepresivi, kar lahko bodisi okrepi ali zmanj\u0161a njihov u\u010dinek.<\/p>\n<p>. Ponudniki zdravstvenega varstva morajo biti pozorni na odkrivanje morebitnih interakcij in ustrezno prilagajanje na\u010drtov zdravljenja, da prepre\u010dijo ne\u017eelene u\u010dinke.<\/p>\n<h2>Vloga zdravstvenih delavcev pri zdravljenju z antabusom<\/h2>\n<p>Ponudniki zdravstvenih storitev igrajo klju\u010dno vlogo pri uspe\u0161nem zdravljenju starej\u0161ih z zdravilom Antabuse. Celovite ocene, izobra\u017eevanje bolnikov in stalna podpora so temeljne sestavine u\u010dinkovitega zdravljenja. Ponudniki morajo zagotoviti, da bolniki popolnoma razumejo naravo zdravila Antabuse in njegove interakcije z alkoholom.<\/p>\n<p>Poleg tega lahko redno spremljanje in odprta komunikacija med pacientom in zdravstvenim delavcem takoj odpravita morebitne pomisleke ali ne\u017eelene u\u010dinke. Ta proaktivni pristop pomaga ohranjati u\u010dinkovitost in varnost zdravljenja, kar na koncu podpira bolj\u0161e zdravstvene rezultate.<\/p>\n<h2>Prilagoditve \u017eivljenjskega sloga za starej\u0161e odrasle na Antabuse<\/h2>\n<p>Da bi pove\u010dali u\u010dinkovitost zdravila Antabuse, bodo starej\u0161i odrasli morda morali nekoliko prilagoditi \u017eivljenjski slog. Izogibanje izdelkom, ki vsebujejo alkohol, kot so nekateri sirupi proti ka\u0161lju, ustne vode in celo nekatera \u017eivila, je klju\u010dnega pomena za prepre\u010devanje ne\u017eelenih reakcij.<\/p>\n<p>Poleg tega lahko sprejetje zdravega na\u010dina \u017eivljenja, ki vklju\u010duje uravnote\u017eeno prehrano, redno vadbo in ustrezen po\u010ditek, podpira splo\u0161no dobro po\u010dutje posameznikov na Antabuse. Ti ukrepi ne izbolj\u0161ajo samo fizi\u010dnega zdravja, ampak tudi pove\u010dajo du\u0161evno odpornost in pomagajo pri procesu okrevanja.<\/p>\n<h2>Prepoznavanje znakov prevelikega odmerjanja zdravila Antabuse pri starej\u0161ih bolnikih<\/h2>\n<p>Preveliko odmerjanje zdravila Antabuse je lahko smrtno nevarno in zahteva takoj\u0161njo zdravni\u0161ko pomo\u010d. Znaki prevelikega odmerjanja lahko vklju\u010dujejo hudo zaspanost, zmedenost, bruhanje in mi\u0161i\u010dno oslabelost. Pri starej\u0161ih odraslih lahko te simptome zamenjamo za te\u017eave, povezane s starostjo, zaradi \u010desar je treba imeti visok indeks suma.<\/p>\n<p>Izvajalci zdravstvenega varstva morajo bolnike in negovalce pou\u010diti o znakih prevelikega odmerjanja in pomembnosti iskanja nujne medicinske pomo\u010di, \u010de se ti simptomi pojavijo. Zgodnji poseg lahko prepre\u010di resne zaplete in izbolj\u0161a rezultate okrevanja.<\/p>\n<h2>Podpora du\u0161evnemu zdravju pri starej\u0161ih odraslih z uporabo zdravila Antabuse<\/h2>\n<p>Podpora du\u0161evnemu zdravju je sestavni del zdravljenja starej\u0161ih odraslih z odvisnostjo od alkohola. Stigma, povezana z motnjo u\u017eivanja alkohola, lahko povzro\u010di ob\u010dutke sramu in izolacije, zlasti pri starej\u0161ih odraslih. Zagotavljanje dostopa do svetovanja in podpornih skupin lahko bistveno izbolj\u0161a rezultate du\u0161evnega zdravja.<\/p>\n<p>Poleg tega je klju\u010dnega pomena obravnava morebitnih osnovnih du\u0161evnih stanj, kot sta depresija ali tesnoba. Celovit pristop, ki vklju\u010duje psihiatri\u010dno oceno in terapijo, lahko pomaga starej\u0161im odraslim pri soo\u010danju s \u010dustvenimi izzivi, povezanimi z odvisnostjo od alkohola in uporabo zdravila Antabuse.<\/p>\n<h2>Pravni in eti\u010dni vidiki predpisovanja zdravila Antabuse starej\u0161im<\/h2>\n<p>Predpisovanje zdravila Antabuse starej\u0161im odraslim vklju\u010duje upo\u0161tevanje razli\u010dnih pravnih in eti\u010dnih vidikov. Informirana privolitev je najpomembnej\u0161a, saj zagotavlja, da bolniki razumejo mo\u017ena tveganja in koristi zdravljenja. To vklju\u010duje razpravo o verjetnosti ne\u017eelenih u\u010dinkov in pomembnosti vzdr\u017eanja alkohola.<\/p>\n<p>Izvajalci zdravstvenih storitev morajo pri odlo\u010danju o zdravljenju upo\u0161tevati tudi pacientovo avtonomijo in kognitivne sposobnosti. V primerih, ko je prisotna kognitivna okvara, vklju\u010ditev dru\u017einskih \u010dlanov ali pravnih zastopnikov v proces odlo\u010danja zagotavlja ohranjanje eti\u010dnih standardov.<\/p>\n<h2>Strategije za izbolj\u0161anje skladnosti z zdravljenjem z zdravilom Antabuse<\/h2>\n<p>Zagotavljanje skladnosti z zdravljenjem z zdravilom Antabuse pri starej\u0161ih odraslih je lahko izziv. Strategije, kot so poenostavitev re\u017eimov jemanja zdravil, uporaba organizatorjev tabletk in nastavitev opomnikov, lahko pomagajo izbolj\u0161ati adherenco. Redni nadaljnji obiski nudijo prilo\u017enost za razpravo o kakr\u0161nih koli ovirah za skladnost in po potrebi prilagoditev na\u010drta zdravljenja.<\/p>\n<p>Vklju\u010devanje pacientov v njihov proces zdravljenja z izobra\u017eevanjem o pomenu privr\u017eenosti in vklju\u010devanjem v dolo\u010danje ciljev zdravljenja lahko prav tako izbolj\u0161a skladnost. Pristop, osredoto\u010den na bolnika, pogosto povzro\u010di ve\u010djo predanost na\u010drtu zdravljenja in bolj\u0161e rezultate.<\/p>\n<h2>Podpora dru\u017eini in negovalcem za starej\u0161e odrasle na Antabuse<\/h2>\n<p>Podpora dru\u017eine in negovalcev je klju\u010dnega pomena za uspe\u0161no zdravljenje z zdravilom Antabuse. Izobra\u017eevanje dru\u017einskih \u010dlanov o zdravilu, njegovih u\u010dinkih in pomenu privr\u017eenosti lahko ustvari podporno okolje za bolnika. Negovalce je treba spodbujati, da pomagajo pri upravljanju zdravil in spremljajo morebitne ne\u017eelene u\u010dinke.<\/p>\n<p>Poleg tega lahko vklju\u010ditev dru\u017eine v svetovalne seje ali podporne skupine okrepi pacientovo mre\u017eo podpore. Ta sodelovalni pristop ne le pomaga pri okrevanju, ampak tudi izbolj\u0161a splo\u0161no kakovost \u017eivljenja starej\u0161ih odraslih, ki se zdravijo.<\/p>\n<h2>Dolgoro\u010dni rezultati uporabe zdravila Antabuse pri starej\u0161ih odraslih<\/h2>\n<p>Dolgotrajna uporaba zdravila Antabuse pri starej\u0161ih odraslih lahko privede do trajne treznosti in izbolj\u0161ane kakovosti \u017eivljenja. Vendar zahteva stalno predanost bolnikov in njihovih zdravstvenih ekip. Dolgotrajno spremljanje zagotavlja takoj\u0161njo obravnavo vseh nastajajo\u010dih zdravstvenih te\u017eav in po potrebi prilagoditev zdravljenja.<\/p>\n<p>\u0160tudije ka\u017eejo, da je pri starej\u0161ih odraslih, ki se dr\u017eijo zdravljenja z zdravilom Antabuse poleg podpornih terapij, ve\u010dja verjetnost, da bodo ohranili abstinenco od alkohola. Z obravnavo fizi\u010dnih in psiholo\u0161kih vidikov odvisnosti od alkohola postane dolgoro\u010dni uspeh bolj dosegljiv cilj.<\/p>\n<h2>Alternative za zdravilo Antabuse za odvisnost od alkohola pri starej\u0161ih<\/h2>\n<p>\u010ceprav je Antabuse dragoceno orodje pri zdravljenju odvisnosti od alkohola, morda ni primeren za vse starej\u0161e odrasle. Razmisliti je mogo\u010de o alternativah, kot sta naltrekson in akamprosat, od katerih ima vsaka svoj mehanizem in prednosti. Naltrekson deluje tako, da zmanj\u0161a \u017eeljo, medtem ko akamprosat pomaga vzdr\u017eevati abstinenco s stabilizacijo kemi\u010dnega ravnovesja v mo\u017eganih.<\/p>\n<p>Te alternative so lahko \u0161e posebej koristne za bolnike, ki ne prena\u0161ajo zdravila Antabuse ali imajo kontraindikacije. Osebni na\u010drt zdravljenja, ki upo\u0161teva posameznikovo zdravstveno stanje, preference in cilje zdravljenja, je klju\u010dnega pomena za doseganje najbolj\u0161ih rezultatov pri obvladovanju odvisnosti od alkohola.<\/p>\n","protected":false},"excerpt":{"rendered":"<p>Antabuse Generic pri starej\u0161ih odraslih: navodila Ta \u010dlanek vsebuje iz\u010drpne smernice o uporabi generi\u010dnega zdravila Antabuse pri starej\u0161ih odraslih ob upo\u0161tevanju njegovih u\u010dinkov, upravljanja in potrebnih podpornih sistemov. Razumevanje Antabuse: kaj je in kako deluje Antabuse, generi\u010dno znan kot disulfiram, je zdravilo, ki se uporablja za podporo pri zdravljenju kroni\u010dnega alkoholizma s povzro\u010danjem akutne ob\u010dutljivosti [&hellip;]<\/p>\n","protected":false},"author":1,"featured_media":0,"parent":0,"menu_order":0,"comment_status":"closed","ping_status":"closed","template":"","meta":{"footnotes":""},"class_list":["post-16874","page","type-page","status-publish","hentry"],"_links":{"self":[{"href":"http:\/\/haywire.pl\/index.php?rest_route=\/wp\/v2\/pages\/16874","targetHints":{"allow":["GET"]}}],"collection":[{"href":"http:\/\/haywire.pl\/index.php?rest_route=\/wp\/v2\/pages"}],"about":[{"href":"http:\/\/haywire.pl\/index.php?rest_route=\/wp\/v2\/types\/page"}],"author":[{"embeddable":true,"href":"http:\/\/haywire.pl\/index.php?rest_route=\/wp\/v2\/users\/1"}],"replies":[{"embeddable":true,"href":"http:\/\/haywire.pl\/index.php?rest_route=%2Fwp%2Fv2%2Fcomments&post=16874"}],"version-history":[{"count":1,"href":"http:\/\/haywire.pl\/index.php?rest_route=\/wp\/v2\/pages\/16874\/revisions"}],"predecessor-version":[{"id":16875,"href":"http:\/\/haywire.pl\/index.php?rest_route=\/wp\/v2\/pages\/16874\/revisions\/16875"}],"wp:attachment":[{"href":"http:\/\/haywire.pl\/index.php?rest_route=%2Fwp%2Fv2%2Fmedia&parent=16874"}],"curies":[{"name":"wp","href":"https:\/\/api.w.org\/{rel}","templated":true}]}}