{"id":16868,"date":"2026-03-24T10:35:24","date_gmt":"2026-03-24T10:35:24","guid":{"rendered":"http:\/\/haywire.pl\/?page_id=16868"},"modified":"2026-03-24T10:35:24","modified_gmt":"2026-03-24T10:35:24","slug":"prehled-moznosti-podpory-prestat-kourit","status":"publish","type":"page","link":"http:\/\/haywire.pl\/?page_id=16868","title":{"rendered":"P\u0159ehled mo\u017enost\u00ed podpory p\u0159estat kou\u0159it"},"content":{"rendered":"<h1>Podpory pro odvyk\u00e1n\u00ed kou\u0159en\u00ed, kter\u00e9 prod\u00e1v\u00e1me: vareniklin a behavior\u00e1ln\u00ed pom\u016fcky: poradenstv\u00ed NHS vs soukrom\u00e1 online p\u00e9\u010de<\/h1>\n<p>Zkoum\u00e1n\u00ed r\u016fzn\u00fdch podpor odvyk\u00e1n\u00ed kou\u0159en\u00ed, v\u010detn\u011b vareniklinu a behavior\u00e1ln\u00edch pom\u016fcek, a srovn\u00e1n\u00ed poradenstv\u00ed NHS se soukromou online p\u00e9\u010d\u00ed.<\/p>\n<h2>P\u0159ehled mo\u017enost\u00ed podpory p\u0159estat kou\u0159it<\/h2>\n<p>P\u0159estat kou\u0159it je v\u00fdznamn\u00fdm krokem ke zlep\u0161en\u00ed zdravotn\u00edho stavu a existuje cel\u00e1 \u0159ada dostupn\u00fdch podpor, kter\u00e9 pom\u00e1haj\u00ed v tomto n\u00e1ro\u010dn\u00e9m \u00fasil\u00ed. Obecn\u011b lze tyto podpory rozd\u011blit na farmakologick\u00e9 pom\u016fcky, jako je vareniklin, a behavior\u00e1ln\u00ed intervence. Farmakologick\u00e9 pom\u016fcky funguj\u00ed tak, \u017ee sni\u017euj\u00ed chu\u0165 k j\u00eddlu a abstinen\u010dn\u00ed p\u0159\u00edznaky, zat\u00edmco behavior\u00e1ln\u00ed pom\u016fcky se zam\u011b\u0159uj\u00ed na zm\u011bnu n\u00e1vyk\u016f a ment\u00e1ln\u00edch vzorc\u016f spojen\u00fdch s kou\u0159en\u00edm.<\/p>\n<p>Ve Spojen\u00e9m kr\u00e1lovstv\u00ed nab\u00edzej\u00ed tyto podpory jak National Health Service (NHS), tak soukrom\u00ed poskytovatel\u00e9 online p\u00e9\u010de, ka\u017ed\u00fd se sv\u00fdm vlastn\u00edm p\u0159\u00edstupem a zdroji. NHS poskytuje strukturovan\u00e9 programy, kter\u00e9 \u010dasto zahrnuj\u00ed kombinaci l\u00e9k\u016f a poradenstv\u00ed, zat\u00edmco soukrom\u00ed poskytovatel\u00e9 mohou nab\u00edzet personalizovan\u011bj\u0161\u00ed nebo p\u0159\u00edstupn\u011bj\u0161\u00ed slu\u017eby, kter\u00e9 mohou b\u00fdt p\u0159izp\u016fsobeny individu\u00e1ln\u00edm pot\u0159eb\u00e1m. Pochopen\u00ed rozd\u00edl\u016f mezi t\u011bmito mo\u017enostmi je z\u00e1sadn\u00ed pro ka\u017ed\u00e9ho, kdo se sna\u017e\u00ed efektivn\u011b p\u0159estat kou\u0159it.<\/p>\n<h2>Role vareniklinu v odvyk\u00e1n\u00ed kou\u0159en\u00ed<\/h2>\n<p>Vareniklin, b\u011b\u017en\u011b prod\u00e1van\u00fd pod zna\u010dkou Champix, je l\u00e9k na p\u0159edpis pou\u017e\u00edvan\u00fd k tomu, aby pomohl lidem p\u0159estat kou\u0159it. Funguje tak, \u017ee stimuluje nikotinov\u00e9 receptory v mozku, sni\u017euje chu\u0165 k j\u00eddlu a abstinen\u010dn\u00ed p\u0159\u00edznaky a blokuje odm\u011b\u0148uj\u00edc\u00ed \u00fa\u010dinky nikotinu, pokud u\u017eivatel kou\u0159\u00ed. Tato dvoj\u00ed akce z n\u011bj d\u011bl\u00e1 mocn\u00fd n\u00e1stroj v arzen\u00e1lu proti z\u00e1vislosti na kou\u0159en\u00ed.<\/p>\n<p>Klinick\u00e9 studie uk\u00e1zaly, \u017ee vareniklin t\u00e9m\u011b\u0159 zdvojn\u00e1sobuje \u0161ance na odvyk\u00e1n\u00ed ve srovn\u00e1n\u00ed s l\u00e9\u010dbou placebem. Nen\u00ed v\u0161ak vhodn\u00fd pro ka\u017ed\u00e9ho a poskytovatel\u00e9 zdravotn\u00ed p\u00e9\u010de obvykle posuzuj\u00ed potenci\u00e1ln\u00ed u\u017eivatele z hlediska kontraindikac\u00ed, jako je psychiatrick\u00e9 onemocn\u011bn\u00ed v anamn\u00e9ze. Navzdory sv\u00e9 \u00fa\u010dinnosti se vareniklin \u010dasto pou\u017e\u00edv\u00e1 ve spojen\u00ed s podporou chov\u00e1n\u00ed k \u0159e\u0161en\u00ed psychologick\u00fdch aspekt\u016f z\u00e1vislosti.<\/p>\n<h2>Behavior\u00e1ln\u00ed pom\u016fcky pro odvyk\u00e1n\u00ed kou\u0159en\u00ed<\/h2>\n<p>Behavior\u00e1ln\u00ed pom\u016fcky zahrnuj\u00ed \u0159adu strategi\u00ed ur\u010den\u00fdch k podpo\u0159e jednotlivc\u016f v odvyk\u00e1n\u00ed kou\u0159en\u00ed \u00fapravou jejich chov\u00e1n\u00ed a my\u0161lenkov\u00fdch vzorc\u016f. Ty mohou zahrnovat poradenstv\u00ed, kognitivn\u011b behavior\u00e1ln\u00ed terapii (CBT) a skupinov\u00e1 podp\u016frn\u00e1 sezen\u00ed. C\u00edlem t\u011bchto intervenc\u00ed je pomoci jednotlivc\u016fm identifikovat spou\u0161t\u011b\u010de, rozv\u00edjet strategie zvl\u00e1d\u00e1n\u00ed a udr\u017eet motivaci b\u011bhem procesu odvyk\u00e1n\u00ed.<\/p>\n<p>Behavior\u00e1ln\u00ed pom\u016fcky jsou zvl\u00e1\u0161t\u011b cenn\u00e9, proto\u017ee \u0159e\u0161\u00ed psychickou z\u00e1vislost na kou\u0159en\u00ed, jej\u00ed\u017e p\u0159ekon\u00e1n\u00ed m\u016f\u017ee b\u00fdt stejn\u011b n\u00e1ro\u010dn\u00e9 jako fyzick\u00e1 z\u00e1vislost. D\u016fkazy nazna\u010duj\u00ed, \u017ee kombinace behavior\u00e1ln\u00ed podpory s farmakologickou l\u00e9\u010dbou, jako je vareniklin, v\u00fdznamn\u011b zvy\u0161uje pravd\u011bpodobnost \u00fasp\u011bchu dlouhodob\u00e9ho odvyk\u00e1n\u00ed. Tento integrovan\u00fd p\u0159\u00edstup je \u0161iroce podporov\u00e1n zdravotn\u00edky, proto\u017ee se zab\u00fdv\u00e1 fyzick\u00fdmi i psychick\u00fdmi aspekty z\u00e1vislosti na kou\u0159en\u00ed.<\/p>\n<h2>Pokyny NHS k podpo\u0159e odvyk\u00e1n\u00ed kou\u0159en\u00ed<\/h2>\n<p>NHS poskytuje komplexn\u00ed poradenstv\u00ed a podporu jednotlivc\u016fm, kte\u0159\u00ed cht\u011bj\u00ed p\u0159estat kou\u0159it. To zahrnuje p\u0159\u00edstup k \u0159ad\u011b l\u00e9\u010debn\u00fdch postup\u016f zalo\u017een\u00fdch na d\u016fkazech, jako je nikotinov\u00e1 substitu\u010dn\u00ed terapie (NRT), l\u00e9ky na p\u0159edpis, jako je vareniklin, a strukturovan\u00e1 behavior\u00e1ln\u00ed podpora. NHS nab\u00edz\u00ed bezplatn\u00e9 slu\u017eby pro odvyk\u00e1n\u00ed kou\u0159en\u00ed, kter\u00e9 \u010dasto za\u010d\u00ednaj\u00ed \u00favodn\u00ed konzultac\u00ed s c\u00edlem p\u0159izp\u016fsobit pl\u00e1n odvyk\u00e1n\u00ed na m\u00edru individu\u00e1ln\u00edm pot\u0159eb\u00e1m.<\/p>\n<p>Programy NHS jsou navr\u017eeny tak, aby byly dostupn\u00e9 a podp\u016frn\u00e9, se slu\u017ebami dostupn\u00fdmi prost\u0159ednictv\u00edm m\u00edstn\u00edch klinik, praktick\u00fdch l\u00e9ka\u0159\u016f a dokonce i l\u00e9k\u00e1ren. Kampan\u011b ve\u0159ejn\u00e9ho zdrav\u00ed tak\u00e9 hraj\u00ed v\u00fdznamnou roli p\u0159i podpo\u0159e odvyk\u00e1n\u00ed kou\u0159en\u00ed, poskytuj\u00ed informace a motivaci, kter\u00e9 pom\u00e1haj\u00ed jednotlivc\u016fm rozhodnout se p\u0159estat kou\u0159it. Holistick\u00fd p\u0159\u00edstup NHS si klade za c\u00edl poskytnout podp\u016frn\u00e9 prost\u0159ed\u00ed pro ku\u0159\u00e1ky, kte\u0159\u00ed se cht\u011bj\u00ed zbavit z\u00e1vislosti na nikotinu.<\/p>\n<h2>Soukrom\u00e1 online p\u00e9\u010de o odvyk\u00e1n\u00ed kou\u0159en\u00ed<\/h2>\n<p>Soukrom\u00e1 online p\u00e9\u010de nab\u00edz\u00ed alternativn\u00ed cestu pro jednotlivce, kte\u0159\u00ed cht\u011bj\u00ed p\u0159estat kou\u0159it, \u010dasto poskytuje v\u011bt\u0161\u00ed flexibilitu a pohodl\u00ed ve srovn\u00e1n\u00ed s tradi\u010dn\u00edmi slu\u017ebami NHS. Tyto platformy obvykle nab\u00edzej\u00ed p\u0159\u00edstup k l\u00e9k\u016fm na p\u0159edpis, jako je vareniklin, a behavior\u00e1ln\u00ed podpora prost\u0159ednictv\u00edm digit\u00e1ln\u00edch konzultac\u00ed a personalizovan\u00fdch pl\u00e1n\u016f odvyk\u00e1n\u00ed. P\u0159ita\u017elivost soukrom\u00e9 online p\u00e9\u010de spo\u010d\u00edv\u00e1 v jej\u00ed dostupnosti; u\u017eivatel\u00e9 mohou \u010dasto z\u00edskat podporu z pohodl\u00ed sv\u00e9ho domova v \u010dasech, kter\u00fd jim vyhovuje.<\/p>\n<p>Krom\u011b toho mohou soukrom\u00ed poskytovatel\u00e9 nab\u00edzet v\u00edce <a href=\"https:\/\/zdravi-domu.cz\/\">Zdrav\u00ed Dom\u016f<\/a> slu\u017eeb na m\u00edru, jako je individu\u00e1ln\u00ed kou\u010dov\u00e1n\u00ed nebo sezen\u00ed behavior\u00e1ln\u00ed terapie na m\u00edru. Tato personalizovan\u00e1 pozornost m\u016f\u017ee b\u00fdt zvl\u00e1\u0161t\u011b p\u0159\u00ednosn\u00e1 pro jednotlivce, kte\u0159\u00ed nemus\u00ed prosperovat ve standardizovan\u011bj\u0161\u00edm programu NHS. I kdy\u017e soukrom\u00e1 p\u00e9\u010de n\u011bco stoj\u00ed, m\u016f\u017ee to b\u00fdt v\u00fdhodn\u00e1 investice pro ty, kte\u0159\u00ed hledaj\u00ed p\u0159izp\u016fsoben\u011bj\u0161\u00ed p\u0159\u00edstup k odvyk\u00e1n\u00ed kou\u0159en\u00ed.<\/p>\n<h2>Porovn\u00e1n\u00ed p\u0159\u00edstup\u016f NHS a soukrom\u00e9 online p\u00e9\u010de<\/h2>\n<p>P\u0159\u00edstupy NHS i soukrom\u00e9 online p\u00e9\u010de maj\u00ed sv\u00e9 v\u00fdhody a nejlep\u0161\u00ed volba \u010dasto z\u00e1vis\u00ed na individu\u00e1ln\u00edch preferenc\u00edch a okolnostech. NHS poskytuje strukturovan\u00fd komunitn\u00ed p\u0159\u00edstup se zam\u011b\u0159en\u00edm na dostupnost a ve\u0159ejn\u00e9 zdrav\u00ed a nab\u00edz\u00ed \u0161irokou \u0161k\u00e1lu zdroj\u016f bez n\u00e1klad\u016f pro u\u017eivatele. Naproti tomu soukrom\u00e1 p\u00e9\u010de \u010dasto nab\u00edz\u00ed v\u011bt\u0161\u00ed flexibilitu a personalizaci, co\u017e je p\u0159ita\u017eliv\u00e9 pro ty, kte\u0159\u00ed preferuj\u00ed zku\u0161enosti \u0161it\u00e9 na m\u00edru.<\/p>\n<p>Jeden podstatn\u00fd rozd\u00edl spo\u010d\u00edv\u00e1 v poskytov\u00e1n\u00ed slu\u017eeb. NHS obvykle vy\u017eaduje osobn\u00ed konzultace a n\u00e1sledn\u00e1 opat\u0159en\u00ed, zat\u00edmco soukrom\u00e1 online p\u00e9\u010de umo\u017e\u0148uje virtu\u00e1ln\u00ed interakce, co\u017e m\u016f\u017ee b\u00fdt pohodln\u011bj\u0161\u00ed pro ty, kdo maj\u00ed zanepr\u00e1zdn\u011bn\u00fd \u017eivotn\u00ed styl. Nakonec by rozhodnut\u00ed mezi NHS a soukromou p\u00e9\u010d\u00ed m\u011blo vz\u00edt v \u00favahu faktory, jako jsou osobn\u00ed preference, pot\u0159eba pohodl\u00ed a \u00farove\u0148 po\u017eadovan\u00e9 podpory.<\/p>\n<h2>\u00da\u010dinnost vareniklinu: NHS vs soukrom\u00e1 p\u00e9\u010de<\/h2>\n<p>\u00da\u010dinnost vareniklinu p\u0159i odvyk\u00e1n\u00ed kou\u0159en\u00ed je dob\u0159e zdokumentov\u00e1na, ale jeho \u00fasp\u011bch se m\u016f\u017ee li\u0161it v z\u00e1vislosti na pou\u017eit\u00e9m modelu p\u00e9\u010de. V r\u00e1mci NHS je vareniklin p\u0159edepisov\u00e1n jako sou\u010d\u00e1st komplexn\u00edho pl\u00e1nu odvyk\u00e1n\u00ed, \u010dasto doprov\u00e1zen\u00fd behavior\u00e1ln\u00ed podporou, kter\u00e1 zvy\u0161uje jeho \u00fa\u010dinnost. Strukturovan\u00e9 sledov\u00e1n\u00ed a podpora komunity dostupn\u00e1 prost\u0159ednictv\u00edm NHS m\u016f\u017ee v\u00fdznamn\u011b p\u0159isp\u011bt k vy\u0161\u0161\u00ed \u00fasp\u011b\u0161nosti.<\/p>\n<p>Naproti tomu soukrom\u00e1 online p\u00e9\u010de m\u016f\u017ee nab\u00edzet vareniklin s \u010dast\u011bj\u0161\u00edmi personalizovan\u00fdmi konzultacemi a podporou, co\u017e potenci\u00e1ln\u011b poskytuje okam\u017eitou reakci na jak\u00e9koli probl\u00e9my nebo vedlej\u0161\u00ed \u00fa\u010dinky, se kter\u00fdmi se u\u017eivatel setk\u00e1. Flexibilita a potenci\u00e1l pro personalizovanou p\u00e9\u010di v soukrom\u00e9 p\u00e9\u010di by mohly u n\u011bkter\u00fdch jedinc\u016f v\u00e9st k lep\u0161\u00ed adherenci a v\u00fdsledk\u016fm. Oba modely p\u00e9\u010de v\u0161ak mohou b\u00fdt \u00fa\u010dinn\u00e9 a \u00fasp\u011bch \u010dasto z\u00e1vis\u00ed na anga\u017eovanosti jednotlivce a podpo\u0159e, kter\u00e9 se mu dost\u00e1v\u00e1.<\/p>\n<h2>Strategie behavior\u00e1ln\u00ed pomoci: NHS versus soukrom\u00ed poskytovatel\u00e9<\/h2>\n<p>NHS vyu\u017e\u00edv\u00e1 r\u016fzn\u00e9 strategie podpory chov\u00e1n\u00ed, v\u010detn\u011b skupinov\u00e9 podpory, CBT a individu\u00e1ln\u00edho poradenstv\u00ed. Tyto slu\u017eby jsou \u010dasto integrov\u00e1ny do \u0161ir\u0161\u00edho r\u00e1mce ve\u0159ejn\u00e9ho zdrav\u00ed, co\u017e zaji\u0161\u0165uje, \u017ee jednotlivci maj\u00ed p\u0159\u00edstup k podp\u016frn\u00e9 komunit\u011b a bohatstv\u00ed zdroj\u016f. Zam\u011b\u0159en\u00ed NHS na komunitn\u00ed a kolegi\u00e1ln\u00ed podporu m\u016f\u017ee b\u00fdt zvl\u00e1\u0161t\u011b motivuj\u00edc\u00ed pro jednotlivce, kte\u0159\u00ed t\u011b\u017e\u00ed ze soci\u00e1ln\u00edho pos\u00edlen\u00ed.<\/p>\n<p>Naopak soukrom\u00ed poskytovatel\u00e9 mohou nab\u00edzet v\u00edce p\u0159izp\u016fsoben\u00e9 behavior\u00e1ln\u00ed intervence, jako je personalizovan\u00e9 kou\u010dov\u00e1n\u00ed nebo terapeutick\u00e9 sezen\u00ed navr\u017een\u00e9 speci\u00e1ln\u011b pro jednotlivce. Tento p\u0159izp\u016fsoben\u00fd p\u0159\u00edstup m\u016f\u017ee b\u00fdt prosp\u011b\u0161n\u00fd pro ty, kte\u0159\u00ed pot\u0159ebuj\u00ed v\u00edce individualizovanou strategii pro \u0159e\u0161en\u00ed sv\u00fdch ku\u0159\u00e1ck\u00fdch n\u00e1vyk\u016f. Volba mezi NHS a soukromou behavior\u00e1ln\u00ed podporou \u010dasto z\u00e1vis\u00ed na osobn\u00edch preferenc\u00edch a po\u017eadovan\u00e9 \u00farovni personalizace.<\/p>\n<h2>Dostupnost podpory odvyk\u00e1n\u00ed kou\u0159en\u00ed<\/h2>\n<p>Dostupnost je z\u00e1sadn\u00edm faktorem \u00fa\u010dinnosti podpory odvyk\u00e1n\u00ed kou\u0159en\u00ed. NHS poskytuje \u0161irok\u00e9 slu\u017eby, kter\u00e9 jsou v m\u00edst\u011b pou\u017eit\u00ed zdarma, co\u017e zaji\u0161\u0165uje, \u017ee v\u0161ichni jednotlivci, bez ohledu na finan\u010dn\u00ed situaci, maj\u00ed p\u0159\u00edstup k podpo\u0159e. Zem\u011bpisn\u00e1 omezen\u00ed a pot\u0159eba osobn\u00edch n\u00e1v\u0161t\u011bv v\u0161ak mohou n\u011bkdy br\u00e1nit v dostupnosti pro osoby ve vzd\u00e1len\u00fdch oblastech.<\/p>\n<p>Soukrom\u00e1 online p\u00e9\u010de zm\u00edr\u0148uje tyto p\u0159ek\u00e1\u017eky t\u00edm, \u017ee nab\u00edz\u00ed slu\u017eby, kter\u00e9 jsou dostupn\u00e9 z jak\u00e9hokoli m\u00edsta s p\u0159\u00edstupem k internetu. To m\u016f\u017ee b\u00fdt v\u00fdhodn\u00e9 zejm\u00e9na pro osoby ve venkovsk\u00fdch oblastech nebo s omezenou pohyblivost\u00ed. Nicm\u00e9n\u011b n\u00e1klady na soukromou p\u00e9\u010di mohou b\u00fdt pro n\u011bkter\u00e9 p\u0159ek\u00e1\u017ekou, co\u017e zd\u016fraz\u0148uje d\u016fle\u017eitost zv\u00e1\u017een\u00ed dostupnosti s finan\u010dn\u00edmi ohledy p\u0159i v\u00fdb\u011bru metody podpory odvyk\u00e1n\u00ed kou\u0159en\u00ed.<\/p>\n<h2>N\u00e1kladov\u00e9 d\u016fsledky NHS a soukrom\u00e9 p\u00e9\u010de<\/h2>\n<p>N\u00e1klady na podporu p\u0159i odvyk\u00e1n\u00ed kou\u0159en\u00ed se mohou v\u00fdrazn\u011b li\u0161it mezi mo\u017enostmi NHS a soukrom\u00e9 p\u00e9\u010de. NHS nab\u00edz\u00ed sv\u00e9 slu\u017eby zdarma, \u010d\u00edm\u017e odstra\u0148uje finan\u010dn\u00ed p\u0159ek\u00e1\u017eku v p\u0159\u00edstupu k farmakologick\u00fdm a behavior\u00e1ln\u00edm pom\u016fck\u00e1m. To z n\u011bj \u010din\u00ed atraktivn\u00ed mo\u017enost pro mnoho jednotlivc\u016f, zejm\u00e9na pro ty, kte\u0159\u00ed si hl\u00eddaj\u00ed n\u00e1klady nebo maj\u00ed omezen\u00e9 finan\u010dn\u00ed zdroje.<\/p>\n<p>Naproti tomu soukrom\u00e1 p\u00e9\u010de obvykle vy\u017eaduje platby p\u0159\u00edmo z kapes, kter\u00e9 mohou b\u00fdt zna\u010dn\u00e9 v z\u00e1vislosti na poskytovan\u00fdch slu\u017eb\u00e1ch a l\u00e9c\u00edch. I kdy\u017e to m\u016f\u017ee b\u00fdt pro n\u011bkter\u00e9 odstra\u0161uj\u00edc\u00ed, pro jin\u00e9 se m\u016f\u017ee tato investice vyplatit pro dodate\u010dnou flexibilitu a personalizaci nab\u00edzenou soukrom\u00fdmi poskytovateli. V kone\u010dn\u00e9m d\u016fsledku m\u016f\u017ee rozhodnut\u00ed z\u00e1viset na finan\u010dn\u00ed situaci jednotlivce a na hodnot\u011b, kterou p\u0159ikl\u00e1d\u00e1 v\u00fdhod\u00e1m soukrom\u00e9 p\u00e9\u010de.<\/p>\n<h2>Zku\u0161enosti a spokojenost pacient\u016f<\/h2>\n<p>Spokojenost a zku\u0161enosti pacient\u016f hraj\u00ed kl\u00ed\u010dovou roli v \u00fasp\u011bchu program\u016f pro odvyk\u00e1n\u00ed kou\u0159en\u00ed. Slu\u017eby NHS jsou \u010dasto chv\u00e1leny pro svou komplexn\u00ed podporu a komunitn\u00ed p\u0159\u00edstup, kter\u00fd m\u016f\u017ee podporovat pocit soun\u00e1le\u017eitosti a motivace. N\u011bkte\u0159\u00ed u\u017eivatel\u00e9 v\u0161ak mohou tento proces pova\u017eovat za neosobn\u00ed nebo rigidn\u00ed kv\u016fli standardizovan\u00e9 povaze program\u016f.<\/p>\n<p>Soukrom\u00e1 p\u00e9\u010de \u010dasto z\u00edsk\u00e1v\u00e1 pozitivn\u00ed zp\u011btnou vazbu pro sv\u016fj personalizovan\u00fd p\u0159\u00edstup a pohodl\u00ed, co\u017e u\u017eivatel\u016fm umo\u017e\u0148uje m\u00edt v\u011bt\u0161\u00ed kontrolu nad svou cestou k odvyk\u00e1n\u00ed. Schopnost p\u0159izp\u016fsobit slu\u017eby individu\u00e1ln\u00edm pot\u0159eb\u00e1m m\u016f\u017ee v\u00e9st k vy\u0161\u0161\u00ed spokojenosti a potenci\u00e1ln\u011b lep\u0161\u00edm v\u00fdsledk\u016fm. Nicm\u00e9n\u011b vy\u0161\u0161\u00ed n\u00e1klady na soukromou p\u00e9\u010di mohou b\u00fdt pro n\u011bkter\u00e9 nev\u00fdhodou, co\u017e podtrhuje d\u016fle\u017eitost rovnov\u00e1hy mezi spokojenost\u00ed a cenovou dostupnost\u00ed.<\/p>\n<h2>Mo\u017en\u00e9 vedlej\u0161\u00ed \u00fa\u010dinky a obavy o bezpe\u010dnost<\/h2>\n<p>P\u0159i zva\u017eov\u00e1n\u00ed podpory odvyk\u00e1n\u00ed kou\u0159en\u00ed je nezbytn\u00e9 b\u00fdt si v\u011bdom potenci\u00e1ln\u00edch vedlej\u0161\u00edch \u00fa\u010dink\u016f a bezpe\u010dnostn\u00edch obav, zejm\u00e9na u farmakologick\u00fdch pom\u016fcek, jako je vareniklin. Mezi \u010dast\u00e9 vedlej\u0161\u00ed \u00fa\u010dinky vareniklinu pat\u0159\u00ed nevolnost, nespavost a \u017eiv\u00e9 sny. Byly hl\u00e1\u0161eny tak\u00e9 v\u00e1\u017en\u011bj\u0161\u00ed obavy, jako jsou zm\u011bny n\u00e1lady nebo kardiovaskul\u00e1rn\u00ed probl\u00e9my, i kdy\u017e jsou m\u00e9n\u011b \u010dast\u00e9.<\/p>\n<p>NHS poskytuje podrobn\u00e9 informace o potenci\u00e1ln\u00edch vedlej\u0161\u00edch \u00fa\u010dinc\u00edch a nab\u00edz\u00ed podporu pro jejich zvl\u00e1d\u00e1n\u00ed, p\u0159i\u010dem\u017e zaji\u0161\u0165uje, \u017ee u\u017eivatel\u00e9 jsou dob\u0159e informov\u00e1ni a sledov\u00e1ni b\u011bhem procesu odvyk\u00e1n\u00ed. Soukrom\u00ed poskytovatel\u00e9 p\u00e9\u010de se tak\u00e9 zab\u00fdvaj\u00ed t\u011bmito obavami a \u010dasto nab\u00edzej\u00ed bezprost\u0159edn\u011bj\u0161\u00ed konzultace k projedn\u00e1n\u00ed a zvl\u00e1d\u00e1n\u00ed jak\u00fdchkoli ne\u017e\u00e1douc\u00edch \u00fa\u010dink\u016f. Bez ohledu na poskytovatele by se u\u017eivatel\u00e9 m\u011bli poradit se zdravotn\u00edky, aby zajistili bezpe\u010dn\u00e9 a efektivn\u00ed pou\u017e\u00edv\u00e1n\u00ed pom\u016fcek pro odvyk\u00e1n\u00ed kou\u0159en\u00ed.<\/p>\n<h2>Budouc\u00ed trendy v podpo\u0159e odvyk\u00e1n\u00ed kou\u0159en\u00ed<\/h2>\n<p>Oblast odvyk\u00e1n\u00ed kou\u0159en\u00ed se neust\u00e1le vyv\u00edj\u00ed a objevuj\u00ed se nov\u00e9 strategie a technologie na podporu jednotlivc\u016f v odvyk\u00e1n\u00ed. Digit\u00e1ln\u00ed zdravotn\u00ed intervence, jako jsou mobiln\u00ed aplikace a online platformy, z\u00edsk\u00e1vaj\u00ed na popularit\u011b pro svou dostupnost a schopnost poskytovat podporu v re\u00e1ln\u00e9m \u010dase. Tyto n\u00e1stroje \u010dasto obsahuj\u00ed prvky gamifikace, aby zapojily u\u017eivatele a sledovaly pokrok, \u010d\u00edm\u017e zvy\u0161uj\u00ed motivaci a dodr\u017eov\u00e1n\u00ed.<\/p>\n<p>Krom\u011b toho prob\u00edh\u00e1 v\u00fdzkum nov\u00fdch farmakologick\u00fdch pom\u016fcek a behavior\u00e1ln\u00edch strategi\u00ed s c\u00edlem poskytovat \u00fa\u010dinn\u011bj\u0161\u00ed a personalizovanou p\u00e9\u010di. Jak se na\u0161e ch\u00e1p\u00e1n\u00ed z\u00e1vislosti na kou\u0159en\u00ed prohlubuje, je pravd\u011bpodobn\u00e9, \u017ee budouc\u00ed p\u0159\u00edstupy budou st\u00e1le c\u00edlen\u011bj\u0161\u00ed a sofistikovan\u011bj\u0161\u00ed, vyu\u017e\u00edvaj\u00edc\u00ed data a technologie k poskytov\u00e1n\u00ed p\u0159izp\u016fsoben\u011bj\u0161\u00ed a \u00fa\u010dinn\u011bj\u0161\u00ed podpory odvyk\u00e1n\u00ed.<\/p>\n<h2>Jak si vybrat spr\u00e1vnou podporu p\u0159i odvyk\u00e1n\u00ed kou\u0159en\u00ed<\/h2>\n<p>V\u00fdb\u011br spr\u00e1vn\u00e9 podpory odvyk\u00e1n\u00ed kou\u0159en\u00ed je osobn\u00ed rozhodnut\u00ed, kter\u00e9 by m\u011blo vz\u00edt v \u00favahu individu\u00e1ln\u00ed preference, \u017eivotn\u00ed styl a finan\u010dn\u00ed situaci. Je d\u016fle\u017eit\u00e9 zv\u00e1\u017eit v\u00fdhody a omezen\u00ed mo\u017enost\u00ed NHS i soukrom\u00e9 p\u00e9\u010de s ohledem na faktory, jako je dostupnost, personalizace a n\u00e1klady. Konzultace se zdravotnick\u00fdmi pracovn\u00edky m\u016f\u017ee poskytnout cenn\u00e9 poznatky a pomoci p\u0159izp\u016fsobit pl\u00e1n odvyk\u00e1n\u00ed na m\u00edru konkr\u00e9tn\u00edm pot\u0159eb\u00e1m.<\/p>\n<p>V kone\u010dn\u00e9m d\u016fsledku je nej\u00fa\u010dinn\u011bj\u0161\u00ed podpora takov\u00e1, kter\u00e1 je v souladu s motivac\u00ed a preferencemi jednotlivce a poskytuje pot\u0159ebn\u00e9 zdroje a povzbuzen\u00ed k \u00fasp\u011b\u0161n\u00e9mu odvyk\u00e1n\u00ed. A\u0165 u\u017e se rozhodnete pro komplexn\u00ed slu\u017eby NHS nebo personalizovan\u00fd p\u0159\u00edstup soukrom\u00e9 p\u00e9\u010de, kl\u00ed\u010dem je z\u016fstat oddan\u00fd a vytrval\u00fd na cest\u011b k \u017eivotu bez kou\u0159e.<\/p>\n<h2>Z\u00e1v\u011br: NHS versus soukrom\u00e1 online p\u00e9\u010de o odvyk\u00e1n\u00ed kou\u0159en\u00ed<\/h2>\n<p>Volba mezi NHS a soukromou online p\u00e9\u010d\u00ed o odvyk\u00e1n\u00ed kou\u0159en\u00ed nakonec z\u00e1vis\u00ed na individu\u00e1ln\u00edch pot\u0159eb\u00e1ch a okolnostech. NHS nab\u00edz\u00ed strukturovan\u00fd, n\u00e1kladov\u011b efektivn\u00ed p\u0159\u00edstup s p\u0159\u00edstupem k \u0161irok\u00e9 \u0161k\u00e1le zdroj\u016f, zat\u00edmco soukrom\u00e1 p\u00e9\u010de poskytuje flexibilitu a personalizaci za cenu. Ob\u011b mo\u017enosti maj\u00ed sv\u00e9 v\u00fdhody a nejlep\u0161\u00ed volba se bude li\u0161it \u010dlov\u011bk od \u010dlov\u011bka.<\/p>\n<p>Bez ohledu na zvolenou cestu je cesta k odvyk\u00e1n\u00ed kou\u0159en\u00ed pozitivn\u00edm krokem k lep\u0161\u00edmu zdrav\u00ed a pohod\u011b. Se spr\u00e1vnou podporou a odhodl\u00e1n\u00edm mohou jednotlivci p\u0159ekonat z\u00e1vislost na nikotinu a u\u017e\u00edvat si \u010detn\u00fdch v\u00fdhod \u017eivota bez kou\u0159e. Vzhledem k tomu, \u017ee se prost\u0159ed\u00ed odvyk\u00e1n\u00ed kou\u0159en\u00ed neust\u00e1le vyv\u00edj\u00ed, dostupnost a \u00fa\u010dinnost podpory se pravd\u011bpodobn\u011b zlep\u0161\u00ed a nab\u00eddne je\u0161t\u011b v\u00edce p\u0159\u00edle\u017eitost\u00ed k \u00fasp\u011bchu.<\/p>\n","protected":false},"excerpt":{"rendered":"<p>Podpory pro odvyk\u00e1n\u00ed kou\u0159en\u00ed, kter\u00e9 prod\u00e1v\u00e1me: vareniklin a behavior\u00e1ln\u00ed pom\u016fcky: poradenstv\u00ed NHS vs soukrom\u00e1 online p\u00e9\u010de Zkoum\u00e1n\u00ed r\u016fzn\u00fdch podpor odvyk\u00e1n\u00ed kou\u0159en\u00ed, v\u010detn\u011b vareniklinu a behavior\u00e1ln\u00edch pom\u016fcek, a srovn\u00e1n\u00ed poradenstv\u00ed NHS se soukromou online p\u00e9\u010d\u00ed. P\u0159ehled mo\u017enost\u00ed podpory p\u0159estat kou\u0159it P\u0159estat kou\u0159it je v\u00fdznamn\u00fdm krokem ke zlep\u0161en\u00ed zdravotn\u00edho stavu a existuje cel\u00e1 \u0159ada dostupn\u00fdch podpor, kter\u00e9 [&hellip;]<\/p>\n","protected":false},"author":1,"featured_media":0,"parent":0,"menu_order":0,"comment_status":"closed","ping_status":"closed","template":"","meta":{"footnotes":""},"class_list":["post-16868","page","type-page","status-publish","hentry"],"_links":{"self":[{"href":"http:\/\/haywire.pl\/index.php?rest_route=\/wp\/v2\/pages\/16868","targetHints":{"allow":["GET"]}}],"collection":[{"href":"http:\/\/haywire.pl\/index.php?rest_route=\/wp\/v2\/pages"}],"about":[{"href":"http:\/\/haywire.pl\/index.php?rest_route=\/wp\/v2\/types\/page"}],"author":[{"embeddable":true,"href":"http:\/\/haywire.pl\/index.php?rest_route=\/wp\/v2\/users\/1"}],"replies":[{"embeddable":true,"href":"http:\/\/haywire.pl\/index.php?rest_route=%2Fwp%2Fv2%2Fcomments&post=16868"}],"version-history":[{"count":1,"href":"http:\/\/haywire.pl\/index.php?rest_route=\/wp\/v2\/pages\/16868\/revisions"}],"predecessor-version":[{"id":16869,"href":"http:\/\/haywire.pl\/index.php?rest_route=\/wp\/v2\/pages\/16868\/revisions\/16869"}],"wp:attachment":[{"href":"http:\/\/haywire.pl\/index.php?rest_route=%2Fwp%2Fv2%2Fmedia&parent=16868"}],"curies":[{"name":"wp","href":"https:\/\/api.w.org\/{rel}","templated":true}]}}