{"id":16742,"date":"2026-03-24T07:28:47","date_gmt":"2026-03-24T07:28:47","guid":{"rendered":"http:\/\/haywire.pl\/?page_id=16742"},"modified":"2026-03-24T07:28:47","modified_gmt":"2026-03-24T07:28:47","slug":"razumijevanje-cenforcea-i-njegove-upotrebe-2","status":"publish","type":"page","link":"http:\/\/haywire.pl\/?page_id=16742","title":{"rendered":"Razumijevanje Cenforcea i njegove upotrebe"},"content":{"rendered":"<h1>Planiranje vikenda uz Cenforce: vrijeme, obroci i alkohol<\/h1>\n<p>Planiranje vikenda koji uklju\u010duje upotrebu Cenforcea zahtijeva pa\u017eljivo razmatranje vremena, prehrane i konzumacije alkohola kako bi se osigurala u\u010dinkovitost i sigurnost.<\/p>\n<h2>Razumijevanje Cenforcea i njegove upotrebe<\/h2>\n<p>Cenforce je dobro poznati lijek koji se prvenstveno koristi za lije\u010denje erektilne disfunkcije (ED) kod mu\u0161karaca. Sadr\u017ei sildenafil citrat, isti aktivni sastojak koji se nalazi u Viagri, koji poma\u017ee pove\u0107ati protok krvi u penis, olak\u0161avaju\u0107i erekciju u kombinaciji sa seksualnom stimulacijom. Kao popularan izbor za lije\u010denje ED-a, Cenforce je postao glavna namirnica za mnoge koji \u017eele pobolj\u0161ati svoje seksualno zdravlje i performanse.<\/p>\n<p>Osim za erektilnu disfunkciju, Cenforce se ponekad propisuje za odre\u0111ene nenavedene primjene, kao \u0161to je lije\u010denje plu\u0107ne arterijske hipertenzije. Me\u0111utim, njegovo primarno prepoznavanje ostaje unutar domene seksualnog zdravlja. Razumijevanje njegovog mehanizma poma\u017ee korisnicima da maksimiziraju njegove prednosti dok minimalizira mogu\u0107e nuspojave.<\/p>\n<h2>Optimalno vrijeme za uzimanje Cenforcea<\/h2>\n<p>Vrijeme uzimanja Cenforcea klju\u010dno je za postizanje \u017eeljenih u\u010dinaka. Op\u0107enito se preporu\u010duje uzimanje lijeka oko 30 do 60 minuta prije upu\u0161tanja u seksualnu aktivnost. Ovaj vremenski okvir omogu\u0107uje da se lijek adekvatno apsorbira u krvotok, osiguravaju\u0107i optimalnu u\u010dinkovitost kada je to potrebno. U\u010dinci Cenforcea mogu trajati do \u010detiri sata, pru\u017eaju\u0107i velikodu\u0161no vrijeme za spontanost.<\/p>\n<p>Va\u017eno je napomenuti da uzimanje Cenforcea preblizu predvi\u0111enom vremenu aktivnosti mo\u017eda ne\u0107e pru\u017eiti dovoljno vremena za apsorpciju, dok prerano uzimanje mo\u017ee rezultirati smanjenim u\u010dincima. Stoga je planiranje klju\u010dno za osiguravanje dobrog uskla\u0111ivanja lijekova s \u200b\u200bva\u0161im rasporedom i o\u010dekivanjima za vikend.<\/p>\n<h2>U\u010dinak obroka na apsorpciju Cenforcea<\/h2>\n<p>Obroci mogu zna\u010dajno utjecati na to kako tijelo apsorbira i prera\u0111uje Cenforce. Te\u0161ki ili masni obrok mo\u017ee odgoditi apsorpciju lijeka, smanjuju\u0107i njegovu u\u010dinkovitost i vrijeme po\u010detka. To se doga\u0111a jer veliki obrok zahtijeva vi\u0161e probavnih napora, usporavaju\u0107i prolaz lijeka iz \u017eeluca u krvotok.<\/p>\n<p>Nasuprot tome, uzimanje Cenforcea na prazan \u017eeludac ili nakon laganog obroka mo\u017ee pospje\u0161iti br\u017eu apsorpciju, \u0161to dovodi do br\u017eeg po\u010detka djelovanja. Razumijevanje me\u0111udjelovanja izme\u0111u hrane i lijekova mo\u017ee pomo\u0107i korisnicima da donesu informirane odluke o vremenu obroka u odnosu na uzimanje Cenforcea.<\/p>\n<h2>Preporu\u010deni obroci kada koristite Cenforce<\/h2>\n<p>Za optimalne rezultate, preporu\u010dljivo je konzumirati laganije obroke kada planirate koristiti Cenforce. Hrana s niskim udjelom masti i \u0161e\u0107era, poput salata, piletine na \u017earu ili povr\u0107a kuhanog na pari, mo\u017ee biti odli\u010dan izbor. Manje je vjerojatno da \u0107e ove vrste obroka ometati proces apsorpcije, omogu\u0107uju\u0107i Cenforceu da djeluje u\u010dinkovitije.<\/p>\n<p>Osim toga, konzumacija uravnote\u017eenih obroka bogatih hranjivim tvarima mo\u017ee poduprijeti cjelokupno zdravlje i dobrobit, \u0161to je korisno za odr\u017eavanje seksualnog zdravlja. Odabir prave hrane osigurava da je tijelo u najboljem mogu\u0107em stanju da podr\u017ei namjeravane u\u010dinke lijeka.<\/p>\n<h2>Interakcija alkohola s Cenforceom: \u0161to treba znati<\/h2>\n<p>Konzumacija alkohola za mnoge <a href=\"https:\/\/brzilijek.net\/cenforce-bez-recepta\">https:\/\/brzilijek.net\/cenforce-bez-recepta<\/a> je \u010desta tema kada planiraju dru\u0161tveni vikend. Me\u0111utim, va\u017eno je razumjeti kako alkohol djeluje na Cenforce. Konzumacija velikih koli\u010dina alkohola mo\u017ee umanjiti u\u010dinkovitost lijeka, budu\u0107i da je alkohol depresiv koji mo\u017ee ometati sposobnost tijela da postigne i odr\u017ei erekciju.<\/p>\n<p>Osim toga, kombiniranje alkohola s Cenforceom mo\u017ee pove\u0107ati rizik od nuspojava kao \u0161to su vrtoglavica, glavobolja i nizak krvni tlak. Stoga je umjerenost klju\u010dna kada planirate koristiti Cenforce zajedno s alkoholom.<\/p>\n<h2>Sigurna konzumacija alkohola dok ste na Cenforceu<\/h2>\n<p>Iako umjerena konzumacija alkohola mo\u017eda ne\u0107e zna\u010dajno utjecati na u\u010dinkovitost Cenforcea, klju\u010dno je biti svjestan svojih granica. Mala do umjerena koli\u010dina alkohola, poput \u010da\u0161e vina ili jednog piva, op\u0107enito se smatra sigurnom za ve\u0107inu pojedinaca. Me\u0111utim, tolerancija svake osobe mo\u017ee varirati, stoga je va\u017eno procijeniti reakciju va\u0161eg tijela.<\/p>\n<p>Odr\u017eavanje razumne granice ne samo da \u010duva u\u010dinkovitost Cenforcea, ve\u0107 i smanjuje vjerojatnost nuspojava. Voditi ra\u010duna o tome koliko se alkohola konzumira mo\u017ee doprinijeti sigurnijem i ugodnijem vikendu.<\/p>\n<h2>Planiranje rasporeda za vikend kompatibilnog s Cenforceom<\/h2>\n<p>Stvaranje rasporeda za vikend koji se prilago\u0111ava kori\u0161tenju Cenforcea uklju\u010duje strate\u0161ko planiranje. Zapo\u010dnite identificiranjem primarnih aktivnosti u kojima \u017eelite sudjelovati i razmotrite kako se Cenforce uklapa u te planove. Ako je odre\u0111eni doga\u0111aj u fokusu, pobrinite se da se Cenforce uzme u odgovaraju\u0107e vrijeme kako bi se uskladio s o\u010dekivanom aktivno\u0161\u0107u.<\/p>\n<p>Uz to, uzmite u obzir vrijeme obroka i potencijalnu konzumaciju alkohola kako biste izbjegli negativne interakcije. Dobro osmi\u0161ljen raspored mo\u017ee pobolj\u0161ati cjelokupno iskustvo, omogu\u0107uju\u0107i vam da u\u017eivate u vikendu s povjerenjem i mirom.<\/p>\n<h2>Potencijalne nuspojave Cenforcea i kako ih rije\u0161iti<\/h2>\n<p>Kao i svaki drugi lijek, Cenforce mo\u017ee izazvati nuspojave, iako ih ne iskuse svi. Uobi\u010dajene nuspojave uklju\u010duju glavobolje, crvenilo, probavne smetnje i za\u010depljenost nosa. Ve\u0107ina nuspojava je blaga i privremena, nestaje kako se tijelo prilago\u0111ava na lijek.<\/p>\n<p>Ako nuspojave potraju ili postanu dosadne, savjetuje se konzultirati zdravstvenog djelatnika za savjet. Odr\u017eavanje hidratacije, odmor i izbjegavanje prekomjernog konzumiranja alkohola mogu pomo\u0107i u ubla\u017eavanju nekih od ovih nuspojava, pridonose\u0107i ugodnijem iskustvu.<\/p>\n<h2>Cenforce i njegov utjecaj na aktivnosti vikendom<\/h2>\n<p>Kada planirate aktivnosti vikendom, va\u017eno je razmotriti kako Cenforce mo\u017ee utjecati na va\u0161e sudjelovanje. Iako je lijek osmi\u0161ljen kako bi pobolj\u0161ao seksualnu izvedbu, popratne nuspojave ili interakcije s hranom i pi\u0107em mogu utjecati na druge aktivnosti.<\/p>\n<p>Uzmite u obzir sve planirane naporne aktivnosti jer Cenforce mo\u017ee sniziti krvni tlak, \u0161to mo\u017ee utjecati na izdr\u017eljivost ili izdr\u017eljivost. Prilagodba planova za potencijalni umor ili vrtoglavicu osigurava uravnote\u017eeno i ugodno iskustvo vikenda.<\/p>\n<h2>Ostanite sigurni: Kombinacija Cenforcea s drugim tvarima<\/h2>\n<p>Kombinacija Cenforcea s drugim tvarima zahtijeva oprez. Neki lijekovi, osobito nitrati i odre\u0111eni lijekovi za krvni tlak, mogu negativno utjecati na Cenforce, \u0161to dovodi do potencijalno opasnih padova krvnog tlaka.<\/p>\n<p>Prije uzimanja Cenforcea va\u017eno je pregledati sve postoje\u0107e lijekove i dodatke prehrani s lije\u010dnikom kako biste izbjegli \u0161tetne interakcije. Ovaj proaktivni pristup poma\u017ee u o\u010duvanju va\u0161eg zdravlja i osigurava sigurnu upotrebu Cenforcea.<\/p>\n<h2>Savjeti za uspje\u0161an vikend uz Cenforce<\/h2>\n<p>Uspje\u0161an vikend s Cenforceom uklju\u010duje pripremu i umjerenost. Zapo\u010dnite postavljanjem realnih o\u010dekivanja, shva\u0107aju\u0107i da iako Cenforce mo\u017ee pomo\u0107i u seksualnoj izvedbi, nije lijek za sve. Otvoreno komunicirajte sa svojim partnerom o svim planovima ili brigama, njeguju\u0107i okru\u017eenje koje podr\u017eava i razumije.<\/p>\n<p>Osim toga, upravljajte stresom i osigurajte dovoljno odmora kako biste maksimalno iskoristili dobrobiti Cenforcea. Imati na umu ove savjete mo\u017ee dovesti do ispunjenog i ugodnog vikend iskustva.<\/p>\n<h2>Savjetovanje zdravstvenih radnika za kori\u0161tenje Cenforcea<\/h2>\n<p>Prije upotrebe Cenforcea toplo se preporu\u010duje savjetovanje sa zdravstvenim radnicima. Oni mogu pru\u017eiti personalizirane savjete na temelju individualnih zdravstvenih stanja i interakcija lijekova. Ovo savjetovanje osigurava da Cenforce koristite sigurno i u\u010dinkovito.<\/p>\n<p>Nadalje, pru\u017eatelji zdravstvenih usluga mogu ponuditi smjernice o prilagodbama na\u010dina \u017eivota koje bi mogle pove\u0107ati dobrobiti lijeka. Redoviti pregledi kod lije\u010dnika ili ljekarnika mogu pomo\u0107i u rje\u0161avanju svih nedoumica koje se pojave tijekom njegove uporabe.<\/p>\n<h2>Uobi\u010dajeni mitovi o Cenforceu i alkoholu<\/h2>\n<p>Mnogi mitovi okru\u017euju upotrebu Cenforcea i alkohola, poput vjerovanja da alkohol mo\u017ee poja\u010dati u\u010dinke lijeka. U stvarnosti, alkohol \u010desto smanjuje u\u010dinkovitost Cenforcea i pove\u0107ava rizik od nuspojava. Razumijevanje ovih mitova i fokusiranje na \u010dinjeni\u010dne informacije mo\u017ee sprije\u010diti pogre\u0161na uvjerenja i promovirati sigurnu upotrebu.<\/p>\n<p>Drugi mit je da Cenforce mo\u017ee neutralizirati u\u010dinke erektilne disfunkcije izazvane alkoholom. Iako Cenforce poma\u017ee u postizanju erekcije, ne mo\u017ee se u potpunosti suprotstaviti depresivnim u\u010dincima prekomjerne konzumacije alkohola. Razja\u0161njavanje ovih zabluda poma\u017ee u dono\u0161enju informiranih odluka.<\/p>\n<h2>Kada potra\u017eiti lije\u010dni\u010dki savjet dok koristite Cenforce<\/h2>\n<p>Iako je Cenforce op\u0107enito siguran za upotrebu, postoje slu\u010dajevi u kojima treba potra\u017eiti lije\u010dni\u010dki savjet. Ako osjetite ozbiljne nuspojave kao \u0161to su bol u prsima, dugotrajna erekcija ili iznenadni gubitak vida, hitno je potra\u017eiti lije\u010dni\u010dku pomo\u0107.<\/p>\n<p>Redovite konzultacije s va\u0161im lije\u010dnikom mogu pomo\u0107i u pra\u0107enju va\u0161eg odgovora na Cenforce, omogu\u0107uju\u0107i sve potrebne prilagodbe va\u0161eg plana lije\u010denja. Odr\u017eavanje informacija i pozornost na signale va\u0161eg tijela klju\u010dni su za o\u010duvanje zdravlja i sigurnosti tijekom kori\u0161tenja Cenforcea.<\/p>\n","protected":false},"excerpt":{"rendered":"<p>Planiranje vikenda uz Cenforce: vrijeme, obroci i alkohol Planiranje vikenda koji uklju\u010duje upotrebu Cenforcea zahtijeva pa\u017eljivo razmatranje vremena, prehrane i konzumacije alkohola kako bi se osigurala u\u010dinkovitost i sigurnost. Razumijevanje Cenforcea i njegove upotrebe Cenforce je dobro poznati lijek koji se prvenstveno koristi za lije\u010denje erektilne disfunkcije (ED) kod mu\u0161karaca. Sadr\u017ei sildenafil citrat, isti aktivni [&hellip;]<\/p>\n","protected":false},"author":1,"featured_media":0,"parent":0,"menu_order":0,"comment_status":"closed","ping_status":"closed","template":"","meta":{"footnotes":""},"class_list":["post-16742","page","type-page","status-publish","hentry"],"_links":{"self":[{"href":"http:\/\/haywire.pl\/index.php?rest_route=\/wp\/v2\/pages\/16742","targetHints":{"allow":["GET"]}}],"collection":[{"href":"http:\/\/haywire.pl\/index.php?rest_route=\/wp\/v2\/pages"}],"about":[{"href":"http:\/\/haywire.pl\/index.php?rest_route=\/wp\/v2\/types\/page"}],"author":[{"embeddable":true,"href":"http:\/\/haywire.pl\/index.php?rest_route=\/wp\/v2\/users\/1"}],"replies":[{"embeddable":true,"href":"http:\/\/haywire.pl\/index.php?rest_route=%2Fwp%2Fv2%2Fcomments&post=16742"}],"version-history":[{"count":1,"href":"http:\/\/haywire.pl\/index.php?rest_route=\/wp\/v2\/pages\/16742\/revisions"}],"predecessor-version":[{"id":16743,"href":"http:\/\/haywire.pl\/index.php?rest_route=\/wp\/v2\/pages\/16742\/revisions\/16743"}],"wp:attachment":[{"href":"http:\/\/haywire.pl\/index.php?rest_route=%2Fwp%2Fv2%2Fmedia&parent=16742"}],"curies":[{"name":"wp","href":"https:\/\/api.w.org\/{rel}","templated":true}]}}