{"id":16718,"date":"2026-03-24T06:38:55","date_gmt":"2026-03-24T06:38:55","guid":{"rendered":"http:\/\/haywire.pl\/?page_id=16718"},"modified":"2026-03-24T06:38:55","modified_gmt":"2026-03-24T06:38:55","slug":"az-erekcios-zavar-es-okai-megertese-2","status":"publish","type":"page","link":"http:\/\/haywire.pl\/?page_id=16718","title":{"rendered":"Az erekci\u00f3s zavar \u00e9s okai meg\u00e9rt\u00e9se"},"content":{"rendered":"<h1>Hogyan v\u00e1lasszunk hat\u00e9kony ED-gy\u00f3gyszert \u2013 a Levitra Soft Tabs haszn\u00e1lat\u00e1ra \u00f6sszpontos\u00edtva<\/h1>\n<p>A megfelel\u0151 erekci\u00f3s diszfunkci\u00f3 gy\u00f3gyszer kiv\u00e1laszt\u00e1sa kih\u00edv\u00e1st jelenthet, de az olyan lehet\u0151s\u00e9gek meg\u00e9rt\u00e9se, mint a Levitra Soft Tabs, seg\u00edthet a megalapozott d\u00f6nt\u00e9s meghozatal\u00e1ban.<\/p>\n<h2>Az erekci\u00f3s zavar \u00e9s okai meg\u00e9rt\u00e9se<\/h2>\n<p>Az erekci\u00f3s diszfunkci\u00f3 (ED) egy gyakori \u00e1llapot, amely vil\u00e1gszerte sok f\u00e9rfit \u00e9rint, \u00e9s nem k\u00e9pes el\u00e9rni vagy fenntartani a kiel\u00e9g\u00edt\u0151 szexu\u00e1lis teljes\u00edtm\u00e9nyhez elegend\u0151 erekci\u00f3t. B\u00e1r az \u00e9letkor el\u0151rehaladt\u00e1val egyre gyakoribb\u00e1 v\u00e1lik, nem tekinthet\u0151 az \u00f6reged\u00e9s norm\u00e1lis r\u00e9sz\u00e9nek. K\u00fcl\u00f6nf\u00e9le t\u00e9nyez\u0151k j\u00e1rulhatnak hozz\u00e1 az ED kialakul\u00e1s\u00e1hoz, bele\u00e9rtve a sz\u00edv- \u00e9s \u00e9rrendszeri betegs\u00e9geket, a cukorbetegs\u00e9get, a magas v\u00e9rnyom\u00e1st, az elh\u00edz\u00e1st \u00e9s a hormon\u00e1lis egyens\u00falyhi\u00e1nyt. A pszichol\u00f3giai t\u00e9nyez\u0151k, mint p\u00e9ld\u00e1ul a stressz, a szorong\u00e1s \u00e9s a depresszi\u00f3 szint\u00e9n jelent\u0151s szerepet j\u00e1tszanak az ED kialakul\u00e1s\u00e1ban \u00e9s fennmarad\u00e1s\u00e1ban.<\/p>\n<p>Az ED m\u00f6g\u00f6ttes okok meg\u00e9rt\u00e9se elengedhetetlen a hat\u00e9kony kezel\u00e9shez. Gyakran fizikai \u00e9s pszichol\u00f3giai t\u00e9nyez\u0151k kombin\u00e1ci\u00f3ja eredm\u00e9nyezi az \u00e1llapotot. Az \u00e9letm\u00f3dbeli d\u00f6nt\u00e9sek, mint p\u00e9ld\u00e1ul a doh\u00e1nyz\u00e1s, a t\u00falzott alkoholfogyaszt\u00e1s \u00e9s a fizikai aktivit\u00e1s hi\u00e1nya s\u00falyosb\u00edthatj\u00e1k az ED-t\u00fcneteket. Ez\u00e9rt ezeknek a t\u00e9nyez\u0151knek az \u00e9letm\u00f3dv\u00e1lt\u00e1ssal \u00e9s orvosi beavatkoz\u00e1ssal t\u00f6rt\u00e9n\u0151 kezel\u00e9se jelent\u0151sen jav\u00edthatja az erekci\u00f3s funkci\u00f3t.<\/p>\n<h2>Az ED-gy\u00f3gyszerek \u00e1ttekint\u00e9se: lehet\u0151s\u00e9gek \u00e9s \u00f6sszehasonl\u00edt\u00e1sok<\/h2>\n<p>Sz\u00e1mos gy\u00f3gyszer \u00e1ll rendelkez\u00e9sre az erekci\u00f3s diszfunkci\u00f3 kezel\u00e9s\u00e9re, mindegyiknek megvan a maga hat\u00e1smechanizmusa \u00e9s hat\u00e9konys\u00e1gi profilja. A leggyakrabban fel\u00edrt foszfodi\u00e9szter\u00e1z 5-\u00f6s t\u00edpus\u00fa (PDE5) g\u00e1tl\u00f3k, p\u00e9ld\u00e1ul szildenafil (Viagra), tadalafil (Cialis) \u00e9s vardenafil (Levitra). Ezek a gy\u00f3gyszerek fokozz\u00e1k a nitrog\u00e9n-monoxid hat\u00e1s\u00e1t, amely term\u00e9szetes vegyi anyag, amelyet a szervezet termel a p\u00e9nisz izmainak ellaz\u00edt\u00e1s\u00e1ra, ez\u00e1ltal fokozza a v\u00e9r\u00e1raml\u00e1st \u00e9s lehet\u0151v\u00e9 teszi a szexu\u00e1lis stimul\u00e1ci\u00f3val j\u00e1r\u00f3 erekci\u00f3t.<\/p>\n<p>B\u00e1r minden PDE5-inhibitor hasonl\u00f3an m\u0171k\u00f6dik, a hat\u00e1s kezdete, a hat\u00e1s id\u0151tartama \u00e9s a mell\u00e9khat\u00e1s-profilok tekintet\u00e9ben k\u00fcl\u00f6nb\u00f6znek. A szildenafil gyorsan fell\u00e9p\u0151, de r\u00f6vid ideig tart\u00f3 hat\u00e1s\u00e1r\u00f3l ismert, m\u00edg a tadalafil hosszabb hat\u00e1startamot biztos\u00edt, \u00edgy alkalmass\u00e1 teszi spont\u00e1nabb szexu\u00e1lis tev\u00e9kenys\u00e9gre. A vardenafil, k\u00fcl\u00f6n\u00f6sen a Levitra Soft Tabs form\u00e1j\u00e1ban, gyors felsz\u00edv\u00f3d\u00e1s\u00e1r\u00f3l \u00e9s megb\u00edzhat\u00f3 eredm\u00e9nyeir\u0151l ismert. A megfelel\u0151 gy\u00f3gyszer kiv\u00e1laszt\u00e1sa az egy\u00e9ni preferenci\u00e1kt\u00f3l, az eg\u00e9szs\u00e9gi \u00e1llapott\u00f3l \u00e9s a lehets\u00e9ges gy\u00f3gyszerk\u00f6lcs\u00f6nhat\u00e1sokt\u00f3l f\u00fcgg.<\/p>\n<h2>A Levitra Soft Tabs bemutat\u00e1sa: Mi teszi \u0151ket egyediv\u00e9<\/h2>\n<p>A Levitra Soft Tabs k\u00fcl\u00f6n lehet\u0151s\u00e9get k\u00edn\u00e1l az ED-kezel\u00e9sek sor\u00e1ban, a vardenafil hat\u00e9konys\u00e1g\u00e1t a gyorsan old\u00f3d\u00f3 tabletta k\u00e9nyelm\u00e9vel kombin\u00e1lva. Ezeket a puha f\u00fcleket olyan betegek sz\u00e1m\u00e1ra tervezt\u00e9k, akiknek neh\u00e9zs\u00e9gei lehetnek a tablett\u00e1k lenyel\u00e9s\u00e9ben, vagy akik a gy\u00f3gyszeres kezel\u00e9s diszkr\u00e9tebb form\u00e1j\u00e1t r\u00e9szes\u00edtik el\u0151nyben. A k\u00e9sz\u00edtm\u00e9ny lehet\u0151v\u00e9 teszi a hat\u00f3anyag gyors felsz\u00edv\u00f3d\u00e1s\u00e1t a sz\u00e1j ny\u00e1lkah\u00e1rty\u00e1j\u00e1n kereszt\u00fcl, ami a hagyom\u00e1nyos tablett\u00e1khoz k\u00e9pest gyorsabb hat\u00e1st eredm\u00e9nyez.<\/p>\n<p>Gyors felsz\u00edv\u00f3d\u00e1suk mellett a Levitra Soft Tabs ment\u00e1s \u00edz\u00fckr\u0151l is ismert, ami kellemesebb\u00e9 teszi a felhaszn\u00e1l\u00f3k sz\u00e1m\u00e1ra. Ez az egyed\u00fcl\u00e1ll\u00f3 bejuttat\u00e1si m\u00f3d fokozhatja a felhaszn\u00e1l\u00f3i el\u00e9gedetts\u00e9get \u00e9s a megfelel\u00e9st, k\u00fcl\u00f6n\u00f6sen azok sz\u00e1m\u00e1ra, akik azonnali v\u00e1laszt ig\u00e9nyelnek a gy\u00f3gyszeres kezel\u00e9sre. Hat\u00e9konys\u00e1guk \u00e9s egyszer\u0171 haszn\u00e1latuk n\u00e9pszer\u0171 v\u00e1laszt\u00e1ss\u00e1 teszi \u0151ket sok ED-vel k\u00fczd\u0151 f\u00e9rfi sz\u00e1m\u00e1ra.<\/p>\n<h2>A Levitra Soft Tabs m\u0171k\u00f6d\u00e9se: Hat\u00e1smechanizmus<\/h2>\n<p>A Levitra Soft Tabs m\u00e1s PDE5-g\u00e1tl\u00f3khoz hasonl\u00f3an az 5-\u00f6s t\u00edpus\u00fa foszfodi\u00e9szter\u00e1z enzim blokkol\u00e1s\u00e1val fejti ki hat\u00e1s\u00e1t, ami megzavarhatja az erekci\u00f3s v\u00e1laszt. Ennek az enzimnek a g\u00e1tl\u00e1s\u00e1val a Levitra Soft Tabs fokozza a nitrog\u00e9n-monoxid hat\u00e1s\u00e1t, ami a corpus cavernosum simaizomzat\u00e1nak ellazul\u00e1s\u00e1hoz \u00e9s a p\u00e9nisz v\u00e9r\u00e1raml\u00e1s\u00e1nak fokoz\u00e1s\u00e1hoz vezet. Ez a folyamat megk\u00f6nny\u00edti az erekci\u00f3 el\u00e9r\u00e9s\u00e9t \u00e9s fenntart\u00e1s\u00e1t a szexu\u00e1lis stimul\u00e1ci\u00f3 hat\u00e1s\u00e1ra.<\/p>\n<p>A Levitra Soft Tabs gyors megjelen\u00e9se a nyelv alatti bead\u00e1suknak tulajdon\u00edthat\u00f3, lehet\u0151v\u00e9 t\u00e9ve a gy\u00f3gyszernek, hogy megker\u00fclje a gyomor-b\u00e9lrendszert, \u00e9s k\u00f6zvetlen\u00fcl a v\u00e9r\u00e1ramba ker\u00fclj\u00f6n. Ez a hat\u00e1sm\u00f3d nemcsak felgyors\u00edtja a gy\u00f3gyszer hat\u00e1s\u00e1nak idej\u00e9t, hanem cs\u00f6kkenti a gyomor-b\u00e9lrendszeri mell\u00e9khat\u00e1sok kock\u00e1zat\u00e1t is, amelyek gyakoribbak az or\u00e1lis tablett\u00e1kn\u00e1l.<\/p>\n<h2>A Levitra Soft Tabs ED haszn\u00e1lat\u00e1nak el\u0151nyei<\/h2>\n<p>A Levitra Soft Tabs els\u0151dleges el\u0151nye a gyors hat\u00e1s, gyakran 15-30 percen bel\u00fcl kifejti hat\u00e1s\u00e1t, ami gyorsabb, mint sok hagyom\u00e1nyos ED tabletta. Ez a gyors cselekv\u00e9s azok sz\u00e1m\u00e1ra el\u0151ny\u00f6s, akik spont\u00e1nabb szexu\u00e1lis \u00e9lm\u00e9nyre v\u00e1gynak. Ezen t\u00falmen\u0151en a soft tab k\u00e9sz\u00edtm\u00e9ny diszkr\u00e9t kezel\u00e9st tesz lehet\u0151v\u00e9, amit sok felhaszn\u00e1l\u00f3 \u00e9rt\u00e9kel.<\/p>\n<p>A k\u00e9nyelem mellett a Levitra Soft Tabs <a href=\"https:\/\/expresspatika.com\/\">Express Patika<\/a> kedvez\u0151 mell\u00e9khat\u00e1sprofilt is k\u00edn\u00e1l. Sok felhaszn\u00e1l\u00f3 enyh\u00e9bb mell\u00e9khat\u00e1sokr\u00f3l sz\u00e1mol be, mint m\u00e1s ED-gy\u00f3gyszerek, val\u00f3sz\u00edn\u0171leg a szublingv\u00e1lis \u00faton t\u00f6rt\u00e9n\u0151 alacsonyabb sziszt\u00e9m\u00e1s expoz\u00edci\u00f3 miatt. Ez vonz\u00f3 v\u00e1laszt\u00e1ss\u00e1 teszi azokat az egy\u00e9nek sz\u00e1m\u00e1ra, akik m\u00e1s PDE5-inhibitorok nemk\u00edv\u00e1natos hat\u00e1sait tapasztalt\u00e1k.<\/p>\n<h2>A Levitra Soft Tabs lehets\u00e9ges mell\u00e9khat\u00e1sai \u00e9s kock\u00e1zatai<\/h2>\n<p>M\u00edg a Levitra Soft Tabs \u00e1ltal\u00e1ban j\u00f3l toler\u00e1lhat\u00f3, nem mentesek a lehets\u00e9ges mell\u00e9khat\u00e1sokt\u00f3l. A gyakran jelentett reakci\u00f3k k\u00f6z\u00e9 tartozik a fejf\u00e1j\u00e1s, az arc kipirul\u00e1sa, az orrdugul\u00e1s \u00e9s a sz\u00e9d\u00fcl\u00e9s. Ezek \u00e1ltal\u00e1ban enyh\u00e9k \u00e9s \u00e1tmenetiek, \u00e9s megsz\u0171nnek, ahogy a szervezet alkalmazkodik a gy\u00f3gyszerhez. Azonban, mint minden gy\u00f3gyszern\u00e9l, s\u00falyosabb mell\u00e9khat\u00e1sok is el\u0151fordulhatnak, b\u00e1r ritk\u00e1k.<\/p>\n<p>S\u00falyos k\u00e1ros hat\u00e1sok lehetnek a hirtelen l\u00e1t\u00e1sveszt\u00e9s, priapizmus (hosszan tart\u00f3 erekci\u00f3) \u00e9s hall\u00e1sv\u00e1ltoz\u00e1sok. Ezek a felt\u00e9telek azonnali orvosi ell\u00e1t\u00e1st ig\u00e9nyelnek. Alapvet\u0151 fontoss\u00e1g\u00fa, hogy a felhaszn\u00e1l\u00f3k tiszt\u00e1ban legyenek ezekkel a kock\u00e1zatokkal, \u00e9s konzult\u00e1ljanak az eg\u00e9szs\u00e9g\u00fcgyi szakemberekkel, ha s\u00falyos vagy aggaszt\u00f3 t\u00fcneteket tapasztalnak a Levitra Soft Tabs szed\u00e9se k\u00f6zben.<\/p>\n<h2>A Levitra Soft Tabs \u00f6sszehasonl\u00edt\u00e1sa m\u00e1s ED kezel\u00e9sekkel<\/h2>\n<p>A Levitra Soft Tabs m\u00e1s ED-kezel\u00e9sekkel val\u00f3 \u00f6sszehasonl\u00edt\u00e1sakor t\u00f6bb t\u00e9nyez\u0151t is figyelembe kell venni, bele\u00e9rtve a kezdeti sebess\u00e9get, a hat\u00e1s id\u0151tartam\u00e1t \u00e9s a mell\u00e9khat\u00e1sok profilj\u00e1t. Ellent\u00e9tben a szildenafillal, amelynek hat\u00e1sa tov\u00e1bb tarthat, a Levitra Soft Tabs gyorsabb v\u00e1laszt k\u00edn\u00e1l, ami l\u00e9tfontoss\u00e1g\u00fa lehet azok sz\u00e1m\u00e1ra, akik azonnali kezel\u00e9st keresnek. Ezenk\u00edv\u00fcl a hosszabb hat\u00e1startamot biztos\u00edt\u00f3 tadalafilhez k\u00e9pest a Levitra el\u0151ny\u00f6s lehet r\u00f6videbb, kisz\u00e1m\u00edthat\u00f3bb hat\u00e1sa miatt.<\/p>\n<p>Ezenk\u00edv\u00fcl az old\u00f3d\u00f3 tablett\u00e1k k\u00e9nyelme \u00e9s diszkr\u00e9ci\u00f3ja el\u0151nyt jelent a hagyom\u00e1nyos tablett\u00e1kkal szemben, k\u00fcl\u00f6n\u00f6sen azok sz\u00e1m\u00e1ra, akik finomabb megk\u00f6zel\u00edt\u00e9st keresnek az ED kezel\u00e9s\u00e9ben. A szem\u00e9lyes preferencia \u00e9s a gy\u00f3gyszerre adott egy\u00e9ni v\u00e1lasz azonban kritikus fontoss\u00e1g\u00fa a legmegfelel\u0151bb lehet\u0151s\u00e9g kiv\u00e1laszt\u00e1s\u00e1ban. Javasoljuk, hogy az egy\u00e9nek orvosi fel\u00fcgyelet mellett k\u00fcl\u00f6nb\u00f6z\u0151 kezel\u00e9seket pr\u00f3b\u00e1ljanak ki, hogy megtal\u00e1lj\u00e1k az ig\u00e9nyeiknek legink\u00e1bb megfelel\u0151t.<\/p>\n<h2>A Levitra Soft Tabs helyes haszn\u00e1lata a legjobb eredm\u00e9ny \u00e9rdek\u00e9ben<\/h2>\n<p>A Levitra Soft Tabs optim\u00e1lis eredm\u00e9ny el\u00e9r\u00e9se \u00e9rdek\u00e9ben fontos betartani a megfelel\u0151 adagol\u00e1si ir\u00e1nyelveket. A tablett\u00e1kat a nyelv al\u00e1 kell helyezni, hogy teljesen felold\u00f3djanak, \u00fcgyelve arra, hogy ne nyelj\u00e9k le \u0151ket eg\u00e9szben. Ez lehet\u0151v\u00e9 teszi a gy\u00f3gyszer felsz\u00edv\u00f3d\u00e1s\u00e1t a ny\u00e1lkah\u00e1rty\u00e1n kereszt\u00fcl, ami megk\u00f6nny\u00edti a gyors hat\u00e1st.<\/p>\n<p>Javasoljuk, hogy a gy\u00f3gyszert k\u00f6r\u00fclbel\u00fcl 15-30 perccel a v\u00e1rhat\u00f3 szexu\u00e1lis tev\u00e9kenys\u00e9g el\u0151tt vegye be. A felhaszn\u00e1l\u00f3knak ker\u00fclni\u00fck kell a nagy mennyis\u00e9g\u0171 alkohol vagy magas zs\u00edrtartalm\u00fa \u00e9telek fogyaszt\u00e1s\u00e1t a gy\u00f3gyszer bev\u00e9tel\u00e9nek id\u0151pontj\u00e1hoz k\u00f6zel, mivel ezek befoly\u00e1solhatj\u00e1k a gy\u00f3gyszer hat\u00e9konys\u00e1g\u00e1t. A k\u00f6vetkezetes id\u0151z\u00edt\u00e9s \u00e9s az ir\u00e1nyelvek betart\u00e1sa n\u00f6velheti a Levitra Soft Tabs hat\u00e9konys\u00e1g\u00e1t.<\/p>\n<h2>A Levitra Soft Tabs adagol\u00e1si ir\u00e1nyelvei \u00e9s be\u00e1ll\u00edt\u00e1sai<\/h2>\n<p>A Levitra Soft Tabs szok\u00e1sos kezd\u0151 adagja \u00e1ltal\u00e1ban 10 mg, de ez az egy\u00e9ni v\u00e1lasz \u00e9s tolerancia alapj\u00e1n m\u00f3dos\u00edthat\u00f3. Egyes betegek sz\u00e1m\u00e1ra el\u0151ny\u00f6s lehet az alacsonyabb, 5 mg-os adag, m\u00edg m\u00e1soknak 20 mg-ra kell emelni\u00fck. A lehets\u00e9ges mell\u00e9khat\u00e1sok vagy a hat\u00e9konys\u00e1g cs\u00f6kken\u00e9s\u00e9nek elker\u00fcl\u00e9se \u00e9rdek\u00e9ben elengedhetetlen, hogy k\u00f6vesse az orvosi tan\u00e1csot az adagol\u00e1s m\u00f3dos\u00edt\u00e1s\u00e1val kapcsolatban.<\/p>\n<p>A betegek legfeljebb egy adag Levitra Soft Tabs-ot vehetnek be 24 \u00f3r\u00e1n bel\u00fcl. Kiigaz\u00edt\u00e1sokra lehet sz\u00fcks\u00e9g azokn\u00e1l az egy\u00e9nekn\u00e9l, akiknek speci\u00e1lis eg\u00e9szs\u00e9gi \u00e1llapotuk van, vagy akik olyan gy\u00f3gyszereket szednek, amelyek k\u00f6lcs\u00f6nhat\u00e1sba l\u00e9phetnek a vardenafillal. Az eg\u00e9szs\u00e9g\u00fcgyi szolg\u00e1ltat\u00f3val val\u00f3 rendszeres konzult\u00e1ci\u00f3 seg\u00edthet abban, hogy az adagol\u00e1s megfelel\u0151 \u00e9s hat\u00e9kony maradjon.<\/p>\n<h2>Kinek \u00e9rdemes fontol\u00f3ra vennie a Levitra Soft Tab-okat az ED-kezel\u00e9shez<\/h2>\n<p>A Levitra Soft Tabs ide\u00e1lis v\u00e1laszt\u00e1s lehet azoknak a f\u00e9rfiaknak, akik korl\u00e1tozott sikerrel pr\u00f3b\u00e1lkoztak m\u00e1s ED-gy\u00f3gyszerekkel, vagy akik a gyorsabb hat\u00e1s\u00fa kezel\u00e9st r\u00e9szes\u00edtik el\u0151nyben. Azok sz\u00e1m\u00e1ra is el\u0151ny\u00f6s lehet ez a k\u00e9sz\u00edtm\u00e9ny, akiknek neh\u00e9zs\u00e9get okoz a tablett\u00e1k lenyel\u00e9se, vagy akik diszkr\u00e9tebb gy\u00f3gyszert szeretn\u00e9nek.<\/p>\n<p>Bizonyos eg\u00e9szs\u00e9g\u00fcgyi probl\u00e9m\u00e1kkal k\u00fczd\u0151 egy\u00e9nek, p\u00e9ld\u00e1ul cukorbetegs\u00e9g vagy sz\u00edv- \u00e9s \u00e9rrendszeri probl\u00e9m\u00e1k, a Levitra Soft Tabs k\u00fcl\u00f6n\u00f6sen el\u0151ny\u00f6snek tal\u00e1lhatja speci\u00e1lis hat\u00e1suk \u00e9s mell\u00e9khat\u00e1sprofiljuk miatt. Azonban, mint minden gy\u00f3gyszer eset\u00e9ben, fontos, hogy konzult\u00e1ljon egy eg\u00e9szs\u00e9g\u00fcgyi szakemberrel, hogy meghat\u00e1rozza az alkalmass\u00e1got a szem\u00e9lyes eg\u00e9szs\u00e9gi \u00e1llapot \u00e9s a k\u00f3rt\u00f6rt\u00e9net alapj\u00e1n.<\/p>\n<h2>A Levitra Soft Tabs k\u00f6lcs\u00f6nhat\u00e1sa m\u00e1s gy\u00f3gyszerekkel<\/h2>\n<p>A Levitra Soft Tabs k\u00f6lcs\u00f6nhat\u00e1sba l\u00e9phet k\u00fcl\u00f6nf\u00e9le gy\u00f3gyszerekkel, potenci\u00e1lisan megv\u00e1ltoztatva azok hat\u00e1s\u00e1t. Figyelemre m\u00e9lt\u00f3, hogy nem szabad nitr\u00e1tokkal egy\u00fctt haszn\u00e1lni, amelyeket gyakran mellkasi f\u00e1jdalomra \u00edrnak fel, mivel ez vesz\u00e9lyes v\u00e9rnyom\u00e1ses\u00e9shez vezethet. Hasonl\u00f3k\u00e9ppen, \u00f3vatoss\u00e1g javasolt, ha alfa-blokkol\u00f3val vagy m\u00e1s v\u00e9rnyom\u00e1scs\u00f6kkent\u0151 gy\u00f3gyszerekkel egy\u00fctt alkalmazz\u00e1k.<\/p>\n<p>Egy\u00e9b k\u00f6lcs\u00f6nhat\u00e1sok l\u00e9phetnek fel a CYP3A4 enzimet befoly\u00e1sol\u00f3 gy\u00f3gyszerekkel, p\u00e9ld\u00e1ul bizonyos gombaellenes szerekkel \u00e9s antibiotikumokkal. A k\u00e1ros k\u00f6lcs\u00f6nhat\u00e1sok elker\u00fcl\u00e9se \u00e9s a Levitra Soft Tabs biztons\u00e1gos haszn\u00e1lat\u00e1nak biztos\u00edt\u00e1sa \u00e9rdek\u00e9ben a betegeknek k\u00f6z\u00f6lni\u00fck kell eg\u00e9szs\u00e9g\u00fcgyi szolg\u00e1ltat\u00f3jukkal az \u00f6sszes gy\u00f3gyszert \u00e9s t\u00e1pl\u00e1l\u00e9kkieg\u00e9sz\u00edt\u0151t.<\/p>\n<h2>Konzult\u00e1ci\u00f3 eg\u00e9szs\u00e9g\u00fcgyi szakemberekkel az ED-gy\u00f3gyszerekkel kapcsolatban<\/h2>\n<p>Miel\u0151tt elkezden\u00e9 b\u00e1rmilyen ED-gy\u00f3gyszer szed\u00e9s\u00e9t, bele\u00e9rtve a Levitra Soft Tabs-t is, kulcsfontoss\u00e1g\u00fa, hogy alaposan konzult\u00e1ljon egy eg\u00e9szs\u00e9g\u00fcgyi szakemberrel. Ennek a besz\u00e9lget\u00e9snek ki kell terjednie a k\u00f3rt\u00f6rt\u00e9netre, a jelenlegi eg\u00e9szs\u00e9g\u00fcgyi \u00e1llapotokra \u00e9s a szedett gy\u00f3gyszerekre. Az eg\u00e9szs\u00e9g\u00fcgyi szolg\u00e1ltat\u00f3 szem\u00e9lyre szabott tan\u00e1csot tud ny\u00fajtani, \u00e9s seg\u00edts\u00e9get ny\u00fajt a legmegfelel\u0151bb kezel\u00e9si lehet\u0151s\u00e9g kiv\u00e1laszt\u00e1s\u00e1ban.<\/p>\n<p>A rendszeres nyomon k\u00f6vet\u00e9s is fontos a gy\u00f3gyszer hat\u00e9konys\u00e1g\u00e1nak nyomon k\u00f6vet\u00e9se \u00e9s a sz\u00fcks\u00e9ges m\u00f3dos\u00edt\u00e1sok elv\u00e9gz\u00e9se \u00e9rdek\u00e9ben. Az eg\u00e9szs\u00e9g\u00fcgyi szolg\u00e1ltat\u00f3kkal folytatott ny\u00edlt kommunik\u00e1ci\u00f3 jav\u00edthatja a kezel\u00e9si eredm\u00e9nyeket, \u00e9s kezelheti a kezel\u00e9s sor\u00e1n esetlegesen felmer\u00fcl\u0151 probl\u00e9m\u00e1kat.<\/p>\n<h2>\u00c9letm\u00f3dt\u00e9nyez\u0151k az ED-gy\u00f3gyszerek hat\u00e9konys\u00e1g\u00e1nak fokoz\u00e1s\u00e1ra<\/h2>\n<p>M\u00edg a gy\u00f3gyszerek jelent\u0151sen jav\u00edthatj\u00e1k az erekci\u00f3s funkci\u00f3t, az \u00e9letm\u00f3dbeli v\u00e1ltoztat\u00e1sok tov\u00e1bb fokozhatj\u00e1k hat\u00e9konys\u00e1gukat. Az eg\u00e9szs\u00e9ges tests\u00faly meg\u0151rz\u00e9se, a rendszeres fizikai aktivit\u00e1s \u00e9s a kiegyens\u00falyozott \u00e9trend mind hozz\u00e1j\u00e1rulhat az \u00e1ltal\u00e1nos eg\u00e9szs\u00e9gi \u00e1llapot \u00e9s a mereved\u00e9si funkci\u00f3 javul\u00e1s\u00e1hoz.<\/p>\n<p>A stressz cs\u00f6kkent\u00e9se mindfulness gyakorlatokkal, mint p\u00e9ld\u00e1ul a medit\u00e1ci\u00f3 vagy a j\u00f3ga, szint\u00e9n pozit\u00edv hat\u00e1ssal lehet az erekci\u00f3s eg\u00e9szs\u00e9gre. A doh\u00e1nyz\u00e1s elker\u00fcl\u00e9se \u00e9s az alkoholfogyaszt\u00e1s korl\u00e1toz\u00e1sa tov\u00e1bbi l\u00e9p\u00e9sek, amelyek seg\u00edthetik az ED kezel\u00e9s\u00e9t. Ha a gy\u00f3gyszeres kezel\u00e9st \u00e9letm\u00f3djav\u00edt\u00e1ssal kombin\u00e1lj\u00e1k, az egy\u00e9nek fenntarthat\u00f3bb eredm\u00e9nyeket \u00e9rhetnek el.<\/p>\n<h2>Az erekci\u00f3s diszfunkci\u00f3 hossz\u00fa t\u00e1v\u00fa kezel\u00e9se<\/h2>\n<p>Az erekci\u00f3s diszfunkci\u00f3 kezel\u00e9se gyakran hossz\u00fa t\u00e1v\u00fa er\u0151fesz\u00edt\u00e9s, amely folyamatos figyelmet \u00e9s alkalmazkod\u00e1st ig\u00e9nyel. M\u00edg az olyan gy\u00f3gyszerek, mint a Levitra Soft Tabs azonnali enyh\u00fcl\u00e9st ny\u00fajthatnak, a m\u00f6g\u00f6ttes eg\u00e9szs\u00e9g\u00fcgyi probl\u00e9m\u00e1k kezel\u00e9se \u00e9s az eg\u00e9szs\u00e9ges \u00e9letm\u00f3d fenntart\u00e1sa kulcsfontoss\u00e1g\u00fa a hossz\u00fa t\u00e1v\u00fa sikerhez.<\/p>\n<p>A rendszeres orvosi ellen\u0151rz\u00e9sek \u00e9s az eg\u00e9szs\u00e9g\u00fcgyi szolg\u00e1ltat\u00f3kkal folytatott ny\u00edlt kommunik\u00e1ci\u00f3 seg\u00edthet az ED hat\u00e9kony kezel\u00e9s\u00e9ben. Az is fontos, hogy az egy\u00e9nek t\u00fcrelmesek \u00e9s kitart\u00f3ak legyenek, mivel a kezel\u00e9sek \u00e9s az \u00e9letm\u00f3d-be\u00e1ll\u00edt\u00e1sok megfelel\u0151 kombin\u00e1ci\u00f3j\u00e1nak megtal\u00e1l\u00e1sa id\u0151be telhet.<\/p>\n<h2>Az ED-kezel\u00e9sek \u00e9s innov\u00e1ci\u00f3k j\u00f6v\u0151beli fejleszt\u00e9sei<\/h2>\n<p>Az erectilis diszfunkci\u00f3 kezel\u00e9s\u00e9nek k\u00f6rnyezete folyamatosan fejl\u0151dik, a kutat\u00e1s \u00e9s az innov\u00e1ci\u00f3 \u00faj fejlem\u00e9nyekhez vezet. A farmakol\u00f3gia \u00e9s a biotechnol\u00f3gia fejl\u0151d\u00e9se hat\u00e9konyabb \u00e9s szem\u00e9lyre szabott kezel\u00e9si lehet\u0151s\u00e9geket \u00edg\u00e9r a j\u00f6v\u0151ben. Folyamatban van az \u00faj gy\u00f3gyszerk\u00e9sz\u00edtm\u00e9nyek, a g\u00e9nter\u00e1pia \u00e9s a regenerat\u00edv gy\u00f3gy\u00e1szati \u200b\u200btechnik\u00e1k kutat\u00e1sa, amelyek \u00faj rem\u00e9nyt ny\u00fajthatnak az ED-ben szenved\u0151knek.<\/p>\n<p>Ahogy az erekci\u00f3s zavar tudom\u00e1nyos ismeretei egyre m\u00e9ly\u00fclnek, a j\u00f6v\u0151beni kezel\u00e9sek nemcsak a t\u00fcnetekkel, hanem az \u00e1llapot kiv\u00e1lt\u00f3 okaival is foglalkozhatnak. Ezek az innov\u00e1ci\u00f3k potenci\u00e1lisan jelent\u0151sen jav\u00edtj\u00e1k az ED-vel k\u00fczd\u0151 f\u00e9rfiak \u00e9letmin\u0151s\u00e9g\u00e9t, \u00e1tfog\u00f3bb \u00e9s hat\u00e9konyabb megold\u00e1sokat k\u00edn\u00e1lva.<\/p>\n","protected":false},"excerpt":{"rendered":"<p>Hogyan v\u00e1lasszunk hat\u00e9kony ED-gy\u00f3gyszert \u2013 a Levitra Soft Tabs haszn\u00e1lat\u00e1ra \u00f6sszpontos\u00edtva A megfelel\u0151 erekci\u00f3s diszfunkci\u00f3 gy\u00f3gyszer kiv\u00e1laszt\u00e1sa kih\u00edv\u00e1st jelenthet, de az olyan lehet\u0151s\u00e9gek meg\u00e9rt\u00e9se, mint a Levitra Soft Tabs, seg\u00edthet a megalapozott d\u00f6nt\u00e9s meghozatal\u00e1ban. Az erekci\u00f3s zavar \u00e9s okai meg\u00e9rt\u00e9se Az erekci\u00f3s diszfunkci\u00f3 (ED) egy gyakori \u00e1llapot, amely vil\u00e1gszerte sok f\u00e9rfit \u00e9rint, \u00e9s nem k\u00e9pes [&hellip;]<\/p>\n","protected":false},"author":1,"featured_media":0,"parent":0,"menu_order":0,"comment_status":"closed","ping_status":"closed","template":"","meta":{"footnotes":""},"class_list":["post-16718","page","type-page","status-publish","hentry"],"_links":{"self":[{"href":"http:\/\/haywire.pl\/index.php?rest_route=\/wp\/v2\/pages\/16718","targetHints":{"allow":["GET"]}}],"collection":[{"href":"http:\/\/haywire.pl\/index.php?rest_route=\/wp\/v2\/pages"}],"about":[{"href":"http:\/\/haywire.pl\/index.php?rest_route=\/wp\/v2\/types\/page"}],"author":[{"embeddable":true,"href":"http:\/\/haywire.pl\/index.php?rest_route=\/wp\/v2\/users\/1"}],"replies":[{"embeddable":true,"href":"http:\/\/haywire.pl\/index.php?rest_route=%2Fwp%2Fv2%2Fcomments&post=16718"}],"version-history":[{"count":1,"href":"http:\/\/haywire.pl\/index.php?rest_route=\/wp\/v2\/pages\/16718\/revisions"}],"predecessor-version":[{"id":16719,"href":"http:\/\/haywire.pl\/index.php?rest_route=\/wp\/v2\/pages\/16718\/revisions\/16719"}],"wp:attachment":[{"href":"http:\/\/haywire.pl\/index.php?rest_route=%2Fwp%2Fv2%2Fmedia&parent=16718"}],"curies":[{"name":"wp","href":"https:\/\/api.w.org\/{rel}","templated":true}]}}