{"id":16710,"date":"2026-03-24T06:11:49","date_gmt":"2026-03-24T06:11:49","guid":{"rendered":"http:\/\/haywire.pl\/?page_id=16710"},"modified":"2026-03-24T06:11:49","modified_gmt":"2026-03-24T06:11:49","slug":"porozumeni-doxycyklinu-prehled-2","status":"publish","type":"page","link":"http:\/\/haywire.pl\/?page_id=16710","title":{"rendered":"Porozum\u011bn\u00ed doxycyklinu: P\u0159ehled"},"content":{"rendered":"<h1>Doxycyklin pro sinusitidu \/ bronchitidu \/ UTI: co o\u010dek\u00e1vat<\/h1>\n<p>Doxycyklin je v\u0161estrann\u00e9 antibiotikum pou\u017e\u00edvan\u00e9 k l\u00e9\u010db\u011b \u0159ady infekc\u00ed, v\u010detn\u011b sinusitidy, bronchitidy a infekc\u00ed mo\u010dov\u00fdch cest (UTI), a pochopen\u00ed jeho pou\u017eit\u00ed, \u00fa\u010dink\u016f a preventivn\u00edch opat\u0159en\u00ed je z\u00e1sadn\u00ed pro \u00fa\u010dinnou l\u00e9\u010dbu.<\/p>\n<h2>Porozum\u011bn\u00ed doxycyklinu: P\u0159ehled<\/h2>\n<p>Doxycyklin je typ antibiotika pat\u0159\u00edc\u00edho do t\u0159\u00eddy tetracyklin\u016f. P\u016fsob\u00ed tak, \u017ee inhibuje r\u016fst a mno\u017een\u00ed bakteri\u00ed, \u010d\u00edm\u017e pom\u00e1h\u00e1 imunitn\u00edmu syst\u00e9mu t\u011bla \u00fa\u010dinn\u011bji bojovat s infekc\u00ed. Jeho \u0161irokospektr\u00e1ln\u00ed schopnosti z n\u011bj \u010din\u00ed obl\u00edbenou volbu pro l\u00e9\u010dbu r\u016fzn\u00fdch bakteri\u00e1ln\u00edch infekc\u00ed, v\u010detn\u011b infekc\u00ed d\u00fdchac\u00edch cest, infekc\u00ed mo\u010dov\u00fdch cest a n\u011bkter\u00fdch typ\u016f ko\u017en\u00edch infekc\u00ed.<\/p>\n<p>Doxycyklin, kter\u00fd byl p\u0159edstaven v 60. letech 20. stolet\u00ed, byl z\u00e1kladem l\u00e9ka\u0159sk\u00e9 l\u00e9\u010dby d\u00edky sv\u00e9 \u00fa\u010dinnosti a relativn\u011b m\u00edrn\u00fdm vedlej\u0161\u00edm \u00fa\u010dink\u016fm ve srovn\u00e1n\u00ed s jin\u00fdmi antibiotiky. Jeho schopnost pronikat do t\u011blesn\u00fdch tk\u00e1n\u00ed ho \u010din\u00ed zvl\u00e1\u0161t\u011b u\u017eite\u010dn\u00fdm pro l\u00e9\u010dbu infekc\u00ed v oblastech, kter\u00e9 jsou jinak obt\u00ed\u017en\u011b dostupn\u00e9 jin\u00fdmi l\u00e9ky. Jeho or\u00e1ln\u00ed forma nav\u00edc umo\u017e\u0148uje snadn\u00e9 pod\u00e1v\u00e1n\u00ed a je tak p\u0159\u00edstupn\u00e1 pro ambulantn\u00ed p\u00e9\u010di.<\/p>\n<h2>Jak doxycyklin l\u00e9\u010d\u00ed sinusitidu<\/h2>\n<p>Sinusitida, z\u00e1n\u011bt dutin \u010dasto zp\u016fsoben\u00fd bakteri\u00e1ln\u00ed infekc\u00ed, m\u016f\u017ee v\u00e9st k p\u0159ekrven\u00ed, tlaku a bolesti v oblasti obli\u010deje. Doxycyklin je \u010dasto p\u0159edepisov\u00e1n k l\u00e9\u010db\u011b bakteri\u00e1ln\u00ed sinusitidy kv\u016fli sv\u00e9 schopnosti zam\u011b\u0159it se na bakterie odpov\u011bdn\u00e9 za infekci. T\u00edm, \u017ee br\u00e1n\u00ed bakteri\u00edm produkovat proteiny nezbytn\u00e9 pro jejich r\u016fst, doxycyklin \u00fa\u010dinn\u011b sni\u017euje z\u00e1n\u011bt a zm\u00edr\u0148uje p\u0159\u00edznaky.<\/p>\n<p>Pacienti obvykle zaznamenaj\u00ed zlep\u0161en\u00ed symptom\u016f b\u011bhem n\u011bkolika dn\u016f po zah\u00e1jen\u00ed l\u00e9\u010dby. Jako u ka\u017ed\u00e9ho antibiotika je v\u0161ak kl\u00ed\u010dov\u00e9 dokon\u010dit celou p\u0159edepsanou k\u00faru doxycyklinu, aby se zabr\u00e1nilo op\u011btovn\u00e9mu vzplanut\u00ed infekce nebo rozvoji bakteri\u00ed rezistentn\u00edch na antibiotika.<\/p>\n<h2>Role doxycyklinu p\u0159i l\u00e9\u010db\u011b bronchitidy<\/h2>\n<p>Bronchitida, zejm\u00e9na chronick\u00e1 nebo zp\u016fsoben\u00e1 bakteri\u00e1ln\u00ed infekc\u00ed, m\u016f\u017ee b\u00fdt vysiluj\u00edc\u00ed s p\u0159\u00edznaky, jako je p\u0159etrv\u00e1vaj\u00edc\u00ed ka\u0161el a pot\u00ed\u017ee s d\u00fdch\u00e1n\u00edm. Doxycyklin se n\u011bkdy pou\u017e\u00edv\u00e1 k l\u00e9\u010db\u011b bakteri\u00e1ln\u00ed bronchitidy zam\u011b\u0159en\u00edm na z\u00e1kladn\u00ed bakteri\u00e1ln\u00ed p\u0159\u00ed\u010dinu. Pom\u00e1h\u00e1 sni\u017eovat tvorbu hlenu a \u010dist\u00ed d\u00fdchac\u00ed cesty, \u010d\u00edm\u017e zlep\u0161uje d\u00fdch\u00e1n\u00ed a omezuje ka\u0161el.<\/p>\n<p>Zat\u00edmco doxycyklin je \u00fa\u010dinn\u00fd u bakteri\u00e1ln\u00ed bronchitidy, je d\u016fle\u017eit\u00e9 si uv\u011bdomit, \u017ee nen\u00ed vhodn\u00fd pro virovou bronchitidu, kter\u00e1 vy\u017eaduje jinou l\u00e9\u010dbu. K ur\u010den\u00ed povahy bronchitidy a vhodnosti doxycyklinu jako mo\u017enosti l\u00e9\u010dby je nezbytn\u00e1 diagnostika zdravotnick\u00fdm pracovn\u00edkem.<\/p>\n<h2>Pou\u017eit\u00ed doxycyklinu pro infekce mo\u010dov\u00fdch cest<\/h2>\n<p>Infekce mo\u010dov\u00fdch cest (UTI) jsou b\u011b\u017en\u00e9, zejm\u00e9na u \u017een, a jsou \u010dasto zp\u016fsobeny bakteriemi, jako je Escherichia coli. Doxycyklin je jedn\u00edm z antibiotik, kter\u00e9 lze pou\u017e\u00edt k l\u00e9\u010db\u011b infekc\u00ed mo\u010dov\u00fdch cest, zejm\u00e9na pokud jsou p\u0159\u00edslu\u0161n\u00e9 bakterie rezistentn\u00ed v\u016f\u010di b\u011b\u017en\u011bji p\u0159edepisovan\u00fdm antibiotik\u016fm. Jeho \u00fa\u010dinnost p\u0159i l\u00e9\u010db\u011b UTI spo\u010d\u00edv\u00e1 v jeho schopnosti dos\u00e1hnout vysok\u00fdch koncentrac\u00ed v mo\u010dov\u00e9m traktu, a t\u00edm \u00fa\u010dinn\u011b eliminovat bakterie.<\/p>\n<p>Pacienti u\u017e\u00edvaj\u00edc\u00ed doxycyklin na infekce mo\u010dov\u00fdch cest by m\u011bli zajistit dostate\u010dn\u00fd p\u0159\u00edjem tekutin, kter\u00e9 pomohou vyplavit bakterie a podpo\u0159\u00ed \u00fa\u010dinek antibiotika. Stejn\u011b jako u jin\u00fdch infekc\u00ed je d\u016fle\u017eit\u00e9 absolvovat celou l\u00e9\u010dbu doxycyklinem, aby se zajistila \u00fapln\u00e1 eradikace infekce a aby se zabr\u00e1nilo opakov\u00e1n\u00ed.<\/p>\n<h2>Pokyny pro d\u00e1vkov\u00e1n\u00ed doxycyklinu<\/h2>\n<p>D\u00e1vkov\u00e1n\u00ed doxycyklinu se m\u016f\u017ee li\u0161it v z\u00e1vislosti na typu a z\u00e1va\u017enosti infekce, stejn\u011b jako na v\u011bku a zdravotn\u00edm stavu pacienta. Typicky m\u016f\u017ee b\u00fdt u dosp\u011bl\u00fdch po\u010d\u00e1te\u010dn\u00ed d\u00e1vka vy\u0161\u0161\u00ed, po n\u00ed\u017e n\u00e1sleduje sn\u00ed\u017een\u00e1 udr\u017eovac\u00ed d\u00e1vka. Nap\u0159\u00edklad b\u011b\u017en\u00fd re\u017eim m\u016f\u017ee zahrnovat 200 mg prvn\u00ed den, po kter\u00e9m n\u00e1sleduje 100 mg denn\u011b.<\/p>\n<p>Je d\u016fle\u017eit\u00e9, aby pacienti <a href=\"https:\/\/lekdomu.cz\/koupit-doxycyklin-online-bez-predpisu\">https:\/\/lekdomu.cz\/koupit-doxycyklin-online-bez-predpisu<\/a> pe\u010dliv\u011b dodr\u017eovali pokyny sv\u00e9ho poskytovatele zdravotn\u00ed p\u00e9\u010de a nem\u011bnili d\u00e1vkov\u00e1n\u00ed bez konzultace s odborn\u00edkem. U\u017e\u00edv\u00e1n\u00ed doxycyklinu s plnou sklenic\u00ed vody a vyh\u00fdb\u00e1n\u00ed se le\u017een\u00ed alespo\u0148 30 minut po po\u017eit\u00ed m\u016f\u017ee pomoci zabr\u00e1nit podr\u00e1\u017ed\u011bn\u00ed j\u00edcnu, co\u017e je potenci\u00e1ln\u00ed vedlej\u0161\u00ed \u00fa\u010dinek.<\/p>\n<h2>Mo\u017en\u00e9 vedlej\u0161\u00ed \u00fa\u010dinky doxycyklinu<\/h2>\n<p>Stejn\u011b jako v\u0161echny l\u00e9ky m\u016f\u017ee i doxycyklin zp\u016fsobit u n\u011bkter\u00fdch pacient\u016f ne\u017e\u00e1douc\u00ed \u00fa\u010dinky. \u010cast\u00e9 ne\u017e\u00e1douc\u00ed \u00fa\u010dinky zahrnuj\u00ed gastrointestin\u00e1ln\u00ed nepohodl\u00ed, jako je nevolnost, zvracen\u00ed a pr\u016fjem. N\u011bkte\u0159\u00ed pacienti mohou tak\u00e9 poci\u0165ovat citlivost na slune\u010dn\u00ed z\u00e1\u0159en\u00ed, co\u017e vede ke zv\u00fd\u0161en\u00e9mu riziku sp\u00e1len\u00ed.<\/p>\n<p>Z\u00e1va\u017en\u011bj\u0161\u00ed ne\u017e\u00e1douc\u00ed \u00fa\u010dinky jsou vz\u00e1cn\u00e9, ale mohou se objevit, v\u010detn\u011b zm\u011bn vid\u011bn\u00ed, siln\u00fdch bolest\u00ed hlavy a alergick\u00fdch reakc\u00ed. Pacienti, u kter\u00fdch se objev\u00ed z\u00e1va\u017en\u00e9 ne\u017e\u00e1douc\u00ed \u00fa\u010dinky, by m\u011bli okam\u017eit\u011b vyhledat l\u00e9ka\u0159skou pomoc. Je nezbytn\u00e9 vyv\u00e1\u017eit p\u0159\u00ednosy doxycyklinu s jeho potenci\u00e1ln\u00edmi riziky, pod veden\u00edm poskytovatele zdravotn\u00ed p\u00e9\u010de.<\/p>\n<h2>Interakce doxycyklinu s jin\u00fdmi l\u00e9ky<\/h2>\n<p>Doxycyklin m\u016f\u017ee interagovat s \u0159adou dal\u0161\u00edch l\u00e9k\u016f, co\u017e m\u016f\u017ee zm\u011bnit jeho \u00fa\u010dinnost nebo zv\u00fd\u0161it riziko ne\u017e\u00e1douc\u00edch \u00fa\u010dink\u016f. M\u016f\u017ee nap\u0159\u00edklad sni\u017eovat \u00fa\u010dinnost peror\u00e1ln\u00ed antikoncepce, tak\u017ee se b\u011bhem l\u00e9\u010dby doporu\u010duje pou\u017e\u00edvat alternativn\u00ed nebo dopl\u0148kov\u00e9 antikoncep\u010dn\u00ed metody.<\/p>\n<p>Nav\u00edc u\u017e\u00edv\u00e1n\u00ed doxycyklinu spolu s ur\u010dit\u00fdmi antacidy nebo dopl\u0148ky obsahuj\u00edc\u00edmi v\u00e1pn\u00edk, ho\u0159\u010d\u00edk nebo \u017eelezo m\u016f\u017ee naru\u0161it jeho absorpci. Pacienti by m\u011bli informovat sv\u00e9ho poskytovatele zdravotn\u00ed p\u00e9\u010de o v\u0161ech l\u00e9c\u00edch a dopl\u0148c\u00edch, kter\u00e9 u\u017e\u00edvaj\u00ed, aby se vyhnuli mo\u017en\u00fdm interakc\u00edm.<\/p>\n<h2>Srovn\u00e1n\u00ed doxycyklinu s jin\u00fdmi antibiotiky<\/h2>\n<p>P\u0159i srovn\u00e1n\u00ed doxycyklinu s jin\u00fdmi antibiotiky je v\u00fdznamnou v\u00fdhodou jeho \u0161irokospektr\u00e1ln\u00ed aktivita. Na rozd\u00edl od penicilin\u016f nebo cefalosporin\u016f je doxycyklin \u00fa\u010dinn\u00fd proti \u0161ir\u0161\u00edmu spektru bakteri\u00ed, v\u010detn\u011b n\u011bkter\u00fdch kmen\u016f, kter\u00e9 jsou odoln\u00e9 v\u016f\u010di jin\u00fdm antibiotik\u016fm.<\/p>\n<p>Doxycyklin v\u0161ak nemus\u00ed b\u00fdt v\u017edy prvn\u00ed volbou vzhledem k profilu vedlej\u0161\u00edch \u00fa\u010dink\u016f a potenci\u00e1lu pro interakce. U n\u011bkter\u00fdch infekc\u00ed mohou b\u00fdt preferov\u00e1na c\u00edlen\u011bj\u0161\u00ed antibiotika. Nakonec by v\u00fdb\u011br antibiotika m\u011bl b\u00fdt zalo\u017een na konkr\u00e9tn\u00ed infekci, vzorc\u00edch bakteri\u00e1ln\u00ed rezistence a \u00favah\u00e1ch pacienta.<\/p>\n<h2>Bezpe\u010dnostn\u00ed opat\u0159en\u00ed p\u0159i pou\u017e\u00edv\u00e1n\u00ed doxycyklinu<\/h2>\n<p>Aby bylo zaji\u0161t\u011bno bezpe\u010dn\u00e9 pou\u017e\u00edv\u00e1n\u00ed doxycyklinu, pacienti by m\u011bli dodr\u017eovat n\u011bkolik opat\u0159en\u00ed. Je vhodn\u00e9 vyhnout se dlouhodob\u00e9mu pobytu na slunci nebo sol\u00e1riu, proto\u017ee doxycyklin m\u016f\u017ee zv\u00fd\u0161it fotosenzitivitu. Ochrann\u00fd od\u011bv a opalovac\u00ed kr\u00e9m mohou pomoci toto riziko zm\u00edrnit.<\/p>\n<p>Pacienti s probl\u00e9my s j\u00e1try nebo ledvinami v anamn\u00e9ze by m\u011bli pou\u017e\u00edvat doxycyklin s opatrnost\u00ed, proto\u017ee tyto stavy mohou ovlivnit to, jak t\u011blo zpracov\u00e1v\u00e1 l\u00e9k. Pravideln\u00e9 sledov\u00e1n\u00ed poskytovatelem zdravotn\u00ed p\u00e9\u010de m\u016f\u017ee pomoci zvl\u00e1dnout p\u0159\u00edpadn\u00e9 komplikace. T\u011bhotn\u00e9 \u017eeny nebo koj\u00edc\u00ed \u017eeny by m\u011bly projednat rizika a p\u0159\u00ednosy doxycyklinu se sv\u00fdm poskytovatelem zdravotn\u00ed p\u00e9\u010de.<\/p>\n<h2>Jak dlouho trv\u00e1 \u00fa\u010dinek doxycyklinu?<\/h2>\n<p>Doba, po kterou doxycyklin za\u010dne p\u016fsobit, se m\u016f\u017ee li\u0161it v z\u00e1vislosti na l\u00e9\u010den\u00e9 infekci. U mnoha infekc\u00ed mohou pacienti zaznamenat zlep\u0161en\u00ed symptom\u016f b\u011bhem 48 a\u017e 72 hodin. Je v\u0161ak d\u016fle\u017eit\u00e9 pokra\u010dovat v u\u017e\u00edv\u00e1n\u00ed l\u00e9k\u016f po celou p\u0159edepsanou k\u00faru, i kdy\u017e se p\u0159\u00edznaky zlep\u0161\u00ed, aby byla zaji\u0161t\u011bna \u00fapln\u00e1 eradikace infekce.<\/p>\n<p>V p\u0159\u00edpadech, kdy se p\u0159\u00edznaky nezlep\u0161\u00ed nebo se zhor\u0161\u00ed, by pacienti m\u011bli neprodlen\u011b kontaktovat sv\u00e9ho poskytovatele zdravotn\u00ed p\u00e9\u010de. To m\u016f\u017ee nazna\u010dovat, \u017ee bakterie jsou odoln\u00e9 v\u016f\u010di doxycyklinu nebo \u017ee je zapot\u0159eb\u00ed jin\u00fd p\u0159\u00edstup k l\u00e9\u010db\u011b.<\/p>\n<h2>L\u00e9\u010dba alergi\u00ed na doxycyklin<\/h2>\n<p>Alergick\u00e9 reakce na doxycyklin jsou m\u00e9n\u011b \u010dast\u00e9, ale mohou se objevit. P\u0159\u00edznaky alergick\u00e9 reakce mohou zahrnovat vyr\u00e1\u017eku, sv\u011bd\u011bn\u00ed, otok, siln\u00e9 z\u00e1vrat\u011b nebo pot\u00ed\u017ee s d\u00fdch\u00e1n\u00edm. Pokud se n\u011bkter\u00fd z t\u011bchto p\u0159\u00edznak\u016f objev\u00ed, je nutn\u00e1 okam\u017eit\u00e1 l\u00e9ka\u0159sk\u00e1 pomoc.<\/p>\n<p>Pacienti se zn\u00e1mou alergi\u00ed na doxycyklin nebo jin\u00e9 tetracykliny by m\u011bli informovat sv\u00e9ho poskytovatele zdravotn\u00ed p\u00e9\u010de, aby bylo zaji\u0161t\u011bno zv\u00e1\u017een\u00ed alternativn\u00ed l\u00e9\u010dby. Podrobn\u00e1 anamn\u00e9za m\u016f\u017ee pomoci p\u0159edej\u00edt alergick\u00fdm reakc\u00edm a zajistit v\u00fdb\u011br nejbezpe\u010dn\u011bj\u0161\u00edho a nej\u00fa\u010dinn\u011bj\u0161\u00edho antibiotika.<\/p>\n<h2>V\u00fdznam absolvov\u00e1n\u00ed kurzu doxycyklinu<\/h2>\n<p>Absolvov\u00e1n\u00ed cel\u00e9 l\u00e9\u010dby doxycyklinem, jak je p\u0159edeps\u00e1no, je kl\u00ed\u010dov\u00e9 pro \u00fa\u010dinnou l\u00e9\u010dbu infekce a prevenci rozvoje bakteri\u00ed odoln\u00fdch v\u016f\u010di antibiotik\u016fm. V\u010dasn\u00e9 ukon\u010den\u00ed l\u00e9\u010dby, i kdy\u017e se p\u0159\u00edznaky zlep\u0161ily, m\u016f\u017ee v\u00e9st k op\u011btovn\u00e9mu v\u00fdskytu infekce a p\u0159isp\u011bt k rostouc\u00edmu probl\u00e9mu rezistence na antibiotika.<\/p>\n<p>Pacienti by m\u011bli b\u00fdt povzbuzov\u00e1ni, aby dodr\u017eovali sv\u016fj p\u0159edepsan\u00fd l\u00e9\u010debn\u00fd pl\u00e1n a diskutovali o jak\u00fdchkoli obav\u00e1ch nebo vedlej\u0161\u00edch \u00fa\u010dinc\u00edch se sv\u00fdm poskytovatelem zdravotn\u00ed p\u00e9\u010de, aby se vypo\u0159\u00e1dali s p\u0159\u00edpadn\u00fdmi p\u0159ek\u00e1\u017ekami p\u0159i absolvov\u00e1n\u00ed kurzu.<\/p>\n<h2>Doxycyklin pro d\u011bti: Co by rodi\u010de m\u011bli v\u011bd\u011bt<\/h2>\n<p>Doxycyklin se obecn\u011b nedoporu\u010duje d\u011btem do osmi let kv\u016fli riziku ovlivn\u011bn\u00ed v\u00fdvoje kost\u00ed a zub\u016f. V ur\u010dit\u00fdch p\u0159\u00edpadech, jako jsou z\u00e1va\u017en\u00e9 nebo \u017eivot ohro\u017euj\u00edc\u00ed infekce, v\u0161ak mohou poskytovatel\u00e9 zdravotn\u00ed p\u00e9\u010de zv\u00e1\u017eit jeho pou\u017eit\u00ed a zv\u00e1\u017eit p\u0159\u00ednosy proti rizik\u016fm.<\/p>\n<p>Rodi\u010de by m\u011bli zajistit, aby p\u0159esn\u011b dodr\u017eovali pokyny poskytovatele zdravotn\u00ed p\u00e9\u010de a hl\u00e1sili jak\u00e9koli neobvykl\u00e9 p\u0159\u00edznaky nebo ne\u017e\u00e1douc\u00ed \u00fa\u010dinky. Neust\u00e1l\u00fd dialog s poskytovatelem zdravotn\u00ed p\u00e9\u010de je nezbytn\u00fd pro zaji\u0161t\u011bn\u00ed bezpe\u010dn\u00e9 a \u00fa\u010dinn\u00e9 l\u00e9\u010dby pro d\u011bti.<\/p>\n<h2>U\u017e\u00edv\u00e1n\u00ed doxycyklinu b\u011bhem t\u011bhotenstv\u00ed a kojen\u00ed<\/h2>\n<p>Doxycyklin se obvykle nedoporu\u010duje b\u011bhem t\u011bhotenstv\u00ed kv\u016fli potenci\u00e1ln\u00edm rizik\u016fm pro vyv\u00edjej\u00edc\u00ed se plod, v\u010detn\u011b \u00fa\u010dink\u016f na v\u00fdvoj kost\u00ed a zub\u016f. Podobn\u011b se koj\u00edc\u00edm matk\u00e1m obvykle doporu\u010duje vyh\u00fdbat se doxycyklinu, proto\u017ee m\u016f\u017ee proch\u00e1zet mate\u0159sk\u00fdm ml\u00e9kem a m\u016f\u017ee m\u00edt vliv na kojen\u00e9 d\u00edt\u011b.<\/p>\n<p>V ur\u010dit\u00fdch situac\u00edch, kdy p\u0159\u00ednosy p\u0159eva\u017euj\u00ed nad riziky, mohou poskytovatel\u00e9 zdravotn\u00ed p\u00e9\u010de p\u0159edepsat doxycyklin, ale toto rozhodnut\u00ed by m\u011blo b\u00fdt u\u010din\u011bno po pe\u010dliv\u00e9m zv\u00e1\u017een\u00ed a konzultaci. V t\u011bhotenstv\u00ed a p\u0159i kojen\u00ed se obecn\u011b preferuj\u00ed alternativn\u00ed antibiotika, kter\u00e1 p\u0159edstavuj\u00ed m\u00e9n\u011b rizik.<\/p>\n<h2>Tipy pro maximalizaci \u00fa\u010dinnosti doxycyklinu<\/h2>\n<p>Aby se maximalizovala \u00fa\u010dinnost doxycyklinu, pacienti by m\u011bli p\u0159esn\u011b dodr\u017eovat p\u0159edepsan\u00e9 d\u00e1vkov\u00e1n\u00ed a pokyny pro pod\u00e1v\u00e1n\u00ed. U\u017e\u00edv\u00e1n\u00ed l\u00e9ku s plnou sklenic\u00ed vody m\u016f\u017ee pomoci zabr\u00e1nit podr\u00e1\u017ed\u011bn\u00ed j\u00edcnu a rovnom\u011brn\u00e9 rozm\u00edst\u011bn\u00ed d\u00e1vek b\u011bhem dne zaji\u0161\u0165uje konzistentn\u00ed hladiny l\u00e9ku v t\u011ble.<\/p>\n<p>Vyh\u00fdb\u00e1n\u00ed se ml\u00e9\u010dn\u00fdm v\u00fdrobk\u016fm, antacid\u016fm a dopl\u0148k\u016fm obsahuj\u00edc\u00edm v\u00e1pn\u00edk, ho\u0159\u010d\u00edk nebo \u017eelezo v dob\u011b t\u011bsn\u011b p\u0159ed u\u017e\u00edv\u00e1n\u00edm doxycyklinu m\u016f\u017ee pomoci zlep\u0161it vst\u0159eb\u00e1v\u00e1n\u00ed. Pravideln\u00e9 sledov\u00e1n\u00ed u poskytovatele zdravotn\u00ed p\u00e9\u010de m\u016f\u017ee tak\u00e9 pomoci sledovat pr\u016fb\u011bh l\u00e9\u010dby a \u0159e\u0161it jak\u00e9koli probl\u00e9my, kter\u00e9 mohou nastat.<\/p>\n","protected":false},"excerpt":{"rendered":"<p>Doxycyklin pro sinusitidu \/ bronchitidu \/ UTI: co o\u010dek\u00e1vat Doxycyklin je v\u0161estrann\u00e9 antibiotikum pou\u017e\u00edvan\u00e9 k l\u00e9\u010db\u011b \u0159ady infekc\u00ed, v\u010detn\u011b sinusitidy, bronchitidy a infekc\u00ed mo\u010dov\u00fdch cest (UTI), a pochopen\u00ed jeho pou\u017eit\u00ed, \u00fa\u010dink\u016f a preventivn\u00edch opat\u0159en\u00ed je z\u00e1sadn\u00ed pro \u00fa\u010dinnou l\u00e9\u010dbu. Porozum\u011bn\u00ed doxycyklinu: P\u0159ehled Doxycyklin je typ antibiotika pat\u0159\u00edc\u00edho do t\u0159\u00eddy tetracyklin\u016f. P\u016fsob\u00ed tak, \u017ee inhibuje r\u016fst [&hellip;]<\/p>\n","protected":false},"author":1,"featured_media":0,"parent":0,"menu_order":0,"comment_status":"closed","ping_status":"closed","template":"","meta":{"footnotes":""},"class_list":["post-16710","page","type-page","status-publish","hentry"],"_links":{"self":[{"href":"http:\/\/haywire.pl\/index.php?rest_route=\/wp\/v2\/pages\/16710","targetHints":{"allow":["GET"]}}],"collection":[{"href":"http:\/\/haywire.pl\/index.php?rest_route=\/wp\/v2\/pages"}],"about":[{"href":"http:\/\/haywire.pl\/index.php?rest_route=\/wp\/v2\/types\/page"}],"author":[{"embeddable":true,"href":"http:\/\/haywire.pl\/index.php?rest_route=\/wp\/v2\/users\/1"}],"replies":[{"embeddable":true,"href":"http:\/\/haywire.pl\/index.php?rest_route=%2Fwp%2Fv2%2Fcomments&post=16710"}],"version-history":[{"count":1,"href":"http:\/\/haywire.pl\/index.php?rest_route=\/wp\/v2\/pages\/16710\/revisions"}],"predecessor-version":[{"id":16711,"href":"http:\/\/haywire.pl\/index.php?rest_route=\/wp\/v2\/pages\/16710\/revisions\/16711"}],"wp:attachment":[{"href":"http:\/\/haywire.pl\/index.php?rest_route=%2Fwp%2Fv2%2Fmedia&parent=16710"}],"curies":[{"name":"wp","href":"https:\/\/api.w.org\/{rel}","templated":true}]}}