{"id":16644,"date":"2026-03-24T04:10:29","date_gmt":"2026-03-24T04:10:29","guid":{"rendered":"http:\/\/haywire.pl\/?page_id=16644"},"modified":"2026-03-24T04:10:29","modified_gmt":"2026-03-24T04:10:29","slug":"korrekt-forvaringsvillkor-for-accutane-generic-2","status":"publish","type":"page","link":"http:\/\/haywire.pl\/?page_id=16644","title":{"rendered":"Korrekt f\u00f6rvaringsvillkor f\u00f6r Accutane Generic"},"content":{"rendered":"<h1>Hur man f\u00f6rvarar, reser med och fyller p\u00e5 Accutane Generic<\/h1>\n<p>Den h\u00e4r artikeln ger omfattande v\u00e4gledning om att lagra, resa med och fylla p\u00e5 Accutane Generic f\u00f6r att s\u00e4kerst\u00e4lla dess effektivitet och tillg\u00e4nglighet.<\/p>\n<h2>Korrekt f\u00f6rvaringsvillkor f\u00f6r Accutane Generic<\/h2>\n<p>Accutane Generic, \u00e4ven k\u00e4nd under sitt vetenskapliga namn isotretinoin, kr\u00e4ver specifika lagringsf\u00f6rh\u00e5llanden f\u00f6r att bibeh\u00e5lla sin effektivitet. Det b\u00f6r f\u00f6rvaras i rumstemperatur, borta fr\u00e5n \u00f6verdriven v\u00e4rme, fukt och ljus. F\u00f6rvara den helst p\u00e5 en torr plats, till exempel ett medicinsk\u00e5p, snarare \u00e4n i ett badrum d\u00e4r luftfuktigheten kan fluktuera.<\/p>\n<p>Dessutom \u00e4r det viktigt att h\u00e5lla Accutane Generic utom r\u00e4ckh\u00e5ll f\u00f6r barn och husdjur p\u00e5 grund av dess styrka och potentiella biverkningar. Se till att beh\u00e5llaren \u00e4r v\u00e4l tillsluten n\u00e4r den inte anv\u00e4nds f\u00f6r att f\u00f6rhindra kontaminering och nedbrytning. Dessa f\u00f6rsiktighets\u00e5tg\u00e4rder hj\u00e4lper till att bibeh\u00e5lla l\u00e4kemedlets stabilitet och effektivitet under hela dess h\u00e5llbarhetstid.<\/p>\n<h2>Tips f\u00f6r att resa med Accutane Generic<\/h2>\n<p>N\u00e4r du reser med Accutane Generic \u00e4r f\u00f6rberedelser nyckeln. B\u00f6rja med att kontrollera resebest\u00e4mmelserna i ditt destinationsland ang\u00e5ende receptbelagda l\u00e4kemedel. Du kan beh\u00f6va ett l\u00e4karintyg eller en kopia av ditt recept f\u00f6r att tullklarera smidigt. Se till att packa tillr\u00e4ckligt med medicin f\u00f6r att h\u00e5lla hela resan, plus n\u00e5gra extra dagar vid f\u00f6rseningar.<\/p>\n<p>F\u00f6rvara din medicin i originalf\u00f6rpackningen med apoteksetiketten intakt, eftersom detta kan hj\u00e4lpa till att undvika komplikationer vid s\u00e4kerhetskontroller. Det \u00e4r tillr\u00e5dligt att b\u00e4ra Accutane i ditt handbagage, se till att det h\u00e5ller en stabil temperatur och \u00e4r l\u00e4ttillg\u00e4ngligt under flyg eller andra f\u00e4rds\u00e4tt.<\/p>\n<h2>Uppr\u00e4tth\u00e5lla medicinintegritet under resor<\/h2>\n<p>Att uppr\u00e4tth\u00e5lla integriteten hos Accutane Generic under resor \u00e4r avg\u00f6rande f\u00f6r dess effektivitet. Extrema temperaturer kan \u00e4ventyra medicinen, s\u00e5 undvik att l\u00e4mna den i en varm bil eller uts\u00e4tta den f\u00f6r direkt solljus under l\u00e4ngre perioder. Om du reser till en s\u00e4rskilt varm eller kall destination, \u00f6verv\u00e4g att anv\u00e4nda en v\u00e4rmep\u00e5se eller isolerad v\u00e4ska.<\/p>\n<p>Dessutom \u00e4r det viktigt att \u00f6vervaka l\u00e4kemedlets fysiska tillst\u00e5nd. Kontrollera om det finns n\u00e5gra f\u00f6r\u00e4ndringar i f\u00e4rg, konsistens eller lukt, vilket kan tyda p\u00e5 nedbrytning. Om du m\u00e4rker n\u00e5gra f\u00f6r\u00e4ndringar, kontakta en apotekspersonal eller v\u00e5rdgivare innan du forts\u00e4tter att anv\u00e4nda.<\/p>\n<h2>Accutane Generic Refill Process f\u00f6rklaras<\/h2>\n<p>Processen att fylla p\u00e5 Accutane Generic kan variera beroende p\u00e5 apotek och v\u00e5rdgivare. Vanligtvis kr\u00e4ver p\u00e5fyllningar ett uppdaterat recept, eftersom isotretinoinbehandling inneb\u00e4r regelbunden \u00f6vervakning p\u00e5 grund av dess biverkningar. Boka uppf\u00f6ljningsm\u00f6ten med din hudl\u00e4kare f\u00f6r att s\u00e4kerst\u00e4lla att ditt recept \u00e4r uppdaterat.<\/p>\n<p>I m\u00e5nga fall kan p\u00e5fyllning beg\u00e4ras online eller via telefon, vilket g\u00f6r processen bekv\u00e4m. Planera dock alltid i f\u00f6rv\u00e4g f\u00f6r att undvika att ta slut p\u00e5 medicin, s\u00e4rskilt om du r\u00e4knar med att vara borta fr\u00e5n hemmet under en l\u00e4ngre period.<\/p>\n<h2>N\u00f6dv\u00e4ndig dokumentation f\u00f6r Accutane Refills<\/h2>\n<p>N\u00e4r du fyller p\u00e5 Accutane Generic \u00e4r det viktigt att ha r\u00e4tt dokumentation. Detta inkluderar vanligtvis ett giltigt recept fr\u00e5n din v\u00e5rdgivare och, i vissa fall, bevis p\u00e5 ditt senaste dermatologbes\u00f6k. Vissa apotek kan ocks\u00e5 kr\u00e4va legitimation f\u00f6r att verifiera ditt recept.<\/p>\n<p>Beh\u00e5ll kopior av alla relevanta dokument, <a href=\"https:\/\/lakemedeldirekt.se\/generisk-accutane-utan-recept\">https:\/\/lakemedeldirekt.se\/generisk-accutane-utan-recept<\/a> s\u00e4rskilt om du planerar att fylla p\u00e5 ditt recept under resan. Detta s\u00e4kerst\u00e4ller att du har all n\u00f6dv\u00e4ndig information l\u00e4tt tillg\u00e4nglig och kan undvika potentiella f\u00f6rseningar eller komplikationer.<\/p>\n<h2>Hantera Accutane Generic Dosering p\u00e5 spr\u00e5ng<\/h2>\n<p>Att hantera din Accutane-dos n\u00e4r du reser kr\u00e4ver noggrann planering. Se till att du f\u00f6ljer ditt f\u00f6reskrivna schema, eftersom isotretinoin m\u00e5ste tas konsekvent f\u00f6r att vara effektivt. St\u00e4ll in p\u00e5minnelser p\u00e5 din mobila enhet om att ta din medicin vid samma tidpunkt varje dag, ta h\u00e4nsyn till tidszons\u00e4ndringar om det beh\u00f6vs.<\/p>\n<p>B\u00e4rbara pillerorganisat\u00f6rer kan vara till hj\u00e4lp, s\u00e4rskilt f\u00f6r l\u00e4ngre resor. Dessa organisat\u00f6rer hj\u00e4lper till att h\u00e5lla reda p\u00e5 doser och f\u00f6rhindra oavsiktlig dubbeldosering eller missade doser. Ha alltid med dig tillr\u00e4ckligt med din medicin och var uppm\u00e4rksam p\u00e5 f\u00f6rvaringsf\u00f6rh\u00e5llandena f\u00f6r att bibeh\u00e5lla dess effektivitet.<\/p>\n<h2>F\u00f6rst\u00e5 apotekspolicyer f\u00f6r Accutane<\/h2>\n<p>Apotekspolicyer f\u00f6r dispensering av Accutane Generic kan variera, s\u00e4rskilt p\u00e5 grund av dess klassificering som ett h\u00f6griskl\u00e4kemedel. Apotek kr\u00e4ver ett recept och kan begr\u00e4nsa m\u00e4ngden som doseras p\u00e5 en g\u00e5ng. De kan ocks\u00e5 kr\u00e4va deltagande i ett riskhanteringsprogram, som iPLEDGE-programmet i USA.<\/p>\n<p>Bekanta dig med reglerna f\u00f6r ditt lokala apotek och eventuella apotek du kan beh\u00f6va anv\u00e4nda n\u00e4r du reser. Detta s\u00e4kerst\u00e4ller en smidigare process n\u00e4r du fyller p\u00e5 ditt recept och hj\u00e4lper till att undvika ov\u00e4ntade utmaningar.<\/p>\n<h2>Accutane Generic Reserestriktioner och f\u00f6rordningar<\/h2>\n<p>Resebegr\u00e4nsningar och regler f\u00f6r att b\u00e4ra Accutane Generic kan skilja sig mycket mellan l\u00e4nder. Vissa l\u00e4nder har str\u00e4nga regler f\u00f6r import av receptbelagda l\u00e4kemedel, vilket kr\u00e4ver ytterligare pappersarbete eller godk\u00e4nnanden. Unders\u00f6k alltid de specifika kraven f\u00f6r din destination innan du reser.<\/p>\n<p>I vissa fall kan ett brev fr\u00e5n din v\u00e5rdgivare kr\u00e4vas, som beskriver ditt behov av medicinen och dess avsedda anv\u00e4ndning. Detta kan hj\u00e4lpa till att underl\u00e4tta tullklareringen och s\u00e4kerst\u00e4lla att du f\u00f6ljer lokala lagar.<\/p>\n<h2>S\u00e4ker transport av Accutane Generic<\/h2>\n<p>Att s\u00e4kerst\u00e4lla s\u00e4ker transport av Accutane Generic inneb\u00e4r b\u00e5de fysiskt skydd och efterlevnad av juridiska riktlinjer. Anv\u00e4nd en robust, isolerad beh\u00e5llare f\u00f6r att skydda l\u00e4kemedlet fr\u00e5n temperaturfluktuationer och fysiska skador. Att ha det i ditt handbagage ist\u00e4llet f\u00f6r incheckat bagage minimerar risken f\u00f6r f\u00f6rlust eller exponering f\u00f6r extrema f\u00f6rh\u00e5llanden.<\/p>\n<p>F\u00f6lj dessutom alla relevanta best\u00e4mmelser n\u00e4r du transporterar l\u00e4kemedlet \u00f6ver gr\u00e4nserna. Detta inkluderar att deklarera det hos tullen vid behov och att se till att all dokumentation \u00e4r f\u00f6r att f\u00f6rhindra juridiska problem.<\/p>\n<h2>Hantera Accutane-biverkningar under resan<\/h2>\n<p>Att resa med Accutane Generic kr\u00e4ver medvetenhet om dess potentiella biverkningar, som kan inkludera torr hud, spruckna l\u00e4ppar och k\u00e4nslighet f\u00f6r solljus. Packa l\u00e4mpliga hudv\u00e5rdsprodukter, s\u00e5som fuktkr\u00e4mer och l\u00e4ppbalsam, f\u00f6r att hantera dessa symtom effektivt.<\/p>\n<p>Eftersom isotretinoin kan \u00f6ka solk\u00e4nsligheten, \u00e4r ett brett spektrum solskyddsmedel viktigt, s\u00e4rskilt n\u00e4r du reser till soliga platser. Att h\u00e5lla sig hydrerad och uppr\u00e4tth\u00e5lla en balanserad kost kan ocks\u00e5 hj\u00e4lpa till att lindra vissa biverkningar och s\u00e4kerst\u00e4lla en trevlig reseupplevelse.<\/p>\n<h2>Kommunicera med v\u00e5rdgivare f\u00f6r p\u00e5fyllning<\/h2>\n<p>Effektiv kommunikation med v\u00e5rdgivare \u00e4r avg\u00f6rande f\u00f6r att hantera Accutane-p\u00e5fyllning, s\u00e4rskilt n\u00e4r du reser. H\u00e5ll \u00f6ppna kommunikationslinjer med din hudl\u00e4kare och apotekspersonal och informera dem om dina resplaner i f\u00f6rv\u00e4g. Detta g\u00f6r att de kan ge n\u00f6dv\u00e4ndig v\u00e4gledning och hj\u00e4lpa till med eventuella receptjusteringar.<\/p>\n<p>M\u00e5nga v\u00e5rdgivare erbjuder teleh\u00e4lsotj\u00e4nster, vilket kan vara ov\u00e4rderligt om du \u00e4r utomlands och beh\u00f6ver en konsultation eller p\u00e5fyllning. Se till att du har all kontaktinformation l\u00e4tt tillg\u00e4nglig f\u00f6r enkel \u00e5tkomst under din resa.<\/p>\n<h2>Accutane generiska lagringsl\u00f6sningar f\u00f6r resen\u00e4rer<\/h2>\n<p>Resen\u00e4rer beh\u00f6ver praktiska l\u00f6sningar f\u00f6r att f\u00f6rvara Accutane Generic n\u00e4r de \u00e4r p\u00e5 resande fot. \u00d6verv\u00e4g att investera i en isolerad medicinp\u00e5se i resestorlek. Dessa v\u00e4skor ger ett extra lager av skydd mot temperaturf\u00f6r\u00e4ndringar och \u00e4r tillr\u00e4ckligt kompakta f\u00f6r att passa i handbagaget.<\/p>\n<p>F\u00f6r l\u00e4ngre resor kan ett b\u00e4rbart medicinsk\u00e5p erbjuda extra s\u00e4kerhet och sinnesfrid. Detta s\u00e4kerst\u00e4ller att din medicin \u00e4r b\u00e5de skyddad fr\u00e5n milj\u00f6faktorer och s\u00e4ker fr\u00e5n st\u00f6ld eller manipulering.<\/p>\n<h2>S\u00e4kerst\u00e4ller Accutane tillg\u00e4nglighet utomlands<\/h2>\n<p>Att s\u00e4kerst\u00e4lla tillg\u00e4ngligheten av Accutane Generic utomlands kr\u00e4ver strategisk planering. Kontakta apoteken p\u00e5 din destination i f\u00f6rv\u00e4g f\u00f6r att bekr\u00e4fta att de har isotretinoin och fr\u00e5ga om deras p\u00e5fyllningspolicy. Att f\u00f6rst\u00e5 lokala h\u00e4lsov\u00e5rdsregler kan ocks\u00e5 hj\u00e4lpa till att effektivisera processen.<\/p>\n<p>Om din destination saknar tillg\u00e4nglighet, samordna med din v\u00e5rdgivare f\u00f6r att s\u00e4kra ett gott utbud innan avresa. Detta proaktiva tillv\u00e4gag\u00e5ngss\u00e4tt kan f\u00f6rhindra avbrott i din behandlingsregim och s\u00e4kerst\u00e4lla kontinuitet i v\u00e5rden.<\/p>\n<h2>Navigera recept\u00f6verf\u00f6ringar f\u00f6r Accutane<\/h2>\n<p>Att navigera recept\u00f6verf\u00f6ringar f\u00f6r Accutane Generic inneb\u00e4r samordning mellan apotek. Denna process kan vara komplex, eftersom den kan kr\u00e4va kommunikation mellan ditt hemapotek och ett nytt apotek p\u00e5 din destination. Se till att du har all n\u00f6dv\u00e4ndig information, inklusive receptinformation och kontaktinformation f\u00f6r b\u00e5da apoteken.<\/p>\n<p>Din v\u00e5rdgivare kan underl\u00e4tta denna \u00f6verf\u00f6ring, vilket g\u00f6r det viktigt att h\u00e5lla dem informerade om dina resplaner. Kontrollera alltid att \u00f6verf\u00f6ringen av ditt recept har lyckats innan du tar slut p\u00e5 din medicin f\u00f6r att f\u00f6rhindra luckor i behandlingen.<\/p>\n<h2>Akutp\u00e5fyllning f\u00f6r Accutane under resan<\/h2>\n<p>I h\u00e4ndelse av en n\u00f6dsituation n\u00e4r du reser kan det vara utmanande att s\u00e4kra en Accutane Generic-p\u00e5fyllning men hanterbar med f\u00f6rberedelser. H\u00e5ll en lista \u00f6ver apotek n\u00e4ra din destination och deras kontaktinformation. Detta kan p\u00e5skynda processen om du beh\u00f6ver en p\u00e5fyllning ov\u00e4ntat.<\/p>\n<p>I vissa fall kan din v\u00e5rdgivare godk\u00e4nna en n\u00f6dp\u00e5fyllning p\u00e5 distans. Teleh\u00e4lsotj\u00e4nster och onlineapoteksplattformar kan ocks\u00e5 erbjuda l\u00f6sningar i br\u00e5dskande situationer, vilket s\u00e4kerst\u00e4ller att du har tillg\u00e5ng till din medicin n\u00e4r du beh\u00f6ver den som mest.<\/p>\n","protected":false},"excerpt":{"rendered":"<p>Hur man f\u00f6rvarar, reser med och fyller p\u00e5 Accutane Generic Den h\u00e4r artikeln ger omfattande v\u00e4gledning om att lagra, resa med och fylla p\u00e5 Accutane Generic f\u00f6r att s\u00e4kerst\u00e4lla dess effektivitet och tillg\u00e4nglighet. Korrekt f\u00f6rvaringsvillkor f\u00f6r Accutane Generic Accutane Generic, \u00e4ven k\u00e4nd under sitt vetenskapliga namn isotretinoin, kr\u00e4ver specifika lagringsf\u00f6rh\u00e5llanden f\u00f6r att bibeh\u00e5lla sin effektivitet. [&hellip;]<\/p>\n","protected":false},"author":1,"featured_media":0,"parent":0,"menu_order":0,"comment_status":"closed","ping_status":"closed","template":"","meta":{"footnotes":""},"class_list":["post-16644","page","type-page","status-publish","hentry"],"_links":{"self":[{"href":"http:\/\/haywire.pl\/index.php?rest_route=\/wp\/v2\/pages\/16644","targetHints":{"allow":["GET"]}}],"collection":[{"href":"http:\/\/haywire.pl\/index.php?rest_route=\/wp\/v2\/pages"}],"about":[{"href":"http:\/\/haywire.pl\/index.php?rest_route=\/wp\/v2\/types\/page"}],"author":[{"embeddable":true,"href":"http:\/\/haywire.pl\/index.php?rest_route=\/wp\/v2\/users\/1"}],"replies":[{"embeddable":true,"href":"http:\/\/haywire.pl\/index.php?rest_route=%2Fwp%2Fv2%2Fcomments&post=16644"}],"version-history":[{"count":1,"href":"http:\/\/haywire.pl\/index.php?rest_route=\/wp\/v2\/pages\/16644\/revisions"}],"predecessor-version":[{"id":16645,"href":"http:\/\/haywire.pl\/index.php?rest_route=\/wp\/v2\/pages\/16644\/revisions\/16645"}],"wp:attachment":[{"href":"http:\/\/haywire.pl\/index.php?rest_route=%2Fwp%2Fv2%2Fmedia&parent=16644"}],"curies":[{"name":"wp","href":"https:\/\/api.w.org\/{rel}","templated":true}]}}