{"id":16606,"date":"2026-03-24T03:11:13","date_gmt":"2026-03-24T03:11:13","guid":{"rendered":"http:\/\/haywire.pl\/?page_id=16606"},"modified":"2026-03-24T03:11:13","modified_gmt":"2026-03-24T03:11:13","slug":"pochopenie-amoxicilinu-a-jeho-pouzitia-2","status":"publish","type":"page","link":"http:\/\/haywire.pl\/?page_id=16606","title":{"rendered":"Pochopenie amoxicil\u00ednu a jeho pou\u017eitia"},"content":{"rendered":"<h1>Amoxicil\u00edn s probl\u00e9mami s obli\u010dkami: usmernenie<\/h1>\n<p>Amoxicil\u00edn je be\u017ene pou\u017e\u00edvan\u00e9 antibiotikum, ale jeho pod\u00e1vanie si vy\u017eaduje opatrnos\u0165 u pacientov s probl\u00e9mami s obli\u010dkami kv\u00f4li zmen\u00e1m v metabolizme liekov a potenci\u00e1lnym rizik\u00e1m.<\/p>\n<h2>Pochopenie amoxicil\u00ednu a jeho pou\u017eitia<\/h2>\n<p>Amoxicil\u00edn je \u0161iroko predpisovan\u00e9 antibiotikum patriace do triedy penicil\u00ednov, prim\u00e1rne pou\u017e\u00edvan\u00e9 na lie\u010dbu bakteri\u00e1lnych infekci\u00ed. Je \u00fa\u010dinn\u00fd proti cel\u00e9mu radu infekci\u00ed, vr\u00e1tane t\u00fdch, ktor\u00e9 postihuj\u00fa ucho, nos, hrdlo a mo\u010dov\u00e9 cesty. Jeho popularita pramen\u00ed z jeho \u0161irokospektr\u00e1lnej aktivity a v\u0161eobecne priazniv\u00e9ho bezpe\u010dnostn\u00e9ho profilu. Amoxicil\u00edn \u00fa\u010dinkuje tak, \u017ee inhibuje synt\u00e9zu bakteri\u00e1lnej bunkovej steny, \u010do vedie k zni\u010deniu bakt\u00e9ri\u00ed.<\/p>\n<p>Napriek svojej \u00fa\u010dinnosti nie je amoxicil\u00edn vhodn\u00fd na v\u0161etky infekcie. Jeho pou\u017eitie je obmedzen\u00e9 na bakteri\u00e1lne infekcie a je ne\u00fa\u010dinn\u00fd proti v\u00edrusov\u00fdm ochoreniam, ako je prechladnutie a chr\u00edpka. Predpisuj\u00faci lek\u00e1ri \u010dasto volia amoxicil\u00edn kv\u00f4li jeho peror\u00e1lnej biologickej dostupnosti, \u010do umo\u017e\u0148uje jeho pohodln\u00e9 u\u017e\u00edvanie vo forme tabliet. Jeho pou\u017eitie je roz\u0161\u00edren\u00e9 v dospelej aj detskej popul\u00e1cii, pri\u010dom sa zd\u00f4raz\u0148uje jeho v\u0161estrannos\u0165 ako mo\u017enosti antibiotickej lie\u010dby.<\/p>\n<h2>Ako funkcia obli\u010diek ovplyv\u0148uje metabolizmus amoxicil\u00ednu<\/h2>\n<p>Obli\u010dky zohr\u00e1vaj\u00fa rozhoduj\u00facu \u00falohu pri vylu\u010dovan\u00ed amoxicil\u00ednu, preto\u017ee filtruj\u00fa liek z krvn\u00e9ho obehu a eliminuj\u00fa ho mo\u010dom. Zhor\u0161en\u00e1 funkcia obli\u010diek m\u00f4\u017ee v\u00fdznamne zmeni\u0165 farmakokinetiku amoxicil\u00ednu, \u010do vedie k pred\u013a\u017eenej expoz\u00edcii lieku v tele. To m\u00f4\u017ee zv\u00fd\u0161i\u0165 riziko toxicity, preto\u017ee liek sa akumuluje na vy\u0161\u0161ie hladiny, ne\u017e je zam\u00fd\u0161\u013ean\u00e9, bez riadneho vylu\u010dovania.<\/p>\n<p>U pacientov so zn\u00ed\u017eenou funkciou obli\u010diek sa m\u00f4\u017ee vyskytn\u00fa\u0165 oneskoren\u00fd kl\u00edrens amoxicil\u00ednu, \u010do si vy\u017eaduje \u00fapravu d\u00e1vkovac\u00edch intervalov alebo mno\u017estiev, aby sa predi\u0161lo ne\u017eiaducim \u00fa\u010dinkom. Pochopenie stup\u0148a po\u0161kodenia obli\u010diek je k\u013e\u00fa\u010dov\u00e9, preto\u017ee priamo ovplyv\u0148uje to, ako telo liek spracuje. Preto musia poskytovatelia zdravotnej starostlivosti pred predp\u00edsan\u00edm amoxicil\u00ednu starostlivo pos\u00fadi\u0165 funkciu obli\u010diek, aby sa zabezpe\u010dila bezpe\u010dn\u00e1 a \u00fa\u010dinn\u00e1 lie\u010dba.<\/p>\n<h2>Odpor\u00fa\u010dan\u00e9 d\u00e1vkovanie amoxicil\u00ednu pre pacientov s probl\u00e9mami s obli\u010dkami<\/h2>\n<p>U pacientov s probl\u00e9mami s obli\u010dkami si \u0161tandardn\u00fd re\u017eim d\u00e1vkovania amoxicil\u00ednu \u010dasto vy\u017eaduje \u00fapravu. D\u00e1vkovanie sa zvy\u010dajne upravuje na z\u00e1klade z\u00e1va\u017enosti po\u0161kodenia obli\u010diek, ktor\u00e9 sa zvy\u010dajne meria pomocou odhadovanej r\u00fdchlosti glomerul\u00e1rnej filtr\u00e1cie (eGFR). Pri miernom a\u017e stredne \u0165a\u017ekom po\u0161koden\u00ed funkcie obli\u010diek m\u00f4\u017ee posta\u010dova\u0165 zn\u00ed\u017eenie frekvencie d\u00e1vok, zatia\u013e \u010do \u0165a\u017ek\u00e9 pr\u00edpady si m\u00f4\u017eu vy\u017eadova\u0165 zn\u00ed\u017eenie d\u00e1vky a pred\u013a\u017eenie intervalu medzi d\u00e1vkami.<\/p>\n<p>Poskytovatelia zdravotnej starostlivosti sa zvy\u010dajne riadia zaveden\u00fdmi usmerneniami na ur\u010denie vhodnej strat\u00e9gie d\u00e1vkovania. Tieto usmernenia pom\u00e1haj\u00fa zabezpe\u010di\u0165, aby sa terapeutick\u00e9 hladiny amoxicil\u00ednu dosiahli bez dosiahnutia toxick\u00fdch koncentr\u00e1ci\u00ed. Pravideln\u00e9 sledovanie funkcie obli\u010diek po\u010das lie\u010dby m\u00f4\u017ee \u010falej pom\u00f4c\u0165 pri vykonan\u00ed potrebn\u00fdch \u00faprav d\u00e1vkovania. Je nevyhnutn\u00e9, aby pacienti dodr\u017eiavali upraven\u00fa sch\u00e9mu d\u00e1vkovania, aby sa predi\u0161lo komplik\u00e1ci\u00e1m.<\/p>\n<h2>Potenci\u00e1lne rizik\u00e1 amoxicil\u00ednu pre t\u00fdch, ktor\u00ed maj\u00fa probl\u00e9my s obli\u010dkami<\/h2>\n<p>Pre jedincov s po\u0161kodenou funkciou obli\u010diek m\u00f4\u017ee pou\u017eitie amoxicil\u00ednu predstavova\u0165 nieko\u013eko riz\u00edk. Najv\u00fdznamnej\u0161\u00edm probl\u00e9mom je mo\u017enos\u0165 akumul\u00e1cie lie\u010diva, ktor\u00e1 vedie k toxicite. Pr\u00edznaky toxicity amoxicil\u00ednu m\u00f4\u017eu zah\u0155\u0148a\u0165 nevo\u013enos\u0165, vracanie a neurologick\u00e9 pr\u00edznaky, ako s\u00fa z\u00e1chvaty. Navy\u0161e dlhodob\u00e9 vystavenie vysok\u00fdm hladin\u00e1m lieku m\u00f4\u017ee zhor\u0161i\u0165 existuj\u00face po\u0161kodenie obli\u010diek.<\/p>\n<p>\u010eal\u0161ie riziko zah\u0155\u0148a rozvoj rezistencie na antibiotik\u00e1, najm\u00e4 ak liek nie je spr\u00e1vne d\u00e1vkovan\u00fd. To m\u00f4\u017ee s\u0165a\u017ei\u0165 lie\u010dbu bud\u00facich infekci\u00ed a obmedzi\u0165 \u00fa\u010dinnos\u0165 amoxicil\u00ednu. Preto je nevyhnutn\u00e9 pou\u017e\u00edva\u0165 antibiotikum uv\u00e1\u017elivo a v s\u00falade s lek\u00e1rskymi odpor\u00fa\u010daniami na zmiernenie t\u00fdchto riz\u00edk.<\/p>\n<h2>Zn\u00e1mky ne\u017eiaducich reakci\u00ed na amoxicil\u00edn u pacientov s po\u0161kodenou obli\u010dkou<\/h2>\n<p>Ne\u017eiaduce reakcie na amoxicil\u00edn sa m\u00f4\u017eu vyskytn\u00fa\u0165 u ka\u017ed\u00e9ho pacienta, ale m\u00f4\u017eu by\u0165 v\u00fdraznej\u0161ie u pacientov s probl\u00e9mami s obli\u010dkami. Be\u017en\u00e9 pr\u00edznaky zah\u0155\u0148aj\u00fa gastrointestin\u00e1lne \u0165a\u017ekosti, ako je hna\u010dka a boles\u0165 brucha. Ko\u017en\u00e9 reakcie, ako s\u00fa vyr\u00e1\u017eky alebo svrbenie, m\u00f4\u017eu tie\u017e nazna\u010dova\u0165 ne\u017eiaducu reakciu. Z\u00e1va\u017enej\u0161ie reakcie sa m\u00f4\u017eu prejavi\u0165 ako anafylaxia, aj ke\u010f je to zriedkav\u00e9.<\/p>\n<p>Pacienti s probl\u00e9mami s <a href=\"https:\/\/bezpecnalekaren.net\/amoxicilin-cena-online-bez-predpisu\">https:\/\/bezpecnalekaren.net\/amoxicilin-cena-online-bez-predpisu<\/a> obli\u010dkami by mali by\u0165 obzvl\u00e1\u0161\u0165 ostra\u017eit\u00ed na pr\u00edznaky toxicity lieku, vr\u00e1tane zm\u00e4tenosti, ospalosti alebo zmien vo vylu\u010dovan\u00ed mo\u010du. Tieto pr\u00edznaky si vy\u017eaduj\u00fa okam\u017eit\u00fa lek\u00e1rsku pomoc. Pravideln\u00e1 komunik\u00e1cia s poskytovate\u013emi zdravotnej starostlivosti je \u017eivotne d\u00f4le\u017eit\u00e1 na r\u00fdchle rie\u0161enie ak\u00fdchko\u013evek ne\u017eiaducich \u00fa\u010dinkov a prisp\u00f4sobenie lie\u010dby pod\u013ea potreby.<\/p>\n<h2>Monitorovanie funkcie obli\u010diek po\u010das lie\u010dby amoxicil\u00ednom<\/h2>\n<p>Sledovanie funkcie obli\u010diek je neoddelite\u013enou s\u00fa\u010das\u0165ou lie\u010dby pacientov lie\u010den\u00fdch amoxicil\u00ednom, najm\u00e4 t\u00fdch s u\u017e existuj\u00facimi ochoreniami obli\u010diek. Pravideln\u00e9 krvn\u00e9 testy na meranie obli\u010dkov\u00fdch markerov, ako je s\u00e9rov\u00fd kreatin\u00edn a eGFR, s\u00fa nevyhnutn\u00e9. Tieto testy pom\u00e1haj\u00fa pos\u00fadi\u0165, ako dobre funguj\u00fa obli\u010dky a \u010di predp\u00edsan\u00e1 d\u00e1vka amoxicil\u00ednu zost\u00e1va primeran\u00e1.<\/p>\n<p>Okrem laborat\u00f3rnych testov poskytovatelia zdravotnej starostlivosti \u010dasto monitoruj\u00fa klinick\u00e9 pr\u00edznaky a sympt\u00f3my indikuj\u00face funkciu obli\u010diek. Tento holistick\u00fd pr\u00edstup umo\u017e\u0148uje v\u010dasn\u00fa intervenciu, ak sa zistia zmeny v zdrav\u00ed obli\u010diek, \u010d\u00edm sa zabezpe\u010d\u00ed nepretr\u017eit\u00e1 bezpe\u010dnos\u0165 a \u00fa\u010dinnos\u0165 antibiotickej lie\u010dby.<\/p>\n<h2>Alternat\u00edvne antibiotik\u00e1 pre pacientov s probl\u00e9mami s obli\u010dkami<\/h2>\n<p>Ak sa amoxicil\u00edn pova\u017euje za nevhodn\u00fd pre pacientov s probl\u00e9mami s obli\u010dkami, m\u00f4\u017eu sa zv\u00e1\u017ei\u0165 alternat\u00edvne antibiotik\u00e1. Mo\u017enosti ako doxycykl\u00edn alebo azitromyc\u00edn m\u00f4\u017eu by\u0165 preferovan\u00e9 v z\u00e1vislosti od typu infekcie a celkov\u00e9ho zdravotn\u00e9ho profilu pacienta. Tieto antibiotik\u00e1 maj\u00fa \u010dasto r\u00f4zne metabolick\u00e9 cesty a m\u00f4\u017eu predstavova\u0165 men\u0161ie riziko pre pacientov s poruchou funkcie obli\u010diek.<\/p>\n<p>V\u00fdber alternat\u00edvneho antibiotika by sa mal riadi\u0165 typom infekcie, bakteri\u00e1lnou citlivos\u0165ou a stavom funkcie obli\u010diek pacienta. Konzult\u00e1cia so \u0161pecialistom na infek\u010dn\u00e9 choroby m\u00f4\u017ee poskytn\u00fa\u0165 \u010fal\u0161\u00ed poh\u013ead na najvhodnej\u0161ie mo\u017enosti lie\u010dby zlo\u017eit\u00fdch pr\u00edpadov.<\/p>\n<h2>Konzult\u00e1cia s poskytovate\u013emi zdravotnej starostlivosti o amoxicil\u00edne a zdrav\u00ed obli\u010diek<\/h2>\n<p>Zapojenie sa do otvoren\u00e9ho dial\u00f3gu s poskytovate\u013emi zdravotnej starostlivosti je k\u013e\u00fa\u010dov\u00e9 pre pacientov s probl\u00e9mami s obli\u010dkami, ktor\u00fdm je predp\u00edsan\u00fd amoxicil\u00edn. Pacienti by mali prediskutova\u0165 cel\u00fa svoju anamn\u00e9zu vr\u00e1tane ak\u00fdchko\u013evek zn\u00e1mych probl\u00e9mov s obli\u010dkami, aby pomohli pri rozhodovan\u00ed o lie\u010dbe. Poskytovatelia m\u00f4\u017eu pon\u00faknu\u0165 prisp\u00f4soben\u00e9 rady t\u00fdkaj\u00face sa d\u00e1vkovania, potenci\u00e1lnych liekov\u00fdch interakci\u00ed a monitorovac\u00edch strat\u00e9gi\u00ed.<\/p>\n<p>Ot\u00e1zky t\u00fdkaj\u00face sa pr\u00edznakov ne\u017eiaducich reakci\u00ed, di\u00e9tnych \u00favah a \u00fapravy \u017eivotn\u00e9ho \u0161t\u00fdlu je mo\u017en\u00e9 rie\u0161i\u0165 aj po\u010das konzult\u00e1ci\u00ed. Informovan\u00ed pacienti s\u00fa lep\u0161ie vybaven\u00ed na riadenie svojho zdravia a prij\u00edmanie rozhodnut\u00ed, ktor\u00e9 s\u00fa v s\u00falade s ich lie\u010debn\u00fdmi cie\u013emi.<\/p>\n<h2>Dietetick\u00e9 \u00favahy pri u\u017e\u00edvan\u00ed amoxicil\u00ednu s probl\u00e9mami s obli\u010dkami<\/h2>\n<p>Di\u00e9tny mana\u017ement je d\u00f4le\u017eit\u00fdm aspektom pre pacientov u\u017e\u00edvaj\u00facich amoxicil\u00edn, najm\u00e4 t\u00fdch, ktor\u00ed maj\u00fa probl\u00e9my s obli\u010dkami. Vyv\u00e1\u017een\u00e1 strava, ktor\u00e1 podporuje zdravie obli\u010diek, m\u00f4\u017ee dop\u013a\u0148a\u0165 antibiotick\u00fa lie\u010dbu. Pacientom sa \u010dasto odpor\u00fa\u010da udr\u017eiava\u0165 primeran\u00fa hydrat\u00e1ciu, aby sa u\u013eah\u010dilo vylu\u010dovanie lieku a minimalizovalo sa riziko pre\u0165a\u017eenia obli\u010diek.<\/p>\n<p>Okrem toho zn\u00ed\u017eenie pr\u00edjmu soli m\u00f4\u017ee pom\u00f4c\u0165 zvl\u00e1dnu\u0165 krvn\u00fd tlak a zn\u00ed\u017ei\u0165 za\u0165a\u017eenie obli\u010diek. Pacienti by si tie\u017e mali d\u00e1va\u0165 pozor na potraviny, ktor\u00e9 m\u00f4\u017eu interagova\u0165 s liekmi, ako s\u00fa napr\u00edklad tie s vysok\u00fdm obsahom v\u00e1pnika, ktor\u00e9 m\u00f4\u017eu ovplyvni\u0165 absorpciu amoxicil\u00ednu. Dietol\u00f3g alebo odborn\u00edk na v\u00fd\u017eivu m\u00f4\u017ee poskytn\u00fa\u0165 personalizovan\u00e9 stravovacie poradenstvo na podporu celkov\u00e9ho zdravia po\u010das lie\u010dby.<\/p>\n<h2>Riadenie ved\u013eaj\u0161\u00edch \u00fa\u010dinkov amoxicil\u00ednu u pacientov s obli\u010dkami<\/h2>\n<p>Riadenie ved\u013eaj\u0161\u00edch \u00fa\u010dinkov u pacientov s obli\u010dkami, ktor\u00ed u\u017e\u00edvaj\u00fa amoxicil\u00edn, zah\u0155\u0148a proakt\u00edvny pr\u00edstup k lie\u010dbe. Mierne ved\u013eaj\u0161ie \u00fa\u010dinky, ako s\u00fa gastrointestin\u00e1lne poruchy, sa \u010dasto daj\u00fa zvl\u00e1dnu\u0165 \u00fapravou stravy alebo vo\u013enopredajn\u00fdmi liekmi. Z\u00e1va\u017enej\u0161ie ved\u013eaj\u0161ie \u00fa\u010dinky si v\u0161ak vy\u017eaduj\u00fa lek\u00e1rsky z\u00e1sah a m\u00f4\u017eu si vy\u017eiada\u0165 zmeny v lie\u010dbe.<\/p>\n<p>Pacienti by mali okam\u017eite hl\u00e1si\u0165 ak\u00e9ko\u013evek nov\u00e9 alebo zhor\u0161uj\u00face sa pr\u00edznaky svojmu poskytovate\u013eovi zdravotnej starostlivosti. V\u010dasn\u00e1 intervencia m\u00f4\u017ee zabr\u00e1ni\u0165 komplik\u00e1ci\u00e1m a zabezpe\u010di\u0165, aby pr\u00ednosy antibiotickej lie\u010dby prev\u00e1\u017eili nad rizikami. Pravideln\u00e9 sledovanie a komunik\u00e1cia s odborn\u00fdmi lek\u00e1rmi s\u00fa k\u013e\u00fa\u010dov\u00fdmi zlo\u017ekami efekt\u00edvneho mana\u017ementu ved\u013eaj\u0161\u00edch \u00fa\u010dinkov.<\/p>\n<h2>Dlhodob\u00e9 u\u017e\u00edvanie amoxicil\u00ednu a zdravotn\u00e9 d\u00f4sledky pre obli\u010dky<\/h2>\n<p>Dlhodob\u00e9 u\u017e\u00edvanie amoxicil\u00ednu, aj ke\u010f je menej \u010dast\u00e9, m\u00f4\u017ee ma\u0165 d\u00f4sledky na zdravie obli\u010diek, najm\u00e4 ak d\u00e1vkovanie nie je upraven\u00e9 pre funkciu obli\u010diek. Chronick\u00e1 expoz\u00edcia lieku m\u00f4\u017ee zv\u00fd\u0161i\u0165 riziko kumulat\u00edvnej toxicity a \u010falej zhor\u0161i\u0165 funkciu obli\u010diek. To je d\u00f4vod, pre\u010do by sa dlhodob\u00e1 antibiotick\u00e1 lie\u010dba mala starostlivo sledova\u0165.<\/p>\n<p>Nepretr\u017eit\u00e9 hodnotenie funkcie obli\u010diek a pravideln\u00e9 konzult\u00e1cie s poskytovate\u013emi zdravotnej starostlivosti m\u00f4\u017eu pom\u00f4c\u0165 zvl\u00e1dnu\u0165 tieto rizik\u00e1. Pacienti dlhodobo lie\u010den\u00ed amoxicil\u00ednom by si mali by\u0165 vedom\u00ed toho, \u017ee je d\u00f4le\u017eit\u00e9 dodr\u017eiava\u0165 pokyny pre d\u00e1vkovanie a okam\u017eite hl\u00e1si\u0165 ak\u00e9ko\u013evek obavy svojmu lek\u00e1rovi.<\/p>\n<h2>Pr\u00edpadov\u00e9 \u0161t\u00fadie: Pou\u017eitie amoxicil\u00ednu u pacientov s probl\u00e9mami s obli\u010dkami<\/h2>\n<p>Sk\u00famanie pr\u00edpadov\u00fdch \u0161t\u00fadi\u00ed pou\u017e\u00edvania amoxicil\u00ednu u pacientov s probl\u00e9mami s obli\u010dkami m\u00f4\u017ee poskytn\u00fa\u0165 cenn\u00e9 poznatky o v\u00fdsledkoch lie\u010dby a probl\u00e9moch. Napr\u00edklad pacient so stredne \u0165a\u017ekou poruchou funkcie obli\u010diek m\u00f4\u017ee zaznamena\u0165 v\u00fdznamn\u00e9 zlep\u0161enie kontroly infekci\u00ed s upraven\u00fdm d\u00e1vkovan\u00edm, \u010do ilustruje d\u00f4le\u017eitos\u0165 personalizovan\u00e9ho mana\u017ementu liekov.<\/p>\n<p>Naopak, in\u00fd pr\u00edpad m\u00f4\u017ee upozorni\u0165 na rizik\u00e1 nedostato\u010dn\u00e9ho monitorovania, ke\u010f sa u pacienta rozvinie toxicita lieku v d\u00f4sledku neupraven\u00e9ho d\u00e1vkovania. Tieto pr\u00edklady z re\u00e1lneho sveta pod\u010diarkuj\u00fa potrebu ostra\u017eit\u00fdch postupov zdravotnej starostlivosti a vzdel\u00e1vania pacientov pri riaden\u00ed antibiotickej lie\u010dby u jedincov s po\u0161kodenou obli\u010dkou.<\/p>\n<h2>Najnov\u0161\u00ed v\u00fdskum amoxicil\u00ednu a interakcie funkcie obli\u010diek<\/h2>\n<p>Ned\u00e1vny v\u00fdskum sa zameral na pochopenie toho, ako amoxicil\u00edn interaguje s funkciou obli\u010diek, najm\u00e4 u chor\u00fdch pacientov. \u0160t\u00fadie sk\u00famali farmakokinetiku amoxicil\u00ednu v r\u00f4znych \u0161t\u00e1di\u00e1ch poruchy funkcie obli\u010diek s cie\u013eom spresni\u0165 pokyny na d\u00e1vkovanie a zlep\u0161i\u0165 bezpe\u010dnos\u0165 pacientov.<\/p>\n<p>Nov\u00e9 \u00fadaje nazna\u010duj\u00fa, \u017ee nov\u00e9 biomarkery by mohli potenci\u00e1lne pon\u00faknu\u0165 presnej\u0161ie hodnotenie funkcie obli\u010diek, \u010do by umo\u017enilo lep\u0161ie prisp\u00f4soben\u00e9 antibiotick\u00e9 re\u017eimy. Prebiehaj\u00faci v\u00fdskum na\u010falej prehlbuje na\u0161e ch\u00e1panie t\u00fdchto interakci\u00ed a s\u013eubuje zlep\u0161enie klinickej praxe a v\u00fdsledkov pacientov.<\/p>\n<h2>Pr\u00edbehy pacientov: Sk\u00fasenosti s amoxicil\u00ednom a probl\u00e9mami s obli\u010dkami<\/h2>\n<p>Pr\u00edbehy pacientov pon\u00fakaj\u00fa osobn\u00fd poh\u013ead na v\u00fdzvy a \u00faspechy pou\u017e\u00edvania amoxicil\u00ednu pri probl\u00e9moch s obli\u010dkami. Jeden pacient by mohol rozpr\u00e1va\u0165, ako starostliv\u00e9 monitorovanie a komunik\u00e1cia s poskytovate\u013eom zdravotnej starostlivosti pomohli zmierni\u0165 ved\u013eaj\u0161ie \u00fa\u010dinky a udr\u017ea\u0165 zdravie obli\u010diek po\u010das lie\u010dby.<\/p>\n<p>\u010eal\u0161\u00ed pr\u00edbeh by mohol pouk\u00e1za\u0165 na emocion\u00e1lnu a fyzick\u00fa da\u0148 pri zvl\u00e1dan\u00ed infekcie s ohrozen\u00edm obli\u010diek, napriek tomu n\u00e1js\u0165 \u00fa\u013eavu prostredn\u00edctvom personalizovanej starostlivosti. Tieto pr\u00edbehy nielen\u017ee poskytuj\u00fa \u00fatechu ostatn\u00fdm, ktor\u00ed \u010delia podobn\u00fdm situ\u00e1ci\u00e1m, ale zd\u00f4raz\u0148uj\u00fa aj d\u00f4le\u017eitos\u0165 obhajoby pacientov a personalizovanej lek\u00e1rskej starostlivosti.<\/p>\n<h2>Bud\u00face smery v predpisovan\u00ed antibiot\u00edk pre pacientov s obli\u010dkami<\/h2>\n<p>Bud\u00facnos\u0165 predpisovania antibiot\u00edk pacientom s probl\u00e9mami s obli\u010dkami bude pravdepodobne zah\u0155\u0148a\u0165 personalizovanej\u0161ie pr\u00edstupy vyu\u017e\u00edvaj\u00face pokroky v presnej medic\u00edne. Lep\u0161ie pochopenie individu\u00e1lnych genetick\u00fdch profilov a biomarkerov funkcie obli\u010diek m\u00f4\u017ee vies\u0165 k prisp\u00f4sobenej\u0161\u00edm lie\u010debn\u00fdm pl\u00e1nom.<\/p>\n<p>Okrem toho je na obzore v\u00fdvoj nov\u00fdch antibiot\u00edk so zlep\u0161en\u00fdmi bezpe\u010dnostn\u00fdmi profilmi pre pacientov s poruchou funkcie obli\u010diek. S pokrokom v\u00fdskumu bud\u00fa poskytovatelia zdravotnej starostlivosti lep\u0161ie vybaven\u00ed na to, aby vyv\u00e1\u017eili \u00fa\u010dinnos\u0165 kontroly infekci\u00ed s ochranou zdravia obli\u010diek, \u010do v kone\u010dnom d\u00f4sledku zlep\u0161\u00ed v\u00fdsledky pacientov a kvalitu \u017eivota.<\/p>\n","protected":false},"excerpt":{"rendered":"<p>Amoxicil\u00edn s probl\u00e9mami s obli\u010dkami: usmernenie Amoxicil\u00edn je be\u017ene pou\u017e\u00edvan\u00e9 antibiotikum, ale jeho pod\u00e1vanie si vy\u017eaduje opatrnos\u0165 u pacientov s probl\u00e9mami s obli\u010dkami kv\u00f4li zmen\u00e1m v metabolizme liekov a potenci\u00e1lnym rizik\u00e1m. Pochopenie amoxicil\u00ednu a jeho pou\u017eitia Amoxicil\u00edn je \u0161iroko predpisovan\u00e9 antibiotikum patriace do triedy penicil\u00ednov, prim\u00e1rne pou\u017e\u00edvan\u00e9 na lie\u010dbu bakteri\u00e1lnych infekci\u00ed. Je \u00fa\u010dinn\u00fd proti cel\u00e9mu [&hellip;]<\/p>\n","protected":false},"author":1,"featured_media":0,"parent":0,"menu_order":0,"comment_status":"closed","ping_status":"closed","template":"","meta":{"footnotes":""},"class_list":["post-16606","page","type-page","status-publish","hentry"],"_links":{"self":[{"href":"http:\/\/haywire.pl\/index.php?rest_route=\/wp\/v2\/pages\/16606","targetHints":{"allow":["GET"]}}],"collection":[{"href":"http:\/\/haywire.pl\/index.php?rest_route=\/wp\/v2\/pages"}],"about":[{"href":"http:\/\/haywire.pl\/index.php?rest_route=\/wp\/v2\/types\/page"}],"author":[{"embeddable":true,"href":"http:\/\/haywire.pl\/index.php?rest_route=\/wp\/v2\/users\/1"}],"replies":[{"embeddable":true,"href":"http:\/\/haywire.pl\/index.php?rest_route=%2Fwp%2Fv2%2Fcomments&post=16606"}],"version-history":[{"count":1,"href":"http:\/\/haywire.pl\/index.php?rest_route=\/wp\/v2\/pages\/16606\/revisions"}],"predecessor-version":[{"id":16607,"href":"http:\/\/haywire.pl\/index.php?rest_route=\/wp\/v2\/pages\/16606\/revisions\/16607"}],"wp:attachment":[{"href":"http:\/\/haywire.pl\/index.php?rest_route=%2Fwp%2Fv2%2Fmedia&parent=16606"}],"curies":[{"name":"wp","href":"https:\/\/api.w.org\/{rel}","templated":true}]}}