{"id":15715,"date":"2026-03-23T11:00:58","date_gmt":"2026-03-23T11:00:58","guid":{"rendered":"http:\/\/haywire.pl\/?page_id=15715"},"modified":"2026-03-23T11:00:58","modified_gmt":"2026-03-23T11:00:58","slug":"forsta-champix-generic-en-oversikt","status":"publish","type":"page","link":"http:\/\/haywire.pl\/?page_id=15715","title":{"rendered":"F\u00f6rst\u00e5 Champix Generic: En \u00f6versikt"},"content":{"rendered":"","protected":false},"excerpt":{"rendered":"","protected":false},"author":1,"featured_media":0,"parent":0,"menu_order":0,"comment_status":"closed","ping_status":"closed","template":"","meta":{"footnotes":""},"class_list":["post-15715","page","type-page","status-publish","hentry"],"_links":{"self":[{"href":"http:\/\/haywire.pl\/index.php?rest_route=\/wp\/v2\/pages\/15715","targetHints":{"allow":["GET"]}}],"collection":[{"href":"http:\/\/haywire.pl\/index.php?rest_route=\/wp\/v2\/pages"}],"about":[{"href":"http:\/\/haywire.pl\/index.php?rest_route=\/wp\/v2\/types\/page"}],"author":[{"embeddable":true,"href":"http:\/\/haywire.pl\/index.php?rest_route=\/wp\/v2\/users\/1"}],"replies":[{"embeddable":true,"href":"http:\/\/haywire.pl\/index.php?rest_route=%2Fwp%2Fv2%2Fcomments&post=15715"}],"version-history":[{"count":1,"href":"http:\/\/haywire.pl\/index.php?rest_route=\/wp\/v2\/pages\/15715\/revisions"}],"predecessor-version":[{"id":15716,"href":"http:\/\/haywire.pl\/index.php?rest_route=\/wp\/v2\/pages\/15715\/revisions\/15716"}],"wp:attachment":[{"href":"http:\/\/haywire.pl\/index.php?rest_route=%2Fwp%2Fv2%2Fmedia&parent=15715"}],"curies":[{"name":"wp","href":"https:\/\/api.w.org\/{rel}","templated":true}]}}