{"id":15585,"date":"2026-03-23T04:50:50","date_gmt":"2026-03-23T04:50:50","guid":{"rendered":"http:\/\/haywire.pl\/?page_id=15585"},"modified":"2026-03-23T04:50:50","modified_gmt":"2026-03-23T04:50:50","slug":"comprender-la-disfuncion-erectil-una-perspectiva-psicologica","status":"publish","type":"page","link":"http:\/\/haywire.pl\/?page_id=15585","title":{"rendered":"Comprender la disfunci\u00f3n er\u00e9ctil: una perspectiva psicol\u00f3gica"},"content":{"rendered":"","protected":false},"excerpt":{"rendered":"","protected":false},"author":1,"featured_media":0,"parent":0,"menu_order":0,"comment_status":"closed","ping_status":"closed","template":"","meta":{"footnotes":""},"class_list":["post-15585","page","type-page","status-publish","hentry"],"_links":{"self":[{"href":"http:\/\/haywire.pl\/index.php?rest_route=\/wp\/v2\/pages\/15585","targetHints":{"allow":["GET"]}}],"collection":[{"href":"http:\/\/haywire.pl\/index.php?rest_route=\/wp\/v2\/pages"}],"about":[{"href":"http:\/\/haywire.pl\/index.php?rest_route=\/wp\/v2\/types\/page"}],"author":[{"embeddable":true,"href":"http:\/\/haywire.pl\/index.php?rest_route=\/wp\/v2\/users\/1"}],"replies":[{"embeddable":true,"href":"http:\/\/haywire.pl\/index.php?rest_route=%2Fwp%2Fv2%2Fcomments&post=15585"}],"version-history":[{"count":1,"href":"http:\/\/haywire.pl\/index.php?rest_route=\/wp\/v2\/pages\/15585\/revisions"}],"predecessor-version":[{"id":15586,"href":"http:\/\/haywire.pl\/index.php?rest_route=\/wp\/v2\/pages\/15585\/revisions\/15586"}],"wp:attachment":[{"href":"http:\/\/haywire.pl\/index.php?rest_route=%2Fwp%2Fv2%2Fmedia&parent=15585"}],"curies":[{"name":"wp","href":"https:\/\/api.w.org\/{rel}","templated":true}]}}