{"id":15415,"date":"2026-03-22T23:02:44","date_gmt":"2026-03-22T23:02:44","guid":{"rendered":"http:\/\/haywire.pl\/?page_id=15415"},"modified":"2026-03-22T23:02:44","modified_gmt":"2026-03-22T23:02:44","slug":"forsta-pde5-hammare-och-deras-roll","status":"publish","type":"page","link":"http:\/\/haywire.pl\/?page_id=15415","title":{"rendered":"F\u00f6rst\u00e5 PDE5-h\u00e4mmare och deras roll"},"content":{"rendered":"","protected":false},"excerpt":{"rendered":"","protected":false},"author":1,"featured_media":0,"parent":0,"menu_order":0,"comment_status":"closed","ping_status":"closed","template":"","meta":{"footnotes":""},"class_list":["post-15415","page","type-page","status-publish","hentry"],"_links":{"self":[{"href":"http:\/\/haywire.pl\/index.php?rest_route=\/wp\/v2\/pages\/15415","targetHints":{"allow":["GET"]}}],"collection":[{"href":"http:\/\/haywire.pl\/index.php?rest_route=\/wp\/v2\/pages"}],"about":[{"href":"http:\/\/haywire.pl\/index.php?rest_route=\/wp\/v2\/types\/page"}],"author":[{"embeddable":true,"href":"http:\/\/haywire.pl\/index.php?rest_route=\/wp\/v2\/users\/1"}],"replies":[{"embeddable":true,"href":"http:\/\/haywire.pl\/index.php?rest_route=%2Fwp%2Fv2%2Fcomments&post=15415"}],"version-history":[{"count":1,"href":"http:\/\/haywire.pl\/index.php?rest_route=\/wp\/v2\/pages\/15415\/revisions"}],"predecessor-version":[{"id":15416,"href":"http:\/\/haywire.pl\/index.php?rest_route=\/wp\/v2\/pages\/15415\/revisions\/15416"}],"wp:attachment":[{"href":"http:\/\/haywire.pl\/index.php?rest_route=%2Fwp%2Fv2%2Fmedia&parent=15415"}],"curies":[{"name":"wp","href":"https:\/\/api.w.org\/{rel}","templated":true}]}}